{"id":20276,"date":"2021-10-29T15:42:34","date_gmt":"2021-10-29T13:42:34","guid":{"rendered":"https:\/\/www.plexus.es\/csr\/"},"modified":"2025-09-17T10:34:26","modified_gmt":"2025-09-17T08:34:26","slug":"csr","status":"publish","type":"page","link":"https:\/\/www.plexus.es\/de\/unternehmen\/csr\/","title":{"rendered":"CSR"},"content":{"rendered":"<p><div class=\"fusion-fullwidth fullwidth-box fusion-builder-row-1 fusion-flex-container plexusProductos nonhundred-percent-fullwidth non-hundred-percent-height-scrolling\" style=\"background-color: rgba(255,255,255,0);background-position: center center;background-repeat: no-repeat;border-width: 0 0 0 0;border-color:#e8ebef;border-style:solid;\" ><div class=\"fusion-builder-row fusion-row fusion-flex-align-items-flex-start fusion-flex-justify-content-space-between\" style=\"max-width:1310.4px;margin-left: calc(-4% \/ 2 );margin-right: calc(-4% \/ 2 );\"><div class=\"fusion-layout-column fusion_builder_column fusion-builder-column-0 fusion_builder_column_1_1 1_1 fusion-flex-column\"><div class=\"fusion-column-wrapper fusion-flex-justify-content-flex-start fusion-content-layout-column\" style=\"background-position:left top;background-repeat:no-repeat;-webkit-background-size:cover;-moz-background-size:cover;-o-background-size:cover;background-size:cover;padding: 0px 0px 0px 0px;\"><style type=\"text\/css\">.fusion-breadcrumbs.fusion-breadcrumbs-1{font-size:14px;}.fusion-breadcrumbs.fusion-breadcrumbs-1 span a:hover{color:#003e57 !important;}.fusion-breadcrumbs.fusion-breadcrumbs-1{color:#59667d;}.fusion-breadcrumbs.fusion-breadcrumbs-1 a{color:#59667d;}<\/style><div class=\"fusion-breadcrumbs fusion-breadcrumbs-1\"><span><span><a href=\"https:\/\/www.plexus.es\/\">Home<\/a><\/span><\/div><\/div><style type=\"text\/css\">.fusion-body .fusion-builder-column-0{width:100% !important;margin-top : 20px;margin-bottom : 20px;}.fusion-builder-column-0 > .fusion-column-wrapper {padding-top : 0px !important;padding-right : 0px !important;margin-right : 1.92%;padding-bottom : 0px !important;padding-left : 0px !important;margin-left : 1.92%;}@media only screen and (max-width:1200px) {.fusion-body .fusion-builder-column-0{width:100% !important;order : 0;}.fusion-builder-column-0 > .fusion-column-wrapper {margin-right : 0.938rem;margin-left : 0.938rem;}}@media only screen and (max-width:640px) {.fusion-body .fusion-builder-column-0{width:100% !important;order : 0;}.fusion-builder-column-0 > .fusion-column-wrapper {padding-right : 0 !important;margin-right : 0%;padding-left : 0 !important;margin-left : 1.248%;}}<\/style><\/div><\/div><style type=\"text\/css\">.fusion-body .fusion-flex-container.fusion-builder-row-1{ padding-top : 0px;margin-top : 10px;padding-right : 0px;padding-bottom : 0px;margin-bottom : 0;padding-left : 2rem;}@media only screen and (max-width:1200px) {.fusion-body .fusion-flex-container.fusion-builder-row-1{ padding-bottom : 0;margin-bottom : 0;padding-left : 0px;}}@media only screen and (max-width:640px) {.fusion-body .fusion-flex-container.fusion-builder-row-1{ padding-top : 0;margin-top : 0;padding-right : 0;padding-bottom : 0;margin-bottom : 0;padding-left : .5rem;}}<\/style><\/div>\n<div class=\"fusion-fullwidth fullwidth-box fusion-builder-row-2 fusion-flex-container corporativo-container nonhundred-percent-fullwidth non-hundred-percent-height-scrolling\" style=\"background-color: rgba(255,255,255,0);background-position: center center;background-repeat: no-repeat;border-width: 0px 0px 0px 0px;border-color:#e8ebef;border-style:solid;\" ><div class=\"fusion-builder-row fusion-row fusion-flex-align-items-flex-start\" style=\"max-width:1310.4px;margin-left: calc(-4% \/ 2 );margin-right: calc(-4% \/ 2 );\"><div class=\"fusion-layout-column fusion_builder_column fusion-builder-column-1 fusion_builder_column_1_1 1_1 fusion-flex-column\"><div class=\"fusion-column-wrapper fusion-flex-justify-content-flex-start fusion-content-layout-column\" style=\"background-position:left top;background-repeat:no-repeat;-webkit-background-size:cover;-moz-background-size:cover;-o-background-size:cover;background-size:cover;padding: 0px 0px 0px 0px;\"><style type=\"text\/css\">@media only screen and (max-width:1200px) {.fusion-title.fusion-title-1{margin-top:0px!important; margin-right:1rem!important;margin-bottom:2rem!important;margin-left:0px!important;}}@media only screen and (max-width:640px) {.fusion-title.fusion-title-1{margin-top:0px!important; margin-right:0px!important;margin-bottom:0px!important; margin-left:0px!important;}}<\/style><div class=\"fusion-title title fusion-title-1 fusion-sep-none fusion-title-text fusion-title-size-one\" style=\"margin-top:0px;margin-right:1rem;margin-bottom:2rem;margin-left:0px;\"><h1 class=\"title-heading-left fusion-responsive-typography-calculated\" style=\"margin:0;--fontSize:45;line-height:1;\">Gesellschaftliche Unternehmensverantwortung<\/h1><\/div><div class=\"fusion-text fusion-text-1\" style=\"margin-top:6%;\"><p>PLEXUS genie\u00dft einen hervorragenden Ruf nicht nur f\u00fcr die Qualit\u00e4t und den Mehrwert seiner IT-Dienstleistungen, sondern auch f\u00fcr die Professionalit\u00e4t seiner Mitarbeiter, sein Engagement f\u00fcr Innovation, seine Gewinnreinvestitionspolitik und sein Engagement f\u00fcr seine nationalen und internationalen Kunden.<\/p>\n<p>Unser Ansatz der sozialen Verantwortung basiert auf Vereinbarungen und Richtlinien, die mit ethischen Werten verkn\u00fcpft sind, die sich nicht nur in den Zielen f\u00fcr nachhaltige Entwicklung widerspiegeln, sondern auch durch die Schaffung konkreter Verbindungen zu aktiven Ma\u00dfnahmen im Bereich Gleichstellung, der St\u00e4rkung weiblicher Talente im wissenschaftlichen Bereich, der F\u00f6rderung der institutionellen Zusammenarbeit mit der MINT-Bewegung sowie der F\u00f6rderung von F\u00fchrungs- und Corporate-Branding-Initiativen. Wir legen au\u00dferdem Wert auf Vereinbarungen und Initiativen mit Verb\u00e4nden aus benachteiligten Sektoren.<\/p>\n<p>Bei Plexus setzen wir uns f\u00fcr Transparenz, Nachhaltigkeit und die positiven Auswirkungen unserer Gesch\u00e4ftst\u00e4tigkeit ein. Nachfolgend pr\u00e4sentieren wir den nichtfinanziellen Bericht, in dem wir unsere Ma\u00dfnahmen, Ergebnisse und Ziele in den Bereichen Umwelt, Soziales und Unternehmensf\u00fchrung darlegen.<\/p>\n<p>Sie k\u00f6nnen ihn hier einsehen: <a href=\"\/wp-content\/uploads\/2025\/01\/Informe%20No%20Financiero%202024_completo.pdf\">Nichtfinanzieller Bericht<\/a><\/p>\n<\/div><\/div><style type=\"text\/css\">.fusion-body .fusion-builder-column-1{width:100% !important;margin-top : 20px;margin-bottom : 20px;}.fusion-builder-column-1 > .fusion-column-wrapper {padding-top : 0px !important;padding-right : 0px !important;margin-right : 1.92%;padding-bottom : 0px !important;padding-left : 0px !important;margin-left : 1.92%;}@media only screen and (max-width:1200px) {.fusion-body .fusion-builder-column-1{width:100% !important;order : 0;}.fusion-builder-column-1 > .fusion-column-wrapper {margin-right : 1.92%;margin-left : 1.92%;}}@media only screen and (max-width:640px) {.fusion-body .fusion-builder-column-1{width:100% !important;order : 0;margin-top : 0;}.fusion-builder-column-1 > .fusion-column-wrapper {margin-right : 1.92%;margin-left : 1.92%;}}<\/style><\/div><\/div><style type=\"text\/css\">.fusion-body .fusion-flex-container.fusion-builder-row-2{ padding-top : 60px;margin-top : 0px;padding-right : 0px;padding-bottom : 0px;margin-bottom : 0px;padding-left : 0px;}@media only screen and (max-width:640px) {.fusion-body .fusion-flex-container.fusion-builder-row-2{ padding-top : 30;}}<\/style><\/div><div class=\"fusion-fullwidth fullwidth-box fusion-builder-row-3 fusion-flex-container corporativo-container nonhundred-percent-fullwidth non-hundred-percent-height-scrolling\" style=\"background-color: rgba(255,255,255,0);background-position: center center;background-repeat: no-repeat;border-width: 0px 0px 0px 0px;border-color:#e8ebef;border-style:solid;\" ><div class=\"fusion-builder-row fusion-row fusion-flex-align-items-flex-start\" style=\"max-width:1310.4px;margin-left: calc(-4% \/ 2 );margin-right: calc(-4% \/ 2 );\"><div class=\"fusion-layout-column fusion_builder_column fusion-builder-column-2 fusion_builder_column_1_2 1_2 fusion-flex-column\"><div class=\"fusion-column-wrapper fusion-flex-justify-content-flex-start fusion-content-layout-column\" style=\"background-position:left top;background-repeat:no-repeat;-webkit-background-size:cover;-moz-background-size:cover;-o-background-size:cover;background-size:cover;padding: 0px 0px 0px 0px;\"><div style=\"text-align:center;\"><span class=\" fusion-imageframe imageframe-none imageframe-1 hover-type-none\" style=\"border-radius:12px;margin-top:0px;\"><img width=\"300\" height=\"300\" alt=\"Plexus Tech CSR\" src=\"https:\/\/www.plexus.es\/wp-content\/uploads\/2021\/11\/plexus_thinkgreen_Mesa-de-trabajo-1.jpg\" data-orig-src=\"https:\/\/www.plexus.es\/wp-content\/uploads\/2021\/11\/plexus_thinkgreen_Mesa-de-trabajo-1-300x300.jpg\" class=\"lazyload img-responsive wp-image-20277\" srcset=\"data:image\/svg+xml,%3Csvg%20xmlns%3D%27http%3A%2F%2Fwww.w3.org%2F2000%2Fsvg%27%20width%3D%271000%27%20height%3D%271000%27%20viewBox%3D%270%200%201000%201000%27%3E%3Crect%20width%3D%271000%27%20height%3D%271000%27%20fill-opacity%3D%220%22%2F%3E%3C%2Fsvg%3E\" data-srcset=\"https:\/\/www.plexus.es\/wp-content\/uploads\/2021\/11\/plexus_thinkgreen_Mesa-de-trabajo-1-200x200.jpg 200w, https:\/\/www.plexus.es\/wp-content\/uploads\/2021\/11\/plexus_thinkgreen_Mesa-de-trabajo-1-400x400.jpg 400w, https:\/\/www.plexus.es\/wp-content\/uploads\/2021\/11\/plexus_thinkgreen_Mesa-de-trabajo-1-600x600.jpg 600w, https:\/\/www.plexus.es\/wp-content\/uploads\/2021\/11\/plexus_thinkgreen_Mesa-de-trabajo-1-800x800.jpg 800w, https:\/\/www.plexus.es\/wp-content\/uploads\/2021\/11\/plexus_thinkgreen_Mesa-de-trabajo-1.jpg 1000w\" data-sizes=\"auto\" data-orig-sizes=\"(max-width: 640px) 100vw, 600px\" \/><\/span><\/div><\/div><style type=\"text\/css\">.fusion-body .fusion-builder-column-2{width:50% !important;margin-top : 20px;margin-bottom : 20px;}.fusion-builder-column-2 > .fusion-column-wrapper {padding-top : 0px !important;padding-right : 0px !important;margin-right : 3.84%;padding-bottom : 0px !important;padding-left : 0px !important;margin-left : 3.84%;}@media only screen and (max-width:1200px) {.fusion-body .fusion-builder-column-2{width:100% !important;order : 0;}.fusion-builder-column-2 > .fusion-column-wrapper {margin-right : 1.92%;margin-left : 1.92%;}}@media only screen and (max-width:640px) {.fusion-body .fusion-builder-column-2{width:100% !important;order : 0;}.fusion-builder-column-2 > .fusion-column-wrapper {margin-right : 1.92%;margin-left : 1.92%;}}<\/style><\/div><div class=\"fusion-layout-column fusion_builder_column fusion-builder-column-3 fusion_builder_column_1_2 1_2 fusion-flex-column\"><div class=\"fusion-column-wrapper fusion-flex-justify-content-flex-start fusion-content-layout-column\" style=\"background-position:left top;background-repeat:no-repeat;-webkit-background-size:cover;-moz-background-size:cover;-o-background-size:cover;background-size:cover;padding: 0px 0px 0px 0px;\"><div class=\"fusion-text fusion-text-2\" style=\"margin-top:6%;\"><p><span style=\"font-weight: normal;\">PLEXUS ist bestrebt, die <b>Verpflichtungen<\/b>, die das Unternehmen gegen\u00fcber den verschiedenen Stakeholdern eingegangen ist, <b>zu erf\u00fcllen<\/b>, ihre Erwartungen zu erf\u00fcllen und die \u00dcbereinstimmung mit seiner <b>Kultur und seinen Werten<\/b> zu wahren:<\/span><\/p>\n<ul>\n<li><span style=\"font-weight: normal;\"><strong>Kunden<\/strong><b>:<\/b> Die Erwartungen der Kunden zu erf\u00fcllen und ihnen innovative und kreative L\u00f6sungen anzubieten.<\/span><\/li>\n<li><span style=\"font-weight: normal;\"><strong>Mitarbeiter<\/strong><b>:<\/b> Die besten M\u00f6glichkeiten f\u00fcr die berufliche Entwicklung zu bieten, mit der Stabilit\u00e4t eines Unternehmens mit mehr als 20 Jahren Erfahrung und der Solidit\u00e4t eines f\u00fchrenden Unternehmens in der Branche, das es versteht, Engagement, Talent und Leistung gerecht zu honorieren.<\/span><\/li>\n<li><span style=\"font-weight: normal;\"><strong>Industrie und Wettbewerb<\/strong><b>:<\/b> Beitrag zur nachhaltigen Entwicklung des IKT-Sektors als Pfeiler des Fortschritts und des Wohlergehens der Gesellschaft durch aktive Zusammenarbeit mit den Organisationen des Sektors und Aufrechterhaltung einer respektvollen und transparenten Beziehung zu den Wettbewerbern.<\/span><\/li>\n<li><span style=\"font-weight: normal;\"><strong>Gesellschaft<\/strong><b>:<\/b> Aktive Suche nach M\u00f6glichkeiten zur Schaffung von Wohlstand und nachhaltiger Entwicklung in den Gemeinden, in denen Plexus vertreten ist, unter Achtung und F\u00f6rderung ihrer Kultur, Traditionen und Werte, mit besonderem Augenmerk auf die schw\u00e4chsten Gruppen.<\/span><\/li>\n<li><span style=\"font-weight: normal;\"><strong>Umwelt<\/strong><b>:<\/b> Beitrag zur Erhaltung der Umwelt, Sicherstellung der Auswirkungen unserer Aktivit\u00e4ten und F\u00f6rderung Aktivit\u00e4ten und die F\u00f6rderung des Nachhaltigkeitsbewusstseins bei allen Beteiligten.<\/span><\/li>\n<\/ul>\n<\/div><\/div><style type=\"text\/css\">.fusion-body .fusion-builder-column-3{width:50% !important;margin-top : 20px;margin-bottom : 20px;}.fusion-builder-column-3 > .fusion-column-wrapper {padding-top : 0px !important;padding-right : 0px !important;margin-right : 3.84%;padding-bottom : 0px !important;padding-left : 0px !important;margin-left : 3.84%;}@media only screen and (max-width:1200px) {.fusion-body .fusion-builder-column-3{width:100% !important;order : 0;}.fusion-builder-column-3 > .fusion-column-wrapper {margin-right : 1.92%;margin-left : 1.92%;}}@media only screen and (max-width:640px) {.fusion-body .fusion-builder-column-3{width:100% !important;order : 0;}.fusion-builder-column-3 > .fusion-column-wrapper {margin-right : 1.92%;margin-left : 1.92%;}}<\/style><\/div><\/div><style type=\"text\/css\">.fusion-body .fusion-flex-container.fusion-builder-row-3{ padding-top : 0px;margin-top : 0px;padding-right : 0px;padding-bottom : 0px;margin-bottom : 0px;padding-left : 0px;}<\/style><\/div><\/p>\n","protected":false},"excerpt":{"rendered":"","protected":false},"author":1,"featured_media":0,"parent":20605,"menu_order":0,"comment_status":"closed","ping_status":"closed","template":"","meta":[],"yoast_head":"<!-- This site is optimized with the Yoast SEO plugin v17.4 - https:\/\/yoast.com\/wordpress\/plugins\/seo\/ -->\n<title>Gesellschaftliche Unternehmensverantwortung | Plexus Tech<\/title>\n<meta name=\"description\" content=\"Wir entwickeln unsere CSR mit ethischen Werten auf der Grundlage der Ziele f\u00fcr nachhaltige Entwicklung und der Schaffung echter Verbindungen zu aktiven Ma\u00dfnahmen.\" \/>\n<meta name=\"robots\" content=\"index, follow, max-snippet:-1, max-image-preview:large, max-video-preview:-1\" \/>\n<link rel=\"canonical\" href=\"https:\/\/www.plexus.es\/corporativo\/rsc\/\" \/>\n<meta property=\"og:locale\" content=\"de_DE\" \/>\n<meta property=\"og:type\" content=\"article\" \/>\n<meta property=\"og:title\" content=\"Gesellschaftliche Unternehmensverantwortung | Plexus Tech\" \/>\n<meta property=\"og:description\" content=\"Wir entwickeln unsere CSR mit ethischen Werten auf der Grundlage der Ziele f\u00fcr nachhaltige Entwicklung und der Schaffung echter Verbindungen zu aktiven Ma\u00dfnahmen.\" \/>\n<meta property=\"og:url\" content=\"https:\/\/www.plexus.es\/corporativo\/rsc\/\" \/>\n<meta property=\"og:site_name\" content=\"Plexus Tech\" \/>\n<meta property=\"article:publisher\" content=\"https:\/\/www.facebook.com\/Plexus.Techno\" \/>\n<meta property=\"article:modified_time\" content=\"2025-09-17T08:34:26+00:00\" \/>\n<meta name=\"twitter:card\" content=\"summary_large_image\" \/>\n<meta name=\"twitter:site\" content=\"@plexustech_\" \/>\n<meta name=\"twitter:label1\" content=\"Gesch\u00e4tzte Lesezeit\" \/>\n\t<meta name=\"twitter:data1\" content=\"9 Minuten\" \/>\n<script type=\"application\/ld+json\" class=\"yoast-schema-graph\">{\"@context\":\"https:\/\/schema.org\",\"@graph\":[{\"@type\":\"Organization\",\"@id\":\"https:\/\/www.plexus.es\/#organization\",\"name\":\"Plexus Tech\",\"url\":\"https:\/\/www.plexus.es\/\",\"sameAs\":[\"https:\/\/www.facebook.com\/Plexus.Techno\",\"https:\/\/www.instagram.com\/plexus.tech\/\",\"https:\/\/www.linkedin.com\/company\/plexus-tech\/mycompany\/\",\"https:\/\/www.youtube.com\/user\/tecnologiasplexus\",\"https:\/\/twitter.com\/plexustech_\"],\"logo\":{\"@type\":\"ImageObject\",\"@id\":\"https:\/\/www.plexus.es\/#logo\",\"inLanguage\":\"de-DE\",\"url\":\"https:\/\/www.plexus.es\/wp-content\/uploads\/2021\/11\/logo-plexus-2021.png\",\"contentUrl\":\"https:\/\/www.plexus.es\/wp-content\/uploads\/2021\/11\/logo-plexus-2021.png\",\"width\":600,\"height\":600,\"caption\":\"Plexus Tech\"},\"image\":{\"@id\":\"https:\/\/www.plexus.es\/#logo\"}},{\"@type\":\"WebSite\",\"@id\":\"https:\/\/www.plexus.es\/#website\",\"url\":\"https:\/\/www.plexus.es\/\",\"name\":\"Plexus Tech\",\"description\":\"Tecnolog\\u00eda con Alma\",\"publisher\":{\"@id\":\"https:\/\/www.plexus.es\/#organization\"},\"potentialAction\":[{\"@type\":\"SearchAction\",\"target\":{\"@type\":\"EntryPoint\",\"urlTemplate\":\"https:\/\/www.plexus.es\/?s={search_term_string}\"},\"query-input\":\"required name=search_term_string\"}],\"inLanguage\":\"de-DE\"},{\"@type\":\"WebPage\",\"@id\":\"https:\/\/www.plexus.es\/corporativo\/rsc\/#webpage\",\"url\":\"https:\/\/www.plexus.es\/corporativo\/rsc\/\",\"name\":\"Gesellschaftliche Unternehmensverantwortung | Plexus Tech\",\"isPartOf\":{\"@id\":\"https:\/\/www.plexus.es\/#website\"},\"datePublished\":\"2021-10-29T13:42:34+00:00\",\"dateModified\":\"2025-09-17T08:34:26+00:00\",\"description\":\"Wir entwickeln unsere CSR mit ethischen Werten auf der Grundlage der Ziele f\\u00fcr nachhaltige Entwicklung und der Schaffung echter Verbindungen zu aktiven Ma\\u00dfnahmen.\",\"breadcrumb\":{\"@id\":\"https:\/\/www.plexus.es\/corporativo\/rsc\/#breadcrumb\"},\"inLanguage\":\"de-DE\",\"potentialAction\":[{\"@type\":\"ReadAction\",\"target\":[\"https:\/\/www.plexus.es\/corporativo\/rsc\/\"]}]},{\"@type\":\"BreadcrumbList\",\"@id\":\"https:\/\/www.plexus.es\/corporativo\/rsc\/#breadcrumb\",\"itemListElement\":[{\"@type\":\"ListItem\",\"position\":1,\"name\":\"Home\",\"item\":\"https:\/\/www.plexus.es\/\"},{\"@type\":\"ListItem\",\"position\":2,\"name\":\"Unternehmen\",\"item\":\"https:\/\/www.plexus.es\/corporativo\/\"},{\"@type\":\"ListItem\",\"position\":3,\"name\":\"CSR\"}]}]}<\/script>\n<!-- \/ Yoast SEO plugin. -->","yoast_head_json":{"title":"Gesellschaftliche Unternehmensverantwortung | Plexus Tech","description":"Wir entwickeln unsere CSR mit ethischen Werten auf der Grundlage der Ziele f\u00fcr nachhaltige Entwicklung und der Schaffung echter Verbindungen zu aktiven Ma\u00dfnahmen.","robots":{"index":"index","follow":"follow","max-snippet":"max-snippet:-1","max-image-preview":"max-image-preview:large","max-video-preview":"max-video-preview:-1"},"canonical":"https:\/\/www.plexus.es\/corporativo\/rsc\/","og_locale":"de_DE","og_type":"article","og_title":"Gesellschaftliche Unternehmensverantwortung | Plexus Tech","og_description":"Wir entwickeln unsere CSR mit ethischen Werten auf der Grundlage der Ziele f\u00fcr nachhaltige Entwicklung und der Schaffung echter Verbindungen zu aktiven Ma\u00dfnahmen.","og_url":"https:\/\/www.plexus.es\/corporativo\/rsc\/","og_site_name":"Plexus Tech","article_publisher":"https:\/\/www.facebook.com\/Plexus.Techno","article_modified_time":"2025-09-17T08:34:26+00:00","twitter_card":"summary_large_image","twitter_site":"@plexustech_","twitter_misc":{"Gesch\u00e4tzte Lesezeit":"9 Minuten"},"schema":{"@context":"https:\/\/schema.org","@graph":[{"@type":"Organization","@id":"https:\/\/www.plexus.es\/#organization","name":"Plexus Tech","url":"https:\/\/www.plexus.es\/","sameAs":["https:\/\/www.facebook.com\/Plexus.Techno","https:\/\/www.instagram.com\/plexus.tech\/","https:\/\/www.linkedin.com\/company\/plexus-tech\/mycompany\/","https:\/\/www.youtube.com\/user\/tecnologiasplexus","https:\/\/twitter.com\/plexustech_"],"logo":{"@type":"ImageObject","@id":"https:\/\/www.plexus.es\/#logo","inLanguage":"de-DE","url":"https:\/\/www.plexus.es\/wp-content\/uploads\/2021\/11\/logo-plexus-2021.png","contentUrl":"https:\/\/www.plexus.es\/wp-content\/uploads\/2021\/11\/logo-plexus-2021.png","width":600,"height":600,"caption":"Plexus Tech"},"image":{"@id":"https:\/\/www.plexus.es\/#logo"}},{"@type":"WebSite","@id":"https:\/\/www.plexus.es\/#website","url":"https:\/\/www.plexus.es\/","name":"Plexus Tech","description":"Tecnolog\u00eda con Alma","publisher":{"@id":"https:\/\/www.plexus.es\/#organization"},"potentialAction":[{"@type":"SearchAction","target":{"@type":"EntryPoint","urlTemplate":"https:\/\/www.plexus.es\/?s={search_term_string}"},"query-input":"required name=search_term_string"}],"inLanguage":"de-DE"},{"@type":"WebPage","@id":"https:\/\/www.plexus.es\/corporativo\/rsc\/#webpage","url":"https:\/\/www.plexus.es\/corporativo\/rsc\/","name":"Gesellschaftliche Unternehmensverantwortung | Plexus Tech","isPartOf":{"@id":"https:\/\/www.plexus.es\/#website"},"datePublished":"2021-10-29T13:42:34+00:00","dateModified":"2025-09-17T08:34:26+00:00","description":"Wir entwickeln unsere CSR mit ethischen Werten auf der Grundlage der Ziele f\u00fcr nachhaltige Entwicklung und der Schaffung echter Verbindungen zu aktiven Ma\u00dfnahmen.","breadcrumb":{"@id":"https:\/\/www.plexus.es\/corporativo\/rsc\/#breadcrumb"},"inLanguage":"de-DE","potentialAction":[{"@type":"ReadAction","target":["https:\/\/www.plexus.es\/corporativo\/rsc\/"]}]},{"@type":"BreadcrumbList","@id":"https:\/\/www.plexus.es\/corporativo\/rsc\/#breadcrumb","itemListElement":[{"@type":"ListItem","position":1,"name":"Home","item":"https:\/\/www.plexus.es\/"},{"@type":"ListItem","position":2,"name":"Unternehmen","item":"https:\/\/www.plexus.es\/corporativo\/"},{"@type":"ListItem","position":3,"name":"CSR"}]}]}},"_links":{"self":[{"href":"https:\/\/www.plexus.es\/de\/wp-json\/wp\/v2\/pages\/20276"}],"collection":[{"href":"https:\/\/www.plexus.es\/de\/wp-json\/wp\/v2\/pages"}],"about":[{"href":"https:\/\/www.plexus.es\/de\/wp-json\/wp\/v2\/types\/page"}],"author":[{"embeddable":true,"href":"https:\/\/www.plexus.es\/de\/wp-json\/wp\/v2\/users\/1"}],"replies":[{"embeddable":true,"href":"https:\/\/www.plexus.es\/de\/wp-json\/wp\/v2\/comments?post=20276"}],"version-history":[{"count":16,"href":"https:\/\/www.plexus.es\/de\/wp-json\/wp\/v2\/pages\/20276\/revisions"}],"predecessor-version":[{"id":49078,"href":"https:\/\/www.plexus.es\/de\/wp-json\/wp\/v2\/pages\/20276\/revisions\/49078"}],"up":[{"embeddable":true,"href":"https:\/\/www.plexus.es\/de\/wp-json\/wp\/v2\/pages\/20605"}],"wp:attachment":[{"href":"https:\/\/www.plexus.es\/de\/wp-json\/wp\/v2\/media?parent=20276"}],"curies":[{"name":"wp","href":"https:\/\/api.w.org\/{rel}","templated":true}]}}