{"id":43047,"date":"2024-06-03T18:52:31","date_gmt":"2024-06-03T16:52:31","guid":{"rendered":"https:\/\/www.plexus.es\/?page_id=43047"},"modified":"2024-06-03T18:55:58","modified_gmt":"2024-06-03T16:55:58","slug":"kit-digital","status":"publish","type":"page","link":"https:\/\/www.plexus.es\/de\/servicios\/kit-digital\/kit-digital\/","title":{"rendered":"Descripci\u00f3n video Kit Digital"},"content":{"rendered":"<div class=\"fusion-fullwidth fullwidth-box fusion-builder-row-1 fusion-flex-container nonhundred-percent-fullwidth non-hundred-percent-height-scrolling\" style=\"background-color: rgba(255,255,255,0);background-position: center center;background-repeat: no-repeat;border-width: 0px 0px 0px 0px;border-color:#e8ebef;border-style:solid;\" ><div class=\"fusion-builder-row fusion-row fusion-flex-align-items-flex-start\" style=\"max-width:1310.4px;margin-left: calc(-4% \/ 2 );margin-right: calc(-4% \/ 2 );\"><div class=\"fusion-layout-column fusion_builder_column fusion-builder-column-0 fusion_builder_column_3_4 3_4 fusion-flex-column\"><div class=\"fusion-column-wrapper fusion-flex-justify-content-flex-start fusion-content-layout-column\" style=\"background-position:left top;background-repeat:no-repeat;-webkit-background-size:cover;-moz-background-size:cover;-o-background-size:cover;background-size:cover;padding: 0px 0px 0px 0px;\"><style type=\"text\/css\">@media only screen and (max-width:1200px) {.fusion-title.fusion-title-1{margin-top:2rem!important; margin-right:1rem!important;margin-bottom:2rem!important;margin-left:0px!important;}}@media only screen and (max-width:640px) {.fusion-title.fusion-title-1{margin-top:0px!important; margin-right:0px!important;margin-bottom:0px!important; margin-left:0px!important;}}<\/style><div class=\"fusion-title title fusion-title-1 fusion-sep-none fusion-title-text fusion-title-size-one\" style=\"margin-top:2rem;margin-right:1rem;margin-bottom:2rem;margin-left:0px;\"><h1 class=\"title-heading-left fusion-responsive-typography-calculated\" style=\"margin:0;--fontSize:45;line-height:1;\">Descripci\u00f3n video Kit Digital<\/h1><\/div><div class=\"fusion-text fusion-text-1\"><p>Comienza el v\u00eddeo con una pantalla con el logotipo de Kit Digital, as\u00ed como del Gobierno de Espa\u00f1a y de la Uni\u00f3n Europea, destacando que esta iniciativa est\u00e1 financiada con fondos NextGeneration.<\/p>\n<p>Se muestran im\u00e1genes de personas iniciando sus propios negocios y haciendo gestiones sobre estos, mientras una narradora cuenta: &#8222;Ver el nombre de tu negocio por primera vez, emitir la primera factura, la n\u00famero uno, recibir al primer cliente, cerrar la primera venta, son momentos decisivos, que nunca olvidas&#8220;.<\/p>\n<p>&#8222;Si tienes una PYME o eres aut\u00f3nomo, este tambi\u00e9n es un momento clave: \u00a1\u00fanete ahora al cambio digital!&#8220;, mientras la narradora cuenta esto, las im\u00e1genes de gestiones de fondo empiezan a emplear m\u00e1s material digital. &#8222;Lanzamos Kit Digital&#8220;, prosigue, &#8222;un programa de ayudas econ\u00f3micas del Ministerio de Asuntos Econ\u00f3micos y Transformaci\u00f3n Digital, para impulsar la digitalizaci\u00f3n de tu empresa&#8220;.<\/p>\n<p>Se intercalan im\u00e1genes de servidores con v\u00eddeos de peque\u00f1os empresarios gestionando su empresa con la ayuda de la tecnolog\u00eda, mientras la narradora prosigue: &#8222;t\u00fa eliges lo que necesitas para avanzar en esta nueva realidad digital. Kit Digital te ayuda a conseguirlo&#8220;.<\/p>\n<p>El v\u00eddeo se cierra con los logos de Kit Digital, Gobierno de Espa\u00f1a y el texto: &#8222;El programa Kit Digital se enmarca en el Plan de Recuperaci\u00f3n, Transformaci\u00f3n y Resiliencia, la agenda Espa\u00f1a Digital 2025 y el Plan de Digitalizaci\u00f3n de Pymes 2021-2025. Adem\u00e1s, est\u00e1 financiado por la Uni\u00f3n Europea &#8211; NextGenerationEU.&#8220;<\/p>\n<\/div><\/div><style type=\"text\/css\">.fusion-body .fusion-builder-column-0{width:75% !important;margin-top : 20px;margin-bottom : 20px;}.fusion-builder-column-0 > .fusion-column-wrapper {padding-top : 0px !important;padding-right : 0px !important;margin-right : 2.56%;padding-bottom : 0px !important;padding-left : 0px !important;margin-left : 2.56%;}@media only screen and (max-width:1200px) {.fusion-body .fusion-builder-column-0{width:75% !important;order : 0;}.fusion-builder-column-0 > .fusion-column-wrapper {margin-right : 2.56%;margin-left : 2.56%;}}@media only screen and (max-width:640px) {.fusion-body .fusion-builder-column-0{width:100% !important;order : 0;}.fusion-builder-column-0 > .fusion-column-wrapper {margin-right : 1.92%;margin-left : 1.92%;}}<\/style><\/div><\/div><style type=\"text\/css\">.fusion-body .fusion-flex-container.fusion-builder-row-1{ padding-top : 0px;margin-top : 0px;padding-right : 0px;padding-bottom : 0px;margin-bottom : 0px;padding-left : 0px;}<\/style><\/div>\n","protected":false},"excerpt":{"rendered":"","protected":false},"author":5,"featured_media":0,"parent":11587,"menu_order":0,"comment_status":"closed","ping_status":"closed","template":"","meta":[],"yoast_head":"<!-- This site is optimized with the Yoast SEO plugin v17.4 - https:\/\/yoast.com\/wordpress\/plugins\/seo\/ -->\n<title>Descripci\u00f3n video Kit Digital - Plexus Tech<\/title>\n<meta name=\"robots\" content=\"index, follow, max-snippet:-1, max-image-preview:large, max-video-preview:-1\" \/>\n<link rel=\"canonical\" href=\"https:\/\/www.plexus.es\/servicios\/kit-digital\/kit-digital\/\" \/>\n<meta property=\"og:locale\" content=\"de_DE\" \/>\n<meta property=\"og:type\" content=\"article\" \/>\n<meta property=\"og:title\" content=\"Descripci\u00f3n video Kit Digital - Plexus Tech\" \/>\n<meta property=\"og:url\" content=\"https:\/\/www.plexus.es\/servicios\/kit-digital\/kit-digital\/\" \/>\n<meta property=\"og:site_name\" content=\"Plexus Tech\" \/>\n<meta property=\"article:publisher\" content=\"https:\/\/www.facebook.com\/Plexus.Techno\" \/>\n<meta property=\"article:modified_time\" content=\"2024-06-03T16:55:58+00:00\" \/>\n<meta name=\"twitter:card\" content=\"summary_large_image\" \/>\n<meta name=\"twitter:site\" content=\"@plexustech_\" \/>\n<script type=\"application\/ld+json\" class=\"yoast-schema-graph\">{\"@context\":\"https:\/\/schema.org\",\"@graph\":[{\"@type\":\"Organization\",\"@id\":\"https:\/\/www.plexus.es\/#organization\",\"name\":\"Plexus Tech\",\"url\":\"https:\/\/www.plexus.es\/\",\"sameAs\":[\"https:\/\/www.facebook.com\/Plexus.Techno\",\"https:\/\/www.instagram.com\/plexus.tech\/\",\"https:\/\/www.linkedin.com\/company\/plexus-tech\/mycompany\/\",\"https:\/\/www.youtube.com\/user\/tecnologiasplexus\",\"https:\/\/twitter.com\/plexustech_\"],\"logo\":{\"@type\":\"ImageObject\",\"@id\":\"https:\/\/www.plexus.es\/#logo\",\"inLanguage\":\"de-DE\",\"url\":\"https:\/\/www.plexus.es\/wp-content\/uploads\/2021\/11\/logo-plexus-2021.png\",\"contentUrl\":\"https:\/\/www.plexus.es\/wp-content\/uploads\/2021\/11\/logo-plexus-2021.png\",\"width\":600,\"height\":600,\"caption\":\"Plexus Tech\"},\"image\":{\"@id\":\"https:\/\/www.plexus.es\/#logo\"}},{\"@type\":\"WebSite\",\"@id\":\"https:\/\/www.plexus.es\/#website\",\"url\":\"https:\/\/www.plexus.es\/\",\"name\":\"Plexus Tech\",\"description\":\"Tecnolog\\u00eda con Alma\",\"publisher\":{\"@id\":\"https:\/\/www.plexus.es\/#organization\"},\"potentialAction\":[{\"@type\":\"SearchAction\",\"target\":{\"@type\":\"EntryPoint\",\"urlTemplate\":\"https:\/\/www.plexus.es\/?s={search_term_string}\"},\"query-input\":\"required name=search_term_string\"}],\"inLanguage\":\"de-DE\"},{\"@type\":\"WebPage\",\"@id\":\"https:\/\/www.plexus.es\/servicios\/kit-digital\/kit-digital\/#webpage\",\"url\":\"https:\/\/www.plexus.es\/servicios\/kit-digital\/kit-digital\/\",\"name\":\"Descripci\\u00f3n video Kit Digital - Plexus Tech\",\"isPartOf\":{\"@id\":\"https:\/\/www.plexus.es\/#website\"},\"datePublished\":\"2024-06-03T16:52:31+00:00\",\"dateModified\":\"2024-06-03T16:55:58+00:00\",\"breadcrumb\":{\"@id\":\"https:\/\/www.plexus.es\/servicios\/kit-digital\/kit-digital\/#breadcrumb\"},\"inLanguage\":\"de-DE\",\"potentialAction\":[{\"@type\":\"ReadAction\",\"target\":[\"https:\/\/www.plexus.es\/servicios\/kit-digital\/kit-digital\/\"]}]},{\"@type\":\"BreadcrumbList\",\"@id\":\"https:\/\/www.plexus.es\/servicios\/kit-digital\/kit-digital\/#breadcrumb\",\"itemListElement\":[{\"@type\":\"ListItem\",\"position\":1,\"name\":\"Home\",\"item\":\"https:\/\/www.plexus.es\/\"},{\"@type\":\"ListItem\",\"position\":2,\"name\":\"Servicios\",\"item\":\"https:\/\/www.plexus.es\/servicios\/\"},{\"@type\":\"ListItem\",\"position\":3,\"name\":\"Kit Digital\",\"item\":\"https:\/\/www.plexus.es\/servicios\/kit-digital\/\"},{\"@type\":\"ListItem\",\"position\":4,\"name\":\"Descripci\\u00f3n video Kit Digital\"}]}]}<\/script>\n<!-- \/ Yoast SEO plugin. -->","yoast_head_json":{"title":"Descripci\u00f3n video Kit Digital - Plexus Tech","robots":{"index":"index","follow":"follow","max-snippet":"max-snippet:-1","max-image-preview":"max-image-preview:large","max-video-preview":"max-video-preview:-1"},"canonical":"https:\/\/www.plexus.es\/servicios\/kit-digital\/kit-digital\/","og_locale":"de_DE","og_type":"article","og_title":"Descripci\u00f3n video Kit Digital - Plexus Tech","og_url":"https:\/\/www.plexus.es\/servicios\/kit-digital\/kit-digital\/","og_site_name":"Plexus Tech","article_publisher":"https:\/\/www.facebook.com\/Plexus.Techno","article_modified_time":"2024-06-03T16:55:58+00:00","twitter_card":"summary_large_image","twitter_site":"@plexustech_","schema":{"@context":"https:\/\/schema.org","@graph":[{"@type":"Organization","@id":"https:\/\/www.plexus.es\/#organization","name":"Plexus Tech","url":"https:\/\/www.plexus.es\/","sameAs":["https:\/\/www.facebook.com\/Plexus.Techno","https:\/\/www.instagram.com\/plexus.tech\/","https:\/\/www.linkedin.com\/company\/plexus-tech\/mycompany\/","https:\/\/www.youtube.com\/user\/tecnologiasplexus","https:\/\/twitter.com\/plexustech_"],"logo":{"@type":"ImageObject","@id":"https:\/\/www.plexus.es\/#logo","inLanguage":"de-DE","url":"https:\/\/www.plexus.es\/wp-content\/uploads\/2021\/11\/logo-plexus-2021.png","contentUrl":"https:\/\/www.plexus.es\/wp-content\/uploads\/2021\/11\/logo-plexus-2021.png","width":600,"height":600,"caption":"Plexus Tech"},"image":{"@id":"https:\/\/www.plexus.es\/#logo"}},{"@type":"WebSite","@id":"https:\/\/www.plexus.es\/#website","url":"https:\/\/www.plexus.es\/","name":"Plexus Tech","description":"Tecnolog\u00eda con Alma","publisher":{"@id":"https:\/\/www.plexus.es\/#organization"},"potentialAction":[{"@type":"SearchAction","target":{"@type":"EntryPoint","urlTemplate":"https:\/\/www.plexus.es\/?s={search_term_string}"},"query-input":"required name=search_term_string"}],"inLanguage":"de-DE"},{"@type":"WebPage","@id":"https:\/\/www.plexus.es\/servicios\/kit-digital\/kit-digital\/#webpage","url":"https:\/\/www.plexus.es\/servicios\/kit-digital\/kit-digital\/","name":"Descripci\u00f3n video Kit Digital - Plexus Tech","isPartOf":{"@id":"https:\/\/www.plexus.es\/#website"},"datePublished":"2024-06-03T16:52:31+00:00","dateModified":"2024-06-03T16:55:58+00:00","breadcrumb":{"@id":"https:\/\/www.plexus.es\/servicios\/kit-digital\/kit-digital\/#breadcrumb"},"inLanguage":"de-DE","potentialAction":[{"@type":"ReadAction","target":["https:\/\/www.plexus.es\/servicios\/kit-digital\/kit-digital\/"]}]},{"@type":"BreadcrumbList","@id":"https:\/\/www.plexus.es\/servicios\/kit-digital\/kit-digital\/#breadcrumb","itemListElement":[{"@type":"ListItem","position":1,"name":"Home","item":"https:\/\/www.plexus.es\/"},{"@type":"ListItem","position":2,"name":"Servicios","item":"https:\/\/www.plexus.es\/servicios\/"},{"@type":"ListItem","position":3,"name":"Kit Digital","item":"https:\/\/www.plexus.es\/servicios\/kit-digital\/"},{"@type":"ListItem","position":4,"name":"Descripci\u00f3n video Kit Digital"}]}]}},"_links":{"self":[{"href":"https:\/\/www.plexus.es\/de\/wp-json\/wp\/v2\/pages\/43047"}],"collection":[{"href":"https:\/\/www.plexus.es\/de\/wp-json\/wp\/v2\/pages"}],"about":[{"href":"https:\/\/www.plexus.es\/de\/wp-json\/wp\/v2\/types\/page"}],"author":[{"embeddable":true,"href":"https:\/\/www.plexus.es\/de\/wp-json\/wp\/v2\/users\/5"}],"replies":[{"embeddable":true,"href":"https:\/\/www.plexus.es\/de\/wp-json\/wp\/v2\/comments?post=43047"}],"version-history":[{"count":3,"href":"https:\/\/www.plexus.es\/de\/wp-json\/wp\/v2\/pages\/43047\/revisions"}],"predecessor-version":[{"id":43050,"href":"https:\/\/www.plexus.es\/de\/wp-json\/wp\/v2\/pages\/43047\/revisions\/43050"}],"up":[{"embeddable":true,"href":"https:\/\/www.plexus.es\/de\/wp-json\/wp\/v2\/pages\/11587"}],"wp:attachment":[{"href":"https:\/\/www.plexus.es\/de\/wp-json\/wp\/v2\/media?parent=43047"}],"curies":[{"name":"wp","href":"https:\/\/api.w.org\/{rel}","templated":true}]}}