{"id":44140,"date":"2024-07-18T14:21:29","date_gmt":"2024-07-18T12:21:29","guid":{"rendered":"https:\/\/www.plexus.es\/dienstleistungen\/fei\/videobeschreibung-akkordeon-h2020\/"},"modified":"2024-07-19T11:38:06","modified_gmt":"2024-07-19T09:38:06","slug":"videobeschreibung-akkordeon-h2020","status":"publish","type":"page","link":"https:\/\/www.plexus.es\/de\/dienstleistungen\/fei\/videobeschreibung-akkordeon-h2020\/","title":{"rendered":"Videobeschreibung AKKORDEON H2020"},"content":{"rendered":"<div class=\"fusion-fullwidth fullwidth-box fusion-builder-row-1 fusion-flex-container nonhundred-percent-fullwidth non-hundred-percent-height-scrolling\" style=\"background-color: rgba(255,255,255,0);background-position: center center;background-repeat: no-repeat;border-width: 0px 0px 0px 0px;border-color:#e8ebef;border-style:solid;\" ><div class=\"fusion-builder-row fusion-row fusion-flex-align-items-flex-start\" style=\"max-width:1310.4px;margin-left: calc(-4% \/ 2 );margin-right: calc(-4% \/ 2 );\"><div class=\"fusion-layout-column fusion_builder_column fusion-builder-column-0 fusion_builder_column_3_4 3_4 fusion-flex-column\"><div class=\"fusion-column-wrapper fusion-flex-justify-content-flex-start fusion-content-layout-column\" style=\"background-position:left top;background-repeat:no-repeat;-webkit-background-size:cover;-moz-background-size:cover;-o-background-size:cover;background-size:cover;padding: 0px 0px 0px 0px;\"><style type=\"text\/css\">@media only screen and (max-width:1200px) {.fusion-title.fusion-title-1{margin-top:2rem!important; margin-right:1rem!important;margin-bottom:2rem!important;margin-left:0px!important;}}@media only screen and (max-width:640px) {.fusion-title.fusion-title-1{margin-top:0px!important; margin-right:0px!important;margin-bottom:0px!important; margin-left:0px!important;}}<\/style><div class=\"fusion-title title fusion-title-1 fusion-sep-none fusion-title-text fusion-title-size-one\" style=\"margin-top:2rem;margin-right:1rem;margin-bottom:2rem;margin-left:0px;\"><h1 class=\"title-heading-left fusion-responsive-typography-calculated\" style=\"margin:0;--fontSize:45;line-height:1;\">Videobeschreibung AKKORDEON H2020<\/h1><\/div><div class=\"fusion-text fusion-text-1\"><p>Der \u00dcbergang zur Accordion-Plattform wird das Gesch\u00e4ftsmodell von Plexus unterst\u00fctzen<br \/>\nBereitstellung personalisierter Inhalte durch die Integration zweier wichtiger Produkte mit Edge<br \/>\nComputing, um eine geringere Latenz und eine h\u00f6here Leistung im durchschnittlichen Netzwerk sicherzustellen<br \/>\nBedingungen.<br \/>\nPlexus entwickelt eine Plattform, die die Verarbeitung von Ger\u00e4teinformationen am Rande erm\u00f6glicht.<br \/>\nReduziert die Latenz und erm\u00f6glicht die Durchf\u00fchrung erweiterter Berechnungen in der Cloud.<br \/>\nBasierend auf den Ergebnissen dieser Berechnungen werden angepasste Inhalte auf die gestreamt<br \/>\nverschiedene Bildschirme des Netzwerks.<br \/>\nIm folgenden Diagramm werden Beispiele vom Start des Edge-Dienstes an bereitgestellt<br \/>\ndie Anfrage des Anblick-Endpunkts. Diese Szenarien wurden in diesem ersten Zyklus ausgef\u00fchrt.<br \/>\nDazu werden das Edge-Ger\u00e4t und der Anblick-Client innerhalb des Accordion bereitgestellt<br \/>\nPlattform.<br \/>\nDas lokale System besteht aus einem Raspberry Pi oder einem Cluster von Raspberry Pis, die die Leistung erbringen<br \/>\ndie Funktionen eines Edge-Ger\u00e4ts und erm\u00f6glichen eine lokale Verarbeitung, die die Latenz reduziert.<br \/>\nAnblick wird in einer \u00f6ffentlichen Cloud betrieben und ist f\u00fcr die Ausstrahlung des Rechts verantwortlich<br \/>\nInhalte auf den angeschlossenen Fernsehbildschirmen anzuzeigen. Die Ausgangssituation ist ein Standardinhalt, der<br \/>\nist unabh\u00e4ngig von den Merkmalen der Nutzer innerhalb eines Veranstaltungsortes. Wenn ein Benutzer eintritt<br \/>\neinen Veranstaltungsort und aktiviert die WLAN-Funktion und gelangt in die Reichweite des Raspberry Pi,<br \/>\ndie Pr\u00fcfanfragen seines Ger\u00e4ts erkannt werden k\u00f6nnen. Die WLAN-Antenne ist angeschlossen<br \/>\nan der Kante empf\u00e4ngt die Sondenanforderung. Die Pr\u00fcfanforderungsdaten werden nicht auf dem gespeichert<br \/>\nRand. Die Kante verarbeitet die Informationen. Daher wird der MAC anonymisiert und<br \/>\nDie Koordinaten der Ger\u00e4te werden anhand der WLAN-Antenne berechnet<br \/>\nverschiedene Parameter wie Anzahl der Benutzer in Reichweite, durchschnittliche Zeit in Reichweite oder<br \/>\nAnzahl neuer Besucher wird am Rande eine inhaltliche Entscheidung getroffen. Das Tag ist \u201eGeteilt mit\u201c.<br \/>\ndie Wolke. In diesem ersten Zyklus liegt der Schwerpunkt auf der Anpassung von Inhalten basierend auf der Verarbeitung<br \/>\ndie Kante.<br \/>\nSchlie\u00dflich kann der Benutzer angepasste Inhalte auf den TV-Bildschirmen innerhalb des Veranstaltungsortes sehen<br \/>\nf\u00fcr effektiveres Digital Signage<\/p>\n<\/div><\/div><style type=\"text\/css\">.fusion-body .fusion-builder-column-0{width:75% !important;margin-top : 20px;margin-bottom : 20px;}.fusion-builder-column-0 > .fusion-column-wrapper {padding-top : 0px !important;padding-right : 0px !important;margin-right : 2.56%;padding-bottom : 0px !important;padding-left : 0px !important;margin-left : 2.56%;}@media only screen and (max-width:1200px) {.fusion-body .fusion-builder-column-0{width:75% !important;order : 0;}.fusion-builder-column-0 > .fusion-column-wrapper {margin-right : 2.56%;margin-left : 2.56%;}}@media only screen and (max-width:640px) {.fusion-body .fusion-builder-column-0{width:100% !important;order : 0;}.fusion-builder-column-0 > .fusion-column-wrapper {margin-right : 1.92%;margin-left : 1.92%;}}<\/style><\/div><\/div><style type=\"text\/css\">.fusion-body .fusion-flex-container.fusion-builder-row-1{ padding-top : 0px;margin-top : 0px;padding-right : 0px;padding-bottom : 0px;margin-bottom : 0px;padding-left : 0px;}<\/style><\/div>\n","protected":false},"excerpt":{"rendered":"","protected":false},"author":5,"featured_media":0,"parent":20268,"menu_order":0,"comment_status":"closed","ping_status":"closed","template":"","meta":[],"yoast_head":"<!-- This site is optimized with the Yoast SEO plugin v17.4 - https:\/\/yoast.com\/wordpress\/plugins\/seo\/ -->\n<title>Videobeschreibung AKKORDEON H2020 - Plexus Tech<\/title>\n<meta name=\"robots\" content=\"index, follow, max-snippet:-1, max-image-preview:large, max-video-preview:-1\" \/>\n<link rel=\"canonical\" href=\"https:\/\/www.plexus.es\/servicios\/i-d-i\/descripcion-video-accordion-h2020\/\" \/>\n<meta property=\"og:locale\" content=\"de_DE\" \/>\n<meta property=\"og:type\" content=\"article\" \/>\n<meta property=\"og:title\" content=\"Videobeschreibung AKKORDEON H2020 - Plexus Tech\" \/>\n<meta property=\"og:url\" content=\"https:\/\/www.plexus.es\/servicios\/i-d-i\/descripcion-video-accordion-h2020\/\" \/>\n<meta property=\"og:site_name\" content=\"Plexus Tech\" \/>\n<meta property=\"article:publisher\" content=\"https:\/\/www.facebook.com\/Plexus.Techno\" \/>\n<meta property=\"article:modified_time\" content=\"2024-07-19T09:38:06+00:00\" \/>\n<meta name=\"twitter:card\" content=\"summary_large_image\" \/>\n<meta name=\"twitter:site\" content=\"@plexustech_\" \/>\n<meta name=\"twitter:label1\" content=\"Gesch\u00e4tzte Lesezeit\" \/>\n\t<meta name=\"twitter:data1\" content=\"5 Minuten\" \/>\n<script type=\"application\/ld+json\" class=\"yoast-schema-graph\">{\"@context\":\"https:\/\/schema.org\",\"@graph\":[{\"@type\":\"Organization\",\"@id\":\"https:\/\/www.plexus.es\/#organization\",\"name\":\"Plexus Tech\",\"url\":\"https:\/\/www.plexus.es\/\",\"sameAs\":[\"https:\/\/www.facebook.com\/Plexus.Techno\",\"https:\/\/www.instagram.com\/plexus.tech\/\",\"https:\/\/www.linkedin.com\/company\/plexus-tech\/mycompany\/\",\"https:\/\/www.youtube.com\/user\/tecnologiasplexus\",\"https:\/\/twitter.com\/plexustech_\"],\"logo\":{\"@type\":\"ImageObject\",\"@id\":\"https:\/\/www.plexus.es\/#logo\",\"inLanguage\":\"de-DE\",\"url\":\"https:\/\/www.plexus.es\/wp-content\/uploads\/2021\/11\/logo-plexus-2021.png\",\"contentUrl\":\"https:\/\/www.plexus.es\/wp-content\/uploads\/2021\/11\/logo-plexus-2021.png\",\"width\":600,\"height\":600,\"caption\":\"Plexus Tech\"},\"image\":{\"@id\":\"https:\/\/www.plexus.es\/#logo\"}},{\"@type\":\"WebSite\",\"@id\":\"https:\/\/www.plexus.es\/#website\",\"url\":\"https:\/\/www.plexus.es\/\",\"name\":\"Plexus Tech\",\"description\":\"Tecnolog\\u00eda con Alma\",\"publisher\":{\"@id\":\"https:\/\/www.plexus.es\/#organization\"},\"potentialAction\":[{\"@type\":\"SearchAction\",\"target\":{\"@type\":\"EntryPoint\",\"urlTemplate\":\"https:\/\/www.plexus.es\/?s={search_term_string}\"},\"query-input\":\"required name=search_term_string\"}],\"inLanguage\":\"de-DE\"},{\"@type\":\"WebPage\",\"@id\":\"https:\/\/www.plexus.es\/servicios\/i-d-i\/descripcion-video-accordion-h2020\/#webpage\",\"url\":\"https:\/\/www.plexus.es\/servicios\/i-d-i\/descripcion-video-accordion-h2020\/\",\"name\":\"Videobeschreibung AKKORDEON H2020 - Plexus Tech\",\"isPartOf\":{\"@id\":\"https:\/\/www.plexus.es\/#website\"},\"datePublished\":\"2024-07-18T12:21:29+00:00\",\"dateModified\":\"2024-07-19T09:38:06+00:00\",\"breadcrumb\":{\"@id\":\"https:\/\/www.plexus.es\/servicios\/i-d-i\/descripcion-video-accordion-h2020\/#breadcrumb\"},\"inLanguage\":\"de-DE\",\"potentialAction\":[{\"@type\":\"ReadAction\",\"target\":[\"https:\/\/www.plexus.es\/servicios\/i-d-i\/descripcion-video-accordion-h2020\/\"]}]},{\"@type\":\"BreadcrumbList\",\"@id\":\"https:\/\/www.plexus.es\/servicios\/i-d-i\/descripcion-video-accordion-h2020\/#breadcrumb\",\"itemListElement\":[{\"@type\":\"ListItem\",\"position\":1,\"name\":\"Home\",\"item\":\"https:\/\/www.plexus.es\/\"},{\"@type\":\"ListItem\",\"position\":2,\"name\":\"Dienstleistungen\",\"item\":\"https:\/\/www.plexus.es\/servicios\/\"},{\"@type\":\"ListItem\",\"position\":3,\"name\":\"F+E+i\",\"item\":\"https:\/\/www.plexus.es\/servicios\/i-d-i\/\"},{\"@type\":\"ListItem\",\"position\":4,\"name\":\"Videobeschreibung AKKORDEON H2020\"}]}]}<\/script>\n<!-- \/ Yoast SEO plugin. -->","yoast_head_json":{"title":"Videobeschreibung AKKORDEON H2020 - Plexus Tech","robots":{"index":"index","follow":"follow","max-snippet":"max-snippet:-1","max-image-preview":"max-image-preview:large","max-video-preview":"max-video-preview:-1"},"canonical":"https:\/\/www.plexus.es\/servicios\/i-d-i\/descripcion-video-accordion-h2020\/","og_locale":"de_DE","og_type":"article","og_title":"Videobeschreibung AKKORDEON H2020 - Plexus Tech","og_url":"https:\/\/www.plexus.es\/servicios\/i-d-i\/descripcion-video-accordion-h2020\/","og_site_name":"Plexus Tech","article_publisher":"https:\/\/www.facebook.com\/Plexus.Techno","article_modified_time":"2024-07-19T09:38:06+00:00","twitter_card":"summary_large_image","twitter_site":"@plexustech_","twitter_misc":{"Gesch\u00e4tzte Lesezeit":"5 Minuten"},"schema":{"@context":"https:\/\/schema.org","@graph":[{"@type":"Organization","@id":"https:\/\/www.plexus.es\/#organization","name":"Plexus Tech","url":"https:\/\/www.plexus.es\/","sameAs":["https:\/\/www.facebook.com\/Plexus.Techno","https:\/\/www.instagram.com\/plexus.tech\/","https:\/\/www.linkedin.com\/company\/plexus-tech\/mycompany\/","https:\/\/www.youtube.com\/user\/tecnologiasplexus","https:\/\/twitter.com\/plexustech_"],"logo":{"@type":"ImageObject","@id":"https:\/\/www.plexus.es\/#logo","inLanguage":"de-DE","url":"https:\/\/www.plexus.es\/wp-content\/uploads\/2021\/11\/logo-plexus-2021.png","contentUrl":"https:\/\/www.plexus.es\/wp-content\/uploads\/2021\/11\/logo-plexus-2021.png","width":600,"height":600,"caption":"Plexus Tech"},"image":{"@id":"https:\/\/www.plexus.es\/#logo"}},{"@type":"WebSite","@id":"https:\/\/www.plexus.es\/#website","url":"https:\/\/www.plexus.es\/","name":"Plexus Tech","description":"Tecnolog\u00eda con Alma","publisher":{"@id":"https:\/\/www.plexus.es\/#organization"},"potentialAction":[{"@type":"SearchAction","target":{"@type":"EntryPoint","urlTemplate":"https:\/\/www.plexus.es\/?s={search_term_string}"},"query-input":"required name=search_term_string"}],"inLanguage":"de-DE"},{"@type":"WebPage","@id":"https:\/\/www.plexus.es\/servicios\/i-d-i\/descripcion-video-accordion-h2020\/#webpage","url":"https:\/\/www.plexus.es\/servicios\/i-d-i\/descripcion-video-accordion-h2020\/","name":"Videobeschreibung AKKORDEON H2020 - Plexus Tech","isPartOf":{"@id":"https:\/\/www.plexus.es\/#website"},"datePublished":"2024-07-18T12:21:29+00:00","dateModified":"2024-07-19T09:38:06+00:00","breadcrumb":{"@id":"https:\/\/www.plexus.es\/servicios\/i-d-i\/descripcion-video-accordion-h2020\/#breadcrumb"},"inLanguage":"de-DE","potentialAction":[{"@type":"ReadAction","target":["https:\/\/www.plexus.es\/servicios\/i-d-i\/descripcion-video-accordion-h2020\/"]}]},{"@type":"BreadcrumbList","@id":"https:\/\/www.plexus.es\/servicios\/i-d-i\/descripcion-video-accordion-h2020\/#breadcrumb","itemListElement":[{"@type":"ListItem","position":1,"name":"Home","item":"https:\/\/www.plexus.es\/"},{"@type":"ListItem","position":2,"name":"Dienstleistungen","item":"https:\/\/www.plexus.es\/servicios\/"},{"@type":"ListItem","position":3,"name":"F+E+i","item":"https:\/\/www.plexus.es\/servicios\/i-d-i\/"},{"@type":"ListItem","position":4,"name":"Videobeschreibung AKKORDEON H2020"}]}]}},"_links":{"self":[{"href":"https:\/\/www.plexus.es\/de\/wp-json\/wp\/v2\/pages\/44140"}],"collection":[{"href":"https:\/\/www.plexus.es\/de\/wp-json\/wp\/v2\/pages"}],"about":[{"href":"https:\/\/www.plexus.es\/de\/wp-json\/wp\/v2\/types\/page"}],"author":[{"embeddable":true,"href":"https:\/\/www.plexus.es\/de\/wp-json\/wp\/v2\/users\/5"}],"replies":[{"embeddable":true,"href":"https:\/\/www.plexus.es\/de\/wp-json\/wp\/v2\/comments?post=44140"}],"version-history":[{"count":4,"href":"https:\/\/www.plexus.es\/de\/wp-json\/wp\/v2\/pages\/44140\/revisions"}],"predecessor-version":[{"id":44182,"href":"https:\/\/www.plexus.es\/de\/wp-json\/wp\/v2\/pages\/44140\/revisions\/44182"}],"up":[{"embeddable":true,"href":"https:\/\/www.plexus.es\/de\/wp-json\/wp\/v2\/pages\/20268"}],"wp:attachment":[{"href":"https:\/\/www.plexus.es\/de\/wp-json\/wp\/v2\/media?parent=44140"}],"curies":[{"name":"wp","href":"https:\/\/api.w.org\/{rel}","templated":true}]}}