{"id":44285,"date":"2024-05-04T22:01:07","date_gmt":"2024-05-04T20:01:07","guid":{"rendered":"https:\/\/www.plexus.es\/accesibilidad\/"},"modified":"2025-10-09T15:20:08","modified_gmt":"2025-10-09T13:20:08","slug":"accesibilidad","status":"publish","type":"page","link":"https:\/\/www.plexus.es\/de\/accesibilidad\/","title":{"rendered":"accesibilidad"},"content":{"rendered":"<div class=\"fusion-fullwidth fullwidth-box fusion-builder-row-1 fusion-flex-container plexus_css container-legal nonhundred-percent-fullwidth non-hundred-percent-height-scrolling\" style=\"background-color: rgba(255,255,255,0);background-position: center center;background-repeat: no-repeat;border-width: 0px 0px 0px 0px;border-color:#e8ebef;border-style:solid;\" ><div class=\"fusion-builder-row fusion-row fusion-flex-align-items-flex-start\" style=\"max-width:1310.4px;margin-left: calc(-4% \/ 2 );margin-right: calc(-4% \/ 2 );\"><div class=\"fusion-layout-column fusion_builder_column fusion-builder-column-0 fusion_builder_column_1_1 1_1 fusion-flex-column plexus_css minuscula\"><div class=\"fusion-column-wrapper fusion-flex-justify-content-flex-start fusion-content-layout-column\" style=\"background-position:left top;background-repeat:no-repeat;-webkit-background-size:cover;-moz-background-size:cover;-o-background-size:cover;background-size:cover;padding: 0px 0px 0px 0px;\"><div class=\"fusion-text fusion-text-1\" style=\"text-align:left;\"><h1 class=\"title-heading-left fusion-responsive-typography-calculated\" style=\"text-align: left;\">Erkl\u00e4rung zur Barrierefreiheit<\/h1>\n<\/div><div class=\"fusion-text fusion-text-2\"><p>Unsere Vision bei Plexus ist es, eine digitale Welt zu schaffen, in der Software ein Werkzeug f\u00fcr alle ist. In unserem Bereich Barrierefreiheit, der sich aus Beratern mit unterschiedlichen F\u00e4higkeiten, Behinderungen und Perspektiven zusammensetzt, entwickeln wir innovative technologische L\u00f6sungen, die Barrieren beseitigen und Menschen st\u00e4rken. Menschen mit Behinderungen in unserem Team zu haben, bereichert unsere Arbeit und erm\u00f6glicht es uns, echte Barrierefreiheitsbarrieren in Anwendungen, Webseiten, Kiosken, Geldautomaten und anderen IKT zu erkennen. Unser Ziel ist es, \u00fcber Standards hinauszugehen und ein integratives und zufriedenstellendes Erlebnis f\u00fcr die gr\u00f6\u00dftm\u00f6gliche Vielfalt an Benutzern zu schaffen.<\/p>\n<p>Diese Erkl\u00e4rung zur Barrierefreiheit gilt f\u00fcr die Plexus Tech-Website.<\/p>\n<\/div><div class=\"fusion-text fusion-text-3\" style=\"text-align:left;\"><h2 class=\"title-heading-left fusion-responsive-typography-calculated\">Compliance-Status<\/h2>\n<\/div><div class=\"fusion-text fusion-text-4\"><p>Das Plexus-Portal wurde so konzipiert, dass es sich an aktuelle Standards und Vorschriften hinsichtlich Zug\u00e4nglichkeit und Benutzerfreundlichkeit anpasst und wird regelm\u00e4\u00dfig \u00fcberpr\u00fcft, um es auf dem neuesten Stand zu halten.<\/p>\n<p>Diese Website entspricht der Norm UNE EN 301549, Gesetz 11\/2023 und der Norm W3C WCAG 2.1 Level AA.<\/p>\n<\/div><div class=\"fusion-text fusion-text-5\" style=\"text-align:left;\"><h2 class=\"title-heading-left fusion-responsive-typography-calculated\">Erstellung dieser Erkl\u00e4rung zur Barrierefreiheit<\/h2>\n<\/div><div class=\"fusion-text fusion-text-6\"><p>Diese Erkl\u00e4rung zur Barrierefreiheit wurde am 6. Juni 2024 erstellt.<\/p>\n<p>Die f\u00fcr diese Erkl\u00e4rung verwendete Methode war eine intern von Plexus durchgef\u00fchrte Selbstbewertung auf der Grundlage von Berichten des Accessibility Observatory sowie \u00dcberpr\u00fcfungen mit automatisierten Tools, Handb\u00fcchern und unterst\u00fctzenden Technologien. und gute Design- und Entwicklungspraktiken. Dar\u00fcber hinaus haben wir den AENOR-Zertifizierungsprozess f\u00fcr Barrierefreiheit durchgef\u00fchrt und Erhalt des AENOR-Produktzertifikats: Barrierefreie Website gem\u00e4\u00df der Norm UNE EN 301549:2022<\/p>\n<p>&nbsp;<\/p>\n<p>Letzte \u00dcberarbeitung der Erkl\u00e4rung: 4. Juni 2025.<\/p>\n<\/div><div class=\"fusion-text fusion-text-7\" style=\"text-align:left;\"><h2 class=\"title-heading-left fusion-responsive-typography-calculated\">Inhalt nicht zug\u00e4nglich<\/h2>\n<\/div><div class=\"fusion-text fusion-text-8\"><p>M\u00f6glicherweise gibt es Inhalte im Abschnitt \u201eNews\u201c, insbesondere \u00e4ltere Nachrichten, die bestimmte nicht blockierende Barrierefreiheitsprobleme aufweisen, z.\u00a0B. sich wiederholende Namen in den Steuerelementen des Videoplayers, wiederholter oder nicht ausreichend beschreibender Alternativtext oder falsche Kopfzeilenebenen. In jedem Fall handelt es sich um Probleme, die den Zugang zu Informationen nicht blockieren.<\/p>\n<p>Auf manchen Seiten kommt es zu \u00dcberlappungen des Inhalts, wenn die Textgr\u00f6\u00dfe um bis zu 200 % vergr\u00f6\u00dfert wird. Durch diese \u00dcberlappung wird zwar m\u00f6glicherweise etwas Text abgeschnitten, es kommt jedoch nicht zu einem nennenswerten Inhaltsverlust.<\/p>\n<\/div><div class=\"fusion-text fusion-text-9\" style=\"text-align:left;\"><h2 class=\"title-heading-left fusion-responsive-typography-calculated\">Beobachtungen und Kontaktinformationen<\/h2>\n<\/div><div class=\"fusion-text fusion-text-10\"><p>Wenn Sie beim Durchsuchen unserer Website auf eine Barrierefreiheit sto\u00dfen, kontaktieren Sie uns unter der folgenden E-Mail-Adresse: accessibilityplexustech@plexus.es.<\/p>\n<p>Geben Sie in Ihrer Nachricht Folgendes an:<\/p>\n<ul>\n<li>Ihre Kontaktdaten<\/li>\n<li>Die Webadresse oder einen anderen Ort, an dem Sie Schwierigkeiten hatten<\/li>\n<li>Eine kurze Beschreibung des Problems, auf das Sie gesto\u00dfen sind, einschlie\u00dflich der Art der Hilfstechnologie, die Sie verwendet haben, als das Problem auftrat, und des Browsers<\/li>\n<\/ul>\n<\/div><div class=\"fusion-text fusion-text-11\" style=\"text-align:left;\"><h2 class=\"title-heading-left fusion-responsive-typography-calculated\">AENOR-Produktzertifikat: Barrierefreie Website gem\u00e4\u00df der Norm UNE EN 301549:2022<\/h2>\n<\/div><div class=\"fusion-text fusion-text-12\"><p>Diese Website tr\u00e4gt das AENOR N-Zeichen, das die Einhaltung der Norm UNE EN 301549:2022 gem\u00e4\u00df der besonderen Verordnung RP A90.01 bescheinigt. Die Norm UNE EN 301549:2022 erweitert die WCAG 2.1-Richtlinien auf Stufe AA und enth\u00e4lt erg\u00e4nzende Erfolgskriterien, die sie strenger machen und die W3C-Richtlinien st\u00e4rken. Diese Zertifizierung garantiert auch, dass TECNOLOG\u00cdAS PLEXUS, S.L. Es verf\u00fcgt \u00fcber ein internes Web-Barrierefreiheits-Managementsystem, das die Zug\u00e4nglichkeit dieser Website im Laufe der Zeit gew\u00e4hrleisten soll. AENOR f\u00fchrt halbj\u00e4hrlich eine \u00dcberwachung der Website und des Systems durch, um diese Zertifizierung w\u00e4hrend ihrer G\u00fcltigkeitsdauer aufrechtzuerhalten.<\/p>\n<p>W\u00e4hrend des Entwicklungsprozesses wurde die Plexus-Website von Beratern und Benutzern mit Behinderungen evaluiert, um optimale Barrierefreiheit zu gew\u00e4hrleisten. Es wurde mit verschiedenen Kombinationen von Betriebssystemen, Ger\u00e4ten und unterst\u00fctzenden Technologien getestet. Dar\u00fcber hinaus haben alle Design-, Entwicklungs- und Content-Management-Teams eine Schulung zum Thema Barrierefreiheit erhalten, sodass sie sich der Bedeutung dieser Barrierefreiheit bewusst sind und \u00fcber die erforderlichen F\u00e4higkeiten verf\u00fcgen, diese aufrechtzuerhalten.<\/p>\n<\/div><div style=\"text-align:center;\"><span class=\" fusion-imageframe imageframe-none imageframe-1 hover-type-none\" style=\"border-radius:12px;\"><img width=\"178\" height=\"225\" alt=\"Aenor\u2028Accesibildad Tic\u2028A90\/000064\" title=\"Captura de pantalla 2024-10-02 a las 14.58.52\" src=\"data:image\/svg+xml,%3Csvg%20xmlns%3D%27http%3A%2F%2Fwww.w3.org%2F2000%2Fsvg%27%20width%3D%27178%27%20height%3D%27225%27%20viewBox%3D%270%200%20178%20225%27%3E%3Crect%20width%3D%27178%27%20height%3D%27225%27%20fill-opacity%3D%220%22%2F%3E%3C%2Fsvg%3E\" data-orig-src=\"https:\/\/www.plexus.es\/wp-content\/uploads\/2024\/10\/Captura-de-pantalla-2024-10-02-a-las-14.58.52.png\" class=\"lazyload img-responsive wp-image-44296\"\/><\/span><\/div><\/div><style type=\"text\/css\">.fusion-body .fusion-builder-column-0{width:100% !important;margin-top : 20px;margin-bottom : 20px;}.fusion-builder-column-0 > .fusion-column-wrapper {padding-top : 0px !important;padding-right : 0px !important;margin-right : 1.92%;padding-bottom : 0px !important;padding-left : 0px !important;margin-left : 1.92%;}@media only screen and (max-width:1200px) {.fusion-body .fusion-builder-column-0{width:100% !important;order : 0;}.fusion-builder-column-0 > .fusion-column-wrapper {margin-right : 1.92%;padding-left : 0px !important;margin-left : 0%;}}@media only screen and (max-width:640px) {.fusion-body .fusion-builder-column-0{width:100% !important;order : 0;}.fusion-builder-column-0 > .fusion-column-wrapper {margin-right : 0%;margin-left : 0%;}}<\/style><\/div><\/div><style type=\"text\/css\">.fusion-body .fusion-flex-container.fusion-builder-row-1{ padding-top : 0px;margin-top : 0px;padding-right : 0px;padding-bottom : 0px;margin-bottom : 0px;padding-left : 90px;}@media only screen and (max-width:1200px) {.fusion-body .fusion-flex-container.fusion-builder-row-1{ padding-left : 20px;}}@media only screen and (max-width:640px) {.fusion-body .fusion-flex-container.fusion-builder-row-1{ padding-right : 0px;padding-left : 0px;}}<\/style><\/div>\n","protected":false},"excerpt":{"rendered":"","protected":false},"author":5,"featured_media":0,"parent":0,"menu_order":0,"comment_status":"closed","ping_status":"closed","template":"","meta":[],"yoast_head":"<!-- This site is optimized with the Yoast SEO plugin v17.4 - https:\/\/yoast.com\/wordpress\/plugins\/seo\/ -->\n<title>accesibilidad - Plexus Tech<\/title>\n<meta name=\"robots\" content=\"index, follow, max-snippet:-1, max-image-preview:large, max-video-preview:-1\" \/>\n<link rel=\"canonical\" href=\"https:\/\/www.plexus.es\/accesibilidad\/\" \/>\n<meta property=\"og:locale\" content=\"de_DE\" \/>\n<meta property=\"og:type\" content=\"article\" \/>\n<meta property=\"og:title\" content=\"accesibilidad - Plexus Tech\" \/>\n<meta property=\"og:url\" content=\"https:\/\/www.plexus.es\/accesibilidad\/\" \/>\n<meta property=\"og:site_name\" content=\"Plexus Tech\" \/>\n<meta property=\"article:publisher\" content=\"https:\/\/www.facebook.com\/Plexus.Techno\" \/>\n<meta property=\"article:modified_time\" content=\"2025-10-09T13:20:08+00:00\" \/>\n<meta name=\"twitter:card\" content=\"summary_large_image\" \/>\n<meta name=\"twitter:site\" content=\"@plexustech_\" \/>\n<meta name=\"twitter:label1\" content=\"Gesch\u00e4tzte Lesezeit\" \/>\n\t<meta name=\"twitter:data1\" content=\"11 Minuten\" \/>\n<script type=\"application\/ld+json\" class=\"yoast-schema-graph\">{\"@context\":\"https:\/\/schema.org\",\"@graph\":[{\"@type\":\"Organization\",\"@id\":\"https:\/\/www.plexus.es\/#organization\",\"name\":\"Plexus Tech\",\"url\":\"https:\/\/www.plexus.es\/\",\"sameAs\":[\"https:\/\/www.facebook.com\/Plexus.Techno\",\"https:\/\/www.instagram.com\/plexus.tech\/\",\"https:\/\/www.linkedin.com\/company\/plexus-tech\/mycompany\/\",\"https:\/\/www.youtube.com\/user\/tecnologiasplexus\",\"https:\/\/twitter.com\/plexustech_\"],\"logo\":{\"@type\":\"ImageObject\",\"@id\":\"https:\/\/www.plexus.es\/#logo\",\"inLanguage\":\"de-DE\",\"url\":\"https:\/\/www.plexus.es\/wp-content\/uploads\/2021\/11\/logo-plexus-2021.png\",\"contentUrl\":\"https:\/\/www.plexus.es\/wp-content\/uploads\/2021\/11\/logo-plexus-2021.png\",\"width\":600,\"height\":600,\"caption\":\"Plexus Tech\"},\"image\":{\"@id\":\"https:\/\/www.plexus.es\/#logo\"}},{\"@type\":\"WebSite\",\"@id\":\"https:\/\/www.plexus.es\/#website\",\"url\":\"https:\/\/www.plexus.es\/\",\"name\":\"Plexus Tech\",\"description\":\"Tecnolog\\u00eda con Alma\",\"publisher\":{\"@id\":\"https:\/\/www.plexus.es\/#organization\"},\"potentialAction\":[{\"@type\":\"SearchAction\",\"target\":{\"@type\":\"EntryPoint\",\"urlTemplate\":\"https:\/\/www.plexus.es\/?s={search_term_string}\"},\"query-input\":\"required name=search_term_string\"}],\"inLanguage\":\"de-DE\"},{\"@type\":\"WebPage\",\"@id\":\"https:\/\/www.plexus.es\/accesibilidad\/#webpage\",\"url\":\"https:\/\/www.plexus.es\/accesibilidad\/\",\"name\":\"accesibilidad - Plexus Tech\",\"isPartOf\":{\"@id\":\"https:\/\/www.plexus.es\/#website\"},\"datePublished\":\"2024-05-04T20:01:07+00:00\",\"dateModified\":\"2025-10-09T13:20:08+00:00\",\"breadcrumb\":{\"@id\":\"https:\/\/www.plexus.es\/accesibilidad\/#breadcrumb\"},\"inLanguage\":\"de-DE\",\"potentialAction\":[{\"@type\":\"ReadAction\",\"target\":[\"https:\/\/www.plexus.es\/accesibilidad\/\"]}]},{\"@type\":\"BreadcrumbList\",\"@id\":\"https:\/\/www.plexus.es\/accesibilidad\/#breadcrumb\",\"itemListElement\":[{\"@type\":\"ListItem\",\"position\":1,\"name\":\"Home\",\"item\":\"https:\/\/www.plexus.es\/de\/home\/\"},{\"@type\":\"ListItem\",\"position\":2,\"name\":\"accesibilidad\"}]}]}<\/script>\n<!-- \/ Yoast SEO plugin. -->","yoast_head_json":{"title":"accesibilidad - Plexus Tech","robots":{"index":"index","follow":"follow","max-snippet":"max-snippet:-1","max-image-preview":"max-image-preview:large","max-video-preview":"max-video-preview:-1"},"canonical":"https:\/\/www.plexus.es\/accesibilidad\/","og_locale":"de_DE","og_type":"article","og_title":"accesibilidad - Plexus Tech","og_url":"https:\/\/www.plexus.es\/accesibilidad\/","og_site_name":"Plexus Tech","article_publisher":"https:\/\/www.facebook.com\/Plexus.Techno","article_modified_time":"2025-10-09T13:20:08+00:00","twitter_card":"summary_large_image","twitter_site":"@plexustech_","twitter_misc":{"Gesch\u00e4tzte Lesezeit":"11 Minuten"},"schema":{"@context":"https:\/\/schema.org","@graph":[{"@type":"Organization","@id":"https:\/\/www.plexus.es\/#organization","name":"Plexus Tech","url":"https:\/\/www.plexus.es\/","sameAs":["https:\/\/www.facebook.com\/Plexus.Techno","https:\/\/www.instagram.com\/plexus.tech\/","https:\/\/www.linkedin.com\/company\/plexus-tech\/mycompany\/","https:\/\/www.youtube.com\/user\/tecnologiasplexus","https:\/\/twitter.com\/plexustech_"],"logo":{"@type":"ImageObject","@id":"https:\/\/www.plexus.es\/#logo","inLanguage":"de-DE","url":"https:\/\/www.plexus.es\/wp-content\/uploads\/2021\/11\/logo-plexus-2021.png","contentUrl":"https:\/\/www.plexus.es\/wp-content\/uploads\/2021\/11\/logo-plexus-2021.png","width":600,"height":600,"caption":"Plexus Tech"},"image":{"@id":"https:\/\/www.plexus.es\/#logo"}},{"@type":"WebSite","@id":"https:\/\/www.plexus.es\/#website","url":"https:\/\/www.plexus.es\/","name":"Plexus Tech","description":"Tecnolog\u00eda con Alma","publisher":{"@id":"https:\/\/www.plexus.es\/#organization"},"potentialAction":[{"@type":"SearchAction","target":{"@type":"EntryPoint","urlTemplate":"https:\/\/www.plexus.es\/?s={search_term_string}"},"query-input":"required name=search_term_string"}],"inLanguage":"de-DE"},{"@type":"WebPage","@id":"https:\/\/www.plexus.es\/accesibilidad\/#webpage","url":"https:\/\/www.plexus.es\/accesibilidad\/","name":"accesibilidad - Plexus Tech","isPartOf":{"@id":"https:\/\/www.plexus.es\/#website"},"datePublished":"2024-05-04T20:01:07+00:00","dateModified":"2025-10-09T13:20:08+00:00","breadcrumb":{"@id":"https:\/\/www.plexus.es\/accesibilidad\/#breadcrumb"},"inLanguage":"de-DE","potentialAction":[{"@type":"ReadAction","target":["https:\/\/www.plexus.es\/accesibilidad\/"]}]},{"@type":"BreadcrumbList","@id":"https:\/\/www.plexus.es\/accesibilidad\/#breadcrumb","itemListElement":[{"@type":"ListItem","position":1,"name":"Home","item":"https:\/\/www.plexus.es\/de\/home\/"},{"@type":"ListItem","position":2,"name":"accesibilidad"}]}]}},"_links":{"self":[{"href":"https:\/\/www.plexus.es\/de\/wp-json\/wp\/v2\/pages\/44285"}],"collection":[{"href":"https:\/\/www.plexus.es\/de\/wp-json\/wp\/v2\/pages"}],"about":[{"href":"https:\/\/www.plexus.es\/de\/wp-json\/wp\/v2\/types\/page"}],"author":[{"embeddable":true,"href":"https:\/\/www.plexus.es\/de\/wp-json\/wp\/v2\/users\/5"}],"replies":[{"embeddable":true,"href":"https:\/\/www.plexus.es\/de\/wp-json\/wp\/v2\/comments?post=44285"}],"version-history":[{"count":12,"href":"https:\/\/www.plexus.es\/de\/wp-json\/wp\/v2\/pages\/44285\/revisions"}],"predecessor-version":[{"id":49736,"href":"https:\/\/www.plexus.es\/de\/wp-json\/wp\/v2\/pages\/44285\/revisions\/49736"}],"wp:attachment":[{"href":"https:\/\/www.plexus.es\/de\/wp-json\/wp\/v2\/media?parent=44285"}],"curies":[{"name":"wp","href":"https:\/\/api.w.org\/{rel}","templated":true}]}}