{"id":46164,"date":"2025-03-03T17:35:52","date_gmt":"2025-03-03T16:35:52","guid":{"rendered":"https:\/\/www.plexus.es\/?page_id=46164"},"modified":"2025-03-06T14:01:26","modified_gmt":"2025-03-06T13:01:26","slug":"aviso-legal-2","status":"publish","type":"page","link":"https:\/\/www.plexus.es\/de\/aviso-legal-2\/","title":{"rendered":"Aviso Legal"},"content":{"rendered":"<div class=\"fusion-fullwidth fullwidth-box fusion-builder-row-1 fusion-flex-container plexus_css container-legal nonhundred-percent-fullwidth non-hundred-percent-height-scrolling\" style=\"background-color: rgba(255,255,255,0);background-position: center center;background-repeat: no-repeat;border-width: 0px 0px 0px 0px;border-color:#e8ebef;border-style:solid;\" ><div class=\"fusion-builder-row fusion-row fusion-flex-align-items-flex-start\" style=\"max-width:1310.4px;margin-left: calc(-4% \/ 2 );margin-right: calc(-4% \/ 2 );\"><div class=\"fusion-layout-column fusion_builder_column fusion-builder-column-0 fusion_builder_column_1_1 1_1 fusion-flex-column plexus_css minuscula\"><div class=\"fusion-column-wrapper fusion-flex-justify-content-flex-start fusion-content-layout-column\" style=\"background-position:left top;background-repeat:no-repeat;-webkit-background-size:cover;-moz-background-size:cover;-o-background-size:cover;background-size:cover;padding: 0px 0px 0px 0px;\"><div class=\"fusion-text fusion-text-1\"><\/p>\n<h1>Aviso Legal<\/h1>\n<h2>INFORMACI\u00d3N GENERAL<\/h2>\n<p>En cumplimiento de lo previsto en el art\u00edculo 10 de la Ley 34\/2.002, de 11 de julio, de Servicios de la Sociedad de la Informaci\u00f3n y Comercio Electr\u00f3nico, se informa que la direcci\u00f3n URL https:\/\/www.plexus.es\/ (en adelante el sitio Web) es un dominio registrado por Tecnolog\u00edas Plexus, S.L (en adelante, PLEXUS), cuyos datos son los siguientes:<\/p>\n<ul>\n<li>CIF \u00ba B15726177<\/li>\n<li>Domicilio: Jos\u00e9 Villar Granjel 22-24. Pol\u00edgono de Boisaca, Santiago de Compostela<\/li>\n<li>Email de contacto: rgpd@plexus.es<\/li>\n<\/ul>\n<p>PLEXUS act\u00faa como responsable de los contenidos del SITIO WEB.<\/p>\n<h2>CONDICIONES DE USO<\/h2>\n<p>El acceso y uso de este sitio web atribuye la condici\u00f3n de USUARIO, quien, al navegar por este sitio, acepta \u00edntegra, expresa y sin reservas, todas las cl\u00e1usulas del presente aviso legal. Por ello, rogamos al USUARIO que lea detenidamente el presente aviso legal.<\/p>\n<p>PLEXUS se reserva la facultad de modificar unilateralmente los t\u00e9rminos y condiciones de este sitio, en cuyo caso proceder\u00e1 a la publicaci\u00f3n de nuevos t\u00e9rminos y condiciones en la p\u00e1gina web.<\/p>\n<p>En todo caso, el USUARIO asume la responsabilidad en el uso de la presente p\u00e1gina web, y se compromete a navegar de buena fe y de forma diligente.<\/p>\n<p>En cualquier momento PLEXUS puede modificar unilateralmente, y sin previo aviso, la presentaci\u00f3n y\/o configuraci\u00f3n del sitio web, as\u00ed como los servicios y contenidos prestados.<\/p>\n<h2>RESPONSABILIDAD DEL USUARIO<\/h2>\n<p>El USUARIO se compromete a no utilizar el SITIO WEB ni la informaci\u00f3n ofrecida en el mismo para la realizaci\u00f3n de actividades contrarias a la Ley, la moral o el orden p\u00fablico y, en general, a hacer un uso conforme a las condiciones establecidas por PLEXUS.<\/p>\n<p>Las opiniones, contenidos y, en general, todas las actividades realizadas por el USUARIO son de su exclusiva responsabilidad, sin que pueda responsabilizarse a PLEXUS, de los da\u00f1os o perjuicios que pudieran derivarse de dichas actividades ajenas a su voluntad, y sin que \u00e9ste tenga un conocimiento efectivo de las mismas.<\/p>\n<h2>RESPONSABILIDAD DE PLEXUS<\/h2>\n<p>PLEXUS no ser\u00e1 responsable de los errores en el acceso al SITIO WEB o en sus contenidos, aunque podr\u00e1 la mayor diligencia en que los mismos no se produzcan.<\/p>\n<p>PLEXUS se reserva el derecho de suspender temporalmente, y sin necesidad de previo aviso, la accesibilidad del SITIO WEB con motivo de una eventual necesidad de efectuar operaciones de mantenimiento, reparaci\u00f3n, actualizaci\u00f3n, o mejora del mismo.<\/p><\/p>\n<\/div><div class=\"fusion-text fusion-text-2\"><h2>PROPIEDAD INTELECTUAL E INDUSTRIAL<\/h2>\n<p>Todos los contenidos del SITIO WEB (incluyendo, sin car\u00e1cter limitativo, bases de datos, im\u00e1genes, dibujos, gr\u00e1ficos, archivos de texto, audio, video y software) son propiedad de PLEXUS, y est\u00e1n protegidos por las normas nacionales e internacionales de propiedad intelectual e industrial, quedando todos los derechos reservados.<\/p>\n<p>El nombre de dominio, las marcas, r\u00f3tulos, signos distintivos o logos que aparecen en el SITIO WEB son titularidad de PLEXUS.<\/p>\n<p>Todos los textos, dibujos gr\u00e1ficos, v\u00eddeos o soportes de audio que pudieran encontrarse en este momento, o en el futuro, en este sitio de Internet, son propiedad de PLEXUS, y no podr\u00e1n ser objeto de ulterior modificaci\u00f3n, copia, alteraci\u00f3n, reproducci\u00f3n total o parcial, adaptaci\u00f3n o traducci\u00f3n por parte del USUARIO o de terceros, sin la expresa autorizaci\u00f3n por parte de PLEXUS.<\/p>\n<p>El uso no autorizado de la informaci\u00f3n contenida en este SITIO WEB, as\u00ed como la lesi\u00f3n de los derechos de propiedad intelectual o industrial dar\u00e1 lugar a las responsabilidades legalmente establecidas.<\/p>\n<h2>HIPERENLACES<\/h2>\n<p>El establecimiento de cualquier hiperenlace desde una p\u00e1gina web ajena, a cualquiera de las p\u00e1ginas de PLEXUS, estar\u00e1 sometido a las siguientes condiciones:<\/p>\n<p>No se permite la reproducci\u00f3n ni total ni parcial de ninguno de los servicios contenidos en el SITIO WEB de PLEXUS.<br \/>No se incluir\u00e1 ninguna manifestaci\u00f3n falsa, inexacta o incorrecta sobre las p\u00e1ginas del SITIO WEB de PLEXUS, y sus servicios.<br \/>Bajo ninguna circunstancia PLEXUS ser\u00e1 responsable de los contenidos, informaciones, manifestaciones, opiniones o servicios puestos a disposici\u00f3n del p\u00fablico en la p\u00e1gina web desde la que se establezca un hiperenlace al presente SITIO WEB.<br \/>Cualquier hiperenlace se efectuar\u00e1 a la p\u00e1gina principal del SITIO<\/p>\n<p>Los hiperenlaces que se encuentran en el SITIO WEB han sido previamente consensuados con los titulares de las p\u00e1ginas web enlazadas. PLEXUS no ser\u00e1 responsable del mal uso ni de las actividades contrarias a la ley, la moral o el orden p\u00fablico que realicen los usuarios en dichas p\u00e1ginas enlazadas.<\/p>\n<h2>VIGENCIA DE LAS CONDICIONES DE USO<\/h2>\n<p>Las condiciones de uso de este SITIO WEB tienen car\u00e1cter indefinido. PLEXUS se reserva en todo caso el derecho unilateral de modificar las condiciones de acceso a las mismas, as\u00ed como su contenido.<\/p>\n<h2>NULIDAD E INEFICACIA DE LAS CL\u00c1USULAS<\/h2>\n<p>Si cualquier cl\u00e1usula incluida en estas condiciones fuese declarada total o parcialmente nula o ineficaz, tal nulidad afectar\u00e1 tan solo a dicha disposici\u00f3n, o a la parte de la misma que resultare nula o ineficaz, subsistiendo en todo lo dem\u00e1s las condiciones.<\/p>\n<h2>LEGISLACI\u00d3N Y JURISDICCI\u00d3N APLICABLES<\/h2>\n<p>La prestaci\u00f3n de servicio de este SITIO WEB y las presentes condiciones de uso se rigen por la legislaci\u00f3n espa\u00f1ola.<\/p>\n<p>PLEXUS y el USUARIO, con renuncia expresa a cualquier otro fuero, se someten para cualquier controversia que pudiera derivarse del acceso o uso del presente sitio web, al de los Juzgados y Tribunales de Coru\u00f1a (Espa\u00f1a).<\/p>\n<p>Toda cuesti\u00f3n litigiosa que incumba a los servicios prestados a trav\u00e9s de este SITIO WEB ser\u00e1 resuelta a trav\u00e9s de los tribunales arbitrales de consumo, mediadores o semejantes a los que se encuentre adherido PLEXUS en el momento de producirse la controversia, as\u00ed como los juzgados y tribunales correspondientes de conformidad con la legislaci\u00f3n espa\u00f1ola.<\/p>\n<\/div><\/div><style type=\"text\/css\">.fusion-body .fusion-builder-column-0{width:100% !important;margin-top : 0px;margin-bottom : 0px;}.fusion-builder-column-0 > .fusion-column-wrapper {padding-top : 0px !important;padding-right : 0px !important;margin-right : 1.92%;padding-bottom : 0px !important;padding-left : 0px !important;margin-left : 1.92%;}@media only screen and (max-width:1200px) {.fusion-body .fusion-builder-column-0{width:100% !important;}.fusion-builder-column-0 > .fusion-column-wrapper {margin-right : 1.92%;margin-left : 1.92%;}}@media only screen and (max-width:640px) {.fusion-body .fusion-builder-column-0{width:100% !important;}.fusion-builder-column-0 > .fusion-column-wrapper {margin-right : 1.92%;margin-left : 1.92%;}}<\/style><\/div><\/div><style type=\"text\/css\">.fusion-body .fusion-flex-container.fusion-builder-row-1{ padding-top : 60px;margin-top : 0px;padding-right : 0px;padding-bottom : 0px;margin-bottom : 0px;padding-left : 0px;}@media only screen and (max-width:640px) {.fusion-body .fusion-flex-container.fusion-builder-row-1{ margin-top : -1rem;}}<\/style><\/div>","protected":false},"excerpt":{"rendered":"","protected":false},"author":1,"featured_media":0,"parent":0,"menu_order":0,"comment_status":"closed","ping_status":"closed","template":"","meta":[],"yoast_head":"<!-- This site is optimized with the Yoast SEO plugin v17.4 - https:\/\/yoast.com\/wordpress\/plugins\/seo\/ -->\n<title>Aviso Legal | Plexus Tech<\/title>\n<meta name=\"description\" content=\"Conoce la pol\u00edtica de privacidad y el tratammiento que hacemos de tus datos. Si tienes dudas puedes contactar con nosotros en rgpd@www.plexus.es\" \/>\n<meta name=\"robots\" content=\"noindex, nofollow\" \/>\n<meta property=\"og:locale\" content=\"de_DE\" \/>\n<meta property=\"og:type\" content=\"article\" \/>\n<meta property=\"og:title\" content=\"Aviso Legal | Plexus Tech\" \/>\n<meta property=\"og:description\" content=\"Conoce la pol\u00edtica de privacidad y el tratammiento que hacemos de tus datos. Si tienes dudas puedes contactar con nosotros en rgpd@www.plexus.es\" \/>\n<meta property=\"og:url\" content=\"https:\/\/www.plexus.es\/aviso-legal-2\/\" \/>\n<meta property=\"og:site_name\" content=\"Plexus Tech\" \/>\n<meta property=\"article:publisher\" content=\"https:\/\/www.facebook.com\/Plexus.Techno\" \/>\n<meta property=\"article:modified_time\" content=\"2025-03-06T13:01:26+00:00\" \/>\n<meta name=\"twitter:card\" content=\"summary_large_image\" \/>\n<meta name=\"twitter:site\" content=\"@plexustech_\" \/>\n<meta name=\"twitter:label1\" content=\"Gesch\u00e4tzte Lesezeit\" \/>\n\t<meta name=\"twitter:data1\" content=\"5 Minuten\" \/>\n<script type=\"application\/ld+json\" class=\"yoast-schema-graph\">{\"@context\":\"https:\/\/schema.org\",\"@graph\":[{\"@type\":\"Organization\",\"@id\":\"https:\/\/www.plexus.es\/#organization\",\"name\":\"Plexus Tech\",\"url\":\"https:\/\/www.plexus.es\/\",\"sameAs\":[\"https:\/\/www.facebook.com\/Plexus.Techno\",\"https:\/\/www.instagram.com\/plexus.tech\/\",\"https:\/\/www.linkedin.com\/company\/plexus-tech\/mycompany\/\",\"https:\/\/www.youtube.com\/user\/tecnologiasplexus\",\"https:\/\/twitter.com\/plexustech_\"],\"logo\":{\"@type\":\"ImageObject\",\"@id\":\"https:\/\/www.plexus.es\/#logo\",\"inLanguage\":\"de-DE\",\"url\":\"https:\/\/www.plexus.es\/wp-content\/uploads\/2021\/11\/logo-plexus-2021.png\",\"contentUrl\":\"https:\/\/www.plexus.es\/wp-content\/uploads\/2021\/11\/logo-plexus-2021.png\",\"width\":600,\"height\":600,\"caption\":\"Plexus Tech\"},\"image\":{\"@id\":\"https:\/\/www.plexus.es\/#logo\"}},{\"@type\":\"WebSite\",\"@id\":\"https:\/\/www.plexus.es\/#website\",\"url\":\"https:\/\/www.plexus.es\/\",\"name\":\"Plexus Tech\",\"description\":\"Tecnolog\\u00eda con Alma\",\"publisher\":{\"@id\":\"https:\/\/www.plexus.es\/#organization\"},\"potentialAction\":[{\"@type\":\"SearchAction\",\"target\":{\"@type\":\"EntryPoint\",\"urlTemplate\":\"https:\/\/www.plexus.es\/?s={search_term_string}\"},\"query-input\":\"required name=search_term_string\"}],\"inLanguage\":\"de-DE\"},{\"@type\":\"WebPage\",\"@id\":\"https:\/\/www.plexus.es\/aviso-legal-2\/#webpage\",\"url\":\"https:\/\/www.plexus.es\/aviso-legal-2\/\",\"name\":\"Aviso Legal | Plexus Tech\",\"isPartOf\":{\"@id\":\"https:\/\/www.plexus.es\/#website\"},\"datePublished\":\"2025-03-03T16:35:52+00:00\",\"dateModified\":\"2025-03-06T13:01:26+00:00\",\"description\":\"Conoce la pol\\u00edtica de privacidad y el tratammiento que hacemos de tus datos. Si tienes dudas puedes contactar con nosotros en rgpd@www.plexus.es\",\"breadcrumb\":{\"@id\":\"https:\/\/www.plexus.es\/aviso-legal-2\/#breadcrumb\"},\"inLanguage\":\"de-DE\",\"potentialAction\":[{\"@type\":\"ReadAction\",\"target\":[\"https:\/\/www.plexus.es\/aviso-legal-2\/\"]}]},{\"@type\":\"BreadcrumbList\",\"@id\":\"https:\/\/www.plexus.es\/aviso-legal-2\/#breadcrumb\",\"itemListElement\":[{\"@type\":\"ListItem\",\"position\":1,\"name\":\"Home\",\"item\":\"https:\/\/www.plexus.es\/\"},{\"@type\":\"ListItem\",\"position\":2,\"name\":\"Aviso Legal\"}]}]}<\/script>\n<!-- \/ Yoast SEO plugin. -->","yoast_head_json":{"title":"Aviso Legal | Plexus Tech","description":"Conoce la pol\u00edtica de privacidad y el tratammiento que hacemos de tus datos. Si tienes dudas puedes contactar con nosotros en rgpd@www.plexus.es","robots":{"index":"noindex","follow":"nofollow"},"og_locale":"de_DE","og_type":"article","og_title":"Aviso Legal | Plexus Tech","og_description":"Conoce la pol\u00edtica de privacidad y el tratammiento que hacemos de tus datos. Si tienes dudas puedes contactar con nosotros en rgpd@www.plexus.es","og_url":"https:\/\/www.plexus.es\/aviso-legal-2\/","og_site_name":"Plexus Tech","article_publisher":"https:\/\/www.facebook.com\/Plexus.Techno","article_modified_time":"2025-03-06T13:01:26+00:00","twitter_card":"summary_large_image","twitter_site":"@plexustech_","twitter_misc":{"Gesch\u00e4tzte Lesezeit":"5 Minuten"},"schema":{"@context":"https:\/\/schema.org","@graph":[{"@type":"Organization","@id":"https:\/\/www.plexus.es\/#organization","name":"Plexus Tech","url":"https:\/\/www.plexus.es\/","sameAs":["https:\/\/www.facebook.com\/Plexus.Techno","https:\/\/www.instagram.com\/plexus.tech\/","https:\/\/www.linkedin.com\/company\/plexus-tech\/mycompany\/","https:\/\/www.youtube.com\/user\/tecnologiasplexus","https:\/\/twitter.com\/plexustech_"],"logo":{"@type":"ImageObject","@id":"https:\/\/www.plexus.es\/#logo","inLanguage":"de-DE","url":"https:\/\/www.plexus.es\/wp-content\/uploads\/2021\/11\/logo-plexus-2021.png","contentUrl":"https:\/\/www.plexus.es\/wp-content\/uploads\/2021\/11\/logo-plexus-2021.png","width":600,"height":600,"caption":"Plexus Tech"},"image":{"@id":"https:\/\/www.plexus.es\/#logo"}},{"@type":"WebSite","@id":"https:\/\/www.plexus.es\/#website","url":"https:\/\/www.plexus.es\/","name":"Plexus Tech","description":"Tecnolog\u00eda con Alma","publisher":{"@id":"https:\/\/www.plexus.es\/#organization"},"potentialAction":[{"@type":"SearchAction","target":{"@type":"EntryPoint","urlTemplate":"https:\/\/www.plexus.es\/?s={search_term_string}"},"query-input":"required name=search_term_string"}],"inLanguage":"de-DE"},{"@type":"WebPage","@id":"https:\/\/www.plexus.es\/aviso-legal-2\/#webpage","url":"https:\/\/www.plexus.es\/aviso-legal-2\/","name":"Aviso Legal | Plexus Tech","isPartOf":{"@id":"https:\/\/www.plexus.es\/#website"},"datePublished":"2025-03-03T16:35:52+00:00","dateModified":"2025-03-06T13:01:26+00:00","description":"Conoce la pol\u00edtica de privacidad y el tratammiento que hacemos de tus datos. Si tienes dudas puedes contactar con nosotros en rgpd@www.plexus.es","breadcrumb":{"@id":"https:\/\/www.plexus.es\/aviso-legal-2\/#breadcrumb"},"inLanguage":"de-DE","potentialAction":[{"@type":"ReadAction","target":["https:\/\/www.plexus.es\/aviso-legal-2\/"]}]},{"@type":"BreadcrumbList","@id":"https:\/\/www.plexus.es\/aviso-legal-2\/#breadcrumb","itemListElement":[{"@type":"ListItem","position":1,"name":"Home","item":"https:\/\/www.plexus.es\/"},{"@type":"ListItem","position":2,"name":"Aviso Legal"}]}]}},"_links":{"self":[{"href":"https:\/\/www.plexus.es\/de\/wp-json\/wp\/v2\/pages\/46164"}],"collection":[{"href":"https:\/\/www.plexus.es\/de\/wp-json\/wp\/v2\/pages"}],"about":[{"href":"https:\/\/www.plexus.es\/de\/wp-json\/wp\/v2\/types\/page"}],"author":[{"embeddable":true,"href":"https:\/\/www.plexus.es\/de\/wp-json\/wp\/v2\/users\/1"}],"replies":[{"embeddable":true,"href":"https:\/\/www.plexus.es\/de\/wp-json\/wp\/v2\/comments?post=46164"}],"version-history":[{"count":12,"href":"https:\/\/www.plexus.es\/de\/wp-json\/wp\/v2\/pages\/46164\/revisions"}],"predecessor-version":[{"id":46379,"href":"https:\/\/www.plexus.es\/de\/wp-json\/wp\/v2\/pages\/46164\/revisions\/46379"}],"wp:attachment":[{"href":"https:\/\/www.plexus.es\/de\/wp-json\/wp\/v2\/media?parent=46164"}],"curies":[{"name":"wp","href":"https:\/\/api.w.org\/{rel}","templated":true}]}}