{"id":26142,"date":"2021-10-29T15:44:00","date_gmt":"2021-10-29T13:44:00","guid":{"rendered":"https:\/\/www.plexus.es\/asociaciones\/"},"modified":"2024-04-29T10:15:24","modified_gmt":"2024-04-29T08:15:24","slug":"asociaciones","status":"publish","type":"page","link":"https:\/\/www.plexus.es\/en\/corporativo\/asociaciones\/","title":{"rendered":"Associations"},"content":{"rendered":"<p><div class=\"fusion-fullwidth fullwidth-box fusion-builder-row-1 fusion-flex-container plexusProductos nonhundred-percent-fullwidth non-hundred-percent-height-scrolling\" style=\"background-color: rgba(255,255,255,0);background-position: center center;background-repeat: no-repeat;border-width: 0 0 0 0;border-color:#e8ebef;border-style:solid;\" ><div class=\"fusion-builder-row fusion-row fusion-flex-align-items-flex-start fusion-flex-justify-content-space-between\" style=\"max-width:1310.4px;margin-left: calc(-4% \/ 2 );margin-right: calc(-4% \/ 2 );\"><div class=\"fusion-layout-column fusion_builder_column fusion-builder-column-0 fusion_builder_column_1_1 1_1 fusion-flex-column\"><div class=\"fusion-column-wrapper fusion-flex-justify-content-flex-start fusion-content-layout-column\" style=\"background-position:left top;background-repeat:no-repeat;-webkit-background-size:cover;-moz-background-size:cover;-o-background-size:cover;background-size:cover;padding: 0px 0px 0px 0px;\"><style type=\"text\/css\">.fusion-breadcrumbs.fusion-breadcrumbs-1{font-size:14px;}.fusion-breadcrumbs.fusion-breadcrumbs-1 span a:hover{color:#003e57 !important;}.fusion-breadcrumbs.fusion-breadcrumbs-1{color:#59667d;}.fusion-breadcrumbs.fusion-breadcrumbs-1 a{color:#59667d;}<\/style><div class=\"fusion-breadcrumbs fusion-breadcrumbs-1\"><span><span><a href=\"https:\/\/www.plexus.es\/\">Home<\/a><\/span><\/div><\/div><style type=\"text\/css\">.fusion-body .fusion-builder-column-0{width:100% !important;margin-top : 20px;margin-bottom : 20px;}.fusion-builder-column-0 > .fusion-column-wrapper {padding-top : 0px !important;padding-right : 0px !important;margin-right : 1.92%;padding-bottom : 0px !important;padding-left : 0px !important;margin-left : 1.92%;}@media only screen and (max-width:1200px) {.fusion-body .fusion-builder-column-0{width:100% !important;order : 0;}.fusion-builder-column-0 > .fusion-column-wrapper {margin-right : 0.938rem;margin-left : 0.938rem;}}@media only screen and (max-width:640px) {.fusion-body .fusion-builder-column-0{width:100% !important;order : 0;}.fusion-builder-column-0 > .fusion-column-wrapper {padding-right : 0 !important;margin-right : 0%;padding-left : 0 !important;margin-left : 1.248%;}}<\/style><\/div><\/div><style type=\"text\/css\">.fusion-body .fusion-flex-container.fusion-builder-row-1{ padding-top : 0px;margin-top : 10px;padding-right : 0px;padding-bottom : 0px;margin-bottom : 0;padding-left : 2rem;}@media only screen and (max-width:1200px) {.fusion-body .fusion-flex-container.fusion-builder-row-1{ padding-bottom : 0;margin-bottom : 0;padding-left : 0px;}}@media only screen and (max-width:640px) {.fusion-body .fusion-flex-container.fusion-builder-row-1{ padding-top : 0;margin-top : 0;padding-right : 0;padding-bottom : 0;margin-bottom : 0;padding-left : .5rem;}}<\/style><\/div>\n<div class=\"fusion-fullwidth fullwidth-box fusion-builder-row-2 fusion-flex-container corporativo-container nonhundred-percent-fullwidth non-hundred-percent-height-scrolling\" style=\"background-color: rgba(255,255,255,0);background-position: center center;background-repeat: no-repeat;border-width: 0px 0px 0px 0px;border-color:#e8ebef;border-style:solid;\" ><div class=\"fusion-builder-row fusion-row fusion-flex-align-items-flex-start\" style=\"max-width:1310.4px;margin-left: calc(-4% \/ 2 );margin-right: calc(-4% \/ 2 );\"><div class=\"fusion-layout-column fusion_builder_column fusion-builder-column-1 fusion_builder_column_1_1 1_1 fusion-flex-column\"><div class=\"fusion-column-wrapper fusion-flex-justify-content-flex-start fusion-content-layout-column\" style=\"background-position:left top;background-repeat:no-repeat;-webkit-background-size:cover;-moz-background-size:cover;-o-background-size:cover;background-size:cover;padding: 0px 0px 0px 0px;\"><style type=\"text\/css\">@media only screen and (max-width:1200px) {.fusion-title.fusion-title-1{margin-top:0px!important; margin-right:0px!important;margin-bottom:0px!important;margin-left:0px!important;}}@media only screen and (max-width:640px) {.fusion-title.fusion-title-1{margin-top:0px!important; margin-right:0px!important;margin-bottom:0px!important; margin-left:0px!important;}}<\/style><div class=\"fusion-title title fusion-title-1 fusion-sep-none fusion-title-text fusion-title-size-one\" style=\"margin-top:0px;margin-right:0px;margin-bottom:0px;margin-left:0px;\"><h1 class=\"title-heading-left fusion-responsive-typography-calculated\" style=\"margin:0;--fontSize:45;line-height:1;\">Associations<\/h1><\/div><\/div><style type=\"text\/css\">.fusion-body .fusion-builder-column-1{width:100% !important;margin-top : 20px;margin-bottom : 20px;}.fusion-builder-column-1 > .fusion-column-wrapper {padding-top : 0px !important;padding-right : 0px !important;margin-right : 1.92%;padding-bottom : 0px !important;padding-left : 0px !important;margin-left : 1.92%;}@media only screen and (max-width:1200px) {.fusion-body .fusion-builder-column-1{width:100% !important;order : 0;}.fusion-builder-column-1 > .fusion-column-wrapper {margin-right : 1.92%;margin-left : 1.92%;}}@media only screen and (max-width:640px) {.fusion-body .fusion-builder-column-1{width:100% !important;order : 0;}.fusion-builder-column-1 > .fusion-column-wrapper {margin-right : 1.92%;margin-left : 1.92%;}}<\/style><\/div><\/div><style type=\"text\/css\">.fusion-body .fusion-flex-container.fusion-builder-row-2{ padding-top : 60px;margin-top : 0px;padding-right : 0px;padding-bottom : 0px;margin-bottom : 0px;padding-left : 0px;}@media only screen and (max-width:1200px) {.fusion-body .fusion-flex-container.fusion-builder-row-2{ padding-top : 50px;}}@media only screen and (max-width:640px) {.fusion-body .fusion-flex-container.fusion-builder-row-2{ padding-top : 0;}}<\/style><\/div><div class=\"fusion-fullwidth fullwidth-box fusion-builder-row-3 fusion-flex-container corporativo-container nonhundred-percent-fullwidth non-hundred-percent-height-scrolling\" style=\"background-color: rgba(255,255,255,0);background-position: center center;background-repeat: no-repeat;border-width: 0px 0px 0px 0px;border-color:#e8ebef;border-style:solid;\" ><div class=\"fusion-builder-row fusion-row fusion-flex-align-items-flex-start\" style=\"max-width:1310.4px;margin-left: calc(-4% \/ 2 );margin-right: calc(-4% \/ 2 );\"><div class=\"fusion-layout-column fusion_builder_column fusion-builder-column-2 fusion_builder_column_1_1 1_1 fusion-flex-column fusion-flex-align-self-stretch\"><div class=\"fusion-column-wrapper fusion-flex-justify-content-center fusion-content-layout-column\" style=\"background-position:left top;background-repeat:no-repeat;-webkit-background-size:cover;-moz-background-size:cover;-o-background-size:cover;background-size:cover;padding: 0px 0px 0px 0px;\"><div style=\"text-align:center;\"><span class=\" fusion-imageframe imageframe-none imageframe-1 hover-type-none\" style=\"margin-top:0px;margin-right:0px;margin-bottom:0px;margin-left:0px;\"><img width=\"600\" height=\"383\" alt=\"Plexus Tech asociaciones adscrita\" title=\"business-people-shaking-hands-for-greeting\" src=\"https:\/\/www.plexus.es\/wp-content\/uploads\/2021\/11\/business-people-shaking-hands-for-greeting-e1646815775999.jpg\" data-orig-src=\"https:\/\/www.plexus.es\/wp-content\/uploads\/2021\/11\/business-people-shaking-hands-for-greeting-600x383.jpg\" class=\"lazyload img-responsive wp-image-8077\" srcset=\"data:image\/svg+xml,%3Csvg%20xmlns%3D%27http%3A%2F%2Fwww.w3.org%2F2000%2Fsvg%27%20width%3D%272000%27%20height%3D%271276%27%20viewBox%3D%270%200%202000%201276%27%3E%3Crect%20width%3D%272000%27%20height%3D%271276%27%20fill-opacity%3D%220%22%2F%3E%3C%2Fsvg%3E\" data-srcset=\"https:\/\/www.plexus.es\/wp-content\/uploads\/2021\/11\/business-people-shaking-hands-for-greeting-200x128.jpg 200w, https:\/\/www.plexus.es\/wp-content\/uploads\/2021\/11\/business-people-shaking-hands-for-greeting-400x255.jpg 400w, https:\/\/www.plexus.es\/wp-content\/uploads\/2021\/11\/business-people-shaking-hands-for-greeting-600x383.jpg 600w, https:\/\/www.plexus.es\/wp-content\/uploads\/2021\/11\/business-people-shaking-hands-for-greeting-800x510.jpg 800w, https:\/\/www.plexus.es\/wp-content\/uploads\/2021\/11\/business-people-shaking-hands-for-greeting-1200x766.jpg 1200w\" data-sizes=\"auto\" data-orig-sizes=\"(max-width: 640px) 100vw, 600px\" \/><\/span><\/div><\/div><style type=\"text\/css\">.fusion-body .fusion-builder-column-2{width:100% !important;margin-top : 20px;margin-bottom : 20px;}.fusion-builder-column-2 > .fusion-column-wrapper {padding-top : 0px !important;padding-right : 0px !important;margin-right : 1.92%;padding-bottom : 0px !important;padding-left : 0px !important;margin-left : 1.92%;}@media only screen and (max-width:1200px) {.fusion-body .fusion-builder-column-2{width:100% !important;order : 0;margin-top : 0px;}.fusion-builder-column-2 > .fusion-column-wrapper {padding-top : 0px !important;padding-right : 0 !important;margin-right : 1.92%;padding-left : 0 !important;margin-left : 1.92%;}}@media only screen and (max-width:640px) {.fusion-body .fusion-builder-column-2{width:100% !important;order : 0;}.fusion-builder-column-2 > .fusion-column-wrapper {margin-right : 1.92%;margin-left : 1.92%;}}<\/style><\/div><\/div><style type=\"text\/css\">.fusion-body .fusion-flex-container.fusion-builder-row-3{ padding-top : 60px;margin-top : 0px;padding-right : 0px;padding-bottom : 0px;margin-bottom : 0px;padding-left : 0px;}@media only screen and (max-width:1200px) {.fusion-body .fusion-flex-container.fusion-builder-row-3{ padding-top : 0px;padding-left : 0px;}}<\/style><\/div><div class=\"fusion-fullwidth fullwidth-box fusion-builder-row-4 fusion-flex-container corporativo-container nonhundred-percent-fullwidth non-hundred-percent-height-scrolling\" style=\"background-color: rgba(255,255,255,0);background-position: center center;background-repeat: no-repeat;border-width: 0px 0px 0px 0px;border-color:#e8ebef;border-style:solid;\" ><div class=\"fusion-builder-row fusion-row fusion-flex-align-items-flex-start\" style=\"max-width:1310.4px;margin-left: calc(-4% \/ 2 );margin-right: calc(-4% \/ 2 );\"><div class=\"fusion-layout-column fusion_builder_column fusion-builder-column-3 fusion_builder_column_3_4 3_4 fusion-flex-column\"><div class=\"fusion-column-wrapper fusion-flex-justify-content-flex-start fusion-content-layout-column\" style=\"background-position:left top;background-repeat:no-repeat;-webkit-background-size:cover;-moz-background-size:cover;-o-background-size:cover;background-size:cover;padding: 0px 0px 0px 0px;\"><div class=\"fusion-text fusion-text-1\"><p><span style=\"font-weight: normal;\">Plexus Tech is a member of the following associations:<\/span><\/p>\n<ul>\n<li><strong style=\"font-family: 'Open Sans'; font-weight: 600;\" data-fusion-font=\"true\" data-fusion-google-font=\"Open Sans\" data-fusion-google-variant=\"600\">Cluster de Sa\u00fade de Galicia<\/strong><span style=\"font-family: 'Open Sans'; font-weight: 600;\" data-fusion-font=\"true\" data-fusion-google-font=\"Open Sans\" data-fusion-google-variant=\"600\">:<\/span><span style=\"font-weight: normal;\"><span style=\"font-weight: normal;\"><span style=\"font-weight: normal;\"><span style=\"font-family: 'Open Sans'; font-weight: 300;\" data-fusion-font=\"true\" data-fusion-google-font=\"Open Sans\" data-fusion-google-variant=\"300\"> <span style=\"font-family: 'Open Sans'; font-weight: 400;\" data-fusion-font=\"true\" data-fusion-google-font=\"Open Sans\" data-fusion-google-variant=\"400\">The Galicia Healthcare Cluster is a professional platform for public-private cooperation that acts as a catalyst for the competitiveness of the healthcare and social welfare industries, and makes a decisive contribution to the economic and social development of the region of Galicia. One of the key objectives is the internationalisation of innovation in the health and social sectors. The CSG was founded in 2011 by 15 organisations and currently has more than 100 members from all over Galicia.<\/span><\/span><\/span><\/span><\/span>&nbsp;<\/li>\n<li><span style=\"font-weight: normal;\"><span style=\"font-weight: normal;\"><span style=\"font-weight: normal;\"><strong style=\"font-family: 'Open Sans'; font-weight: 600;\" data-fusion-font=\"true\" data-fusion-google-font=\"Open Sans\" data-fusion-google-variant=\"600\">Cluster TIC Galicia:<\/strong> <span style=\"font-family: 'Open Sans'; font-weight: 400;\" data-fusion-font=\"true\" data-fusion-google-font=\"Open Sans\" data-fusion-google-variant=\"400\">The Galicia ICT Cluster is a non-profit association that works to enhance the value of the Galician ICT macro-sector by promoting collaboration between companies, by taking advantage of the driving force of the larger ones and the agility and innovative capacity of the smaller ones.<\/span><\/span><\/span><\/span>&nbsp;<\/li>\n<li><span style=\"font-weight: normal;\"><span style=\"font-weight: normal;\"><span style=\"font-weight: normal;\"><strong style=\"font-family: 'Open Sans'; font-weight: 600;\" data-fusion-font=\"true\" data-fusion-google-font=\"Open Sans\" data-fusion-google-variant=\"600\">TICBiomed:<\/strong> <span style=\"font-family: 'Open Sans'; font-weight: 400;\" data-fusion-font=\"true\" data-fusion-google-font=\"Open Sans\" data-fusion-google-variant=\"400\">ITC Biomed is a healthcare technology cluster based in Murcia, which brings together 66 partners &#8211; including hospitals, clinics, large companies, universities, SMEs and start-ups &#8211; to promote a culture of innovation and digital transformation processes in the field of healthcare.<\/span><\/span><\/span><\/span>&nbsp;<\/li>\n<li><span style=\"font-weight: normal;\"><span style=\"font-weight: normal;\"><span style=\"font-weight: normal;\"><strong style=\"font-family: 'Open Sans'; font-weight: 600;\" data-fusion-font=\"true\" data-fusion-google-font=\"Open Sans\" data-fusion-google-variant=\"600\">Asociaci\u00f3n \u00c1rea Empresarial do Tambre:<\/strong> <span style=\"font-family: 'Open Sans'; font-weight: 400;\" data-fusion-font=\"true\" data-fusion-google-font=\"Open Sans\" data-fusion-google-variant=\"400\">The Tambre Business Area Association is a business association that brings together the general and particular interests of the owners of plots of land in the Tambre industrial park.<\/span><\/span><\/span><\/span>&nbsp;<\/li>\n<li><span style=\"font-weight: normal;\"><span style=\"font-weight: normal;\"><span style=\"font-weight: normal;\"><strong style=\"font-family: 'Open Sans'; font-weight: 600;\" data-fusion-font=\"true\" data-fusion-google-font=\"Open Sans\" data-fusion-google-variant=\"600\">SEIS:<\/strong> <span style=\"font-family: 'Open Sans'; font-weight: 400;\" data-fusion-font=\"true\" data-fusion-google-font=\"Open Sans\" data-fusion-google-variant=\"400\">Our company are a member of the Spanish Society of Healthcare Computing, a non-profit scientific society with the mission of promoting research, development and innovation, implementation and the good use of ICTs in the field of healthcare for the benefit of society and with full respect for the rights of individuals, in particular their privacy and intimacy.<\/span><\/span><\/span><\/span>&nbsp;<\/li>\n<li><span style=\"font-weight: normal;\"><span style=\"font-weight: normal;\"><strong style=\"font-family: 'Open Sans'; font-weight: 600;\" data-fusion-font=\"true\" data-fusion-google-font=\"Open Sans\" data-fusion-google-variant=\"600\">HL7 Spain:<\/strong> <span style=\"font-family: 'Open Sans'; font-weight: 400;\" data-fusion-font=\"true\" data-fusion-google-font=\"Open Sans\" data-fusion-google-variant=\"400\">This initiative seeks to facilitate the electronic exchange of standardised clinical information. It uses a formal notation of the Unified Modelling Language (UML) and an extensible tag mark-up metalanguage (XML).<\/span><\/span><\/span><\/li>\n<\/ul>\n<\/div><\/div><style type=\"text\/css\">.fusion-body .fusion-builder-column-3{width:75% !important;margin-top : 20px;margin-bottom : 20px;}.fusion-builder-column-3 > .fusion-column-wrapper {padding-top : 0px !important;padding-right : 0px !important;margin-right : 2.56%;padding-bottom : 0px !important;padding-left : 0px !important;margin-left : 2.56%;}@media only screen and (max-width:1200px) {.fusion-body .fusion-builder-column-3{width:100% !important;order : 0;}.fusion-builder-column-3 > .fusion-column-wrapper {margin-right : 1.92%;margin-left : 1.92%;}}@media only screen and (max-width:640px) {.fusion-body .fusion-builder-column-3{width:100% !important;order : 0;}.fusion-builder-column-3 > .fusion-column-wrapper {margin-right : 1.92%;margin-left : 1.92%;}}<\/style><\/div><\/div><style type=\"text\/css\">.fusion-body .fusion-flex-container.fusion-builder-row-4{ padding-top : 60px;margin-top : 0px;padding-right : 0px;padding-bottom : 0px;margin-bottom : 0px;padding-left : 0px;}@media only screen and (max-width:1200px) {.fusion-body .fusion-flex-container.fusion-builder-row-4{ padding-top : 0;}}<\/style><\/div><\/p>\n","protected":false},"excerpt":{"rendered":"","protected":false},"author":1,"featured_media":0,"parent":26249,"menu_order":0,"comment_status":"closed","ping_status":"closed","template":"","meta":[],"yoast_head":"<!-- This site is optimized with the Yoast SEO plugin v17.4 - https:\/\/yoast.com\/wordpress\/plugins\/seo\/ -->\n<title>Affiliated Associations | Plexus Tech<\/title>\n<meta name=\"description\" content=\"Plexus Tech is a member of Cluster de Sa\u00fade de Galicia, Cluster TIC Galicia, TICBiomed, Asociaci\u00f3n \u00c1rea Empresarial do Tambre and HL7.\" \/>\n<meta name=\"robots\" content=\"index, follow, max-snippet:-1, max-image-preview:large, max-video-preview:-1\" \/>\n<link rel=\"canonical\" href=\"https:\/\/www.plexus.es\/corporativo\/asociaciones\/\" \/>\n<meta property=\"og:locale\" content=\"en_US\" \/>\n<meta property=\"og:type\" content=\"article\" \/>\n<meta property=\"og:title\" content=\"Affiliated Associations | Plexus Tech\" \/>\n<meta property=\"og:description\" content=\"Plexus Tech is a member of Cluster de Sa\u00fade de Galicia, Cluster TIC Galicia, TICBiomed, Asociaci\u00f3n \u00c1rea Empresarial do Tambre and HL7.\" \/>\n<meta property=\"og:url\" content=\"https:\/\/www.plexus.es\/corporativo\/asociaciones\/\" \/>\n<meta property=\"og:site_name\" content=\"Plexus Tech\" \/>\n<meta property=\"article:publisher\" content=\"https:\/\/www.facebook.com\/Plexus.Techno\" \/>\n<meta property=\"article:modified_time\" content=\"2024-04-29T08:15:24+00:00\" \/>\n<meta name=\"twitter:card\" content=\"summary_large_image\" \/>\n<meta name=\"twitter:site\" content=\"@plexustech_\" \/>\n<meta name=\"twitter:label1\" content=\"Est. reading time\" \/>\n\t<meta name=\"twitter:data1\" content=\"10 minutes\" \/>\n<script type=\"application\/ld+json\" class=\"yoast-schema-graph\">{\"@context\":\"https:\/\/schema.org\",\"@graph\":[{\"@type\":\"Organization\",\"@id\":\"https:\/\/www.plexus.es\/#organization\",\"name\":\"Plexus Tech\",\"url\":\"https:\/\/www.plexus.es\/\",\"sameAs\":[\"https:\/\/www.facebook.com\/Plexus.Techno\",\"https:\/\/www.instagram.com\/plexus.tech\/\",\"https:\/\/www.linkedin.com\/company\/plexus-tech\/mycompany\/\",\"https:\/\/www.youtube.com\/user\/tecnologiasplexus\",\"https:\/\/twitter.com\/plexustech_\"],\"logo\":{\"@type\":\"ImageObject\",\"@id\":\"https:\/\/www.plexus.es\/#logo\",\"inLanguage\":\"en-US\",\"url\":\"https:\/\/www.plexus.es\/wp-content\/uploads\/2021\/11\/logo-plexus-2021.png\",\"contentUrl\":\"https:\/\/www.plexus.es\/wp-content\/uploads\/2021\/11\/logo-plexus-2021.png\",\"width\":600,\"height\":600,\"caption\":\"Plexus Tech\"},\"image\":{\"@id\":\"https:\/\/www.plexus.es\/#logo\"}},{\"@type\":\"WebSite\",\"@id\":\"https:\/\/www.plexus.es\/#website\",\"url\":\"https:\/\/www.plexus.es\/\",\"name\":\"Plexus Tech\",\"description\":\"Tecnolog\\u00eda con Alma\",\"publisher\":{\"@id\":\"https:\/\/www.plexus.es\/#organization\"},\"potentialAction\":[{\"@type\":\"SearchAction\",\"target\":{\"@type\":\"EntryPoint\",\"urlTemplate\":\"https:\/\/www.plexus.es\/?s={search_term_string}\"},\"query-input\":\"required name=search_term_string\"}],\"inLanguage\":\"en-US\"},{\"@type\":\"WebPage\",\"@id\":\"https:\/\/www.plexus.es\/corporativo\/asociaciones\/#webpage\",\"url\":\"https:\/\/www.plexus.es\/corporativo\/asociaciones\/\",\"name\":\"Affiliated Associations | Plexus Tech\",\"isPartOf\":{\"@id\":\"https:\/\/www.plexus.es\/#website\"},\"datePublished\":\"2021-10-29T13:44:00+00:00\",\"dateModified\":\"2024-04-29T08:15:24+00:00\",\"description\":\"Plexus Tech is a member of Cluster de Sa\\u00fade de Galicia, Cluster TIC Galicia, TICBiomed, Asociaci\\u00f3n \\u00c1rea Empresarial do Tambre and HL7.\",\"breadcrumb\":{\"@id\":\"https:\/\/www.plexus.es\/corporativo\/asociaciones\/#breadcrumb\"},\"inLanguage\":\"en-US\",\"potentialAction\":[{\"@type\":\"ReadAction\",\"target\":[\"https:\/\/www.plexus.es\/corporativo\/asociaciones\/\"]}]},{\"@type\":\"BreadcrumbList\",\"@id\":\"https:\/\/www.plexus.es\/corporativo\/asociaciones\/#breadcrumb\",\"itemListElement\":[{\"@type\":\"ListItem\",\"position\":1,\"name\":\"Home\",\"item\":\"https:\/\/www.plexus.es\/\"},{\"@type\":\"ListItem\",\"position\":2,\"name\":\"Corporate\",\"item\":\"https:\/\/www.plexus.es\/corporativo\/\"},{\"@type\":\"ListItem\",\"position\":3,\"name\":\"Associations\"}]}]}<\/script>\n<!-- \/ Yoast SEO plugin. -->","yoast_head_json":{"title":"Affiliated Associations | Plexus Tech","description":"Plexus Tech is a member of Cluster de Sa\u00fade de Galicia, Cluster TIC Galicia, TICBiomed, Asociaci\u00f3n \u00c1rea Empresarial do Tambre and HL7.","robots":{"index":"index","follow":"follow","max-snippet":"max-snippet:-1","max-image-preview":"max-image-preview:large","max-video-preview":"max-video-preview:-1"},"canonical":"https:\/\/www.plexus.es\/corporativo\/asociaciones\/","og_locale":"en_US","og_type":"article","og_title":"Affiliated Associations | Plexus Tech","og_description":"Plexus Tech is a member of Cluster de Sa\u00fade de Galicia, Cluster TIC Galicia, TICBiomed, Asociaci\u00f3n \u00c1rea Empresarial do Tambre and HL7.","og_url":"https:\/\/www.plexus.es\/corporativo\/asociaciones\/","og_site_name":"Plexus Tech","article_publisher":"https:\/\/www.facebook.com\/Plexus.Techno","article_modified_time":"2024-04-29T08:15:24+00:00","twitter_card":"summary_large_image","twitter_site":"@plexustech_","twitter_misc":{"Est. reading time":"10 minutes"},"schema":{"@context":"https:\/\/schema.org","@graph":[{"@type":"Organization","@id":"https:\/\/www.plexus.es\/#organization","name":"Plexus Tech","url":"https:\/\/www.plexus.es\/","sameAs":["https:\/\/www.facebook.com\/Plexus.Techno","https:\/\/www.instagram.com\/plexus.tech\/","https:\/\/www.linkedin.com\/company\/plexus-tech\/mycompany\/","https:\/\/www.youtube.com\/user\/tecnologiasplexus","https:\/\/twitter.com\/plexustech_"],"logo":{"@type":"ImageObject","@id":"https:\/\/www.plexus.es\/#logo","inLanguage":"en-US","url":"https:\/\/www.plexus.es\/wp-content\/uploads\/2021\/11\/logo-plexus-2021.png","contentUrl":"https:\/\/www.plexus.es\/wp-content\/uploads\/2021\/11\/logo-plexus-2021.png","width":600,"height":600,"caption":"Plexus Tech"},"image":{"@id":"https:\/\/www.plexus.es\/#logo"}},{"@type":"WebSite","@id":"https:\/\/www.plexus.es\/#website","url":"https:\/\/www.plexus.es\/","name":"Plexus Tech","description":"Tecnolog\u00eda con Alma","publisher":{"@id":"https:\/\/www.plexus.es\/#organization"},"potentialAction":[{"@type":"SearchAction","target":{"@type":"EntryPoint","urlTemplate":"https:\/\/www.plexus.es\/?s={search_term_string}"},"query-input":"required name=search_term_string"}],"inLanguage":"en-US"},{"@type":"WebPage","@id":"https:\/\/www.plexus.es\/corporativo\/asociaciones\/#webpage","url":"https:\/\/www.plexus.es\/corporativo\/asociaciones\/","name":"Affiliated Associations | Plexus Tech","isPartOf":{"@id":"https:\/\/www.plexus.es\/#website"},"datePublished":"2021-10-29T13:44:00+00:00","dateModified":"2024-04-29T08:15:24+00:00","description":"Plexus Tech is a member of Cluster de Sa\u00fade de Galicia, Cluster TIC Galicia, TICBiomed, Asociaci\u00f3n \u00c1rea Empresarial do Tambre and HL7.","breadcrumb":{"@id":"https:\/\/www.plexus.es\/corporativo\/asociaciones\/#breadcrumb"},"inLanguage":"en-US","potentialAction":[{"@type":"ReadAction","target":["https:\/\/www.plexus.es\/corporativo\/asociaciones\/"]}]},{"@type":"BreadcrumbList","@id":"https:\/\/www.plexus.es\/corporativo\/asociaciones\/#breadcrumb","itemListElement":[{"@type":"ListItem","position":1,"name":"Home","item":"https:\/\/www.plexus.es\/"},{"@type":"ListItem","position":2,"name":"Corporate","item":"https:\/\/www.plexus.es\/corporativo\/"},{"@type":"ListItem","position":3,"name":"Associations"}]}]}},"_links":{"self":[{"href":"https:\/\/www.plexus.es\/en\/wp-json\/wp\/v2\/pages\/26142"}],"collection":[{"href":"https:\/\/www.plexus.es\/en\/wp-json\/wp\/v2\/pages"}],"about":[{"href":"https:\/\/www.plexus.es\/en\/wp-json\/wp\/v2\/types\/page"}],"author":[{"embeddable":true,"href":"https:\/\/www.plexus.es\/en\/wp-json\/wp\/v2\/users\/1"}],"replies":[{"embeddable":true,"href":"https:\/\/www.plexus.es\/en\/wp-json\/wp\/v2\/comments?post=26142"}],"version-history":[{"count":10,"href":"https:\/\/www.plexus.es\/en\/wp-json\/wp\/v2\/pages\/26142\/revisions"}],"predecessor-version":[{"id":39427,"href":"https:\/\/www.plexus.es\/en\/wp-json\/wp\/v2\/pages\/26142\/revisions\/39427"}],"up":[{"embeddable":true,"href":"https:\/\/www.plexus.es\/en\/wp-json\/wp\/v2\/pages\/26249"}],"wp:attachment":[{"href":"https:\/\/www.plexus.es\/en\/wp-json\/wp\/v2\/media?parent=26142"}],"curies":[{"name":"wp","href":"https:\/\/api.w.org\/{rel}","templated":true}]}}