{"id":46377,"date":"2025-03-03T17:35:52","date_gmt":"2025-03-03T16:35:52","guid":{"rendered":"https:\/\/www.plexus.es\/legal-notice\/"},"modified":"2025-05-26T17:57:01","modified_gmt":"2025-05-26T15:57:01","slug":"legal-notice","status":"publish","type":"page","link":"https:\/\/www.plexus.es\/en\/legal-notice\/","title":{"rendered":"Legal Notice"},"content":{"rendered":"<div class=\"fusion-fullwidth fullwidth-box fusion-builder-row-1 fusion-flex-container plexus_css container-legal nonhundred-percent-fullwidth non-hundred-percent-height-scrolling\" style=\"background-color: rgba(255,255,255,0);background-position: center center;background-repeat: no-repeat;border-width: 0px 0px 0px 0px;border-color:#e8ebef;border-style:solid;\" ><div class=\"fusion-builder-row fusion-row fusion-flex-align-items-flex-start\" style=\"max-width:1310.4px;margin-left: calc(-4% \/ 2 );margin-right: calc(-4% \/ 2 );\"><div class=\"fusion-layout-column fusion_builder_column fusion-builder-column-0 fusion_builder_column_1_1 1_1 fusion-flex-column plexus_css minuscula\"><div class=\"fusion-column-wrapper fusion-flex-justify-content-flex-start fusion-content-layout-column\" style=\"background-position:left top;background-repeat:no-repeat;-webkit-background-size:cover;-moz-background-size:cover;-o-background-size:cover;background-size:cover;padding: 0px 0px 0px 0px;\"><div class=\"fusion-text fusion-text-1\"><p>\n&#13;<\/p>\n<h1>Legal Notice<\/h1>\n<p>&#13;<\/p>\n<h2>General Information<\/h2>\n<p>&#13;<\/p>\n<p>En cumplimiento de lo previsto en el art\u00edculo 10 de la Ley 34\/2.002, de 11 de julio, de Servicios de la Sociedad de la Informaci\u00f3n y Comercio Electr\u00f3nico, se informa que la direcci\u00f3n URL https:\/\/www.plexus.es\/ (en adelante el sitio Web) es un dominio registrado por Tecnolog\u00edas Plexus, S.L (en adelante, PLEXUS), cuyos datos son los siguientes:<\/p>\n<p>&#13;<\/p>\n<ul>&#13;<\/p>\n<li>CIF \u00ba B15726177<\/li>\n<p>&#13;<\/p>\n<li>Domicilio: Jos\u00e9 Villar Granjel 22-24. Pol\u00edgono de Boisaca, Santiago de Compostela<\/li>\n<p>&#13;<\/p>\n<li>Email de contacto: rgpd@plexus.es<\/li>\n<p>&#13;\n<\/ul>\n<p>&#13;<\/p>\n<p>PLEXUS act\u00faa como responsable de los contenidos del SITIO WEB.<\/p>\n<p>&#13;<\/p>\n<h2>Terms of Use<\/h2>\n<p>&#13;<\/p>\n<p>El acceso y uso de este sitio web atribuye la condici\u00f3n de USUARIO, quien, al navegar por este sitio, acepta \u00edntegra, expresa y sin reservas, todas las cl\u00e1usulas del presente aviso legal. Por ello, rogamos al USUARIO que lea detenidamente el presente aviso legal.<\/p>\n<p>&#13;<\/p>\n<p>PLEXUS se reserva la facultad de modificar unilateralmente los t\u00e9rminos y condiciones de este sitio, en cuyo caso proceder\u00e1 a la publicaci\u00f3n de nuevos t\u00e9rminos y condiciones en la p\u00e1gina web.<\/p>\n<p>&#13;<\/p>\n<p>En todo caso, el USUARIO asume la responsabilidad en el uso de la presente p\u00e1gina web, y se compromete a navegar de buena fe y de forma diligente.<\/p>\n<p>&#13;<\/p>\n<p>En cualquier momento PLEXUS puede modificar unilateralmente, y sin previo aviso, la presentaci\u00f3n y\/o configuraci\u00f3n del sitio web, as\u00ed como los servicios y contenidos prestados.<\/p>\n<p>&#13;<\/p>\n<h2>User Responsibility<\/h2>\n<p>&#13;<\/p>\n<p>El USUARIO se compromete a no utilizar el SITIO WEB ni la informaci\u00f3n ofrecida en el mismo para la realizaci\u00f3n de actividades contrarias a la Ley, la moral o el orden p\u00fablico y, en general, a hacer un uso conforme a las condiciones establecidas por PLEXUS.<\/p>\n<p>&#13;<\/p>\n<p>Las opiniones, contenidos y, en general, todas las actividades realizadas por el USUARIO son de su exclusiva responsabilidad, sin que pueda responsabilizarse a PLEXUS, de los da\u00f1os o perjuicios que pudieran derivarse de dichas actividades ajenas a su voluntad, y sin que \u00e9ste tenga un conocimiento efectivo de las mismas.<\/p>\n<p>&#13;<\/p>\n<h2>Responsibility of PLEXUS<\/h2>\n<p>&#13;<\/p>\n<p>PLEXUS no ser\u00e1 responsable de los errores en el acceso al SITIO WEB o en sus contenidos, aunque podr\u00e1 la mayor diligencia en que los mismos no se produzcan.<\/p>\n<p>&#13;<\/p>\n<p>PLEXUS se reserva el derecho de suspender temporalmente, y sin necesidad de previo aviso, la accesibilidad del SITIO WEB con motivo de una eventual necesidad de efectuar operaciones de mantenimiento, reparaci\u00f3n, actualizaci\u00f3n, o mejora del mismo.<\/p>\n<p>&#13;<\/p>\n<\/div><div class=\"fusion-text fusion-text-2\"><p data-start=\"0\" data-end=\"40\"><strong data-start=\"0\" data-end=\"40\">Intellectual and Industrial Property<\/strong><\/p>\n<p data-start=\"42\" data-end=\"324\">All contents of the WEBSITE (including, but not limited to, databases, images, drawings, graphics, text files, audio, video, and software) are the property of PLEXUS and are protected by national and international intellectual and industrial property laws, with all rights reserved.<\/p>\n<p data-start=\"326\" data-end=\"436\">The domain name, trademarks, labels, distinctive signs, or logos appearing on the WEBSITE are owned by PLEXUS.<\/p>\n<p data-start=\"438\" data-end=\"741\">All texts, graphic drawings, videos, or audio media that may be found on this website, now or in the future, are the property of PLEXUS and may not be modified, copied, altered, reproduced in whole or in part, adapted, or translated by the USER or third parties without the express permission of PLEXUS.<\/p>\n<p data-start=\"743\" data-end=\"927\">Unauthorized use of the information contained on this WEBSITE, as well as infringement of intellectual or industrial property rights, will lead to legally established responsibilities.<\/p>\n<p data-start=\"929\" data-end=\"943\"><strong data-start=\"929\" data-end=\"943\">Hyperlinks<\/strong><\/p>\n<p data-start=\"945\" data-end=\"1079\">The establishment of any hyperlink from an external website to any of the pages of PLEXUS will be subject to the following conditions:<\/p>\n<ul data-start=\"1081\" data-end=\"1579\">\n<li data-start=\"1081\" data-end=\"1193\">Reproduction, whether total or partial, of any of the services contained on PLEXUS&#8217;s WEBSITE is not permitted.<\/li>\n<li data-start=\"1194\" data-end=\"1302\">No false, inaccurate, or incorrect statements regarding PLEXUS\u2019s WEBSITE or its services will be included.<\/li>\n<li data-start=\"1303\" data-end=\"1520\">Under no circumstances will PLEXUS be responsible for the contents, information, statements, opinions, or services made available to the public on the webpage from which the hyperlink is established to this WEBSITE.<\/li>\n<li data-start=\"1521\" data-end=\"1579\">Any hyperlink will link to the main page of the WEBSITE.<\/li>\n<\/ul>\n<p data-start=\"1581\" data-end=\"1841\">The hyperlinks found on the WEBSITE have been previously agreed upon with the owners of the linked web pages. PLEXUS will not be responsible for the misuse or activities contrary to the law, morality, or public order carried out by users on these linked pages.<\/p>\n<p data-start=\"1843\" data-end=\"1875\"><strong data-start=\"1843\" data-end=\"1875\">Validity of the Terms of Use<\/strong><\/p>\n<p data-start=\"1877\" data-end=\"2034\">The terms of use of this WEBSITE are indefinite. PLEXUS reserves the right to unilaterally modify the access conditions, as well as its content, at any time.<\/p>\n<p data-start=\"2036\" data-end=\"2078\"><strong data-start=\"2036\" data-end=\"2078\">Nullity and Ineffectiveness of Clauses<\/strong><\/p>\n<p data-start=\"2080\" data-end=\"2323\">If any clause included in these terms is declared totally or partially null or ineffective, such nullity will affect only that provision, or the part of it that is deemed null or ineffective, with the rest of the terms remaining in full force.<\/p>\n<p data-start=\"2325\" data-end=\"2368\"><strong data-start=\"2325\" data-end=\"2368\">Applicable Legislation and Jurisdiction<\/strong><\/p>\n<p data-start=\"2370\" data-end=\"2469\">The provision of services on this WEBSITE and the present terms of use are governed by Spanish law.<\/p>\n<p data-start=\"2471\" data-end=\"2655\">PLEXUS and the USER, expressly waiving any other jurisdiction, submit to the Courts and Tribunals of Coru\u00f1a (Spain) for any dispute that may arise from accessing or using this website.<\/p>\n<p data-start=\"2657\" data-end=\"2950\" data-is-last-node=\"\" data-is-only-node=\"\">Any legal issue related to the services provided through this WEBSITE will be resolved through the consumer arbitration courts, mediators, or similar entities to which PLEXUS is adhered at the time the dispute arises, as well as the corresponding courts in accordance with Spanish legislation.<\/p>\n<\/div><\/div><style type=\"text\/css\">.fusion-body .fusion-builder-column-0{width:100% !important;margin-top : 0px;margin-bottom : 0px;}.fusion-builder-column-0 > .fusion-column-wrapper {padding-top : 0px !important;padding-right : 0px !important;margin-right : 1.92%;padding-bottom : 0px !important;padding-left : 0px !important;margin-left : 1.92%;}@media only screen and (max-width:1200px) {.fusion-body .fusion-builder-column-0{width:100% !important;}.fusion-builder-column-0 > .fusion-column-wrapper {margin-right : 1.92%;margin-left : 1.92%;}}@media only screen and (max-width:640px) {.fusion-body .fusion-builder-column-0{width:100% !important;}.fusion-builder-column-0 > .fusion-column-wrapper {margin-right : 1.92%;margin-left : 1.92%;}}<\/style><\/div><\/div><style type=\"text\/css\">.fusion-body .fusion-flex-container.fusion-builder-row-1{ padding-top : 60px;margin-top : 0px;padding-right : 0px;padding-bottom : 0px;margin-bottom : 0px;padding-left : 0px;}@media only screen and (max-width:640px) {.fusion-body .fusion-flex-container.fusion-builder-row-1{ margin-top : -1rem;}}<\/style><\/div>\n","protected":false},"excerpt":{"rendered":"","protected":false},"author":1,"featured_media":0,"parent":0,"menu_order":0,"comment_status":"closed","ping_status":"closed","template":"","meta":[],"yoast_head":"<!-- This site is optimized with the Yoast SEO plugin v17.4 - https:\/\/yoast.com\/wordpress\/plugins\/seo\/ -->\n<title>Legal Notice | Plexus Tech<\/title>\n<meta name=\"description\" content=\"Learn about our privacy policy and how we process your data. If you have any questions, you can contact us at rgpd@www.plexus.es.\" \/>\n<meta name=\"robots\" content=\"noindex, nofollow\" \/>\n<meta property=\"og:locale\" content=\"en_US\" \/>\n<meta property=\"og:type\" content=\"article\" \/>\n<meta property=\"og:title\" content=\"Legal Notice | Plexus Tech\" \/>\n<meta property=\"og:description\" content=\"Learn about our privacy policy and how we process your data. If you have any questions, you can contact us at rgpd@www.plexus.es.\" \/>\n<meta property=\"og:url\" content=\"https:\/\/www.plexus.es\/aviso-legal-2\/\" \/>\n<meta property=\"og:site_name\" content=\"Plexus Tech\" \/>\n<meta property=\"article:publisher\" content=\"https:\/\/www.facebook.com\/Plexus.Techno\" \/>\n<meta property=\"article:modified_time\" content=\"2025-05-26T15:57:01+00:00\" \/>\n<meta name=\"twitter:card\" content=\"summary_large_image\" \/>\n<meta name=\"twitter:site\" content=\"@plexustech_\" \/>\n<meta name=\"twitter:label1\" content=\"Est. reading time\" \/>\n\t<meta name=\"twitter:data1\" content=\"5 minutes\" \/>\n<script type=\"application\/ld+json\" class=\"yoast-schema-graph\">{\"@context\":\"https:\/\/schema.org\",\"@graph\":[{\"@type\":\"Organization\",\"@id\":\"https:\/\/www.plexus.es\/#organization\",\"name\":\"Plexus Tech\",\"url\":\"https:\/\/www.plexus.es\/\",\"sameAs\":[\"https:\/\/www.facebook.com\/Plexus.Techno\",\"https:\/\/www.instagram.com\/plexus.tech\/\",\"https:\/\/www.linkedin.com\/company\/plexus-tech\/mycompany\/\",\"https:\/\/www.youtube.com\/user\/tecnologiasplexus\",\"https:\/\/twitter.com\/plexustech_\"],\"logo\":{\"@type\":\"ImageObject\",\"@id\":\"https:\/\/www.plexus.es\/#logo\",\"inLanguage\":\"en-US\",\"url\":\"https:\/\/www.plexus.es\/wp-content\/uploads\/2021\/11\/logo-plexus-2021.png\",\"contentUrl\":\"https:\/\/www.plexus.es\/wp-content\/uploads\/2021\/11\/logo-plexus-2021.png\",\"width\":600,\"height\":600,\"caption\":\"Plexus Tech\"},\"image\":{\"@id\":\"https:\/\/www.plexus.es\/#logo\"}},{\"@type\":\"WebSite\",\"@id\":\"https:\/\/www.plexus.es\/#website\",\"url\":\"https:\/\/www.plexus.es\/\",\"name\":\"Plexus Tech\",\"description\":\"Tecnolog\\u00eda con Alma\",\"publisher\":{\"@id\":\"https:\/\/www.plexus.es\/#organization\"},\"potentialAction\":[{\"@type\":\"SearchAction\",\"target\":{\"@type\":\"EntryPoint\",\"urlTemplate\":\"https:\/\/www.plexus.es\/?s={search_term_string}\"},\"query-input\":\"required name=search_term_string\"}],\"inLanguage\":\"en-US\"},{\"@type\":\"WebPage\",\"@id\":\"https:\/\/www.plexus.es\/aviso-legal-2\/#webpage\",\"url\":\"https:\/\/www.plexus.es\/aviso-legal-2\/\",\"name\":\"Legal Notice | Plexus Tech\",\"isPartOf\":{\"@id\":\"https:\/\/www.plexus.es\/#website\"},\"datePublished\":\"2025-03-03T16:35:52+00:00\",\"dateModified\":\"2025-05-26T15:57:01+00:00\",\"description\":\"Learn about our privacy policy and how we process your data. If you have any questions, you can contact us at rgpd@www.plexus.es.\",\"breadcrumb\":{\"@id\":\"https:\/\/www.plexus.es\/aviso-legal-2\/#breadcrumb\"},\"inLanguage\":\"en-US\",\"potentialAction\":[{\"@type\":\"ReadAction\",\"target\":[\"https:\/\/www.plexus.es\/aviso-legal-2\/\"]}]},{\"@type\":\"BreadcrumbList\",\"@id\":\"https:\/\/www.plexus.es\/aviso-legal-2\/#breadcrumb\",\"itemListElement\":[{\"@type\":\"ListItem\",\"position\":1,\"name\":\"Home\",\"item\":\"https:\/\/www.plexus.es\/\"},{\"@type\":\"ListItem\",\"position\":2,\"name\":\"Legal Notice\"}]}]}<\/script>\n<!-- \/ Yoast SEO plugin. -->","yoast_head_json":{"title":"Legal Notice | Plexus Tech","description":"Learn about our privacy policy and how we process your data. If you have any questions, you can contact us at rgpd@www.plexus.es.","robots":{"index":"noindex","follow":"nofollow"},"og_locale":"en_US","og_type":"article","og_title":"Legal Notice | Plexus Tech","og_description":"Learn about our privacy policy and how we process your data. If you have any questions, you can contact us at rgpd@www.plexus.es.","og_url":"https:\/\/www.plexus.es\/aviso-legal-2\/","og_site_name":"Plexus Tech","article_publisher":"https:\/\/www.facebook.com\/Plexus.Techno","article_modified_time":"2025-05-26T15:57:01+00:00","twitter_card":"summary_large_image","twitter_site":"@plexustech_","twitter_misc":{"Est. reading time":"5 minutes"},"schema":{"@context":"https:\/\/schema.org","@graph":[{"@type":"Organization","@id":"https:\/\/www.plexus.es\/#organization","name":"Plexus Tech","url":"https:\/\/www.plexus.es\/","sameAs":["https:\/\/www.facebook.com\/Plexus.Techno","https:\/\/www.instagram.com\/plexus.tech\/","https:\/\/www.linkedin.com\/company\/plexus-tech\/mycompany\/","https:\/\/www.youtube.com\/user\/tecnologiasplexus","https:\/\/twitter.com\/plexustech_"],"logo":{"@type":"ImageObject","@id":"https:\/\/www.plexus.es\/#logo","inLanguage":"en-US","url":"https:\/\/www.plexus.es\/wp-content\/uploads\/2021\/11\/logo-plexus-2021.png","contentUrl":"https:\/\/www.plexus.es\/wp-content\/uploads\/2021\/11\/logo-plexus-2021.png","width":600,"height":600,"caption":"Plexus Tech"},"image":{"@id":"https:\/\/www.plexus.es\/#logo"}},{"@type":"WebSite","@id":"https:\/\/www.plexus.es\/#website","url":"https:\/\/www.plexus.es\/","name":"Plexus Tech","description":"Tecnolog\u00eda con Alma","publisher":{"@id":"https:\/\/www.plexus.es\/#organization"},"potentialAction":[{"@type":"SearchAction","target":{"@type":"EntryPoint","urlTemplate":"https:\/\/www.plexus.es\/?s={search_term_string}"},"query-input":"required name=search_term_string"}],"inLanguage":"en-US"},{"@type":"WebPage","@id":"https:\/\/www.plexus.es\/aviso-legal-2\/#webpage","url":"https:\/\/www.plexus.es\/aviso-legal-2\/","name":"Legal Notice | Plexus Tech","isPartOf":{"@id":"https:\/\/www.plexus.es\/#website"},"datePublished":"2025-03-03T16:35:52+00:00","dateModified":"2025-05-26T15:57:01+00:00","description":"Learn about our privacy policy and how we process your data. If you have any questions, you can contact us at rgpd@www.plexus.es.","breadcrumb":{"@id":"https:\/\/www.plexus.es\/aviso-legal-2\/#breadcrumb"},"inLanguage":"en-US","potentialAction":[{"@type":"ReadAction","target":["https:\/\/www.plexus.es\/aviso-legal-2\/"]}]},{"@type":"BreadcrumbList","@id":"https:\/\/www.plexus.es\/aviso-legal-2\/#breadcrumb","itemListElement":[{"@type":"ListItem","position":1,"name":"Home","item":"https:\/\/www.plexus.es\/"},{"@type":"ListItem","position":2,"name":"Legal Notice"}]}]}},"_links":{"self":[{"href":"https:\/\/www.plexus.es\/en\/wp-json\/wp\/v2\/pages\/46377"}],"collection":[{"href":"https:\/\/www.plexus.es\/en\/wp-json\/wp\/v2\/pages"}],"about":[{"href":"https:\/\/www.plexus.es\/en\/wp-json\/wp\/v2\/types\/page"}],"author":[{"embeddable":true,"href":"https:\/\/www.plexus.es\/en\/wp-json\/wp\/v2\/users\/1"}],"replies":[{"embeddable":true,"href":"https:\/\/www.plexus.es\/en\/wp-json\/wp\/v2\/comments?post=46377"}],"version-history":[{"count":6,"href":"https:\/\/www.plexus.es\/en\/wp-json\/wp\/v2\/pages\/46377\/revisions"}],"predecessor-version":[{"id":47690,"href":"https:\/\/www.plexus.es\/en\/wp-json\/wp\/v2\/pages\/46377\/revisions\/47690"}],"wp:attachment":[{"href":"https:\/\/www.plexus.es\/en\/wp-json\/wp\/v2\/media?parent=46377"}],"curies":[{"name":"wp","href":"https:\/\/api.w.org\/{rel}","templated":true}]}}