{"id":18986,"date":"2021-10-29T15:42:34","date_gmt":"2021-10-29T13:42:34","guid":{"rendered":"https:\/\/www.plexus.es\/rsc\/"},"modified":"2025-09-17T10:32:44","modified_gmt":"2025-09-17T08:32:44","slug":"rsc","status":"publish","type":"page","link":"https:\/\/www.plexus.es\/gl\/corporativo\/rsc\/","title":{"rendered":"RSC"},"content":{"rendered":"<p><div class=\"fusion-fullwidth fullwidth-box fusion-builder-row-1 fusion-flex-container plexusProductos nonhundred-percent-fullwidth non-hundred-percent-height-scrolling\" style=\"background-color: rgba(255,255,255,0);background-position: center center;background-repeat: no-repeat;border-width: 0 0 0 0;border-color:#e8ebef;border-style:solid;\" ><div class=\"fusion-builder-row fusion-row fusion-flex-align-items-flex-start fusion-flex-justify-content-space-between\" style=\"max-width:1310.4px;margin-left: calc(-4% \/ 2 );margin-right: calc(-4% \/ 2 );\"><div class=\"fusion-layout-column fusion_builder_column fusion-builder-column-0 fusion_builder_column_1_1 1_1 fusion-flex-column\"><div class=\"fusion-column-wrapper fusion-flex-justify-content-flex-start fusion-content-layout-column\" style=\"background-position:left top;background-repeat:no-repeat;-webkit-background-size:cover;-moz-background-size:cover;-o-background-size:cover;background-size:cover;padding: 0px 0px 0px 0px;\"><style type=\"text\/css\">.fusion-breadcrumbs.fusion-breadcrumbs-1{font-size:14px;}.fusion-breadcrumbs.fusion-breadcrumbs-1 span a:hover{color:#003e57 !important;}.fusion-breadcrumbs.fusion-breadcrumbs-1{color:#59667d;}.fusion-breadcrumbs.fusion-breadcrumbs-1 a{color:#59667d;}<\/style><div class=\"fusion-breadcrumbs fusion-breadcrumbs-1\"><span><span><a href=\"https:\/\/www.plexus.es\/\">Home<\/a><\/span><\/div><\/div><style type=\"text\/css\">.fusion-body .fusion-builder-column-0{width:100% !important;margin-top : 20px;margin-bottom : 20px;}.fusion-builder-column-0 > .fusion-column-wrapper {padding-top : 0px !important;padding-right : 0px !important;margin-right : 1.92%;padding-bottom : 0px !important;padding-left : 0px !important;margin-left : 1.92%;}@media only screen and (max-width:1200px) {.fusion-body .fusion-builder-column-0{width:100% !important;order : 0;}.fusion-builder-column-0 > .fusion-column-wrapper {margin-right : 0.938rem;margin-left : 0.938rem;}}@media only screen and (max-width:640px) {.fusion-body .fusion-builder-column-0{width:100% !important;order : 0;}.fusion-builder-column-0 > .fusion-column-wrapper {padding-right : 0 !important;margin-right : 0%;padding-left : 0 !important;margin-left : 1.248%;}}<\/style><\/div><\/div><style type=\"text\/css\">.fusion-body .fusion-flex-container.fusion-builder-row-1{ padding-top : 0px;margin-top : 10px;padding-right : 0px;padding-bottom : 0px;margin-bottom : 0;padding-left : 2rem;}@media only screen and (max-width:1200px) {.fusion-body .fusion-flex-container.fusion-builder-row-1{ padding-bottom : 0;margin-bottom : 0;padding-left : 0px;}}@media only screen and (max-width:640px) {.fusion-body .fusion-flex-container.fusion-builder-row-1{ padding-top : 0;margin-top : 0;padding-right : 0;padding-bottom : 0;margin-bottom : 0;padding-left : .5rem;}}<\/style><\/div>\n<div class=\"fusion-fullwidth fullwidth-box fusion-builder-row-2 fusion-flex-container corporativo-container nonhundred-percent-fullwidth non-hundred-percent-height-scrolling\" style=\"background-color: rgba(255,255,255,0);background-position: center center;background-repeat: no-repeat;border-width: 0px 0px 0px 0px;border-color:#e8ebef;border-style:solid;\" ><div class=\"fusion-builder-row fusion-row fusion-flex-align-items-flex-start\" style=\"max-width:1310.4px;margin-left: calc(-4% \/ 2 );margin-right: calc(-4% \/ 2 );\"><div class=\"fusion-layout-column fusion_builder_column fusion-builder-column-1 fusion_builder_column_1_1 1_1 fusion-flex-column\"><div class=\"fusion-column-wrapper fusion-flex-justify-content-flex-start fusion-content-layout-column\" style=\"background-position:left top;background-repeat:no-repeat;-webkit-background-size:cover;-moz-background-size:cover;-o-background-size:cover;background-size:cover;padding: 0px 0px 0px 0px;\"><style type=\"text\/css\">@media only screen and (max-width:1200px) {.fusion-title.fusion-title-1{margin-top:0px!important; margin-right:1rem!important;margin-bottom:2rem!important;margin-left:0px!important;}}@media only screen and (max-width:640px) {.fusion-title.fusion-title-1{margin-top:0px!important; margin-right:0px!important;margin-bottom:0px!important; margin-left:0px!important;}}<\/style><div class=\"fusion-title title fusion-title-1 fusion-sep-none fusion-title-text fusion-title-size-one\" style=\"margin-top:0px;margin-right:1rem;margin-bottom:2rem;margin-left:0px;\"><h1 class=\"title-heading-left fusion-responsive-typography-calculated\" style=\"margin:0;--fontSize:45;line-height:1;\">Responsabilidade Social Corporativa<\/h1><\/div><div class=\"fusion-text fusion-text-1\" style=\"margin-top:6%;\"><p>PLEXUS goza dunha reco\u00f1ecida reputaci\u00f3n non s\u00f3 pola calidade e o valor engadido dos seus servizos de tecnolox\u00edas da informaci\u00f3n, sen\u00f3n tam\u00e9n pola profesionalidade dos seus equipos humanos, o seu compromiso coa innovaci\u00f3n, a s\u00faa pol\u00edtica de reinvestimento de beneficios e o seu compromiso cos seus clientes nacionais e internacionais.<\/p>\n<p>A nosa estratexia de responsabilidade social desenv\u00f3lvese a trav\u00e9s de acordos e pol\u00edticas vinculadas a valores \u00e9ticos reflectidos non s\u00f3 nos Obxectivos de Desenvolvemento Sostible, sen\u00f3n tam\u00e9n a trav\u00e9s da creaci\u00f3n de v\u00ednculos reais con pol\u00edticas activas no \u00e1mbito da igualdade, o empoderamento do talento feminino no \u00e1mbito cient\u00edfico, o fomento da colaboraci\u00f3n institucional co movemento STEM e o impulso de iniciativas de liderado e marca corporativa. Tam\u00e9n facemos fincap\u00e9 en acordos e iniciativas con asociaci\u00f3ns de sectores menos privilexiados.<\/p>\n<p>En Plexus, estamos comprometidos coa transparencia, a sustentabilidade e o impacto positivo xerado polas nosas operaci\u00f3ns. A continuaci\u00f3n, presentamos o Informe Non Financeiro, onde compartimos as nosas acci\u00f3ns, resultados e obxectivos en materia ambiental, social e de gobernanza.<\/p>\n<p>Podes consultalo aqu\u00ed: <a href=\"\/wp-content\/uploads\/2025\/01\/Informe%20No%20Financiero%202024_completo.pdf\">Informe Non Financeiro<\/a><b><\/b><\/p>\n<\/div><\/div><style type=\"text\/css\">.fusion-body .fusion-builder-column-1{width:100% !important;margin-top : 20px;margin-bottom : 20px;}.fusion-builder-column-1 > .fusion-column-wrapper {padding-top : 0px !important;padding-right : 0px !important;margin-right : 1.92%;padding-bottom : 0px !important;padding-left : 0px !important;margin-left : 1.92%;}@media only screen and (max-width:1200px) {.fusion-body .fusion-builder-column-1{width:100% !important;order : 0;}.fusion-builder-column-1 > .fusion-column-wrapper {margin-right : 1.92%;margin-left : 1.92%;}}@media only screen and (max-width:640px) {.fusion-body .fusion-builder-column-1{width:100% !important;order : 0;margin-top : 0;}.fusion-builder-column-1 > .fusion-column-wrapper {margin-right : 1.92%;margin-left : 1.92%;}}<\/style><\/div><\/div><style type=\"text\/css\">.fusion-body .fusion-flex-container.fusion-builder-row-2{ padding-top : 60px;margin-top : 0px;padding-right : 0px;padding-bottom : 0px;margin-bottom : 0px;padding-left : 0px;}@media only screen and (max-width:640px) {.fusion-body .fusion-flex-container.fusion-builder-row-2{ padding-top : 30;}}<\/style><\/div><div class=\"fusion-fullwidth fullwidth-box fusion-builder-row-3 fusion-flex-container corporativo-container nonhundred-percent-fullwidth non-hundred-percent-height-scrolling\" style=\"background-color: rgba(255,255,255,0);background-position: center center;background-repeat: no-repeat;border-width: 0px 0px 0px 0px;border-color:#e8ebef;border-style:solid;\" ><div class=\"fusion-builder-row fusion-row fusion-flex-align-items-flex-start\" style=\"max-width:1310.4px;margin-left: calc(-4% \/ 2 );margin-right: calc(-4% \/ 2 );\"><div class=\"fusion-layout-column fusion_builder_column fusion-builder-column-2 fusion_builder_column_1_2 1_2 fusion-flex-column\"><div class=\"fusion-column-wrapper fusion-flex-justify-content-flex-start fusion-content-layout-column\" style=\"background-position:left top;background-repeat:no-repeat;-webkit-background-size:cover;-moz-background-size:cover;-o-background-size:cover;background-size:cover;padding: 0px 0px 0px 0px;\"><div style=\"text-align:center;\"><span class=\" fusion-imageframe imageframe-none imageframe-1 hover-type-none\" style=\"border-radius:12px;margin-top:0px;\"><img width=\"300\" height=\"300\" alt=\"Plexus Tech RSC\" src=\"https:\/\/www.plexus.es\/wp-content\/uploads\/2021\/11\/plexus_thinkgreen_Mesa-de-trabajo-1.jpg\" data-orig-src=\"https:\/\/www.plexus.es\/wp-content\/uploads\/2021\/11\/plexus_thinkgreen_Mesa-de-trabajo-1-300x300.jpg\" class=\"lazyload img-responsive wp-image-18987\" srcset=\"data:image\/svg+xml,%3Csvg%20xmlns%3D%27http%3A%2F%2Fwww.w3.org%2F2000%2Fsvg%27%20width%3D%271000%27%20height%3D%271000%27%20viewBox%3D%270%200%201000%201000%27%3E%3Crect%20width%3D%271000%27%20height%3D%271000%27%20fill-opacity%3D%220%22%2F%3E%3C%2Fsvg%3E\" data-srcset=\"https:\/\/www.plexus.es\/wp-content\/uploads\/2021\/11\/plexus_thinkgreen_Mesa-de-trabajo-1-200x200.jpg 200w, https:\/\/www.plexus.es\/wp-content\/uploads\/2021\/11\/plexus_thinkgreen_Mesa-de-trabajo-1-400x400.jpg 400w, https:\/\/www.plexus.es\/wp-content\/uploads\/2021\/11\/plexus_thinkgreen_Mesa-de-trabajo-1-600x600.jpg 600w, https:\/\/www.plexus.es\/wp-content\/uploads\/2021\/11\/plexus_thinkgreen_Mesa-de-trabajo-1-800x800.jpg 800w, https:\/\/www.plexus.es\/wp-content\/uploads\/2021\/11\/plexus_thinkgreen_Mesa-de-trabajo-1.jpg 1000w\" data-sizes=\"auto\" data-orig-sizes=\"(max-width: 640px) 100vw, 600px\" \/><\/span><\/div><\/div><style type=\"text\/css\">.fusion-body .fusion-builder-column-2{width:50% !important;margin-top : 20px;margin-bottom : 20px;}.fusion-builder-column-2 > .fusion-column-wrapper {padding-top : 0px !important;padding-right : 0px !important;margin-right : 3.84%;padding-bottom : 0px !important;padding-left : 0px !important;margin-left : 3.84%;}@media only screen and (max-width:1200px) {.fusion-body .fusion-builder-column-2{width:100% !important;order : 0;}.fusion-builder-column-2 > .fusion-column-wrapper {margin-right : 1.92%;margin-left : 1.92%;}}@media only screen and (max-width:640px) {.fusion-body .fusion-builder-column-2{width:100% !important;order : 0;}.fusion-builder-column-2 > .fusion-column-wrapper {margin-right : 1.92%;margin-left : 1.92%;}}<\/style><\/div><div class=\"fusion-layout-column fusion_builder_column fusion-builder-column-3 fusion_builder_column_1_2 1_2 fusion-flex-column\"><div class=\"fusion-column-wrapper fusion-flex-justify-content-flex-start fusion-content-layout-column\" style=\"background-position:left top;background-repeat:no-repeat;-webkit-background-size:cover;-moz-background-size:cover;-o-background-size:cover;background-size:cover;padding: 0px 0px 0px 0px;\"><div class=\"fusion-text fusion-text-2\" style=\"margin-top:6%;\"><p><span style=\"font-weight: normal;\">PLEXUS busca <strong>cumprir cos compromisos adquiridos<\/strong> pola compa\u00f1\u00eda cos diferentes grupos de interese, cubrindo as s\u00faas expectativas e mantendo o ali\u00f1amento coa s\u00faa <strong>cultura e valores<\/strong>:<\/span><\/p>\n<ul>\n<li><span style=\"font-weight: normal;\"><strong>Clientes<\/strong><b>:<\/b> Lograr o cumprimento das s\u00faas expectativas, ofrec\u00e9ndolles soluci\u00f3ns innovadoras e creativas.<\/span><\/li>\n<li><span style=\"font-weight: normal;\"><strong>Traballadores<\/strong><b>:<\/b> Ofrecer as mellores oportunidades de desenvolvemento profesional, desde a estabilidade dunha empresa con m\u00e1is de 20 anos de bagaxe e a solidez dunha compa\u00f1\u00eda l\u00edder do sector, que sabe reco\u00f1ecer con equidade o compromiso, o talento e os logros.<\/span><\/li>\n<li><span style=\"font-weight: normal;\"><strong>Industria e competencia<\/strong><b>:<\/b> Contribu\u00edr ao desenvolvemento sostible do Sector TIC como piar do progreso e benestar da sociedade, colaborando activamente cos organismos do sector e mantendo especialmente unha relaci\u00f3n de respecto e transparencia cos competidores.<\/span><\/li>\n<li><span style=\"font-weight: normal;\"><strong>Sociedade<\/strong><b>:<\/b> Buscar activamente a forma de xerar prosperidade e desenvolvemento sostible nas comunidades nas que Plexus est\u00e1 presente, respectando e fomentando a s\u00faa cultura, tradici\u00f3ns e valores, cunha especial atenci\u00f3n aos colectivos m\u00e1is vulnerables.<\/span><\/li>\n<li><span style=\"font-weight: normal;\"><strong>Medio ambiente<\/strong><b>:<\/b> Contribu\u00edr a preservar o \u00e1mbito ambiental, velando polo impacto das<br \/>\nactividades e fomentando a conciencia de sostibilidade en todos os grupos de interese.<\/span><\/li>\n<\/ul>\n<\/div><\/div><style type=\"text\/css\">.fusion-body .fusion-builder-column-3{width:50% !important;margin-top : 20px;margin-bottom : 20px;}.fusion-builder-column-3 > .fusion-column-wrapper {padding-top : 0px !important;padding-right : 0px !important;margin-right : 3.84%;padding-bottom : 0px !important;padding-left : 0px !important;margin-left : 3.84%;}@media only screen and (max-width:1200px) {.fusion-body .fusion-builder-column-3{width:100% !important;order : 0;}.fusion-builder-column-3 > .fusion-column-wrapper {margin-right : 1.92%;margin-left : 1.92%;}}@media only screen and (max-width:640px) {.fusion-body .fusion-builder-column-3{width:100% !important;order : 0;}.fusion-builder-column-3 > .fusion-column-wrapper {margin-right : 1.92%;margin-left : 1.92%;}}<\/style><\/div><\/div><style type=\"text\/css\">.fusion-body .fusion-flex-container.fusion-builder-row-3{ padding-top : 0px;margin-top : 0px;padding-right : 0px;padding-bottom : 0px;margin-bottom : 0px;padding-left : 0px;}<\/style><\/div><\/p>\n","protected":false},"excerpt":{"rendered":"","protected":false},"author":1,"featured_media":0,"parent":19317,"menu_order":0,"comment_status":"closed","ping_status":"closed","template":"","meta":[],"yoast_head":"<!-- This site is optimized with the Yoast SEO plugin v17.4 - https:\/\/yoast.com\/wordpress\/plugins\/seo\/ -->\n<title>Responsabilidade Social Corporativa | Plexus Tech<\/title>\n<meta name=\"description\" content=\"Desenvolvemos a nosa RCP con valores \u00e9ticos recollidos nos Obxectivos de Desenvolvemento Sostible e na creaci\u00f3n de v\u00ednculos reais con pol\u00edticas activas\" \/>\n<meta name=\"robots\" content=\"index, follow, max-snippet:-1, max-image-preview:large, max-video-preview:-1\" \/>\n<link rel=\"canonical\" href=\"https:\/\/www.plexus.es\/corporativo\/rsc\/\" \/>\n<meta property=\"og:locale\" content=\"gl_ES\" \/>\n<meta property=\"og:type\" content=\"article\" \/>\n<meta property=\"og:title\" content=\"Responsabilidade Social Corporativa | Plexus Tech\" \/>\n<meta property=\"og:description\" content=\"Desenvolvemos a nosa RCP con valores \u00e9ticos recollidos nos Obxectivos de Desenvolvemento Sostible e na creaci\u00f3n de v\u00ednculos reais con pol\u00edticas activas\" \/>\n<meta property=\"og:url\" content=\"https:\/\/www.plexus.es\/corporativo\/rsc\/\" \/>\n<meta property=\"og:site_name\" content=\"Plexus Tech\" \/>\n<meta property=\"article:publisher\" content=\"https:\/\/www.facebook.com\/Plexus.Techno\" \/>\n<meta property=\"article:modified_time\" content=\"2025-09-17T08:32:44+00:00\" \/>\n<meta name=\"twitter:card\" content=\"summary_large_image\" \/>\n<meta name=\"twitter:site\" content=\"@plexustech_\" \/>\n<meta name=\"twitter:label1\" content=\"Tempo de lectura\" \/>\n\t<meta name=\"twitter:data1\" content=\"9 minutos\" \/>\n<script type=\"application\/ld+json\" class=\"yoast-schema-graph\">{\"@context\":\"https:\/\/schema.org\",\"@graph\":[{\"@type\":\"Organization\",\"@id\":\"https:\/\/www.plexus.es\/#organization\",\"name\":\"Plexus Tech\",\"url\":\"https:\/\/www.plexus.es\/\",\"sameAs\":[\"https:\/\/www.facebook.com\/Plexus.Techno\",\"https:\/\/www.instagram.com\/plexus.tech\/\",\"https:\/\/www.linkedin.com\/company\/plexus-tech\/mycompany\/\",\"https:\/\/www.youtube.com\/user\/tecnologiasplexus\",\"https:\/\/twitter.com\/plexustech_\"],\"logo\":{\"@type\":\"ImageObject\",\"@id\":\"https:\/\/www.plexus.es\/#logo\",\"inLanguage\":\"gl-ES\",\"url\":\"https:\/\/www.plexus.es\/wp-content\/uploads\/2021\/11\/logo-plexus-2021.png\",\"contentUrl\":\"https:\/\/www.plexus.es\/wp-content\/uploads\/2021\/11\/logo-plexus-2021.png\",\"width\":600,\"height\":600,\"caption\":\"Plexus Tech\"},\"image\":{\"@id\":\"https:\/\/www.plexus.es\/#logo\"}},{\"@type\":\"WebSite\",\"@id\":\"https:\/\/www.plexus.es\/#website\",\"url\":\"https:\/\/www.plexus.es\/\",\"name\":\"Plexus Tech\",\"description\":\"Tecnolog\\u00eda con Alma\",\"publisher\":{\"@id\":\"https:\/\/www.plexus.es\/#organization\"},\"potentialAction\":[{\"@type\":\"SearchAction\",\"target\":{\"@type\":\"EntryPoint\",\"urlTemplate\":\"https:\/\/www.plexus.es\/?s={search_term_string}\"},\"query-input\":\"required name=search_term_string\"}],\"inLanguage\":\"gl-ES\"},{\"@type\":\"WebPage\",\"@id\":\"https:\/\/www.plexus.es\/corporativo\/rsc\/#webpage\",\"url\":\"https:\/\/www.plexus.es\/corporativo\/rsc\/\",\"name\":\"Responsabilidade Social Corporativa | Plexus Tech\",\"isPartOf\":{\"@id\":\"https:\/\/www.plexus.es\/#website\"},\"datePublished\":\"2021-10-29T13:42:34+00:00\",\"dateModified\":\"2025-09-17T08:32:44+00:00\",\"description\":\"Desenvolvemos a nosa RCP con valores \\u00e9ticos recollidos nos Obxectivos de Desenvolvemento Sostible e na creaci\\u00f3n de v\\u00ednculos reais con pol\\u00edticas activas\",\"breadcrumb\":{\"@id\":\"https:\/\/www.plexus.es\/corporativo\/rsc\/#breadcrumb\"},\"inLanguage\":\"gl-ES\",\"potentialAction\":[{\"@type\":\"ReadAction\",\"target\":[\"https:\/\/www.plexus.es\/corporativo\/rsc\/\"]}]},{\"@type\":\"BreadcrumbList\",\"@id\":\"https:\/\/www.plexus.es\/corporativo\/rsc\/#breadcrumb\",\"itemListElement\":[{\"@type\":\"ListItem\",\"position\":1,\"name\":\"Home\",\"item\":\"https:\/\/www.plexus.es\/\"},{\"@type\":\"ListItem\",\"position\":2,\"name\":\"Corporativo\",\"item\":\"https:\/\/www.plexus.es\/corporativo\/\"},{\"@type\":\"ListItem\",\"position\":3,\"name\":\"RSC\"}]}]}<\/script>\n<!-- \/ Yoast SEO plugin. -->","yoast_head_json":{"title":"Responsabilidade Social Corporativa | Plexus Tech","description":"Desenvolvemos a nosa RCP con valores \u00e9ticos recollidos nos Obxectivos de Desenvolvemento Sostible e na creaci\u00f3n de v\u00ednculos reais con pol\u00edticas activas","robots":{"index":"index","follow":"follow","max-snippet":"max-snippet:-1","max-image-preview":"max-image-preview:large","max-video-preview":"max-video-preview:-1"},"canonical":"https:\/\/www.plexus.es\/corporativo\/rsc\/","og_locale":"gl_ES","og_type":"article","og_title":"Responsabilidade Social Corporativa | Plexus Tech","og_description":"Desenvolvemos a nosa RCP con valores \u00e9ticos recollidos nos Obxectivos de Desenvolvemento Sostible e na creaci\u00f3n de v\u00ednculos reais con pol\u00edticas activas","og_url":"https:\/\/www.plexus.es\/corporativo\/rsc\/","og_site_name":"Plexus Tech","article_publisher":"https:\/\/www.facebook.com\/Plexus.Techno","article_modified_time":"2025-09-17T08:32:44+00:00","twitter_card":"summary_large_image","twitter_site":"@plexustech_","twitter_misc":{"Tempo de lectura":"9 minutos"},"schema":{"@context":"https:\/\/schema.org","@graph":[{"@type":"Organization","@id":"https:\/\/www.plexus.es\/#organization","name":"Plexus Tech","url":"https:\/\/www.plexus.es\/","sameAs":["https:\/\/www.facebook.com\/Plexus.Techno","https:\/\/www.instagram.com\/plexus.tech\/","https:\/\/www.linkedin.com\/company\/plexus-tech\/mycompany\/","https:\/\/www.youtube.com\/user\/tecnologiasplexus","https:\/\/twitter.com\/plexustech_"],"logo":{"@type":"ImageObject","@id":"https:\/\/www.plexus.es\/#logo","inLanguage":"gl-ES","url":"https:\/\/www.plexus.es\/wp-content\/uploads\/2021\/11\/logo-plexus-2021.png","contentUrl":"https:\/\/www.plexus.es\/wp-content\/uploads\/2021\/11\/logo-plexus-2021.png","width":600,"height":600,"caption":"Plexus Tech"},"image":{"@id":"https:\/\/www.plexus.es\/#logo"}},{"@type":"WebSite","@id":"https:\/\/www.plexus.es\/#website","url":"https:\/\/www.plexus.es\/","name":"Plexus Tech","description":"Tecnolog\u00eda con Alma","publisher":{"@id":"https:\/\/www.plexus.es\/#organization"},"potentialAction":[{"@type":"SearchAction","target":{"@type":"EntryPoint","urlTemplate":"https:\/\/www.plexus.es\/?s={search_term_string}"},"query-input":"required name=search_term_string"}],"inLanguage":"gl-ES"},{"@type":"WebPage","@id":"https:\/\/www.plexus.es\/corporativo\/rsc\/#webpage","url":"https:\/\/www.plexus.es\/corporativo\/rsc\/","name":"Responsabilidade Social Corporativa | Plexus Tech","isPartOf":{"@id":"https:\/\/www.plexus.es\/#website"},"datePublished":"2021-10-29T13:42:34+00:00","dateModified":"2025-09-17T08:32:44+00:00","description":"Desenvolvemos a nosa RCP con valores \u00e9ticos recollidos nos Obxectivos de Desenvolvemento Sostible e na creaci\u00f3n de v\u00ednculos reais con pol\u00edticas activas","breadcrumb":{"@id":"https:\/\/www.plexus.es\/corporativo\/rsc\/#breadcrumb"},"inLanguage":"gl-ES","potentialAction":[{"@type":"ReadAction","target":["https:\/\/www.plexus.es\/corporativo\/rsc\/"]}]},{"@type":"BreadcrumbList","@id":"https:\/\/www.plexus.es\/corporativo\/rsc\/#breadcrumb","itemListElement":[{"@type":"ListItem","position":1,"name":"Home","item":"https:\/\/www.plexus.es\/"},{"@type":"ListItem","position":2,"name":"Corporativo","item":"https:\/\/www.plexus.es\/corporativo\/"},{"@type":"ListItem","position":3,"name":"RSC"}]}]}},"_links":{"self":[{"href":"https:\/\/www.plexus.es\/gl\/wp-json\/wp\/v2\/pages\/18986"}],"collection":[{"href":"https:\/\/www.plexus.es\/gl\/wp-json\/wp\/v2\/pages"}],"about":[{"href":"https:\/\/www.plexus.es\/gl\/wp-json\/wp\/v2\/types\/page"}],"author":[{"embeddable":true,"href":"https:\/\/www.plexus.es\/gl\/wp-json\/wp\/v2\/users\/1"}],"replies":[{"embeddable":true,"href":"https:\/\/www.plexus.es\/gl\/wp-json\/wp\/v2\/comments?post=18986"}],"version-history":[{"count":21,"href":"https:\/\/www.plexus.es\/gl\/wp-json\/wp\/v2\/pages\/18986\/revisions"}],"predecessor-version":[{"id":49075,"href":"https:\/\/www.plexus.es\/gl\/wp-json\/wp\/v2\/pages\/18986\/revisions\/49075"}],"up":[{"embeddable":true,"href":"https:\/\/www.plexus.es\/gl\/wp-json\/wp\/v2\/pages\/19317"}],"wp:attachment":[{"href":"https:\/\/www.plexus.es\/gl\/wp-json\/wp\/v2\/media?parent=18986"}],"curies":[{"name":"wp","href":"https:\/\/api.w.org\/{rel}","templated":true}]}}