{"id":19328,"date":"2021-07-26T09:37:52","date_gmt":"2021-07-26T07:37:52","guid":{"rendered":"https:\/\/www.plexus.es\/privacy-policy\/"},"modified":"2025-02-05T10:49:37","modified_gmt":"2025-02-05T09:49:37","slug":"privacy-policy","status":"publish","type":"page","link":"https:\/\/www.plexus.es\/gl\/privacy-policy\/","title":{"rendered":"Privacy Policy"},"content":{"rendered":"<div class=\"fusion-fullwidth fullwidth-box fusion-builder-row-1 fusion-flex-container nonhundred-percent-fullwidth non-hundred-percent-height-scrolling\" style=\"background-color: rgba(255,255,255,0);background-position: center center;background-repeat: no-repeat;border-width: 0px 0px 0px 0px;border-color:#e8ebef;border-style:solid;\" ><div class=\"fusion-builder-row fusion-row fusion-flex-align-items-flex-start\" style=\"max-width:1310.4px;margin-left: calc(-4% \/ 2 );margin-right: calc(-4% \/ 2 );\"><div class=\"fusion-layout-column fusion_builder_column fusion-builder-column-0 fusion_builder_column_1_1 1_1 fusion-flex-column\"><div class=\"fusion-column-wrapper fusion-flex-justify-content-flex-start fusion-content-layout-column\" style=\"background-position:left top;background-repeat:no-repeat;-webkit-background-size:cover;-moz-background-size:cover;-o-background-size:cover;background-size:cover;padding: 0px 0px 0px 0px;\"><div class=\"fusion-text fusion-text-1\"><h1>POL\u00cdTICA DE PRIVACIDADE<\/h1>\n<p>&nbsp;<\/p>\n<p><strong>1.- RESPONSABLE DEL TRATAMIENTO<\/strong><\/p>\n<ul>\n<li style=\"list-style-type: none;\">\n<ul>\n<li><strong>Titular:<\/strong>\u00a0Tecnolog\u00edas Plexus, S.L. (en adelante, \u201cPLEXUS\u201d)<\/li>\n<li><strong>NIF:<\/strong>\u00a0B15726177<\/li>\n<li><strong>Domicilio social:<\/strong>\u00a0Jos\u00e9 Villar Granjel 22-24. Pol\u00edgono de Boisaca, Santiago de Compostela.<\/li>\n<li><strong>Email:<\/strong>\u00a0<u><a href=\"mailto:rgpd@www.plexus.es\">rgpd@www.plexus.es<\/a><\/u><\/li>\n<\/ul>\n<\/li>\n<\/ul>\n<p><strong>2.-\u00a0INFORMACI\u00d3N Y CONSENTIMIENTO<\/strong><\/p>\n<p>Mediante la aceptaci\u00f3n de la presente Pol\u00edtica de Privacidad, el usuario queda informado y presta su consentimiento libre e inequ\u00edvoco para que los datos personales que facilite a trav\u00e9s de la p\u00e1gina web sean tratados por PLEXUS.<\/p>\n<p><strong>3.-\u00a0OBLIGATORIEDAD DE FACILITAR LOS DATOS<\/strong><\/p>\n<p>Todos los datos personales que le solicitamos a trav\u00e9s de la web o mediante otro soporte, son obligatorios, (salvo que en el campo requerido se especifique lo contrario) para cumplir con las finalidades establecidas, no siendo posible el registro en el Sitio Web si no nos facilita los datos completos, sin perjuicio de que podr\u00e1 visualizar libremente el contenido del Sitio Web.<\/p>\n<p>Al introducir datos en el Sitio Web, el usuario garantiza que es mayor de catorce (14) a\u00f1os y que los datos aportados son verdaderos, exactos, completos y actualizados, comprometi\u00e9ndose a notificar a PLEXUS cualquier tipo de modificaci\u00f3n que se produzca en los datos que haya facilitado.<\/p>\n<p><strong>4.-\u00bfCUAL ES LA FINALIDAD DEL TRATAMIENTO DE SUS DATOS POR PARTE DE PLEXUS?<\/strong><\/p>\n<p>Los datos personales facilitados por el usuario ser\u00e1n tratados con las siguientes finalidades:<\/p>\n<ul>\n<li style=\"list-style-type: none;\">\n<ul>\n<li>Hacer efectivo el registro del usuario para permitirle el acceso a los productos y servicios que le podemos ofrecer.<\/li>\n<li>La inclusi\u00f3n de sus datos referidos al curriculum en una base de datos de la empresa (\u201ccandidatos\u201d), para su utilizaci\u00f3n en los futuros procesos de selecci\u00f3n relacionados con las ofertas de empleo que la empresa publique por los distintos canales que tiene habilitados.<\/li>\n<\/ul>\n<\/li>\n<\/ul>\n<p><strong>5.-\u00a0\u00bfCU\u00c1L ES LA LEGITIMACI\u00d3N DEL TRATAMIENTO?<\/strong><\/p>\n<p>El tratamiento de los datos del usuario est\u00e1 basado en el consentimiento expreso que se le solicita y que acepta y al que puede oponerse en cualquier momento.<\/p>\n<p>Los consentimientos obtenidos para cada una de las finalidades es independiente por lo que el usuario podr\u00e1 revocar solo uno de ellos no afectando a los dem\u00e1s.<\/p>\n<p>La legitimaci\u00f3n del tratamiento de sus datos personales tambi\u00e9n puede venir derivada del concepto de inter\u00e9s leg\u00edtimo que pueda tener la compa\u00f1\u00eda con base en la regulaci\u00f3n establecida en las legislaciones que fuesen aplicables al caso.<\/p>\n<p><strong>6.-\u00a0\u00bfCUAL ES EL PLAZO DE CONSEVACI\u00d3N DE LOS DATOS PERSONALES DE LOS USUARIOS?<\/strong><\/p>\n<p>Los datos personales se conservar\u00e1n mientras se mantenga la relaci\u00f3n con el usuario o hasta que ejercite su derecho de oposici\u00f3n y o cancelaci\u00f3n de datos. Una vez finalizada la relaci\u00f3n o ejercitado los mencionados derechos, los datos se bloquear\u00e1n durante todo el tiempo exigido por la legislaci\u00f3n aplicable y hasta que prescriban las eventuales responsabilidades derivadas del tratamiento.<\/p>\n<p><strong>7.-\u00a0\u00bfCUALES SON LOS DATOS DEL USUARIO QUE PODR\u00c1 TRATAR PLEXUS?\u00a0<\/strong><\/p>\n<p>PLEXUS tratar\u00e1 las siguientes categor\u00edas de datos del usuario:<\/p>\n<ul>\n<li style=\"list-style-type: none;\">\n<ul>\n<li>Datos proporcionados por el propio usuario\n<ul>\n<li>Datos identificativos: nombre, apellidos y dni.<\/li>\n<li>Datos de contacto: direcci\u00f3n de correo electr\u00f3nico.<\/li>\n<\/ul>\n<\/li>\n<li>Datos obtenidos de otras fuentes distintas del propio usuario, como por ejemplo fuentes accesibles al p\u00fablico.<\/li>\n<li>Datos entregados por terceras empresas para la gesti\u00f3n del Curriculum de un candidato.<\/li>\n<li>Datos derivados del desarrollo de la relaci\u00f3n: Datos proporcionado de forma indirecta por el cliente al derivar de la propia navegaci\u00f3n de la p\u00e1gina web, del acceso al \u00e1rea privada o cualquier otro de an\u00e1loga naturaleza que permita su recepci\u00f3n.<\/li>\n<\/ul>\n<\/li>\n<\/ul>\n<p>En aquellos casos en los que el usuario facilite a PLEXUS datos de terceros manifiesta que ha informado y ha obtenido consentimiento previo de dicha persona para que sus datos personales sean tratados por parte de PLEXUS. En caso de que PLEXUS fuera condenada por un tratamiento no autorizado, se reserva el derecho a repercutir dichas sanciones al usuario que facilit\u00f3 los datos sin consentimiento previo del titular.<\/p>\n<div class=\"et-tabs-container et_sliderfx_fade et_sliderauto_false et_sliderauto_speed_5000 et_slidertype_top_tabs\">\n<ul>\n<li style=\"list-style-type: none;\">\n<ul class=\"et-tabs-control\">\n<li class=\"active\"><a href=\"https:\/\/www.www.plexus.es\/aviso-legal\/#\">Live Chat<\/a><\/li>\n<li><a href=\"https:\/\/www.www.plexus.es\/aviso-legal\/#\">Google Analytics<\/a><\/li>\n<\/ul>\n<\/li>\n<\/ul>\n<div class=\"et-tabs-content\">\n<div class=\"et-tabs-content-main-wrap\">\n<div class=\"et-tabs-content-wrapper\">\n<div class=\"et_slidecontent et_shortcode_slide_active\">Actualmente recopilamos estos datos;<\/p>\n<p>&nbsp;<\/p>\n<p><b>Formulario del chat:<\/b><br \/>\u2013 Nombre<br \/>\u2013 E-mail<br \/>\u2013 N\u00famero de tel\u00e9fono<\/p>\n<p><b>Informaci\u00f3n t\u00e9cnica:<\/b><br \/>\u2013 Direcci\u00f3n IP<br \/>\u2013 P\u00e1ginas visitadas<br \/>\u2013 Tipo de dispositivo<br \/>\u2013 Tipo de Navegador<br \/>\u2013 Resoluci\u00f3n de la pantalla<br \/>\u2013 P\u00e1gina de acceso<\/p>\n<p>El visitante es libre de enviar cualquier otro dato a nivel personal que considere apropiado, estos datos quedan almacenados en los hist\u00f3ricos de las conversaciones.<\/p>\n<p><a href=\"https:\/\/www.smartsupp.com\/es\/help\/privacidad\/\" target=\"_blank\" rel=\"noopener noreferrer\">https:\/\/www.smartsupp.com\/es\/help\/privacidad\/<\/a><\/p>\n<\/div>\n<\/div>\n<\/div>\n<\/div>\n<\/div>\n<p>&nbsp;<\/p>\n<p><strong>8.-\u00a0\u00bfQUI\u00c9NES SON LOS DESTINATARIOS DE LOS DATOS DEL USUARIO?\u00a0<\/strong><\/p>\n<p>PLEXUS podr\u00e1 ceder los datos de car\u00e1cter personal del usuario a las empresas que forman parte de su grupo empresarial.\u00a0Las citadas empresas son:<\/p>\n<ul>\n<li style=\"list-style-type: none;\">\n<ul>\n<li class=\"x_MsoListParagraph\"><span data-olk-copy-source=\"MessageBody\">TECNOLOGIAS PLEXUS, S.L. B15726177<\/span><\/li>\n<li class=\"x_MsoListParagraph\">AGMINA MULTIMEDIA, S.L. B15793409<\/li>\n<li class=\"x_MsoListParagraph\">BRETEMA CONSULTING, S.L. B36458495<\/li>\n<li class=\"x_MsoListParagraph\">PLEXUS AMERICA, S.L. B70071154<\/li>\n<li class=\"x_MsoListParagraph\">PLEXUS SEGURIDAD, S.L. B70201330<\/li>\n<li class=\"x_MsoListParagraph\">PLEXUS SERVICIOS GENERALES, S.L. B70071162<\/li>\n<li class=\"x_MsoListParagraph\">PLEXUS TECNOLOGIAS DE LA INFORMACION Y LA B70244991<\/li>\n<li class=\"x_MsoListParagraph\">REGO TORRES, S.L. B15939051<\/li>\n<li class=\"x_MsoListParagraph\">INTRYO SERVICIOS DE SOFTWARE, S.L. B06611925<\/li>\n<li class=\"x_MsoListParagraph\"><span lang=\"EN-GB\">SM2 SOFTWARE &amp; SERVICES MANAGEMENT, S.A. A0723081<\/span><\/li>\n<li class=\"x_MsoListParagraph\">EVOLTIA, S.L. B83887182<\/li>\n<li class=\"x_MsoListParagraph\"><span lang=\"EN-GB\">HUMAN COMPUTER DEVELOPMENT, S.L. B83136200<\/span><\/li>\n<li class=\"x_MsoListParagraph\">BRUCKE ASESORES, S.L., B84276781<\/li>\n<li class=\"x_MsoListParagraph\">NOMASYSTEMS, S.L B15955503<\/li>\n<li class=\"x_MsoListParagraph\"><span lang=\"EN-GB\">SOFT FOR YOU S.L, CON CIF B60179108<\/span><\/li>\n<li class=\"x_MsoListParagraph\">ITECHGRUP INNOVACI\u00d3N EN TECNOLOG\u00cdAS DE LA INFORMACI\u00d3N SL. B64855893<\/li>\n<\/ul>\n<\/li>\n<\/ul>\n<p>Exceptuando lo anterior PLEXUS no realizar\u00e1 ninguna cesi\u00f3n de datos que no tenga una base jur\u00eddica que lo justifique o que dicha cesi\u00f3n est\u00e9 legitimada por alguna causa.\u00a0Por tanto, sus datos ser\u00e1n objeto de tratamiento \u00fanicamente por PLEXUS o las empresas de su grupo empresarial, dentro de su propio \u00e1mbito de actuaci\u00f3n y para los distintos soportes (digitales y\/o anal\u00f3gicos) en los que act\u00faa.<\/p>\n<p>Sin perjuicio de lo anterior, PLEXUS podr\u00e1 contratar servicios de almacenaje en la nube o \u201cCloud\u201dcon entidades cuyos servidores est\u00e1n radicados fuera del Espacio Econ\u00f3mico Europeo. No obstante, PLEXUS se asegurar\u00e1 de que dichos proveedores garantizan las medidas adecuadas para llevar un nivel equiparable de protecci\u00f3n en t\u00e9rminos de lo dispuesto en la normativa de protecci\u00f3n de datos.<\/p>\n<p>El servicio de ChatBot lo ofrece la compa\u00f1\u00eda Smartsupp.com, s.r.o., Company reg. no.: 03668681, VAT ID: CZ03668681, Lidick\u00e1 20, Brno, 602 00, Czech Republic. Existe m\u00e1s informaci\u00f3n a su disposici\u00f3n sobre este servicio en la p\u00e1gina<a href=\"https:\/\/www.smartsupp.com\/es\/help\/privacidad\/\" target=\"_blank\" rel=\"noopener noreferrer\">\u00a0https:\/\/www.smartsupp.com\/es\/help\/privacidad\/<\/a><\/p>\n<p><strong>9.-\u00a0\u00bfCU\u00c1LES SON SUS DERECHOS?<\/strong><\/p>\n<p>La normativa de Protecci\u00f3n de Datos le confiere una serie de derechos en relaci\u00f3n con el tratamiento de datos que implican nuestros servicios y que usted podr\u00e1 ejercitar, adjuntando la copia de su DNI a la reclamaci\u00f3n. Los derechos son los siguientes:<\/p>\n<ul>\n<li><strong>Derecho de acceso:<\/strong>\u00a0Conocer qu\u00e9 tipo de datos estamos tratando y las caracter\u00edsticas del tratamiento que se est\u00e1n llevando a cabo.<\/li>\n<li><strong>Derecho de rectificaci\u00f3n:<\/strong>\u00a0Puede modificar sus datos por ser inexactos o no veraces.<\/li>\n<li><strong>Derecho de portabilidad:<\/strong>\u00a0Poder obtener una copia en formato interoperable de los datos que est\u00e9n siendo tratados.<\/li>\n<li><strong>Derecho a la limitaci\u00f3n del tratamiento:<\/strong>\u00a0Cuando usted ha dado el consentimiento para el tratamiento de sus datos relacionados con distintas cuestiones podr\u00e1 proceder a su limitaci\u00f3n.<\/li>\n<li><strong>Derecho de supresi\u00f3n:<\/strong>\u00a0Solicitar la supresi\u00f3n de sus datos cuando el tratamiento ya no resulte necesario.<\/li>\n<li><strong>Derecho de oposici\u00f3n:<\/strong>\u00a0Solicitar el cese en el env\u00edo de comunicaciones comerciales anteriormente mencionado.<\/li>\n<li><strong>Derecho a revocar<\/strong>\u00a0el consentimiento prestado<\/li>\n<li><strong>Derecho a interponer una reclamaci\u00f3n<\/strong>\u00a0frente a la autoridad de control (En Espa\u00f1a la Agencia Espa\u00f1ola de Protecci\u00f3n de Datos \u2013AEPD)<\/li>\n<\/ul>\n<p>Puede ejercitar sus derechos mediante correo postal en la direcci\u00f3n postal R\u00faa Jos\u00e9 Villar Granjel 22-24, Pol\u00edgono de Boisaca (Santiago de Compostela), o mediante correo electr\u00f3nico ante el Delegado de Protecci\u00f3n de Datos de la empresa en la direcci\u00f3n\u00a0<u><a href=\"mailto:rgpd@www.plexus.es\">rgpd@www.plexus.es<\/a><\/u>\u00a0indicando el derecho a ejercitar y la copia de su DNI.<\/p>\n<p><strong>10.-\u00bfCU\u00c1LES SON LAS MEDIDAS DE SEGURIDAD QUE APLICAR\u00c1 PLEXUS?<\/strong><\/p>\n<p>PLEXUS tratar\u00e1 los datos del usuario en todo momento de forma absolutamente confidencial y guardando el preceptivo deber de secreto respecto de los mismos, de conformidad con lo previsto en la normativa de aplicaci\u00f3n, adoptando al efecto las medidas de \u00edndole t\u00e9cnica y organizativas necesarias que garanticen la seguridad de los datos y eviten su alteraci\u00f3n, p\u00e9rdida, tratamiento o acceso no autorizado, habida cuenta del estado de la tecnolog\u00eda, la naturaleza de los datos almacenados y los riesgos a que est\u00e1n expuestos.<\/p>\n<p>Dudas<\/p>\n<p>Cualquier duda, pregunta o comentario acerca de las presentes condiciones, podr\u00e1 hac\u00e9rnosla llegar dirigiendo su comunicaci\u00f3n al respecto a\u00a0la siguiente direcci\u00f3n de correo electr\u00f3nico:\u00a0<u><a href=\"mailto:rgpd@www.plexus.es\">rgpd@www.plexus.es<\/a><\/u><\/p>\n<p>&nbsp;<\/p>\n<\/div><\/div><style type=\"text\/css\">.fusion-body .fusion-builder-column-0{width:100% !important;margin-top : 0px;margin-bottom : 0px;}.fusion-builder-column-0 > .fusion-column-wrapper {padding-top : 0px !important;padding-right : 0px !important;margin-right : 1.92%;padding-bottom : 0px !important;padding-left : 0px !important;margin-left : 1.92%;}@media only screen and (max-width:1200px) {.fusion-body .fusion-builder-column-0{width:100% !important;}.fusion-builder-column-0 > .fusion-column-wrapper {margin-right : 1.92%;margin-left : 1.92%;}}@media only screen and (max-width:640px) {.fusion-body .fusion-builder-column-0{width:100% !important;}.fusion-builder-column-0 > .fusion-column-wrapper {margin-right : 1.92%;margin-left : 1.92%;}}<\/style><\/div><\/div><style type=\"text\/css\">.fusion-body .fusion-flex-container.fusion-builder-row-1{ padding-top : 60px;margin-top : 0px;padding-right : 0px;padding-bottom : 0px;margin-bottom : 0px;padding-left : 0px;}<\/style><\/div>","protected":false},"excerpt":{"rendered":"","protected":false},"author":1,"featured_media":0,"parent":0,"menu_order":0,"comment_status":"closed","ping_status":"closed","template":"","meta":[],"yoast_head":"<!-- This site is optimized with the Yoast SEO plugin v17.4 - https:\/\/yoast.com\/wordpress\/plugins\/seo\/ -->\n<title>Aviso Legal | Plexus Tech<\/title>\n<meta name=\"description\" content=\"Co\u00f1ece a pol\u00edtica de privacidade e o tratamento que facemos dos teus datos. Se tes d\u00fabidas podes contactar connosco en rgpd@www.plexus.es\" \/>\n<meta name=\"robots\" content=\"noindex, nofollow\" \/>\n<meta property=\"og:locale\" content=\"gl_ES\" \/>\n<meta property=\"og:type\" content=\"article\" \/>\n<meta property=\"og:title\" content=\"Aviso Legal | Plexus Tech\" \/>\n<meta property=\"og:description\" content=\"Co\u00f1ece a pol\u00edtica de privacidade e o tratamento que facemos dos teus datos. Se tes d\u00fabidas podes contactar connosco en rgpd@www.plexus.es\" \/>\n<meta property=\"og:url\" content=\"https:\/\/www.plexus.es\/gl\/privacy-policy\/\" \/>\n<meta property=\"og:site_name\" content=\"Plexus Tech\" \/>\n<meta property=\"article:publisher\" content=\"https:\/\/www.facebook.com\/Plexus.Techno\" \/>\n<meta property=\"article:modified_time\" content=\"2025-02-05T09:49:37+00:00\" \/>\n<meta name=\"twitter:card\" content=\"summary_large_image\" \/>\n<meta name=\"twitter:site\" content=\"@plexustech_\" \/>\n<meta name=\"twitter:label1\" content=\"Tempo de lectura\" \/>\n\t<meta name=\"twitter:data1\" content=\"10 minutos\" \/>\n<script type=\"application\/ld+json\" class=\"yoast-schema-graph\">{\"@context\":\"https:\/\/schema.org\",\"@graph\":[{\"@type\":\"Organization\",\"@id\":\"https:\/\/www.plexus.es\/#organization\",\"name\":\"Plexus Tech\",\"url\":\"https:\/\/www.plexus.es\/\",\"sameAs\":[\"https:\/\/www.facebook.com\/Plexus.Techno\",\"https:\/\/www.instagram.com\/plexus.tech\/\",\"https:\/\/www.linkedin.com\/company\/plexus-tech\/mycompany\/\",\"https:\/\/www.youtube.com\/user\/tecnologiasplexus\",\"https:\/\/twitter.com\/plexustech_\"],\"logo\":{\"@type\":\"ImageObject\",\"@id\":\"https:\/\/www.plexus.es\/#logo\",\"inLanguage\":\"gl-ES\",\"url\":\"https:\/\/www.plexus.es\/wp-content\/uploads\/2021\/11\/logo-plexus-2021.png\",\"contentUrl\":\"https:\/\/www.plexus.es\/wp-content\/uploads\/2021\/11\/logo-plexus-2021.png\",\"width\":600,\"height\":600,\"caption\":\"Plexus Tech\"},\"image\":{\"@id\":\"https:\/\/www.plexus.es\/#logo\"}},{\"@type\":\"WebSite\",\"@id\":\"https:\/\/www.plexus.es\/#website\",\"url\":\"https:\/\/www.plexus.es\/\",\"name\":\"Plexus Tech\",\"description\":\"Tecnolog\\u00eda con Alma\",\"publisher\":{\"@id\":\"https:\/\/www.plexus.es\/#organization\"},\"potentialAction\":[{\"@type\":\"SearchAction\",\"target\":{\"@type\":\"EntryPoint\",\"urlTemplate\":\"https:\/\/www.plexus.es\/?s={search_term_string}\"},\"query-input\":\"required name=search_term_string\"}],\"inLanguage\":\"gl-ES\"},{\"@type\":\"WebPage\",\"@id\":\"https:\/\/www.plexus.es\/gl\/privacy-policy\/#webpage\",\"url\":\"https:\/\/www.plexus.es\/gl\/privacy-policy\/\",\"name\":\"Aviso Legal | Plexus Tech\",\"isPartOf\":{\"@id\":\"https:\/\/www.plexus.es\/#website\"},\"datePublished\":\"2021-07-26T07:37:52+00:00\",\"dateModified\":\"2025-02-05T09:49:37+00:00\",\"description\":\"Co\\u00f1ece a pol\\u00edtica de privacidade e o tratamento que facemos dos teus datos. Se tes d\\u00fabidas podes contactar connosco en rgpd@www.plexus.es\",\"breadcrumb\":{\"@id\":\"https:\/\/www.plexus.es\/gl\/privacy-policy\/#breadcrumb\"},\"inLanguage\":\"gl-ES\",\"potentialAction\":[{\"@type\":\"ReadAction\",\"target\":[\"https:\/\/www.plexus.es\/gl\/privacy-policy\/\"]}]},{\"@type\":\"BreadcrumbList\",\"@id\":\"https:\/\/www.plexus.es\/gl\/privacy-policy\/#breadcrumb\",\"itemListElement\":[{\"@type\":\"ListItem\",\"position\":1,\"name\":\"Home\",\"item\":\"https:\/\/www.plexus.es\/\"},{\"@type\":\"ListItem\",\"position\":2,\"name\":\"Privacy Policy\"}]}]}<\/script>\n<!-- \/ Yoast SEO plugin. -->","yoast_head_json":{"title":"Aviso Legal | Plexus Tech","description":"Co\u00f1ece a pol\u00edtica de privacidade e o tratamento que facemos dos teus datos. Se tes d\u00fabidas podes contactar connosco en rgpd@www.plexus.es","robots":{"index":"noindex","follow":"nofollow"},"og_locale":"gl_ES","og_type":"article","og_title":"Aviso Legal | Plexus Tech","og_description":"Co\u00f1ece a pol\u00edtica de privacidade e o tratamento que facemos dos teus datos. Se tes d\u00fabidas podes contactar connosco en rgpd@www.plexus.es","og_url":"https:\/\/www.plexus.es\/gl\/privacy-policy\/","og_site_name":"Plexus Tech","article_publisher":"https:\/\/www.facebook.com\/Plexus.Techno","article_modified_time":"2025-02-05T09:49:37+00:00","twitter_card":"summary_large_image","twitter_site":"@plexustech_","twitter_misc":{"Tempo de lectura":"10 minutos"},"schema":{"@context":"https:\/\/schema.org","@graph":[{"@type":"Organization","@id":"https:\/\/www.plexus.es\/#organization","name":"Plexus Tech","url":"https:\/\/www.plexus.es\/","sameAs":["https:\/\/www.facebook.com\/Plexus.Techno","https:\/\/www.instagram.com\/plexus.tech\/","https:\/\/www.linkedin.com\/company\/plexus-tech\/mycompany\/","https:\/\/www.youtube.com\/user\/tecnologiasplexus","https:\/\/twitter.com\/plexustech_"],"logo":{"@type":"ImageObject","@id":"https:\/\/www.plexus.es\/#logo","inLanguage":"gl-ES","url":"https:\/\/www.plexus.es\/wp-content\/uploads\/2021\/11\/logo-plexus-2021.png","contentUrl":"https:\/\/www.plexus.es\/wp-content\/uploads\/2021\/11\/logo-plexus-2021.png","width":600,"height":600,"caption":"Plexus Tech"},"image":{"@id":"https:\/\/www.plexus.es\/#logo"}},{"@type":"WebSite","@id":"https:\/\/www.plexus.es\/#website","url":"https:\/\/www.plexus.es\/","name":"Plexus Tech","description":"Tecnolog\u00eda con Alma","publisher":{"@id":"https:\/\/www.plexus.es\/#organization"},"potentialAction":[{"@type":"SearchAction","target":{"@type":"EntryPoint","urlTemplate":"https:\/\/www.plexus.es\/?s={search_term_string}"},"query-input":"required name=search_term_string"}],"inLanguage":"gl-ES"},{"@type":"WebPage","@id":"https:\/\/www.plexus.es\/gl\/privacy-policy\/#webpage","url":"https:\/\/www.plexus.es\/gl\/privacy-policy\/","name":"Aviso Legal | Plexus Tech","isPartOf":{"@id":"https:\/\/www.plexus.es\/#website"},"datePublished":"2021-07-26T07:37:52+00:00","dateModified":"2025-02-05T09:49:37+00:00","description":"Co\u00f1ece a pol\u00edtica de privacidade e o tratamento que facemos dos teus datos. Se tes d\u00fabidas podes contactar connosco en rgpd@www.plexus.es","breadcrumb":{"@id":"https:\/\/www.plexus.es\/gl\/privacy-policy\/#breadcrumb"},"inLanguage":"gl-ES","potentialAction":[{"@type":"ReadAction","target":["https:\/\/www.plexus.es\/gl\/privacy-policy\/"]}]},{"@type":"BreadcrumbList","@id":"https:\/\/www.plexus.es\/gl\/privacy-policy\/#breadcrumb","itemListElement":[{"@type":"ListItem","position":1,"name":"Home","item":"https:\/\/www.plexus.es\/"},{"@type":"ListItem","position":2,"name":"Privacy Policy"}]}]}},"_links":{"self":[{"href":"https:\/\/www.plexus.es\/gl\/wp-json\/wp\/v2\/pages\/19328"}],"collection":[{"href":"https:\/\/www.plexus.es\/gl\/wp-json\/wp\/v2\/pages"}],"about":[{"href":"https:\/\/www.plexus.es\/gl\/wp-json\/wp\/v2\/types\/page"}],"author":[{"embeddable":true,"href":"https:\/\/www.plexus.es\/gl\/wp-json\/wp\/v2\/users\/1"}],"replies":[{"embeddable":true,"href":"https:\/\/www.plexus.es\/gl\/wp-json\/wp\/v2\/comments?post=19328"}],"version-history":[{"count":9,"href":"https:\/\/www.plexus.es\/gl\/wp-json\/wp\/v2\/pages\/19328\/revisions"}],"predecessor-version":[{"id":46000,"href":"https:\/\/www.plexus.es\/gl\/wp-json\/wp\/v2\/pages\/19328\/revisions\/46000"}],"wp:attachment":[{"href":"https:\/\/www.plexus.es\/gl\/wp-json\/wp\/v2\/media?parent=19328"}],"curies":[{"name":"wp","href":"https:\/\/api.w.org\/{rel}","templated":true}]}}