{"id":44137,"date":"2024-07-18T14:21:29","date_gmt":"2024-07-18T12:21:29","guid":{"rendered":"https:\/\/www.plexus.es\/servizos\/idi\/descricion-do-video-accordion-h2020\/"},"modified":"2024-07-19T11:37:35","modified_gmt":"2024-07-19T09:37:35","slug":"descricion-do-video-accordion-h2020","status":"publish","type":"page","link":"https:\/\/www.plexus.es\/gl\/servizos\/idi\/descricion-do-video-accordion-h2020\/","title":{"rendered":"Descrici\u00f3n do v\u00eddeo ACCORDION H2020"},"content":{"rendered":"<div class=\"fusion-fullwidth fullwidth-box fusion-builder-row-1 fusion-flex-container nonhundred-percent-fullwidth non-hundred-percent-height-scrolling\" style=\"background-color: rgba(255,255,255,0);background-position: center center;background-repeat: no-repeat;border-width: 0px 0px 0px 0px;border-color:#e8ebef;border-style:solid;\" ><div class=\"fusion-builder-row fusion-row fusion-flex-align-items-flex-start\" style=\"max-width:1310.4px;margin-left: calc(-4% \/ 2 );margin-right: calc(-4% \/ 2 );\"><div class=\"fusion-layout-column fusion_builder_column fusion-builder-column-0 fusion_builder_column_3_4 3_4 fusion-flex-column\"><div class=\"fusion-column-wrapper fusion-flex-justify-content-flex-start fusion-content-layout-column\" style=\"background-position:left top;background-repeat:no-repeat;-webkit-background-size:cover;-moz-background-size:cover;-o-background-size:cover;background-size:cover;padding: 0px 0px 0px 0px;\"><style type=\"text\/css\">@media only screen and (max-width:1200px) {.fusion-title.fusion-title-1{margin-top:2rem!important; margin-right:1rem!important;margin-bottom:2rem!important;margin-left:0px!important;}}@media only screen and (max-width:640px) {.fusion-title.fusion-title-1{margin-top:0px!important; margin-right:0px!important;margin-bottom:0px!important; margin-left:0px!important;}}<\/style><div class=\"fusion-title title fusion-title-1 fusion-sep-none fusion-title-text fusion-title-size-one\" style=\"margin-top:2rem;margin-right:1rem;margin-bottom:2rem;margin-left:0px;\"><h1 class=\"title-heading-left fusion-responsive-typography-calculated\" style=\"margin:0;--fontSize:45;line-height:1;\">Descrici\u00f3n do v\u00eddeo ACCORDION H2020<\/h1><\/div><div class=\"fusion-text fusion-text-1\"><p>A transici\u00f3n \u00e1 Plataforma Accordion apoiar\u00e1 o caso empresarial de Plexus<br \/>\nproporcionar contido personalizado integrando dous produtos clave que incorporan a vantaxe<br \/>\ninform\u00e1tica para garantir unha menor latencia e un maior rendemento na rede media<br \/>\ncondici\u00f3ns.<br \/>\nPlexus desenvolve unha plataforma que permitir\u00e1 o procesamento da informaci\u00f3n do dispositivo no borde,<br \/>\nreducindo a latencia e permitindo que se realicen c\u00e1lculos avanzados na nube.<br \/>\nA partir dos resultados destes c\u00e1lculos, transmitirase contido adaptado ao<br \/>\ndiferentes pantallas da Rede.<br \/>\nNo seguinte diagrama ofr\u00e9cense exemplos desde o inicio do servizo de borde e<br \/>\na solicitude do punto final de Anblick. Estes escenarios execut\u00e1ronse neste primeiro ciclo,<br \/>\npolo tanto, o dispositivo Edge e o cliente Anblick est\u00e1n despregados dentro do Accordion<br \/>\nplataforma.<br \/>\nO sistema local consiste nun Raspberry Pi ou cluster de Raspberry Pi que funciona<br \/>\nas funci\u00f3ns dun dispositivo de borde e permiten o procesamento local que reduce a latencia.<br \/>\nAnblick exec\u00fatase nunha nube p\u00fablica e \u00e9 responsable da difusi\u00f3n do dereito<br \/>\ncontido \u00e1s pantallas de TV conectadas. A situaci\u00f3n inicial \u00e9 un contido predeterminado que<br \/>\n\u00e9 independente das caracter\u00edsticas dos usuarios dun local. Cando entra un usuario<br \/>\nun lugar e activa a funci\u00f3n wi-fi e entra dentro do alcance da Raspberry Pi,<br \/>\np\u00f3dense detectar as solicitudes de sonda do seu dispositivo. A antena wifi conectada<br \/>\nao bordo recibe a solicitude de sonda. Os datos da solicitude da sonda non se almacenan no<br \/>\nbordo. O bordo procesa a informaci\u00f3n. Polo tanto, o MAC \u00e9 anonimizado e<br \/>\nas coordenadas dos dispositivos calc\u00falanse en funci\u00f3n da antena Wi-Fi, en funci\u00f3n de<br \/>\nvarios par\u00e1metros como o n\u00famero de usuarios dentro do rango, o tempo medio no rango ou<br \/>\nn\u00famero de novos visitantes, t\u00f3mase unha decisi\u00f3n de contido ao l\u00edmite. A etiqueta comp\u00e1rtese con<br \/>\na nube. Para este primeiro ciclo o foco \u00e9 a adaptaci\u00f3n de contidos en funci\u00f3n do procesamento en<br \/>\no bordo.<br \/>\nFinalmente, o usuario pode ver contidos adaptados nas pantallas de televisi\u00f3n dentro do recinto, permitindo<br \/>\npara unha sinalizaci\u00f3n dixital m\u00e1is eficaz<\/p>\n<\/div><\/div><style type=\"text\/css\">.fusion-body .fusion-builder-column-0{width:75% !important;margin-top : 20px;margin-bottom : 20px;}.fusion-builder-column-0 > .fusion-column-wrapper {padding-top : 0px !important;padding-right : 0px !important;margin-right : 2.56%;padding-bottom : 0px !important;padding-left : 0px !important;margin-left : 2.56%;}@media only screen and (max-width:1200px) {.fusion-body .fusion-builder-column-0{width:75% !important;order : 0;}.fusion-builder-column-0 > .fusion-column-wrapper {margin-right : 2.56%;margin-left : 2.56%;}}@media only screen and (max-width:640px) {.fusion-body .fusion-builder-column-0{width:100% !important;order : 0;}.fusion-builder-column-0 > .fusion-column-wrapper {margin-right : 1.92%;margin-left : 1.92%;}}<\/style><\/div><\/div><style type=\"text\/css\">.fusion-body .fusion-flex-container.fusion-builder-row-1{ padding-top : 0px;margin-top : 0px;padding-right : 0px;padding-bottom : 0px;margin-bottom : 0px;padding-left : 0px;}<\/style><\/div>\n","protected":false},"excerpt":{"rendered":"","protected":false},"author":5,"featured_media":0,"parent":18978,"menu_order":0,"comment_status":"closed","ping_status":"closed","template":"","meta":[],"yoast_head":"<!-- This site is optimized with the Yoast SEO plugin v17.4 - https:\/\/yoast.com\/wordpress\/plugins\/seo\/ -->\n<title>Descrici\u00f3n do v\u00eddeo ACCORDION H2020 - Plexus Tech<\/title>\n<meta name=\"robots\" content=\"index, follow, max-snippet:-1, max-image-preview:large, max-video-preview:-1\" \/>\n<link rel=\"canonical\" href=\"https:\/\/www.plexus.es\/servicios\/i-d-i\/descripcion-video-accordion-h2020\/\" \/>\n<meta property=\"og:locale\" content=\"gl_ES\" \/>\n<meta property=\"og:type\" content=\"article\" \/>\n<meta property=\"og:title\" content=\"Descrici\u00f3n do v\u00eddeo ACCORDION H2020 - Plexus Tech\" \/>\n<meta property=\"og:url\" content=\"https:\/\/www.plexus.es\/servicios\/i-d-i\/descripcion-video-accordion-h2020\/\" \/>\n<meta property=\"og:site_name\" content=\"Plexus Tech\" \/>\n<meta property=\"article:publisher\" content=\"https:\/\/www.facebook.com\/Plexus.Techno\" \/>\n<meta property=\"article:modified_time\" content=\"2024-07-19T09:37:35+00:00\" \/>\n<meta name=\"twitter:card\" content=\"summary_large_image\" \/>\n<meta name=\"twitter:site\" content=\"@plexustech_\" \/>\n<meta name=\"twitter:label1\" content=\"Tempo de lectura\" \/>\n\t<meta name=\"twitter:data1\" content=\"5 minutos\" \/>\n<script type=\"application\/ld+json\" class=\"yoast-schema-graph\">{\"@context\":\"https:\/\/schema.org\",\"@graph\":[{\"@type\":\"Organization\",\"@id\":\"https:\/\/www.plexus.es\/#organization\",\"name\":\"Plexus Tech\",\"url\":\"https:\/\/www.plexus.es\/\",\"sameAs\":[\"https:\/\/www.facebook.com\/Plexus.Techno\",\"https:\/\/www.instagram.com\/plexus.tech\/\",\"https:\/\/www.linkedin.com\/company\/plexus-tech\/mycompany\/\",\"https:\/\/www.youtube.com\/user\/tecnologiasplexus\",\"https:\/\/twitter.com\/plexustech_\"],\"logo\":{\"@type\":\"ImageObject\",\"@id\":\"https:\/\/www.plexus.es\/#logo\",\"inLanguage\":\"gl-ES\",\"url\":\"https:\/\/www.plexus.es\/wp-content\/uploads\/2021\/11\/logo-plexus-2021.png\",\"contentUrl\":\"https:\/\/www.plexus.es\/wp-content\/uploads\/2021\/11\/logo-plexus-2021.png\",\"width\":600,\"height\":600,\"caption\":\"Plexus Tech\"},\"image\":{\"@id\":\"https:\/\/www.plexus.es\/#logo\"}},{\"@type\":\"WebSite\",\"@id\":\"https:\/\/www.plexus.es\/#website\",\"url\":\"https:\/\/www.plexus.es\/\",\"name\":\"Plexus Tech\",\"description\":\"Tecnolog\\u00eda con Alma\",\"publisher\":{\"@id\":\"https:\/\/www.plexus.es\/#organization\"},\"potentialAction\":[{\"@type\":\"SearchAction\",\"target\":{\"@type\":\"EntryPoint\",\"urlTemplate\":\"https:\/\/www.plexus.es\/?s={search_term_string}\"},\"query-input\":\"required name=search_term_string\"}],\"inLanguage\":\"gl-ES\"},{\"@type\":\"WebPage\",\"@id\":\"https:\/\/www.plexus.es\/servicios\/i-d-i\/descripcion-video-accordion-h2020\/#webpage\",\"url\":\"https:\/\/www.plexus.es\/servicios\/i-d-i\/descripcion-video-accordion-h2020\/\",\"name\":\"Descrici\\u00f3n do v\\u00eddeo ACCORDION H2020 - Plexus Tech\",\"isPartOf\":{\"@id\":\"https:\/\/www.plexus.es\/#website\"},\"datePublished\":\"2024-07-18T12:21:29+00:00\",\"dateModified\":\"2024-07-19T09:37:35+00:00\",\"breadcrumb\":{\"@id\":\"https:\/\/www.plexus.es\/servicios\/i-d-i\/descripcion-video-accordion-h2020\/#breadcrumb\"},\"inLanguage\":\"gl-ES\",\"potentialAction\":[{\"@type\":\"ReadAction\",\"target\":[\"https:\/\/www.plexus.es\/servicios\/i-d-i\/descripcion-video-accordion-h2020\/\"]}]},{\"@type\":\"BreadcrumbList\",\"@id\":\"https:\/\/www.plexus.es\/servicios\/i-d-i\/descripcion-video-accordion-h2020\/#breadcrumb\",\"itemListElement\":[{\"@type\":\"ListItem\",\"position\":1,\"name\":\"Home\",\"item\":\"https:\/\/www.plexus.es\/\"},{\"@type\":\"ListItem\",\"position\":2,\"name\":\"Servizos\",\"item\":\"https:\/\/www.plexus.es\/gl\/servizos\/\"},{\"@type\":\"ListItem\",\"position\":3,\"name\":\"I+D+i\",\"item\":\"https:\/\/www.plexus.es\/gl\/servizos\/idi\/\"},{\"@type\":\"ListItem\",\"position\":4,\"name\":\"Descrici\\u00f3n do v\\u00eddeo ACCORDION H2020\"}]}]}<\/script>\n<!-- \/ Yoast SEO plugin. -->","yoast_head_json":{"title":"Descrici\u00f3n do v\u00eddeo ACCORDION H2020 - Plexus Tech","robots":{"index":"index","follow":"follow","max-snippet":"max-snippet:-1","max-image-preview":"max-image-preview:large","max-video-preview":"max-video-preview:-1"},"canonical":"https:\/\/www.plexus.es\/servicios\/i-d-i\/descripcion-video-accordion-h2020\/","og_locale":"gl_ES","og_type":"article","og_title":"Descrici\u00f3n do v\u00eddeo ACCORDION H2020 - Plexus Tech","og_url":"https:\/\/www.plexus.es\/servicios\/i-d-i\/descripcion-video-accordion-h2020\/","og_site_name":"Plexus Tech","article_publisher":"https:\/\/www.facebook.com\/Plexus.Techno","article_modified_time":"2024-07-19T09:37:35+00:00","twitter_card":"summary_large_image","twitter_site":"@plexustech_","twitter_misc":{"Tempo de lectura":"5 minutos"},"schema":{"@context":"https:\/\/schema.org","@graph":[{"@type":"Organization","@id":"https:\/\/www.plexus.es\/#organization","name":"Plexus Tech","url":"https:\/\/www.plexus.es\/","sameAs":["https:\/\/www.facebook.com\/Plexus.Techno","https:\/\/www.instagram.com\/plexus.tech\/","https:\/\/www.linkedin.com\/company\/plexus-tech\/mycompany\/","https:\/\/www.youtube.com\/user\/tecnologiasplexus","https:\/\/twitter.com\/plexustech_"],"logo":{"@type":"ImageObject","@id":"https:\/\/www.plexus.es\/#logo","inLanguage":"gl-ES","url":"https:\/\/www.plexus.es\/wp-content\/uploads\/2021\/11\/logo-plexus-2021.png","contentUrl":"https:\/\/www.plexus.es\/wp-content\/uploads\/2021\/11\/logo-plexus-2021.png","width":600,"height":600,"caption":"Plexus Tech"},"image":{"@id":"https:\/\/www.plexus.es\/#logo"}},{"@type":"WebSite","@id":"https:\/\/www.plexus.es\/#website","url":"https:\/\/www.plexus.es\/","name":"Plexus Tech","description":"Tecnolog\u00eda con Alma","publisher":{"@id":"https:\/\/www.plexus.es\/#organization"},"potentialAction":[{"@type":"SearchAction","target":{"@type":"EntryPoint","urlTemplate":"https:\/\/www.plexus.es\/?s={search_term_string}"},"query-input":"required name=search_term_string"}],"inLanguage":"gl-ES"},{"@type":"WebPage","@id":"https:\/\/www.plexus.es\/servicios\/i-d-i\/descripcion-video-accordion-h2020\/#webpage","url":"https:\/\/www.plexus.es\/servicios\/i-d-i\/descripcion-video-accordion-h2020\/","name":"Descrici\u00f3n do v\u00eddeo ACCORDION H2020 - Plexus Tech","isPartOf":{"@id":"https:\/\/www.plexus.es\/#website"},"datePublished":"2024-07-18T12:21:29+00:00","dateModified":"2024-07-19T09:37:35+00:00","breadcrumb":{"@id":"https:\/\/www.plexus.es\/servicios\/i-d-i\/descripcion-video-accordion-h2020\/#breadcrumb"},"inLanguage":"gl-ES","potentialAction":[{"@type":"ReadAction","target":["https:\/\/www.plexus.es\/servicios\/i-d-i\/descripcion-video-accordion-h2020\/"]}]},{"@type":"BreadcrumbList","@id":"https:\/\/www.plexus.es\/servicios\/i-d-i\/descripcion-video-accordion-h2020\/#breadcrumb","itemListElement":[{"@type":"ListItem","position":1,"name":"Home","item":"https:\/\/www.plexus.es\/"},{"@type":"ListItem","position":2,"name":"Servizos","item":"https:\/\/www.plexus.es\/gl\/servizos\/"},{"@type":"ListItem","position":3,"name":"I+D+i","item":"https:\/\/www.plexus.es\/gl\/servizos\/idi\/"},{"@type":"ListItem","position":4,"name":"Descrici\u00f3n do v\u00eddeo ACCORDION H2020"}]}]}},"_links":{"self":[{"href":"https:\/\/www.plexus.es\/gl\/wp-json\/wp\/v2\/pages\/44137"}],"collection":[{"href":"https:\/\/www.plexus.es\/gl\/wp-json\/wp\/v2\/pages"}],"about":[{"href":"https:\/\/www.plexus.es\/gl\/wp-json\/wp\/v2\/types\/page"}],"author":[{"embeddable":true,"href":"https:\/\/www.plexus.es\/gl\/wp-json\/wp\/v2\/users\/5"}],"replies":[{"embeddable":true,"href":"https:\/\/www.plexus.es\/gl\/wp-json\/wp\/v2\/comments?post=44137"}],"version-history":[{"count":4,"href":"https:\/\/www.plexus.es\/gl\/wp-json\/wp\/v2\/pages\/44137\/revisions"}],"predecessor-version":[{"id":44180,"href":"https:\/\/www.plexus.es\/gl\/wp-json\/wp\/v2\/pages\/44137\/revisions\/44180"}],"up":[{"embeddable":true,"href":"https:\/\/www.plexus.es\/gl\/wp-json\/wp\/v2\/pages\/18978"}],"wp:attachment":[{"href":"https:\/\/www.plexus.es\/gl\/wp-json\/wp\/v2\/media?parent=44137"}],"curies":[{"name":"wp","href":"https:\/\/api.w.org\/{rel}","templated":true}]}}