{"id":44277,"date":"2024-05-04T22:01:07","date_gmt":"2024-05-04T20:01:07","guid":{"rendered":"https:\/\/www.plexus.es\/accesibilidad\/"},"modified":"2025-10-09T15:19:20","modified_gmt":"2025-10-09T13:19:20","slug":"accesibilidad","status":"publish","type":"page","link":"https:\/\/www.plexus.es\/gl\/accesibilidad\/","title":{"rendered":"accesibilidad"},"content":{"rendered":"<div class=\"fusion-fullwidth fullwidth-box fusion-builder-row-1 fusion-flex-container plexus_css container-legal nonhundred-percent-fullwidth non-hundred-percent-height-scrolling\" style=\"background-color: rgba(255,255,255,0);background-position: center center;background-repeat: no-repeat;border-width: 0px 0px 0px 0px;border-color:#e8ebef;border-style:solid;\" ><div class=\"fusion-builder-row fusion-row fusion-flex-align-items-flex-start\" style=\"max-width:1310.4px;margin-left: calc(-4% \/ 2 );margin-right: calc(-4% \/ 2 );\"><div class=\"fusion-layout-column fusion_builder_column fusion-builder-column-0 fusion_builder_column_1_1 1_1 fusion-flex-column plexus_css minuscula\"><div class=\"fusion-column-wrapper fusion-flex-justify-content-flex-start fusion-content-layout-column\" style=\"background-position:left top;background-repeat:no-repeat;-webkit-background-size:cover;-moz-background-size:cover;-o-background-size:cover;background-size:cover;padding: 0px 0px 0px 0px;\"><div class=\"fusion-text fusion-text-1\" style=\"text-align:left;\"><h1 class=\"title-heading-left fusion-responsive-typography-calculated\" style=\"text-align: left;\">Declaraci\u00f3n de accesibilidade<\/h1>\n<\/div><div class=\"fusion-text fusion-text-2\"><p>En Plexus, a nosa visi\u00f3n \u00e9 crear un mundo dixital onde o software sexa unha ferramenta para todos. A trav\u00e9s da nosa \u00c1rea de Accesibilidade, formada por consultores con diferentes capacidades, discapacidade e perspectivas, desenvolvemos soluci\u00f3ns tecnol\u00f3xicas innovadoras que eliminan barreiras e empoderan \u00e1s persoas. Contar con persoas con discapacidade no noso equipo enriquece o noso traballo e perm\u00edtenos detectar barreiras reais de accesibilidade en aplicaci\u00f3ns, p\u00e1xinas web, quioscos, caixeiros autom\u00e1ticos e outras TIC. O noso obxectivo \u00e9 ir m\u00e1is al\u00f3 dos est\u00e1ndares e xerar unha experiencia inclusiva e satisfactoria para a maior diversidade de usuarios posible.<\/p>\n<p>Esta declaraci\u00f3n de accesibilidade apl\u00edcase ao sitio web de Plexus Tech.<\/p>\n<\/div><div class=\"fusion-text fusion-text-3\" style=\"text-align:left;\"><h2 class=\"title-heading-left fusion-responsive-typography-calculated\">Estado de conformidade<\/h2>\n<\/div><div class=\"fusion-text fusion-text-4\"><p>O portal Plexus foi dese\u00f1ado para adaptarse \u00e1s normas e normativas actuais en materia de accesibilidade e usabilidade e revisase periodicamente para mantelo actualizado.<\/p>\n<p>Este sitio web cumpre coa norma UNE EN 301549, a lei 11\/2023 e a norma W3C WCAG 2.1 Nivel AA.<\/p>\n<\/div><div class=\"fusion-text fusion-text-5\" style=\"text-align:left;\"><h2 class=\"title-heading-left fusion-responsive-typography-calculated\">Elaboraci\u00f3n desta declaraci\u00f3n de accesibilidade<\/h2>\n<\/div><div class=\"fusion-text fusion-text-6\"><p>Esta declaraci\u00f3n de accesibilidade elaborouse o 6 de xu\u00f1o de 2024.<\/p>\n<p>O m\u00e9todo empregado para esta declaraci\u00f3n foi unha autoavaliaci\u00f3n realizada internamente por Plexus a partir de informes xerados polo Observatorio de Accesibilidade, comprobaci\u00f3ns con ferramentas automatizadas, manuais e tecnolox\u00edas de asistencia; e boas pr\u00e1cticas de dese\u00f1o e desenvolvemento. Ademais, realizamos o proceso de certificaci\u00f3n de accesibilidade AENOR, obtenci\u00f3n do Certificado de Produto AENOR: Web Accesible segundo a Norma UNE EN 301549:2022<\/p>\n<p>&nbsp;<\/p>\n<p>\u00daltima revisi\u00f3n da declaraci\u00f3n: 4 de xu\u00f1o de 2025.<\/p>\n<\/div><div class=\"fusion-text fusion-text-7\" style=\"text-align:left;\"><h2 class=\"title-heading-left fusion-responsive-typography-calculated\">Contido non accesible<\/h2>\n<\/div><div class=\"fusion-text fusion-text-8\"><p>\u00c9 posible que haxa contido na secci\u00f3n Noticias, especialmente noticias m\u00e1is antigas, que te\u00f1a certos problemas de accesibilidade que non bloquean, por exemplo: nomes repetidos nos controis do reprodutor de v\u00eddeo, texto alternativo repetido ou non suficientemente descritivo ou niveis de cabeceira incorrectos . En todo caso, son problemas que non bloquean o acceso \u00e1 informaci\u00f3n.<\/p>\n<p>Nalgunhas p\u00e1xinas, o contido solapase cando se aumenta o tama\u00f1o do texto ata un 200 %. Esta solapamento, a\u00ednda que pode cortar parte do texto, non provoca unha perda significativa de contido.<\/p>\n<\/div><div class=\"fusion-text fusion-text-9\" style=\"text-align:left;\"><h2 class=\"title-heading-left fusion-responsive-typography-calculated\">Observaci\u00f3ns e informaci\u00f3n de contacto<\/h2>\n<\/div><div class=\"fusion-text fusion-text-10\"><p>Se atopas unha barreira de accesibilidade ao navegar pola nosa web, ponte en contacto connosco no seguinte correo electr\u00f3nico accessibilityplexustech@plexus.es.<\/p>\n<p>Na s\u00faa mensaxe, proporcione o seguinte:<\/p>\n<ul>\n<li>A s\u00faa informaci\u00f3n de contacto<\/li>\n<li>O enderezo web ou outro lugar onde tivese dificultades<\/li>\n<li>Unha breve descrici\u00f3n do problema que atopou, inclu\u00edndo o tipo de tecnolox\u00eda de asistencia que estaba a usar cando experimentou a dificultade e o navegador<\/li>\n<\/ul>\n<\/div><div class=\"fusion-text fusion-text-11\" style=\"text-align:left;\"><h2 class=\"title-heading-left fusion-responsive-typography-calculated\">Certificado de produto AENOR: Web accesible segundo a norma UNE EN 301549:2022<\/h2>\n<\/div><div class=\"fusion-text fusion-text-12\"><p>Esta web conta coa marca AENOR N, que certifica o cumprimento da norma UNE EN 301549:2022 segundo a normativa particular RP A90.01. A norma UNE EN 301549:2022 ampl\u00eda as directrices WCAG 2.1 ao nivel AA, e incl\u00fae criterios de \u00e9xito complementarios que a fai m\u00e1is estrita e reforza as directrices do W3C. Esta certificaci\u00f3n tam\u00e9n garante que TECNOLOG\u00cdAS PLEXUS, S.L. Conta cun sistema interno de xesti\u00f3n da accesibilidade web, destinado a preservar a accesibilidade deste sitio no tempo. AENOR realizar\u00e1 un seguimento semestral da p\u00e1xina web e do sistema para manter esta certificaci\u00f3n durante o seu per\u00edodo de vixencia.<\/p>\n<p>Durante o seu proceso de desenvolvemento, o sitio web de Plexus foi avaliado por consultores e usuarios con discapacidade para garantir niveis de accesibilidade \u00f3ptimos. Probouse con diferentes combinaci\u00f3ns de sistemas operativos, dispositivos e tecnolox\u00edas de asistencia. Ademais, todos os equipos de dese\u00f1o, desenvolvemento e xesti\u00f3n de contidos recibiron formaci\u00f3n en accesibilidade, polo que son conscientes da s\u00faa importancia e te\u00f1en as competencias necesarias para mantelo.<\/p>\n<\/div><div style=\"text-align:center;\"><span class=\" fusion-imageframe imageframe-none imageframe-1 hover-type-none\" style=\"border-radius:12px;\"><img width=\"178\" height=\"225\" alt=\"Aenor\u2028Accesibildad Tic\u2028A90\/000064\" title=\"Captura de pantalla 2024-10-02 a las 14.58.52\" src=\"data:image\/svg+xml,%3Csvg%20xmlns%3D%27http%3A%2F%2Fwww.w3.org%2F2000%2Fsvg%27%20width%3D%27178%27%20height%3D%27225%27%20viewBox%3D%270%200%20178%20225%27%3E%3Crect%20width%3D%27178%27%20height%3D%27225%27%20fill-opacity%3D%220%22%2F%3E%3C%2Fsvg%3E\" data-orig-src=\"https:\/\/www.plexus.es\/wp-content\/uploads\/2024\/10\/Captura-de-pantalla-2024-10-02-a-las-14.58.52.png\" class=\"lazyload img-responsive wp-image-44295\"\/><\/span><\/div><\/div><style type=\"text\/css\">.fusion-body .fusion-builder-column-0{width:100% !important;margin-top : 20px;margin-bottom : 20px;}.fusion-builder-column-0 > .fusion-column-wrapper {padding-top : 0px !important;padding-right : 0px !important;margin-right : 1.92%;padding-bottom : 0px !important;padding-left : 0px !important;margin-left : 1.92%;}@media only screen and (max-width:1200px) {.fusion-body .fusion-builder-column-0{width:100% !important;order : 0;}.fusion-builder-column-0 > .fusion-column-wrapper {margin-right : 1.92%;padding-left : 0px !important;margin-left : 0%;}}@media only screen and (max-width:640px) {.fusion-body .fusion-builder-column-0{width:100% !important;order : 0;}.fusion-builder-column-0 > .fusion-column-wrapper {margin-right : 0%;margin-left : 0%;}}<\/style><\/div><\/div><style type=\"text\/css\">.fusion-body .fusion-flex-container.fusion-builder-row-1{ padding-top : 0px;margin-top : 0px;padding-right : 0px;padding-bottom : 0px;margin-bottom : 0px;padding-left : 90px;}@media only screen and (max-width:1200px) {.fusion-body .fusion-flex-container.fusion-builder-row-1{ padding-left : 20px;}}@media only screen and (max-width:640px) {.fusion-body .fusion-flex-container.fusion-builder-row-1{ padding-right : 0px;padding-left : 0px;}}<\/style><\/div>\n","protected":false},"excerpt":{"rendered":"","protected":false},"author":5,"featured_media":0,"parent":0,"menu_order":0,"comment_status":"closed","ping_status":"closed","template":"","meta":[],"yoast_head":"<!-- This site is optimized with the Yoast SEO plugin v17.4 - https:\/\/yoast.com\/wordpress\/plugins\/seo\/ -->\n<title>accesibilidad - Plexus Tech<\/title>\n<meta name=\"robots\" content=\"index, follow, max-snippet:-1, max-image-preview:large, max-video-preview:-1\" \/>\n<link rel=\"canonical\" href=\"https:\/\/www.plexus.es\/accesibilidad\/\" \/>\n<meta property=\"og:locale\" content=\"gl_ES\" \/>\n<meta property=\"og:type\" content=\"article\" \/>\n<meta property=\"og:title\" content=\"accesibilidad - Plexus Tech\" \/>\n<meta property=\"og:url\" content=\"https:\/\/www.plexus.es\/accesibilidad\/\" \/>\n<meta property=\"og:site_name\" content=\"Plexus Tech\" \/>\n<meta property=\"article:publisher\" content=\"https:\/\/www.facebook.com\/Plexus.Techno\" \/>\n<meta property=\"article:modified_time\" content=\"2025-10-09T13:19:20+00:00\" \/>\n<meta name=\"twitter:card\" content=\"summary_large_image\" \/>\n<meta name=\"twitter:site\" content=\"@plexustech_\" \/>\n<meta name=\"twitter:label1\" content=\"Tempo de lectura\" \/>\n\t<meta name=\"twitter:data1\" content=\"11 minutos\" \/>\n<script type=\"application\/ld+json\" class=\"yoast-schema-graph\">{\"@context\":\"https:\/\/schema.org\",\"@graph\":[{\"@type\":\"Organization\",\"@id\":\"https:\/\/www.plexus.es\/#organization\",\"name\":\"Plexus Tech\",\"url\":\"https:\/\/www.plexus.es\/\",\"sameAs\":[\"https:\/\/www.facebook.com\/Plexus.Techno\",\"https:\/\/www.instagram.com\/plexus.tech\/\",\"https:\/\/www.linkedin.com\/company\/plexus-tech\/mycompany\/\",\"https:\/\/www.youtube.com\/user\/tecnologiasplexus\",\"https:\/\/twitter.com\/plexustech_\"],\"logo\":{\"@type\":\"ImageObject\",\"@id\":\"https:\/\/www.plexus.es\/#logo\",\"inLanguage\":\"gl-ES\",\"url\":\"https:\/\/www.plexus.es\/wp-content\/uploads\/2021\/11\/logo-plexus-2021.png\",\"contentUrl\":\"https:\/\/www.plexus.es\/wp-content\/uploads\/2021\/11\/logo-plexus-2021.png\",\"width\":600,\"height\":600,\"caption\":\"Plexus Tech\"},\"image\":{\"@id\":\"https:\/\/www.plexus.es\/#logo\"}},{\"@type\":\"WebSite\",\"@id\":\"https:\/\/www.plexus.es\/#website\",\"url\":\"https:\/\/www.plexus.es\/\",\"name\":\"Plexus Tech\",\"description\":\"Tecnolog\\u00eda con Alma\",\"publisher\":{\"@id\":\"https:\/\/www.plexus.es\/#organization\"},\"potentialAction\":[{\"@type\":\"SearchAction\",\"target\":{\"@type\":\"EntryPoint\",\"urlTemplate\":\"https:\/\/www.plexus.es\/?s={search_term_string}\"},\"query-input\":\"required name=search_term_string\"}],\"inLanguage\":\"gl-ES\"},{\"@type\":\"WebPage\",\"@id\":\"https:\/\/www.plexus.es\/accesibilidad\/#webpage\",\"url\":\"https:\/\/www.plexus.es\/accesibilidad\/\",\"name\":\"accesibilidad - Plexus Tech\",\"isPartOf\":{\"@id\":\"https:\/\/www.plexus.es\/#website\"},\"datePublished\":\"2024-05-04T20:01:07+00:00\",\"dateModified\":\"2025-10-09T13:19:20+00:00\",\"breadcrumb\":{\"@id\":\"https:\/\/www.plexus.es\/accesibilidad\/#breadcrumb\"},\"inLanguage\":\"gl-ES\",\"potentialAction\":[{\"@type\":\"ReadAction\",\"target\":[\"https:\/\/www.plexus.es\/accesibilidad\/\"]}]},{\"@type\":\"BreadcrumbList\",\"@id\":\"https:\/\/www.plexus.es\/accesibilidad\/#breadcrumb\",\"itemListElement\":[{\"@type\":\"ListItem\",\"position\":1,\"name\":\"Home\",\"item\":\"https:\/\/www.plexus.es\/\"},{\"@type\":\"ListItem\",\"position\":2,\"name\":\"accesibilidad\"}]}]}<\/script>\n<!-- \/ Yoast SEO plugin. -->","yoast_head_json":{"title":"accesibilidad - Plexus Tech","robots":{"index":"index","follow":"follow","max-snippet":"max-snippet:-1","max-image-preview":"max-image-preview:large","max-video-preview":"max-video-preview:-1"},"canonical":"https:\/\/www.plexus.es\/accesibilidad\/","og_locale":"gl_ES","og_type":"article","og_title":"accesibilidad - Plexus Tech","og_url":"https:\/\/www.plexus.es\/accesibilidad\/","og_site_name":"Plexus Tech","article_publisher":"https:\/\/www.facebook.com\/Plexus.Techno","article_modified_time":"2025-10-09T13:19:20+00:00","twitter_card":"summary_large_image","twitter_site":"@plexustech_","twitter_misc":{"Tempo de lectura":"11 minutos"},"schema":{"@context":"https:\/\/schema.org","@graph":[{"@type":"Organization","@id":"https:\/\/www.plexus.es\/#organization","name":"Plexus Tech","url":"https:\/\/www.plexus.es\/","sameAs":["https:\/\/www.facebook.com\/Plexus.Techno","https:\/\/www.instagram.com\/plexus.tech\/","https:\/\/www.linkedin.com\/company\/plexus-tech\/mycompany\/","https:\/\/www.youtube.com\/user\/tecnologiasplexus","https:\/\/twitter.com\/plexustech_"],"logo":{"@type":"ImageObject","@id":"https:\/\/www.plexus.es\/#logo","inLanguage":"gl-ES","url":"https:\/\/www.plexus.es\/wp-content\/uploads\/2021\/11\/logo-plexus-2021.png","contentUrl":"https:\/\/www.plexus.es\/wp-content\/uploads\/2021\/11\/logo-plexus-2021.png","width":600,"height":600,"caption":"Plexus Tech"},"image":{"@id":"https:\/\/www.plexus.es\/#logo"}},{"@type":"WebSite","@id":"https:\/\/www.plexus.es\/#website","url":"https:\/\/www.plexus.es\/","name":"Plexus Tech","description":"Tecnolog\u00eda con Alma","publisher":{"@id":"https:\/\/www.plexus.es\/#organization"},"potentialAction":[{"@type":"SearchAction","target":{"@type":"EntryPoint","urlTemplate":"https:\/\/www.plexus.es\/?s={search_term_string}"},"query-input":"required name=search_term_string"}],"inLanguage":"gl-ES"},{"@type":"WebPage","@id":"https:\/\/www.plexus.es\/accesibilidad\/#webpage","url":"https:\/\/www.plexus.es\/accesibilidad\/","name":"accesibilidad - Plexus Tech","isPartOf":{"@id":"https:\/\/www.plexus.es\/#website"},"datePublished":"2024-05-04T20:01:07+00:00","dateModified":"2025-10-09T13:19:20+00:00","breadcrumb":{"@id":"https:\/\/www.plexus.es\/accesibilidad\/#breadcrumb"},"inLanguage":"gl-ES","potentialAction":[{"@type":"ReadAction","target":["https:\/\/www.plexus.es\/accesibilidad\/"]}]},{"@type":"BreadcrumbList","@id":"https:\/\/www.plexus.es\/accesibilidad\/#breadcrumb","itemListElement":[{"@type":"ListItem","position":1,"name":"Home","item":"https:\/\/www.plexus.es\/"},{"@type":"ListItem","position":2,"name":"accesibilidad"}]}]}},"_links":{"self":[{"href":"https:\/\/www.plexus.es\/gl\/wp-json\/wp\/v2\/pages\/44277"}],"collection":[{"href":"https:\/\/www.plexus.es\/gl\/wp-json\/wp\/v2\/pages"}],"about":[{"href":"https:\/\/www.plexus.es\/gl\/wp-json\/wp\/v2\/types\/page"}],"author":[{"embeddable":true,"href":"https:\/\/www.plexus.es\/gl\/wp-json\/wp\/v2\/users\/5"}],"replies":[{"embeddable":true,"href":"https:\/\/www.plexus.es\/gl\/wp-json\/wp\/v2\/comments?post=44277"}],"version-history":[{"count":12,"href":"https:\/\/www.plexus.es\/gl\/wp-json\/wp\/v2\/pages\/44277\/revisions"}],"predecessor-version":[{"id":49733,"href":"https:\/\/www.plexus.es\/gl\/wp-json\/wp\/v2\/pages\/44277\/revisions\/49733"}],"wp:attachment":[{"href":"https:\/\/www.plexus.es\/gl\/wp-json\/wp\/v2\/media?parent=44277"}],"curies":[{"name":"wp","href":"https:\/\/api.w.org\/{rel}","templated":true}]}}