{"id":21277,"date":"2021-10-29T15:44:00","date_gmt":"2021-10-29T13:44:00","guid":{"rendered":"https:\/\/www.plexus.es\/stowarzyszenia\/"},"modified":"2024-04-29T10:16:58","modified_gmt":"2024-04-29T08:16:58","slug":"stowarzyszenia","status":"publish","type":"page","link":"https:\/\/www.plexus.es\/pl\/korporacja\/stowarzyszenia\/","title":{"rendered":"Stowarzyszenia"},"content":{"rendered":"<p><div class=\"fusion-fullwidth fullwidth-box fusion-builder-row-1 fusion-flex-container plexusProductos nonhundred-percent-fullwidth non-hundred-percent-height-scrolling\" style=\"background-color: rgba(255,255,255,0);background-position: center center;background-repeat: no-repeat;border-width: 0 0 0 0;border-color:#e8ebef;border-style:solid;\" ><div class=\"fusion-builder-row fusion-row fusion-flex-align-items-flex-start fusion-flex-justify-content-space-between\" style=\"max-width:1310.4px;margin-left: calc(-4% \/ 2 );margin-right: calc(-4% \/ 2 );\"><div class=\"fusion-layout-column fusion_builder_column fusion-builder-column-0 fusion_builder_column_1_1 1_1 fusion-flex-column\"><div class=\"fusion-column-wrapper fusion-flex-justify-content-flex-start fusion-content-layout-column\" style=\"background-position:left top;background-repeat:no-repeat;-webkit-background-size:cover;-moz-background-size:cover;-o-background-size:cover;background-size:cover;padding: 0px 0px 0px 0px;\"><style type=\"text\/css\">.fusion-breadcrumbs.fusion-breadcrumbs-1{font-size:14px;}.fusion-breadcrumbs.fusion-breadcrumbs-1 span a:hover{color:#003e57 !important;}.fusion-breadcrumbs.fusion-breadcrumbs-1{color:#59667d;}.fusion-breadcrumbs.fusion-breadcrumbs-1 a{color:#59667d;}<\/style><div class=\"fusion-breadcrumbs fusion-breadcrumbs-1\"><span><span><a href=\"https:\/\/www.plexus.es\/\">Home<\/a><\/span><\/div><\/div><style type=\"text\/css\">.fusion-body .fusion-builder-column-0{width:100% !important;margin-top : 20px;margin-bottom : 20px;}.fusion-builder-column-0 > .fusion-column-wrapper {padding-top : 0px !important;padding-right : 0px !important;margin-right : 1.92%;padding-bottom : 0px !important;padding-left : 0px !important;margin-left : 1.92%;}@media only screen and (max-width:1200px) {.fusion-body .fusion-builder-column-0{width:100% !important;order : 0;}.fusion-builder-column-0 > .fusion-column-wrapper {margin-right : 0.938rem;margin-left : 0.938rem;}}@media only screen and (max-width:640px) {.fusion-body .fusion-builder-column-0{width:100% !important;order : 0;}.fusion-builder-column-0 > .fusion-column-wrapper {padding-right : 0 !important;margin-right : 0%;padding-left : 0 !important;margin-left : 1.248%;}}<\/style><\/div><\/div><style type=\"text\/css\">.fusion-body .fusion-flex-container.fusion-builder-row-1{ padding-top : 0px;margin-top : 10px;padding-right : 0px;padding-bottom : 0px;margin-bottom : 0;padding-left : 2rem;}@media only screen and (max-width:1200px) {.fusion-body .fusion-flex-container.fusion-builder-row-1{ padding-bottom : 0;margin-bottom : 0;padding-left : 0px;}}@media only screen and (max-width:640px) {.fusion-body .fusion-flex-container.fusion-builder-row-1{ padding-top : 0;margin-top : 0;padding-right : 0;padding-bottom : 0;margin-bottom : 0;padding-left : .5rem;}}<\/style><\/div>\n<div class=\"fusion-fullwidth fullwidth-box fusion-builder-row-2 fusion-flex-container corporativo-container nonhundred-percent-fullwidth non-hundred-percent-height-scrolling\" style=\"background-color: rgba(255,255,255,0);background-position: center center;background-repeat: no-repeat;border-width: 0px 0px 0px 0px;border-color:#e8ebef;border-style:solid;\" ><div class=\"fusion-builder-row fusion-row fusion-flex-align-items-flex-start\" style=\"max-width:1310.4px;margin-left: calc(-4% \/ 2 );margin-right: calc(-4% \/ 2 );\"><div class=\"fusion-layout-column fusion_builder_column fusion-builder-column-1 fusion_builder_column_1_1 1_1 fusion-flex-column\"><div class=\"fusion-column-wrapper fusion-flex-justify-content-flex-start fusion-content-layout-column\" style=\"background-position:left top;background-repeat:no-repeat;-webkit-background-size:cover;-moz-background-size:cover;-o-background-size:cover;background-size:cover;padding: 0px 0px 0px 0px;\"><style type=\"text\/css\">@media only screen and (max-width:1200px) {.fusion-title.fusion-title-1{margin-top:0px!important; margin-right:0px!important;margin-bottom:0px!important;margin-left:0px!important;}}@media only screen and (max-width:640px) {.fusion-title.fusion-title-1{margin-top:0px!important; margin-right:0px!important;margin-bottom:0px!important; margin-left:0px!important;}}<\/style><div class=\"fusion-title title fusion-title-1 fusion-sep-none fusion-title-text fusion-title-size-one\" style=\"margin-top:0px;margin-right:0px;margin-bottom:0px;margin-left:0px;\"><h1 class=\"title-heading-left fusion-responsive-typography-calculated\" style=\"margin:0;--fontSize:45;line-height:1;\">Stowarzyszenia<\/h1><\/div><\/div><style type=\"text\/css\">.fusion-body .fusion-builder-column-1{width:100% !important;margin-top : 20px;margin-bottom : 20px;}.fusion-builder-column-1 > .fusion-column-wrapper {padding-top : 0px !important;padding-right : 0px !important;margin-right : 1.92%;padding-bottom : 0px !important;padding-left : 0px !important;margin-left : 1.92%;}@media only screen and (max-width:1200px) {.fusion-body .fusion-builder-column-1{width:100% !important;order : 0;}.fusion-builder-column-1 > .fusion-column-wrapper {margin-right : 1.92%;margin-left : 1.92%;}}@media only screen and (max-width:640px) {.fusion-body .fusion-builder-column-1{width:100% !important;order : 0;}.fusion-builder-column-1 > .fusion-column-wrapper {margin-right : 1.92%;margin-left : 1.92%;}}<\/style><\/div><\/div><style type=\"text\/css\">.fusion-body .fusion-flex-container.fusion-builder-row-2{ padding-top : 60px;margin-top : 0px;padding-right : 0px;padding-bottom : 0px;margin-bottom : 0px;padding-left : 0px;}@media only screen and (max-width:1200px) {.fusion-body .fusion-flex-container.fusion-builder-row-2{ padding-top : 50px;}}@media only screen and (max-width:640px) {.fusion-body .fusion-flex-container.fusion-builder-row-2{ padding-top : 0;}}<\/style><\/div><div class=\"fusion-fullwidth fullwidth-box fusion-builder-row-3 fusion-flex-container corporativo-container nonhundred-percent-fullwidth non-hundred-percent-height-scrolling\" style=\"background-color: rgba(255,255,255,0);background-position: center center;background-repeat: no-repeat;border-width: 0px 0px 0px 0px;border-color:#e8ebef;border-style:solid;\" ><div class=\"fusion-builder-row fusion-row fusion-flex-align-items-flex-start\" style=\"max-width:1310.4px;margin-left: calc(-4% \/ 2 );margin-right: calc(-4% \/ 2 );\"><div class=\"fusion-layout-column fusion_builder_column fusion-builder-column-2 fusion_builder_column_1_1 1_1 fusion-flex-column fusion-flex-align-self-stretch\"><div class=\"fusion-column-wrapper fusion-flex-justify-content-center fusion-content-layout-column\" style=\"background-position:left top;background-repeat:no-repeat;-webkit-background-size:cover;-moz-background-size:cover;-o-background-size:cover;background-size:cover;padding: 0px 0px 0px 0px;\"><div style=\"text-align:center;\"><span class=\" fusion-imageframe imageframe-none imageframe-1 hover-type-none\" style=\"margin-top:0px;margin-right:0px;margin-bottom:0px;margin-left:0px;\"><img width=\"600\" height=\"383\" src=\"data:image\/svg+xml,%3Csvg%20xmlns%3D%27http%3A%2F%2Fwww.w3.org%2F2000%2Fsvg%27%20width%3D%271765%27%20height%3D%271090%27%20viewBox%3D%270%200%201765%201090%27%3E%3Crect%20width%3D%271765%27%20height%3D%271090%27%20fill-opacity%3D%220%22%2F%3E%3C%2Fsvg%3E\" data-orig-src=\"https:\/\/www.plexus.es\/wp-content\/uploads\/2021\/11\/business-people-shaking-hands-for-greeting-600x383.jpg\" class=\"lazyload img-responsive wp-image-23700\"\/><\/span><\/div><\/div><style type=\"text\/css\">.fusion-body .fusion-builder-column-2{width:100% !important;margin-top : 20px;margin-bottom : 20px;}.fusion-builder-column-2 > .fusion-column-wrapper {padding-top : 0px !important;padding-right : 0px !important;margin-right : 1.92%;padding-bottom : 0px !important;padding-left : 0px !important;margin-left : 1.92%;}@media only screen and (max-width:1200px) {.fusion-body .fusion-builder-column-2{width:100% !important;order : 0;margin-top : 0px;}.fusion-builder-column-2 > .fusion-column-wrapper {padding-top : 0px !important;padding-right : 0 !important;margin-right : 1.92%;padding-left : 0 !important;margin-left : 1.92%;}}@media only screen and (max-width:640px) {.fusion-body .fusion-builder-column-2{width:100% !important;order : 0;}.fusion-builder-column-2 > .fusion-column-wrapper {margin-right : 1.92%;margin-left : 1.92%;}}<\/style><\/div><\/div><style type=\"text\/css\">.fusion-body .fusion-flex-container.fusion-builder-row-3{ padding-top : 60px;margin-top : 0px;padding-right : 0px;padding-bottom : 0px;margin-bottom : 0px;padding-left : 0px;}@media only screen and (max-width:1200px) {.fusion-body .fusion-flex-container.fusion-builder-row-3{ padding-top : 0px;padding-left : 0px;}}<\/style><\/div><div class=\"fusion-fullwidth fullwidth-box fusion-builder-row-4 fusion-flex-container corporativo-container nonhundred-percent-fullwidth non-hundred-percent-height-scrolling\" style=\"background-color: rgba(255,255,255,0);background-position: center center;background-repeat: no-repeat;border-width: 0px 0px 0px 0px;border-color:#e8ebef;border-style:solid;\" ><div class=\"fusion-builder-row fusion-row fusion-flex-align-items-flex-start\" style=\"max-width:1310.4px;margin-left: calc(-4% \/ 2 );margin-right: calc(-4% \/ 2 );\"><div class=\"fusion-layout-column fusion_builder_column fusion-builder-column-3 fusion_builder_column_3_4 3_4 fusion-flex-column\"><div class=\"fusion-column-wrapper fusion-flex-justify-content-flex-start fusion-content-layout-column\" style=\"background-position:left top;background-repeat:no-repeat;-webkit-background-size:cover;-moz-background-size:cover;-o-background-size:cover;background-size:cover;padding: 0px 0px 0px 0px;\"><div class=\"fusion-text fusion-text-1\"><p><span style=\"font-weight: normal;\">Firma Plexus Plus nale\u017cy do nast\u0119puj\u0105cych stowarzysze\u0144:<\/span><\/p>\n<ul>\n<li><strong style=\"font-family: 'Open Sans'; font-weight: 600;\" data-fusion-font=\"true\" data-fusion-google-font=\"Open Sans\" data-fusion-google-variant=\"600\">Klaster Sa\u00fade de Galicia<\/strong><span style=\"font-family: 'Open Sans'; font-weight: 600;\" data-fusion-font=\"true\" data-fusion-google-font=\"Open Sans\" data-fusion-google-variant=\"600\">:<\/span><span style=\"font-weight: normal;\"><span style=\"font-weight: normal;\"><span style=\"font-weight: normal;\"><span style=\"font-family: 'Open Sans'; font-weight: 300;\" data-fusion-font=\"true\" data-fusion-google-font=\"Open Sans\" data-fusion-google-variant=\"300\"> <span style=\"font-family: 'Open Sans'; font-weight: 400;\" data-fusion-font=\"true\" data-fusion-google-font=\"Open Sans\" data-fusion-google-variant=\"400\">profesjonalna platforma wsp\u00f3\u0142pracy publiczno-prywatnej, kt\u00f3ra dzia\u0142a jako katalizator konkurencyjno\u015bci sektora opieki zdrowotnej i spo\u0142ecznej, wnosz\u0105c znacz\u0105cy wk\u0142ad w rozw\u00f3j gospodarczy oraz spo\u0142eczny regionu Galicji. Jednym z kluczowych cel\u00f3w jest umi\u0119dzynarodowienie innowacji w sektorze opieki zdrowotnej i spo\u0142ecznej. Klaster CSG powsta\u0142 w 2011 r. i zosta\u0142 za\u0142o\u017cony przez 15 podmiot\u00f3w, a aktualnie sk\u0142ada si\u0119 z ponad 100 podmiot\u00f3w z ca\u0142ej Galicji.<\/span><\/span><\/span><\/span><\/span>&nbsp;<\/li>\n<li><span style=\"font-weight: normal;\"><span style=\"font-weight: normal;\"><span style=\"font-weight: normal;\"><strong style=\"font-family: 'Open Sans'; font-weight: 600;\" data-fusion-font=\"true\" data-fusion-google-font=\"Open Sans\" data-fusion-google-variant=\"600\">Klaster TIC Galicia:<\/strong> <span style=\"font-family: 'Open Sans'; font-weight: 400;\" data-fusion-font=\"true\" data-fusion-google-font=\"Open Sans\" data-fusion-google-variant=\"400\">stowarzyszenie non-profit, kt\u00f3re dzia\u0142a na rzecz zwi\u0119kszenia warto\u015bci galicyjskiego makrosektora technologii informacyjno-komunikacyjnych poprzez promowanie wsp\u00f3\u0142pracy mi\u0119dzy firmami, wykorzystuj\u0105c si\u0142\u0119 nap\u0119dow\u0105 wi\u0119kszych z nich oraz elastyczno\u015b\u0107 i innowacyjno\u015b\u0107 mniejszych.<\/span><\/span><\/span><\/span>&nbsp;<\/li>\n<li><span style=\"font-weight: normal;\"><span style=\"font-weight: normal;\"><span style=\"font-weight: normal;\"><strong style=\"font-family: 'Open Sans'; font-weight: 600;\" data-fusion-font=\"true\" data-fusion-google-font=\"Open Sans\" data-fusion-google-variant=\"600\">TICBiomed:<\/strong> <span style=\"font-family: 'Open Sans'; font-weight: 400;\" data-fusion-font=\"true\" data-fusion-google-font=\"Open Sans\" data-fusion-google-variant=\"400\">klaster technologii opieki zdrowotnej z siedzib\u0105 w Murcji, kt\u00f3ry zrzesza 66 partner\u00f3w, w tym szpitale, kliniki, du\u017ce firmy, uniwersytety, M\u015aP i startupy, w celu promowania kultury innowacji i proces\u00f3w transformacji cyfrowej w dziedzinie opieki zdrowotnej.<\/span><\/span><\/span><\/span>&nbsp;<\/li>\n<li><span style=\"font-weight: normal;\"><span style=\"font-weight: normal;\"><span style=\"font-weight: normal;\"><strong style=\"font-family: 'Open Sans'; font-weight: 600;\" data-fusion-font=\"true\" data-fusion-google-font=\"Open Sans\" data-fusion-google-variant=\"600\">Asociaci\u00f3n \u00c1rea Empresarial do Tambre:<\/strong> <span style=\"font-family: 'Open Sans'; font-weight: 400;\" data-fusion-font=\"true\" data-fusion-google-font=\"Open Sans\" data-fusion-google-variant=\"400\">stowarzyszenie przedsi\u0119biorc\u00f3w, kt\u00f3re wspiera wsp\u00f3lne i indywidualne interesy w\u0142a\u015bcicieli obiekt\u00f3w zlokalizowanych na terenie Pol\u00edgono do Tambre.<\/span><\/span><\/span><\/span>&nbsp;<\/li>\n<li><span style=\"font-weight: normal;\"><span style=\"font-weight: normal;\"><span style=\"font-weight: normal;\"><strong style=\"font-family: 'Open Sans'; font-weight: 600;\" data-fusion-font=\"true\" data-fusion-google-font=\"Open Sans\" data-fusion-google-variant=\"600\">SEIS:<\/strong> <span style=\"font-family: 'Open Sans'; font-weight: 400;\" data-fusion-font=\"true\" data-fusion-google-font=\"Open Sans\" data-fusion-google-variant=\"400\">jeste\u015bmy cz\u0142onkiem Hiszpa\u0144skiego Stowarzyszenia Informatyki Medycznej, towarzystwa naukowego typu non-profit, kt\u00f3rego misj\u0105 jest promowanie bada\u0144, rozwoju i innowacji, wdra\u017cania i odpowiedniego wykorzystania technologii informacyjno-komunikacyjnych w dziedzinie zdrowia z korzy\u015bci\u0105 dla spo\u0142ecze\u0144stwa i z pe\u0142nym poszanowaniem praw os\u00f3b, w szczeg\u00f3lno\u015bci ich prywatno\u015bci.<\/span><\/span><\/span><\/span>&nbsp;<\/li>\n<li><span style=\"font-weight: normal;\"><span style=\"font-weight: normal;\"><strong style=\"font-family: 'Open Sans'; font-weight: 600;\" data-fusion-font=\"true\" data-fusion-google-font=\"Open Sans\" data-fusion-google-variant=\"600\">HL7 Spain:<\/strong> <span style=\"font-family: 'Open Sans'; font-weight: 400;\" data-fusion-font=\"true\" data-fusion-google-font=\"Open Sans\" data-fusion-google-variant=\"400\">inicjatywa, kt\u00f3rej celem jest u\u0142atwienie elektronicznej wymiany znormalizowanych informacji klinicznych. Wykorzystuje ujednolicony j\u0119zyk UML (Unified Modelling Language) oraz rozszerzalny j\u0119zyk znacznik\u00f3w (XML).<\/span><\/span><\/span><\/li>\n<\/ul>\n<\/div><\/div><style type=\"text\/css\">.fusion-body .fusion-builder-column-3{width:75% !important;margin-top : 20px;margin-bottom : 20px;}.fusion-builder-column-3 > .fusion-column-wrapper {padding-top : 0px !important;padding-right : 0px !important;margin-right : 2.56%;padding-bottom : 0px !important;padding-left : 0px !important;margin-left : 2.56%;}@media only screen and (max-width:1200px) {.fusion-body .fusion-builder-column-3{width:100% !important;order : 0;}.fusion-builder-column-3 > .fusion-column-wrapper {margin-right : 1.92%;margin-left : 1.92%;}}@media only screen and (max-width:640px) {.fusion-body .fusion-builder-column-3{width:100% !important;order : 0;}.fusion-builder-column-3 > .fusion-column-wrapper {margin-right : 1.92%;margin-left : 1.92%;}}<\/style><\/div><\/div><style type=\"text\/css\">.fusion-body .fusion-flex-container.fusion-builder-row-4{ padding-top : 60px;margin-top : 0px;padding-right : 0px;padding-bottom : 0px;margin-bottom : 0px;padding-left : 0px;}@media only screen and (max-width:1200px) {.fusion-body .fusion-flex-container.fusion-builder-row-4{ padding-top : 0;}}<\/style><\/div><\/p>\n","protected":false},"excerpt":{"rendered":"","protected":false},"author":1,"featured_media":0,"parent":21618,"menu_order":0,"comment_status":"closed","ping_status":"closed","template":"","meta":[],"yoast_head":"<!-- This site is optimized with the Yoast SEO plugin v17.4 - https:\/\/yoast.com\/wordpress\/plugins\/seo\/ -->\n<title>Przynale\u017cno\u015b\u0107 do stowarzysze\u0144 | Plexus Tech<\/title>\n<meta name=\"description\" content=\"Firma Plexus Tech nale\u017cy do nast\u0119puj\u0105cych stowarzysze\u0144: Klaster Sa\u00fade de Galicia, Klaster TIC Galicia, TICBiomed, Asociaci\u00f3n \u00c1rea Empresarial do Tambre i HL7\" \/>\n<meta name=\"robots\" content=\"index, follow, max-snippet:-1, max-image-preview:large, max-video-preview:-1\" \/>\n<link rel=\"canonical\" href=\"https:\/\/www.plexus.es\/corporativo\/asociaciones\/\" \/>\n<meta property=\"og:locale\" content=\"pl_PL\" \/>\n<meta property=\"og:type\" content=\"article\" \/>\n<meta property=\"og:title\" content=\"Przynale\u017cno\u015b\u0107 do stowarzysze\u0144 | Plexus Tech\" \/>\n<meta property=\"og:description\" content=\"Firma Plexus Tech nale\u017cy do nast\u0119puj\u0105cych stowarzysze\u0144: Klaster Sa\u00fade de Galicia, Klaster TIC Galicia, TICBiomed, Asociaci\u00f3n \u00c1rea Empresarial do Tambre i HL7\" \/>\n<meta property=\"og:url\" content=\"https:\/\/www.plexus.es\/corporativo\/asociaciones\/\" \/>\n<meta property=\"og:site_name\" content=\"Plexus Tech\" \/>\n<meta property=\"article:publisher\" content=\"https:\/\/www.facebook.com\/Plexus.Techno\" \/>\n<meta property=\"article:modified_time\" content=\"2024-04-29T08:16:58+00:00\" \/>\n<meta name=\"twitter:card\" content=\"summary_large_image\" \/>\n<meta name=\"twitter:site\" content=\"@plexustech_\" \/>\n<meta name=\"twitter:label1\" content=\"Szacowany czas czytania\" \/>\n\t<meta name=\"twitter:data1\" content=\"10 minut\" \/>\n<script type=\"application\/ld+json\" class=\"yoast-schema-graph\">{\"@context\":\"https:\/\/schema.org\",\"@graph\":[{\"@type\":\"Organization\",\"@id\":\"https:\/\/www.plexus.es\/#organization\",\"name\":\"Plexus Tech\",\"url\":\"https:\/\/www.plexus.es\/\",\"sameAs\":[\"https:\/\/www.facebook.com\/Plexus.Techno\",\"https:\/\/www.instagram.com\/plexus.tech\/\",\"https:\/\/www.linkedin.com\/company\/plexus-tech\/mycompany\/\",\"https:\/\/www.youtube.com\/user\/tecnologiasplexus\",\"https:\/\/twitter.com\/plexustech_\"],\"logo\":{\"@type\":\"ImageObject\",\"@id\":\"https:\/\/www.plexus.es\/#logo\",\"inLanguage\":\"pl-PL\",\"url\":\"https:\/\/www.plexus.es\/wp-content\/uploads\/2021\/11\/logo-plexus-2021.png\",\"contentUrl\":\"https:\/\/www.plexus.es\/wp-content\/uploads\/2021\/11\/logo-plexus-2021.png\",\"width\":600,\"height\":600,\"caption\":\"Plexus Tech\"},\"image\":{\"@id\":\"https:\/\/www.plexus.es\/#logo\"}},{\"@type\":\"WebSite\",\"@id\":\"https:\/\/www.plexus.es\/#website\",\"url\":\"https:\/\/www.plexus.es\/\",\"name\":\"Plexus Tech\",\"description\":\"Tecnolog\\u00eda con Alma\",\"publisher\":{\"@id\":\"https:\/\/www.plexus.es\/#organization\"},\"potentialAction\":[{\"@type\":\"SearchAction\",\"target\":{\"@type\":\"EntryPoint\",\"urlTemplate\":\"https:\/\/www.plexus.es\/?s={search_term_string}\"},\"query-input\":\"required name=search_term_string\"}],\"inLanguage\":\"pl-PL\"},{\"@type\":\"WebPage\",\"@id\":\"https:\/\/www.plexus.es\/corporativo\/asociaciones\/#webpage\",\"url\":\"https:\/\/www.plexus.es\/corporativo\/asociaciones\/\",\"name\":\"Przynale\\u017cno\\u015b\\u0107 do stowarzysze\\u0144 | Plexus Tech\",\"isPartOf\":{\"@id\":\"https:\/\/www.plexus.es\/#website\"},\"datePublished\":\"2021-10-29T13:44:00+00:00\",\"dateModified\":\"2024-04-29T08:16:58+00:00\",\"description\":\"Firma Plexus Tech nale\\u017cy do nast\\u0119puj\\u0105cych stowarzysze\\u0144: Klaster Sa\\u00fade de Galicia, Klaster TIC Galicia, TICBiomed, Asociaci\\u00f3n \\u00c1rea Empresarial do Tambre i HL7\",\"breadcrumb\":{\"@id\":\"https:\/\/www.plexus.es\/corporativo\/asociaciones\/#breadcrumb\"},\"inLanguage\":\"pl-PL\",\"potentialAction\":[{\"@type\":\"ReadAction\",\"target\":[\"https:\/\/www.plexus.es\/corporativo\/asociaciones\/\"]}]},{\"@type\":\"BreadcrumbList\",\"@id\":\"https:\/\/www.plexus.es\/corporativo\/asociaciones\/#breadcrumb\",\"itemListElement\":[{\"@type\":\"ListItem\",\"position\":1,\"name\":\"Home\",\"item\":\"https:\/\/www.plexus.es\/\"},{\"@type\":\"ListItem\",\"position\":2,\"name\":\"Korporacja\",\"item\":\"https:\/\/www.plexus.es\/corporativo\/\"},{\"@type\":\"ListItem\",\"position\":3,\"name\":\"Stowarzyszenia\"}]}]}<\/script>\n<!-- \/ Yoast SEO plugin. -->","yoast_head_json":{"title":"Przynale\u017cno\u015b\u0107 do stowarzysze\u0144 | Plexus Tech","description":"Firma Plexus Tech nale\u017cy do nast\u0119puj\u0105cych stowarzysze\u0144: Klaster Sa\u00fade de Galicia, Klaster TIC Galicia, TICBiomed, Asociaci\u00f3n \u00c1rea Empresarial do Tambre i HL7","robots":{"index":"index","follow":"follow","max-snippet":"max-snippet:-1","max-image-preview":"max-image-preview:large","max-video-preview":"max-video-preview:-1"},"canonical":"https:\/\/www.plexus.es\/corporativo\/asociaciones\/","og_locale":"pl_PL","og_type":"article","og_title":"Przynale\u017cno\u015b\u0107 do stowarzysze\u0144 | Plexus Tech","og_description":"Firma Plexus Tech nale\u017cy do nast\u0119puj\u0105cych stowarzysze\u0144: Klaster Sa\u00fade de Galicia, Klaster TIC Galicia, TICBiomed, Asociaci\u00f3n \u00c1rea Empresarial do Tambre i HL7","og_url":"https:\/\/www.plexus.es\/corporativo\/asociaciones\/","og_site_name":"Plexus Tech","article_publisher":"https:\/\/www.facebook.com\/Plexus.Techno","article_modified_time":"2024-04-29T08:16:58+00:00","twitter_card":"summary_large_image","twitter_site":"@plexustech_","twitter_misc":{"Szacowany czas czytania":"10 minut"},"schema":{"@context":"https:\/\/schema.org","@graph":[{"@type":"Organization","@id":"https:\/\/www.plexus.es\/#organization","name":"Plexus Tech","url":"https:\/\/www.plexus.es\/","sameAs":["https:\/\/www.facebook.com\/Plexus.Techno","https:\/\/www.instagram.com\/plexus.tech\/","https:\/\/www.linkedin.com\/company\/plexus-tech\/mycompany\/","https:\/\/www.youtube.com\/user\/tecnologiasplexus","https:\/\/twitter.com\/plexustech_"],"logo":{"@type":"ImageObject","@id":"https:\/\/www.plexus.es\/#logo","inLanguage":"pl-PL","url":"https:\/\/www.plexus.es\/wp-content\/uploads\/2021\/11\/logo-plexus-2021.png","contentUrl":"https:\/\/www.plexus.es\/wp-content\/uploads\/2021\/11\/logo-plexus-2021.png","width":600,"height":600,"caption":"Plexus Tech"},"image":{"@id":"https:\/\/www.plexus.es\/#logo"}},{"@type":"WebSite","@id":"https:\/\/www.plexus.es\/#website","url":"https:\/\/www.plexus.es\/","name":"Plexus Tech","description":"Tecnolog\u00eda con Alma","publisher":{"@id":"https:\/\/www.plexus.es\/#organization"},"potentialAction":[{"@type":"SearchAction","target":{"@type":"EntryPoint","urlTemplate":"https:\/\/www.plexus.es\/?s={search_term_string}"},"query-input":"required name=search_term_string"}],"inLanguage":"pl-PL"},{"@type":"WebPage","@id":"https:\/\/www.plexus.es\/corporativo\/asociaciones\/#webpage","url":"https:\/\/www.plexus.es\/corporativo\/asociaciones\/","name":"Przynale\u017cno\u015b\u0107 do stowarzysze\u0144 | Plexus Tech","isPartOf":{"@id":"https:\/\/www.plexus.es\/#website"},"datePublished":"2021-10-29T13:44:00+00:00","dateModified":"2024-04-29T08:16:58+00:00","description":"Firma Plexus Tech nale\u017cy do nast\u0119puj\u0105cych stowarzysze\u0144: Klaster Sa\u00fade de Galicia, Klaster TIC Galicia, TICBiomed, Asociaci\u00f3n \u00c1rea Empresarial do Tambre i HL7","breadcrumb":{"@id":"https:\/\/www.plexus.es\/corporativo\/asociaciones\/#breadcrumb"},"inLanguage":"pl-PL","potentialAction":[{"@type":"ReadAction","target":["https:\/\/www.plexus.es\/corporativo\/asociaciones\/"]}]},{"@type":"BreadcrumbList","@id":"https:\/\/www.plexus.es\/corporativo\/asociaciones\/#breadcrumb","itemListElement":[{"@type":"ListItem","position":1,"name":"Home","item":"https:\/\/www.plexus.es\/"},{"@type":"ListItem","position":2,"name":"Korporacja","item":"https:\/\/www.plexus.es\/corporativo\/"},{"@type":"ListItem","position":3,"name":"Stowarzyszenia"}]}]}},"_links":{"self":[{"href":"https:\/\/www.plexus.es\/pl\/wp-json\/wp\/v2\/pages\/21277"}],"collection":[{"href":"https:\/\/www.plexus.es\/pl\/wp-json\/wp\/v2\/pages"}],"about":[{"href":"https:\/\/www.plexus.es\/pl\/wp-json\/wp\/v2\/types\/page"}],"author":[{"embeddable":true,"href":"https:\/\/www.plexus.es\/pl\/wp-json\/wp\/v2\/users\/1"}],"replies":[{"embeddable":true,"href":"https:\/\/www.plexus.es\/pl\/wp-json\/wp\/v2\/comments?post=21277"}],"version-history":[{"count":9,"href":"https:\/\/www.plexus.es\/pl\/wp-json\/wp\/v2\/pages\/21277\/revisions"}],"predecessor-version":[{"id":39436,"href":"https:\/\/www.plexus.es\/pl\/wp-json\/wp\/v2\/pages\/21277\/revisions\/39436"}],"up":[{"embeddable":true,"href":"https:\/\/www.plexus.es\/pl\/wp-json\/wp\/v2\/pages\/21618"}],"wp:attachment":[{"href":"https:\/\/www.plexus.es\/pl\/wp-json\/wp\/v2\/media?parent=21277"}],"curies":[{"name":"wp","href":"https:\/\/api.w.org\/{rel}","templated":true}]}}