{"id":21289,"date":"2021-10-29T15:42:34","date_gmt":"2021-10-29T13:42:34","guid":{"rendered":"https:\/\/www.plexus.es\/odpowiedzialnosc-spoleczna-biznesu\/"},"modified":"2025-09-17T10:35:37","modified_gmt":"2025-09-17T08:35:37","slug":"odpowiedzialnosc-spoleczna-biznesu","status":"publish","type":"page","link":"https:\/\/www.plexus.es\/pl\/korporacja\/odpowiedzialnosc-spoleczna-biznesu\/","title":{"rendered":"Odpowiedzialno\u015b\u0107 spo\u0142eczna biznesu"},"content":{"rendered":"<p><div class=\"fusion-fullwidth fullwidth-box fusion-builder-row-1 fusion-flex-container plexusProductos nonhundred-percent-fullwidth non-hundred-percent-height-scrolling\" style=\"background-color: rgba(255,255,255,0);background-position: center center;background-repeat: no-repeat;border-width: 0 0 0 0;border-color:#e8ebef;border-style:solid;\" ><div class=\"fusion-builder-row fusion-row fusion-flex-align-items-flex-start fusion-flex-justify-content-space-between\" style=\"max-width:1310.4px;margin-left: calc(-4% \/ 2 );margin-right: calc(-4% \/ 2 );\"><div class=\"fusion-layout-column fusion_builder_column fusion-builder-column-0 fusion_builder_column_1_1 1_1 fusion-flex-column\"><div class=\"fusion-column-wrapper fusion-flex-justify-content-flex-start fusion-content-layout-column\" style=\"background-position:left top;background-repeat:no-repeat;-webkit-background-size:cover;-moz-background-size:cover;-o-background-size:cover;background-size:cover;padding: 0px 0px 0px 0px;\"><style type=\"text\/css\">.fusion-breadcrumbs.fusion-breadcrumbs-1{font-size:14px;}.fusion-breadcrumbs.fusion-breadcrumbs-1 span a:hover{color:#003e57 !important;}.fusion-breadcrumbs.fusion-breadcrumbs-1{color:#59667d;}.fusion-breadcrumbs.fusion-breadcrumbs-1 a{color:#59667d;}<\/style><div class=\"fusion-breadcrumbs fusion-breadcrumbs-1\"><span><span><a href=\"https:\/\/www.plexus.es\/\">Home<\/a><\/span><\/div><\/div><style type=\"text\/css\">.fusion-body .fusion-builder-column-0{width:100% !important;margin-top : 20px;margin-bottom : 20px;}.fusion-builder-column-0 > .fusion-column-wrapper {padding-top : 0px !important;padding-right : 0px !important;margin-right : 1.92%;padding-bottom : 0px !important;padding-left : 0px !important;margin-left : 1.92%;}@media only screen and (max-width:1200px) {.fusion-body .fusion-builder-column-0{width:100% !important;order : 0;}.fusion-builder-column-0 > .fusion-column-wrapper {margin-right : 0.938rem;margin-left : 0.938rem;}}@media only screen and (max-width:640px) {.fusion-body .fusion-builder-column-0{width:100% !important;order : 0;}.fusion-builder-column-0 > .fusion-column-wrapper {padding-right : 0 !important;margin-right : 0%;padding-left : 0 !important;margin-left : 1.248%;}}<\/style><\/div><\/div><style type=\"text\/css\">.fusion-body .fusion-flex-container.fusion-builder-row-1{ padding-top : 0px;margin-top : 10px;padding-right : 0px;padding-bottom : 0px;margin-bottom : 0;padding-left : 2rem;}@media only screen and (max-width:1200px) {.fusion-body .fusion-flex-container.fusion-builder-row-1{ padding-bottom : 0;margin-bottom : 0;padding-left : 0px;}}@media only screen and (max-width:640px) {.fusion-body .fusion-flex-container.fusion-builder-row-1{ padding-top : 0;margin-top : 0;padding-right : 0;padding-bottom : 0;margin-bottom : 0;padding-left : .5rem;}}<\/style><\/div>\n<div class=\"fusion-fullwidth fullwidth-box fusion-builder-row-2 fusion-flex-container corporativo-container nonhundred-percent-fullwidth non-hundred-percent-height-scrolling\" style=\"background-color: rgba(255,255,255,0);background-position: center center;background-repeat: no-repeat;border-width: 0px 0px 0px 0px;border-color:#e8ebef;border-style:solid;\" ><div class=\"fusion-builder-row fusion-row fusion-flex-align-items-flex-start\" style=\"max-width:1310.4px;margin-left: calc(-4% \/ 2 );margin-right: calc(-4% \/ 2 );\"><div class=\"fusion-layout-column fusion_builder_column fusion-builder-column-1 fusion_builder_column_1_1 1_1 fusion-flex-column\"><div class=\"fusion-column-wrapper fusion-flex-justify-content-flex-start fusion-content-layout-column\" style=\"background-position:left top;background-repeat:no-repeat;-webkit-background-size:cover;-moz-background-size:cover;-o-background-size:cover;background-size:cover;padding: 0px 0px 0px 0px;\"><style type=\"text\/css\">@media only screen and (max-width:1200px) {.fusion-title.fusion-title-1{margin-top:0px!important; margin-right:1rem!important;margin-bottom:2rem!important;margin-left:0px!important;}}@media only screen and (max-width:640px) {.fusion-title.fusion-title-1{margin-top:0px!important; margin-right:0px!important;margin-bottom:0px!important; margin-left:0px!important;}}<\/style><div class=\"fusion-title title fusion-title-1 fusion-sep-none fusion-title-text fusion-title-size-one\" style=\"margin-top:0px;margin-right:1rem;margin-bottom:2rem;margin-left:0px;\"><h1 class=\"title-heading-left fusion-responsive-typography-calculated\" style=\"margin:0;--fontSize:45;line-height:1;\">Odpowiedzialno\u015b\u0107 spo\u0142eczna biznesu<\/h1><\/div><div class=\"fusion-text fusion-text-1\" style=\"margin-top:6%;\"><p>PLEXUS cieszy si\u0119 uznan\u0105 reputacj\u0105 nie tylko ze wzgl\u0119du na jako\u015b\u0107 i warto\u015b\u0107 dodan\u0105 oferowanych us\u0142ug informatycznych, ale tak\u017ce profesjonalizm zespo\u0142\u00f3w, zaanga\u017cowanie w innowacje, polityk\u0119 reinwestowania zysk\u00f3w oraz zaanga\u017cowanie w obs\u0142ug\u0119 klient\u00f3w krajowych i mi\u0119dzynarodowych.<\/p>\n<p>Nasze podej\u015bcie do spo\u0142ecznej odpowiedzialno\u015bci opiera si\u0119 na umowach i politykach powi\u0105zanych z warto\u015bciami etycznymi, kt\u00f3re znajduj\u0105 odzwierciedlenie nie tylko w Celach Zr\u00f3wnowa\u017conego Rozwoju, ale tak\u017ce poprzez tworzenie realnych powi\u0105za\u0144 z aktywn\u0105 polityk\u0105 r\u00f3wno\u015bci, wzmacnianie pozycji kobiet w nauce, promowanie wsp\u00f3\u0142pracy instytucjonalnej z ruchem STEM oraz promowanie inicjatyw z zakresu przyw\u00f3dztwa i budowania marki korporacyjnej. Podkre\u015blamy r\u00f3wnie\u017c znaczenie um\u00f3w i inicjatyw ze stowarzyszeniami z sektor\u00f3w mniej uprzywilejowanych.<\/p>\n<p>W Plexus dbamy o przejrzysto\u015b\u0107, zr\u00f3wnowa\u017cony rozw\u00f3j i pozytywny wp\u0142yw generowany przez nasz\u0105 dzia\u0142alno\u015b\u0107. Poni\u017cej przedstawiamy Raport Niefinansowy, w kt\u00f3rym dzielimy si\u0119 naszymi dzia\u0142aniami, wynikami i celami w zakresie ochrony \u015brodowiska, spraw spo\u0142ecznych i \u0142adu korporacyjnego.<\/p>\n<p>Mo\u017cna go znale\u017a\u0107 tutaj: <a href=\"\/wp-content\/uploads\/2025\/01\/Informe%20No%20Financiero%202024_completo.pdf\">Raport Niefinansowy<\/a><\/p>\n<\/div><\/div><style type=\"text\/css\">.fusion-body .fusion-builder-column-1{width:100% !important;margin-top : 20px;margin-bottom : 20px;}.fusion-builder-column-1 > .fusion-column-wrapper {padding-top : 0px !important;padding-right : 0px !important;margin-right : 1.92%;padding-bottom : 0px !important;padding-left : 0px !important;margin-left : 1.92%;}@media only screen and (max-width:1200px) {.fusion-body .fusion-builder-column-1{width:100% !important;order : 0;}.fusion-builder-column-1 > .fusion-column-wrapper {margin-right : 1.92%;margin-left : 1.92%;}}@media only screen and (max-width:640px) {.fusion-body .fusion-builder-column-1{width:100% !important;order : 0;margin-top : 0;}.fusion-builder-column-1 > .fusion-column-wrapper {margin-right : 1.92%;margin-left : 1.92%;}}<\/style><\/div><\/div><style type=\"text\/css\">.fusion-body .fusion-flex-container.fusion-builder-row-2{ padding-top : 60px;margin-top : 0px;padding-right : 0px;padding-bottom : 0px;margin-bottom : 0px;padding-left : 0px;}@media only screen and (max-width:640px) {.fusion-body .fusion-flex-container.fusion-builder-row-2{ padding-top : 30;}}<\/style><\/div><div class=\"fusion-fullwidth fullwidth-box fusion-builder-row-3 fusion-flex-container corporativo-container nonhundred-percent-fullwidth non-hundred-percent-height-scrolling\" style=\"background-color: rgba(255,255,255,0);background-position: center center;background-repeat: no-repeat;border-width: 0px 0px 0px 0px;border-color:#e8ebef;border-style:solid;\" ><div class=\"fusion-builder-row fusion-row fusion-flex-align-items-flex-start\" style=\"max-width:1310.4px;margin-left: calc(-4% \/ 2 );margin-right: calc(-4% \/ 2 );\"><div class=\"fusion-layout-column fusion_builder_column fusion-builder-column-2 fusion_builder_column_1_2 1_2 fusion-flex-column\"><div class=\"fusion-column-wrapper fusion-flex-justify-content-flex-start fusion-content-layout-column\" style=\"background-position:left top;background-repeat:no-repeat;-webkit-background-size:cover;-moz-background-size:cover;-o-background-size:cover;background-size:cover;padding: 0px 0px 0px 0px;\"><div style=\"text-align:center;\"><span class=\" fusion-imageframe imageframe-none imageframe-1 hover-type-none\" style=\"border-radius:12px;margin-top:0px;\"><img width=\"300\" height=\"300\" alt=\"Odpowiedzialno\u015b\u0107 spo\u0142eczna Plexus Tech\" src=\"https:\/\/www.plexus.es\/wp-content\/uploads\/2021\/11\/plexus_thinkgreen_Mesa-de-trabajo-1.jpg\" data-orig-src=\"https:\/\/www.plexus.es\/wp-content\/uploads\/2021\/11\/plexus_thinkgreen_Mesa-de-trabajo-1-300x300.jpg\" class=\"lazyload img-responsive wp-image-21290\" srcset=\"data:image\/svg+xml,%3Csvg%20xmlns%3D%27http%3A%2F%2Fwww.w3.org%2F2000%2Fsvg%27%20width%3D%271000%27%20height%3D%271000%27%20viewBox%3D%270%200%201000%201000%27%3E%3Crect%20width%3D%271000%27%20height%3D%271000%27%20fill-opacity%3D%220%22%2F%3E%3C%2Fsvg%3E\" data-srcset=\"https:\/\/www.plexus.es\/wp-content\/uploads\/2021\/11\/plexus_thinkgreen_Mesa-de-trabajo-1-200x200.jpg 200w, https:\/\/www.plexus.es\/wp-content\/uploads\/2021\/11\/plexus_thinkgreen_Mesa-de-trabajo-1-400x400.jpg 400w, https:\/\/www.plexus.es\/wp-content\/uploads\/2021\/11\/plexus_thinkgreen_Mesa-de-trabajo-1-600x600.jpg 600w, https:\/\/www.plexus.es\/wp-content\/uploads\/2021\/11\/plexus_thinkgreen_Mesa-de-trabajo-1-800x800.jpg 800w, https:\/\/www.plexus.es\/wp-content\/uploads\/2021\/11\/plexus_thinkgreen_Mesa-de-trabajo-1.jpg 1000w\" data-sizes=\"auto\" data-orig-sizes=\"(max-width: 640px) 100vw, 600px\" \/><\/span><\/div><\/div><style type=\"text\/css\">.fusion-body .fusion-builder-column-2{width:50% !important;margin-top : 20px;margin-bottom : 20px;}.fusion-builder-column-2 > .fusion-column-wrapper {padding-top : 0px !important;padding-right : 0px !important;margin-right : 3.84%;padding-bottom : 0px !important;padding-left : 0px !important;margin-left : 3.84%;}@media only screen and (max-width:1200px) {.fusion-body .fusion-builder-column-2{width:100% !important;order : 0;}.fusion-builder-column-2 > .fusion-column-wrapper {margin-right : 1.92%;margin-left : 1.92%;}}@media only screen and (max-width:640px) {.fusion-body .fusion-builder-column-2{width:100% !important;order : 0;}.fusion-builder-column-2 > .fusion-column-wrapper {margin-right : 1.92%;margin-left : 1.92%;}}<\/style><\/div><div class=\"fusion-layout-column fusion_builder_column fusion-builder-column-3 fusion_builder_column_1_2 1_2 fusion-flex-column\"><div class=\"fusion-column-wrapper fusion-flex-justify-content-flex-start fusion-content-layout-column\" style=\"background-position:left top;background-repeat:no-repeat;-webkit-background-size:cover;-moz-background-size:cover;-o-background-size:cover;background-size:cover;padding: 0px 0px 0px 0px;\"><div class=\"fusion-text fusion-text-2\" style=\"margin-top:6%;\"><p><span style=\"font-weight: normal;\">Firma PLEXUS <strong>wype\u0142nia zobowi\u0105zania zaci\u0105gni\u0119te<\/strong> wobec poszczeg\u00f3lnych zainteresowanych, spe\u0142niaj\u0105c ich oczekiwania oraz zapewniaj\u0105c zgodno\u015b\u0107 dzia\u0142alno\u015bci ze swoj\u0105 <strong>kultur\u0105 i warto\u015bciami<\/strong>:<\/span><\/p>\n<ul>\n<li><span style=\"font-weight: normal;\"><strong>Klienci<\/strong><b>:<\/b> Staramy si\u0119 spe\u0142nia\u0107 ich oczekiwania, oferuj\u0105c innowacyjne i kreatywne rozwi\u0105zania.<\/span><\/li>\n<li><span style=\"font-weight: normal;\"><strong>Pracownicy<\/strong><b>:<\/b> Oferujemy najlepsze mo\u017cliwo\u015bci rozwoju zawodowego w oparciu o stabilno\u015b\u0107 firmy z ponad 20-letnim do\u015bwiadczeniem oraz solidno\u015b\u0107 wiod\u0105cej firmy w bran\u017cy, kt\u00f3ra wie, jak r\u00f3wno traktowa\u0107 pracownik\u00f3w i docenia\u0107 zaanga\u017cowanie, talent i osi\u0105gni\u0119cia.<\/span><\/li>\n<li><span style=\"font-weight: normal;\"><strong>Bran\u017ca i konkurenci<\/strong><b>:<\/b> Przyczyniamy si\u0119 do zr\u00f3wnowa\u017conego rozwoju sektora technologii informacyjno-komunikacyjnych jako podstawy post\u0119pu i dobrobytu spo\u0142ecze\u0144stwa poprzez aktywn\u0105 wsp\u00f3\u0142prac\u0119 z organizacjami tego sektora oraz utrzymywanie stosunk\u00f3w z konkurentami opartych na szacunku i przejrzysto\u015bci.<\/span><\/li>\n<li><span style=\"font-weight: normal;\"><strong>Spo\u0142ecze\u0144stwo<\/strong><b>:<\/b> Firma Plexus aktywnie poszukuje sposob\u00f3w dzia\u0142ania na rzecz dobrobytu i zr\u00f3wnowa\u017conego rozwoju w spo\u0142eczno\u015bciach, w kt\u00f3rych dzia\u0142a, szanuj\u0105c i promuj\u0105c ich kultur\u0119, tradycje oraz warto\u015bci, ze szczeg\u00f3lnym uwzgl\u0119dnieniem grup wymagaj\u0105cych specjalnego wsparcia.<\/span><\/li>\n<li><span style=\"font-weight: normal;\"><strong>\u015arodowisko<\/strong><b>:<\/b> Przyczyniamy si\u0119 do ochrony \u015brodowiska, dbaj\u0105c o wp\u0142yw naszych dzia\u0142a\u0144 i promuj\u0105c odpowiednie<br \/>\ndzia\u0142ania oraz podnoszenie \u015bwiadomo\u015bci w zakresie zr\u00f3wnowa\u017conego rozwoju w\u015br\u00f3d wszystkich interesariuszy.<\/span><\/li>\n<\/ul>\n<\/div><\/div><style type=\"text\/css\">.fusion-body .fusion-builder-column-3{width:50% !important;margin-top : 20px;margin-bottom : 20px;}.fusion-builder-column-3 > .fusion-column-wrapper {padding-top : 0px !important;padding-right : 0px !important;margin-right : 3.84%;padding-bottom : 0px !important;padding-left : 0px !important;margin-left : 3.84%;}@media only screen and (max-width:1200px) {.fusion-body .fusion-builder-column-3{width:100% !important;order : 0;}.fusion-builder-column-3 > .fusion-column-wrapper {margin-right : 1.92%;margin-left : 1.92%;}}@media only screen and (max-width:640px) {.fusion-body .fusion-builder-column-3{width:100% !important;order : 0;}.fusion-builder-column-3 > .fusion-column-wrapper {margin-right : 1.92%;margin-left : 1.92%;}}<\/style><\/div><\/div><style type=\"text\/css\">.fusion-body .fusion-flex-container.fusion-builder-row-3{ padding-top : 0px;margin-top : 0px;padding-right : 0px;padding-bottom : 0px;margin-bottom : 0px;padding-left : 0px;}<\/style><\/div><\/p>\n","protected":false},"excerpt":{"rendered":"","protected":false},"author":1,"featured_media":0,"parent":21618,"menu_order":0,"comment_status":"closed","ping_status":"closed","template":"","meta":[],"yoast_head":"<!-- This site is optimized with the Yoast SEO plugin v17.4 - https:\/\/yoast.com\/wordpress\/plugins\/seo\/ -->\n<title>Odpowiedzialno\u015b\u0107 spo\u0142eczna biznesu | Plexus Tech<\/title>\n<meta name=\"description\" content=\"Rozwijamy nasz\u0105 dzia\u0142alno\u015b\u0107 w sferze odpowiedzialno\u015bci zawodowej, kieruj\u0105c si\u0119 warto\u015bciami etycznymi opartymi na Celach Zr\u00f3wnowa\u017conego Rozwoju oraz stosuj\u0105c w praktyce aktualne zasady.\" \/>\n<meta name=\"robots\" content=\"index, follow, max-snippet:-1, max-image-preview:large, max-video-preview:-1\" \/>\n<link rel=\"canonical\" href=\"https:\/\/www.plexus.es\/corporativo\/rsc\/\" \/>\n<meta property=\"og:locale\" content=\"pl_PL\" \/>\n<meta property=\"og:type\" content=\"article\" \/>\n<meta property=\"og:title\" content=\"Odpowiedzialno\u015b\u0107 spo\u0142eczna biznesu | Plexus Tech\" \/>\n<meta property=\"og:description\" content=\"Rozwijamy nasz\u0105 dzia\u0142alno\u015b\u0107 w sferze odpowiedzialno\u015bci zawodowej, kieruj\u0105c si\u0119 warto\u015bciami etycznymi opartymi na Celach Zr\u00f3wnowa\u017conego Rozwoju oraz stosuj\u0105c w praktyce aktualne zasady.\" \/>\n<meta property=\"og:url\" content=\"https:\/\/www.plexus.es\/corporativo\/rsc\/\" \/>\n<meta property=\"og:site_name\" content=\"Plexus Tech\" \/>\n<meta property=\"article:publisher\" content=\"https:\/\/www.facebook.com\/Plexus.Techno\" \/>\n<meta property=\"article:modified_time\" content=\"2025-09-17T08:35:37+00:00\" \/>\n<meta name=\"twitter:card\" content=\"summary_large_image\" \/>\n<meta name=\"twitter:site\" content=\"@plexustech_\" \/>\n<meta name=\"twitter:label1\" content=\"Szacowany czas czytania\" \/>\n\t<meta name=\"twitter:data1\" content=\"9 minut\" \/>\n<script type=\"application\/ld+json\" class=\"yoast-schema-graph\">{\"@context\":\"https:\/\/schema.org\",\"@graph\":[{\"@type\":\"Organization\",\"@id\":\"https:\/\/www.plexus.es\/#organization\",\"name\":\"Plexus Tech\",\"url\":\"https:\/\/www.plexus.es\/\",\"sameAs\":[\"https:\/\/www.facebook.com\/Plexus.Techno\",\"https:\/\/www.instagram.com\/plexus.tech\/\",\"https:\/\/www.linkedin.com\/company\/plexus-tech\/mycompany\/\",\"https:\/\/www.youtube.com\/user\/tecnologiasplexus\",\"https:\/\/twitter.com\/plexustech_\"],\"logo\":{\"@type\":\"ImageObject\",\"@id\":\"https:\/\/www.plexus.es\/#logo\",\"inLanguage\":\"pl-PL\",\"url\":\"https:\/\/www.plexus.es\/wp-content\/uploads\/2021\/11\/logo-plexus-2021.png\",\"contentUrl\":\"https:\/\/www.plexus.es\/wp-content\/uploads\/2021\/11\/logo-plexus-2021.png\",\"width\":600,\"height\":600,\"caption\":\"Plexus Tech\"},\"image\":{\"@id\":\"https:\/\/www.plexus.es\/#logo\"}},{\"@type\":\"WebSite\",\"@id\":\"https:\/\/www.plexus.es\/#website\",\"url\":\"https:\/\/www.plexus.es\/\",\"name\":\"Plexus Tech\",\"description\":\"Tecnolog\\u00eda con Alma\",\"publisher\":{\"@id\":\"https:\/\/www.plexus.es\/#organization\"},\"potentialAction\":[{\"@type\":\"SearchAction\",\"target\":{\"@type\":\"EntryPoint\",\"urlTemplate\":\"https:\/\/www.plexus.es\/?s={search_term_string}\"},\"query-input\":\"required name=search_term_string\"}],\"inLanguage\":\"pl-PL\"},{\"@type\":\"WebPage\",\"@id\":\"https:\/\/www.plexus.es\/corporativo\/rsc\/#webpage\",\"url\":\"https:\/\/www.plexus.es\/corporativo\/rsc\/\",\"name\":\"Odpowiedzialno\\u015b\\u0107 spo\\u0142eczna biznesu | Plexus Tech\",\"isPartOf\":{\"@id\":\"https:\/\/www.plexus.es\/#website\"},\"datePublished\":\"2021-10-29T13:42:34+00:00\",\"dateModified\":\"2025-09-17T08:35:37+00:00\",\"description\":\"Rozwijamy nasz\\u0105 dzia\\u0142alno\\u015b\\u0107 w sferze odpowiedzialno\\u015bci zawodowej, kieruj\\u0105c si\\u0119 warto\\u015bciami etycznymi opartymi na Celach Zr\\u00f3wnowa\\u017conego Rozwoju oraz stosuj\\u0105c w praktyce aktualne zasady.\",\"breadcrumb\":{\"@id\":\"https:\/\/www.plexus.es\/corporativo\/rsc\/#breadcrumb\"},\"inLanguage\":\"pl-PL\",\"potentialAction\":[{\"@type\":\"ReadAction\",\"target\":[\"https:\/\/www.plexus.es\/corporativo\/rsc\/\"]}]},{\"@type\":\"BreadcrumbList\",\"@id\":\"https:\/\/www.plexus.es\/corporativo\/rsc\/#breadcrumb\",\"itemListElement\":[{\"@type\":\"ListItem\",\"position\":1,\"name\":\"Home\",\"item\":\"https:\/\/www.plexus.es\/\"},{\"@type\":\"ListItem\",\"position\":2,\"name\":\"Korporacja\",\"item\":\"https:\/\/www.plexus.es\/corporativo\/\"},{\"@type\":\"ListItem\",\"position\":3,\"name\":\"Odpowiedzialno\\u015b\\u0107 spo\\u0142eczna biznesu\"}]}]}<\/script>\n<!-- \/ Yoast SEO plugin. -->","yoast_head_json":{"title":"Odpowiedzialno\u015b\u0107 spo\u0142eczna biznesu | Plexus Tech","description":"Rozwijamy nasz\u0105 dzia\u0142alno\u015b\u0107 w sferze odpowiedzialno\u015bci zawodowej, kieruj\u0105c si\u0119 warto\u015bciami etycznymi opartymi na Celach Zr\u00f3wnowa\u017conego Rozwoju oraz stosuj\u0105c w praktyce aktualne zasady.","robots":{"index":"index","follow":"follow","max-snippet":"max-snippet:-1","max-image-preview":"max-image-preview:large","max-video-preview":"max-video-preview:-1"},"canonical":"https:\/\/www.plexus.es\/corporativo\/rsc\/","og_locale":"pl_PL","og_type":"article","og_title":"Odpowiedzialno\u015b\u0107 spo\u0142eczna biznesu | Plexus Tech","og_description":"Rozwijamy nasz\u0105 dzia\u0142alno\u015b\u0107 w sferze odpowiedzialno\u015bci zawodowej, kieruj\u0105c si\u0119 warto\u015bciami etycznymi opartymi na Celach Zr\u00f3wnowa\u017conego Rozwoju oraz stosuj\u0105c w praktyce aktualne zasady.","og_url":"https:\/\/www.plexus.es\/corporativo\/rsc\/","og_site_name":"Plexus Tech","article_publisher":"https:\/\/www.facebook.com\/Plexus.Techno","article_modified_time":"2025-09-17T08:35:37+00:00","twitter_card":"summary_large_image","twitter_site":"@plexustech_","twitter_misc":{"Szacowany czas czytania":"9 minut"},"schema":{"@context":"https:\/\/schema.org","@graph":[{"@type":"Organization","@id":"https:\/\/www.plexus.es\/#organization","name":"Plexus Tech","url":"https:\/\/www.plexus.es\/","sameAs":["https:\/\/www.facebook.com\/Plexus.Techno","https:\/\/www.instagram.com\/plexus.tech\/","https:\/\/www.linkedin.com\/company\/plexus-tech\/mycompany\/","https:\/\/www.youtube.com\/user\/tecnologiasplexus","https:\/\/twitter.com\/plexustech_"],"logo":{"@type":"ImageObject","@id":"https:\/\/www.plexus.es\/#logo","inLanguage":"pl-PL","url":"https:\/\/www.plexus.es\/wp-content\/uploads\/2021\/11\/logo-plexus-2021.png","contentUrl":"https:\/\/www.plexus.es\/wp-content\/uploads\/2021\/11\/logo-plexus-2021.png","width":600,"height":600,"caption":"Plexus Tech"},"image":{"@id":"https:\/\/www.plexus.es\/#logo"}},{"@type":"WebSite","@id":"https:\/\/www.plexus.es\/#website","url":"https:\/\/www.plexus.es\/","name":"Plexus Tech","description":"Tecnolog\u00eda con Alma","publisher":{"@id":"https:\/\/www.plexus.es\/#organization"},"potentialAction":[{"@type":"SearchAction","target":{"@type":"EntryPoint","urlTemplate":"https:\/\/www.plexus.es\/?s={search_term_string}"},"query-input":"required name=search_term_string"}],"inLanguage":"pl-PL"},{"@type":"WebPage","@id":"https:\/\/www.plexus.es\/corporativo\/rsc\/#webpage","url":"https:\/\/www.plexus.es\/corporativo\/rsc\/","name":"Odpowiedzialno\u015b\u0107 spo\u0142eczna biznesu | Plexus Tech","isPartOf":{"@id":"https:\/\/www.plexus.es\/#website"},"datePublished":"2021-10-29T13:42:34+00:00","dateModified":"2025-09-17T08:35:37+00:00","description":"Rozwijamy nasz\u0105 dzia\u0142alno\u015b\u0107 w sferze odpowiedzialno\u015bci zawodowej, kieruj\u0105c si\u0119 warto\u015bciami etycznymi opartymi na Celach Zr\u00f3wnowa\u017conego Rozwoju oraz stosuj\u0105c w praktyce aktualne zasady.","breadcrumb":{"@id":"https:\/\/www.plexus.es\/corporativo\/rsc\/#breadcrumb"},"inLanguage":"pl-PL","potentialAction":[{"@type":"ReadAction","target":["https:\/\/www.plexus.es\/corporativo\/rsc\/"]}]},{"@type":"BreadcrumbList","@id":"https:\/\/www.plexus.es\/corporativo\/rsc\/#breadcrumb","itemListElement":[{"@type":"ListItem","position":1,"name":"Home","item":"https:\/\/www.plexus.es\/"},{"@type":"ListItem","position":2,"name":"Korporacja","item":"https:\/\/www.plexus.es\/corporativo\/"},{"@type":"ListItem","position":3,"name":"Odpowiedzialno\u015b\u0107 spo\u0142eczna biznesu"}]}]}},"_links":{"self":[{"href":"https:\/\/www.plexus.es\/pl\/wp-json\/wp\/v2\/pages\/21289"}],"collection":[{"href":"https:\/\/www.plexus.es\/pl\/wp-json\/wp\/v2\/pages"}],"about":[{"href":"https:\/\/www.plexus.es\/pl\/wp-json\/wp\/v2\/types\/page"}],"author":[{"embeddable":true,"href":"https:\/\/www.plexus.es\/pl\/wp-json\/wp\/v2\/users\/1"}],"replies":[{"embeddable":true,"href":"https:\/\/www.plexus.es\/pl\/wp-json\/wp\/v2\/comments?post=21289"}],"version-history":[{"count":16,"href":"https:\/\/www.plexus.es\/pl\/wp-json\/wp\/v2\/pages\/21289\/revisions"}],"predecessor-version":[{"id":49081,"href":"https:\/\/www.plexus.es\/pl\/wp-json\/wp\/v2\/pages\/21289\/revisions\/49081"}],"up":[{"embeddable":true,"href":"https:\/\/www.plexus.es\/pl\/wp-json\/wp\/v2\/pages\/21618"}],"wp:attachment":[{"href":"https:\/\/www.plexus.es\/pl\/wp-json\/wp\/v2\/media?parent=21289"}],"curies":[{"name":"wp","href":"https:\/\/api.w.org\/{rel}","templated":true}]}}