{"id":21629,"date":"2021-07-26T09:37:52","date_gmt":"2021-07-26T07:37:52","guid":{"rendered":"https:\/\/www.plexus.es\/privacy-policy\/"},"modified":"2025-02-05T10:53:58","modified_gmt":"2025-02-05T09:53:58","slug":"privacy-policy","status":"publish","type":"page","link":"https:\/\/www.plexus.es\/pl\/privacy-policy\/","title":{"rendered":"Privacy Policy"},"content":{"rendered":"<div class=\"fusion-fullwidth fullwidth-box fusion-builder-row-1 fusion-flex-container nonhundred-percent-fullwidth non-hundred-percent-height-scrolling\" style=\"background-color: rgba(255,255,255,0);background-position: center center;background-repeat: no-repeat;border-width: 0px 0px 0px 0px;border-color:#e8ebef;border-style:solid;\" ><div class=\"fusion-builder-row fusion-row fusion-flex-align-items-flex-start\" style=\"max-width:1310.4px;margin-left: calc(-4% \/ 2 );margin-right: calc(-4% \/ 2 );\"><div class=\"fusion-layout-column fusion_builder_column fusion-builder-column-0 fusion_builder_column_1_1 1_1 fusion-flex-column\"><div class=\"fusion-column-wrapper fusion-flex-justify-content-flex-start fusion-content-layout-column\" style=\"background-position:left top;background-repeat:no-repeat;-webkit-background-size:cover;-moz-background-size:cover;-o-background-size:cover;background-size:cover;padding: 0px 0px 0px 0px;\"><div class=\"fusion-text fusion-text-1\"><\/p>\n<h1 class=\"fusion-responsive-typography-calculated\" style=\"--fontsize: 48;\" data-fontsize=\"48\" data-lineheight=\"normal\">Legal Notice<\/h1>\n<ol class=\"minuscula\">\n<li>\n<h2 class=\"fusion-responsive-typography-calculated\" style=\"--fontsize: 28;\" data-fontsize=\"28\" data-lineheight=\"normal\">Responsible for data processing<\/h2>\n<ul>\n<li>Holder: Tecnolog\u00edas Plexus, S.L. (hereinafter, &#8222;PLEXUS&#8221;)<\/li>\n<li>NIF: B15726177<\/li>\n<li>Registered office: Jos\u00e9 Villar Granjel 22-24. Pol\u00edgono de Boisaca, Santiago de Compostela.<\/li>\n<li>Email<strong>:<\/strong> <u><a href=\"mailto:rgpd@plexus.es\">rgpd@plexus.es<\/a><\/u><\/li>\n<\/ul>\n<\/li>\n<li>\n<h2 class=\"fusion-responsive-typography-calculated\" style=\"--fontsize: 28;\" data-fontsize=\"28\" data-lineheight=\"normal\">Information and consent<\/h2>\n<p>By accepting this Privacy Policy, the user is informed and gives their free and unequivocal consent for the personal data provided through the website to be processed by PLEXUS.<\/p>\n<\/li>\n<li>\n<h2 class=\"fusion-responsive-typography-calculated\" style=\"--fontsize: 28;\" data-fontsize=\"28\" data-lineheight=\"normal\">Compulsory provision of data<\/h2>\n<p>All personal data requested through the website or through another medium is mandatory (unless otherwise specified in the required field) to fulfill the established purposes. It is not possible to register on the Website if you do not provide complete data, although you may freely view the content of the Website.<\/p>\n<p>By entering data on the Website, the user guarantees that they are over fourteen (14) years of age and that the data provided are true, accurate, complete, and up-to-date, committing to notify PLEXUS of any modifications that occur in the data provided.<\/p>\n<\/li>\n<li>\n<h2 class=\"fusion-responsive-typography-calculated\" style=\"--fontsize: 28;\" data-fontsize=\"28\" data-lineheight=\"normal\">What is the purpose of Plexus&#8217; processing of your data?<\/h2>\n<p>The personal data provided by the user will be processed for the following purposes:<\/p>\n<ul>\n<li>Facilitate the user&#8217;s registration to allow access to the products and services we can offer.<\/li>\n<li>Inclusion of the user&#8217;s curriculum data in a company database (&#8222;candidates&#8221;) for use in future selection processes related to job offers published by the company through the various channels it has enabled.<\/li>\n<\/ul>\n<\/li>\n<li>\n<h2 class=\"fusion-responsive-typography-calculated\" style=\"--fontsize: 28;\" data-fontsize=\"28\" data-lineheight=\"normal\">What is the legitimacy of the processing?<\/h2>\n<p>The processing of user data is based on the express consent requested and accepted, which can be opposed at any time.<\/p>\n<p>The consents obtained for each of the purposes are independent, so the user may revoke only one of them without affecting the others.<\/p>\n<p>The legitimacy of the processing of your personal data may also derive from the concept of legitimate interest that the company may have based on the regulations established in the applicable laws.<\/p>\n<\/li>\n<li>\n<h2 class=\"fusion-responsive-typography-calculated\" style=\"--fontsize: 28;\" data-fontsize=\"28\" data-lineheight=\"normal\">What is the conservation period of the user&#8217;s personal data?<\/h2>\n<p>The personal data will be kept for as long as the relationship with the user is maintained or until they exercise their right to oppose or cancel the data. Once the relationship is terminated or the aforementioned rights are exercised, the data will be blocked for the entire period required by applicable legislation and until any liabilities arising from the processing are prescribed.<\/p>\n<\/li>\n<li>\n<h2 class=\"fusion-responsive-typography-calculated\" style=\"--fontsize: 28;\" data-fontsize=\"28\" data-lineheight=\"normal\">What user data can Plexus process?<\/h2>\n<p>PLEXUS will process the following categories of user data:<\/p>\n<ul>\n<li>Data provided by the user\n<ul>\n<li>Identifying data: name, surname, and ID number.<\/li>\n<li>Contact data: email address.<\/li>\n<\/ul>\n<\/li>\n<li>Data obtained from sources other than the user, such as publicly accessible sources.<\/li>\n<li>Data provided by third-party companies for the management of a candidate&#8217;s Curriculum.<\/li>\n<li>Data derived from the development of the relationship: Data provided indirectly by the client resulting from the navigation of the website itself, access to the private area, or any other of a similar nature that allows its receipt.<\/li>\n<\/ul>\n<p>In cases where the user provides PLEXUS with data from third parties, they declare that they have informed and obtained prior consent from said person for their personal data to be processed by PLEXUS. In the event that PLEXUS is convicted for unauthorized processing, it reserves the right to pass on such penalties to the user who provided the data without the prior consent of the data subject.<\/p>\n<div class=\"et-tabs-container et_sliderfx_fade et_sliderauto_false et_sliderauto_speed_5000 et_slidertype_top_tabs\">\n<ul class=\"et-tabs-control lineheight-aumentado\">\n<li class=\"active\"><a href=\"https:\/\/www.www.plexus.es\/aviso-legal\/#\">Live Chat<\/a><\/li>\n<li><a href=\"https:\/\/www.www.plexus.es\/aviso-legal\/#\">Google Analytics<\/a><\/li>\n<\/ul>\n<p>&nbsp;<\/p>\n<div class=\"et-tabs-content\">\n<div class=\"et-tabs-content-main-wrap\">\n<div class=\"et-tabs-content-wrapper\">\n<div class=\"et_slidecontent et_shortcode_slide_active\">We currently collect this data:<\/p>\n<p>Chat form:<\/p>\n<ul>\n<li>Name<\/li>\n<li>Email<\/li>\n<li>Phone number<\/li>\n<\/ul>\n<p>Technical information:<\/p>\n<ul>\n<li>IP address<\/li>\n<li>Visited pages<\/li>\n<li>Device type<\/li>\n<li>Browser type<\/li>\n<li>Screen resolution<\/li>\n<li>Access page<\/li>\n<\/ul>\n<p>The visitor is free to send any other personal data they consider appropriate; this data is stored in the conversation logs.<\/p>\n<p><a href=\"https:\/\/www.smartsupp.com\/es\/help\/privacidad\/\" target=\"_blank\" rel=\"noopener noreferrer\">Privacy<\/a><\/p>\n<\/div>\n<\/div>\n<\/div>\n<\/div>\n<\/div>\n<\/li>\n<li>\n<h2 class=\"fusion-responsive-typography-calculated\" style=\"--fontsize: 28;\" data-fontsize=\"28\" data-lineheight=\"normal\">Who are the recipients of the user&#8217;s data?<\/h2>\n<p>PLEXUS may transfer the user&#8217;s personal data to the companies that are part of its business group. These companies are:<\/p>\n<ul>\n<li class=\"x_MsoListParagraph\"><span data-olk-copy-source=\"MessageBody\">TECNOLOGIAS PLEXUS, S.L. B15726177<\/span><\/li>\n<li class=\"x_MsoListParagraph\">AGMINA MULTIMEDIA, S.L. B15793409<\/li>\n<li class=\"x_MsoListParagraph\">BRETEMA CONSULTING, S.L. B36458495<\/li>\n<li class=\"x_MsoListParagraph\">PLEXUS AMERICA, S.L. B70071154<\/li>\n<li class=\"x_MsoListParagraph\">PLEXUS SEGURIDAD, S.L. B70201330<\/li>\n<li class=\"x_MsoListParagraph\">PLEXUS SERVICIOS GENERALES, S.L. B70071162<\/li>\n<li class=\"x_MsoListParagraph\">PLEXUS TECNOLOGIAS DE LA INFORMACION Y LA B70244991<\/li>\n<li class=\"x_MsoListParagraph\">REGO TORRES, S.L. B15939051<\/li>\n<li class=\"x_MsoListParagraph\">INTRYO SERVICIOS DE SOFTWARE, S.L. B06611925<\/li>\n<li class=\"x_MsoListParagraph\"><span lang=\"EN-GB\">SM2 SOFTWARE &amp; SERVICES MANAGEMENT, S.A. A0723081<\/span><\/li>\n<li class=\"x_MsoListParagraph\">EVOLTIA, S.L. B83887182<\/li>\n<li class=\"x_MsoListParagraph\"><span lang=\"EN-GB\">HUMAN COMPUTER DEVELOPMENT, S.L. B83136200<\/span><\/li>\n<li class=\"x_MsoListParagraph\">BRUCKE ASESORES, S.L., B84276781<\/li>\n<li class=\"x_MsoListParagraph\">NOMASYSTEMS, S.L B15955503<\/li>\n<li class=\"x_MsoListParagraph\"><span lang=\"EN-GB\">SOFT FOR YOU S.L, CON CIF B60179108<\/span><\/li>\n<li class=\"x_MsoListParagraph\">ITECHGRUP INNOVACI\u00d3N EN TECNOLOG\u00cdAS DE LA INFORMACI\u00d3N SL. B64855893<\/li>\n<\/ul>\n<p>Except for the above, PLEXUS will not make any data transfers that do not have a legal basis or that are legitimized by any cause. Therefore, your data will be processed only by PLEXUS or the companies of its business group, within its own scope of action and for the different media (digital and\/or analog) in which it operates.<\/p>\n<p>Notwithstanding the above, PLEXUS may contract cloud storage services with entities whose servers are located outside the European Economic Area. However, PLEXUS will ensure that these providers guarantee adequate measures to maintain a comparable level of protection in terms of the provisions of data protection regulations.<\/p>\n<p>The ChatBot service is provided by the company Smartsupp.com, s.r.o., Company reg. no.: 03668681, VAT ID: CZ03668681, Lidick\u00e1 20, Brno, 602 00, Czech Republic. More information is available about this service on the <a href=\"https:\/\/www.smartsupp.com\/es\/help\/privacidad\/\" target=\"_blank\" rel=\"noopener noreferrer\">Privacy<\/a> page.<\/p>\n<\/li>\n<li>\n<h2 class=\"fusion-responsive-typography-calculated\" style=\"--fontsize: 28;\" data-fontsize=\"28\" data-lineheight=\"normal\">What are your rights?<\/h2>\n<p>Data Protection regulations confer a series of rights in relation to the processing of data that involves our services, and you may exercise them by attaching a copy of your ID to the claim. The rights are as follows:<\/p>\n<ul>\n<li><strong>Right of access:<\/strong> Know what type of data we are processing and the characteristics of the processing being carried out.<\/li>\n<li><strong>Right of rectification:<\/strong> You may modify your data if they are inaccurate or not truthful.<\/li>\n<li><strong>Right of portability:<\/strong> Obtain a copy in interoperable format of the data being processed.<\/li>\n<li><strong>Right to limit processing:<\/strong> When you have given consent for the processing of your data related to different issues, you may proceed to limit it.<\/li>\n<li><strong>Right of deletion:<\/strong> Request the deletion of your data when processing is no longer necessary.<\/li>\n<li><strong>Right to object:<\/strong> Request the cessation of the aforementioned commercial communications.<\/li>\n<li><strong>Right to revoke<\/strong> the consent given<\/li>\n<li><strong>Right to file a complaint<\/strong> with the supervisory authority (in Spain, the Spanish Data Protection Agency &#8211; AEPD)<\/li>\n<\/ul>\n<p>You may exercise your rights by postal mail at the address R\u00faa Jos\u00e9 Villar Granjel 22-24, Pol\u00edgono de Boisaca (Santiago de Compostela), or by email to the Data Protection Officer of the company at the address <u><a href=\"mailto:rgpd@plexus.es\">rgpd@plexus.es<\/a><\/u> indicating the right to exercise and a copy of your ID.<\/p>\n<\/li>\n<li>\n<h2 class=\"fusion-responsive-typography-calculated\" style=\"--fontsize: 28;\" data-fontsize=\"28\" data-lineheight=\"normal\">What security measures will Plexus implement?<\/h2>\n<p>PLEXUS will treat user data at all times in an absolutely confidential manner and will maintain the duty of secrecy regarding them, in accordance with the provisions of the applicable regulations, adopting the necessary technical and organizational measures to guarantee the security of the data and prevent their alteration, loss, processing, or unauthorized access, taking into account the state of the technology, the nature of the data stored, and the risks they are exposed to.<\/p>\n<\/li>\n<\/ol>\n<p><strong>Questions<\/strong><\/p>\n<p>Any doubts, questions, or comments regarding these conditions may be addressed by directing your communication to the following email address: <u><a href=\"mailto:rgpd@plexus.es\">rgpd@plexus.es<\/a><\/u><\/p>\n<p>&nbsp;<\/p><\/p>\n<\/div><\/div><style type=\"text\/css\">.fusion-body .fusion-builder-column-0{width:100% !important;margin-top : 0px;margin-bottom : 0px;}.fusion-builder-column-0 > .fusion-column-wrapper {padding-top : 0px !important;padding-right : 0px !important;margin-right : 1.92%;padding-bottom : 0px !important;padding-left : 0px !important;margin-left : 1.92%;}@media only screen and (max-width:1200px) {.fusion-body .fusion-builder-column-0{width:100% !important;}.fusion-builder-column-0 > .fusion-column-wrapper {margin-right : 1.92%;margin-left : 1.92%;}}@media only screen and (max-width:640px) {.fusion-body .fusion-builder-column-0{width:100% !important;}.fusion-builder-column-0 > .fusion-column-wrapper {margin-right : 1.92%;margin-left : 1.92%;}}<\/style><\/div><\/div><style type=\"text\/css\">.fusion-body .fusion-flex-container.fusion-builder-row-1{ padding-top : 60px;margin-top : 0px;padding-right : 0px;padding-bottom : 0px;margin-bottom : 0px;padding-left : 0px;}<\/style><\/div>","protected":false},"excerpt":{"rendered":"","protected":false},"author":1,"featured_media":0,"parent":0,"menu_order":0,"comment_status":"closed","ping_status":"closed","template":"","meta":[],"yoast_head":"<!-- This site is optimized with the Yoast SEO plugin v17.4 - https:\/\/yoast.com\/wordpress\/plugins\/seo\/ -->\n<title>Nota prawna | Plexus Tech<\/title>\n<meta name=\"description\" content=\"Zapoznaj si\u0119 z nasz\u0105 polityk\u0105 prywatno\u015bci oraz sposobem przetwarzania dotycz\u0105cych Ci\u0119 danych osobowych. W razie pyta\u0144 mo\u017cesz skontaktowa\u0107 si\u0119 z nami pod adresem rgpd@www.plexus.es\" \/>\n<meta name=\"robots\" content=\"noindex, nofollow\" \/>\n<meta property=\"og:locale\" content=\"pl_PL\" \/>\n<meta property=\"og:type\" content=\"article\" \/>\n<meta property=\"og:title\" content=\"Nota prawna | Plexus Tech\" \/>\n<meta property=\"og:description\" content=\"Zapoznaj si\u0119 z nasz\u0105 polityk\u0105 prywatno\u015bci oraz sposobem przetwarzania dotycz\u0105cych Ci\u0119 danych osobowych. W razie pyta\u0144 mo\u017cesz skontaktowa\u0107 si\u0119 z nami pod adresem rgpd@www.plexus.es\" \/>\n<meta property=\"og:url\" content=\"https:\/\/www.plexus.es\/pl\/privacy-policy\/\" \/>\n<meta property=\"og:site_name\" content=\"Plexus Tech\" \/>\n<meta property=\"article:publisher\" content=\"https:\/\/www.facebook.com\/Plexus.Techno\" \/>\n<meta property=\"article:modified_time\" content=\"2025-02-05T09:53:58+00:00\" \/>\n<meta name=\"twitter:card\" content=\"summary_large_image\" \/>\n<meta name=\"twitter:site\" content=\"@plexustech_\" \/>\n<meta name=\"twitter:label1\" content=\"Szacowany czas czytania\" \/>\n\t<meta name=\"twitter:data1\" content=\"8 minut\" \/>\n<script type=\"application\/ld+json\" class=\"yoast-schema-graph\">{\"@context\":\"https:\/\/schema.org\",\"@graph\":[{\"@type\":\"Organization\",\"@id\":\"https:\/\/www.plexus.es\/#organization\",\"name\":\"Plexus Tech\",\"url\":\"https:\/\/www.plexus.es\/\",\"sameAs\":[\"https:\/\/www.facebook.com\/Plexus.Techno\",\"https:\/\/www.instagram.com\/plexus.tech\/\",\"https:\/\/www.linkedin.com\/company\/plexus-tech\/mycompany\/\",\"https:\/\/www.youtube.com\/user\/tecnologiasplexus\",\"https:\/\/twitter.com\/plexustech_\"],\"logo\":{\"@type\":\"ImageObject\",\"@id\":\"https:\/\/www.plexus.es\/#logo\",\"inLanguage\":\"pl-PL\",\"url\":\"https:\/\/www.plexus.es\/wp-content\/uploads\/2021\/11\/logo-plexus-2021.png\",\"contentUrl\":\"https:\/\/www.plexus.es\/wp-content\/uploads\/2021\/11\/logo-plexus-2021.png\",\"width\":600,\"height\":600,\"caption\":\"Plexus Tech\"},\"image\":{\"@id\":\"https:\/\/www.plexus.es\/#logo\"}},{\"@type\":\"WebSite\",\"@id\":\"https:\/\/www.plexus.es\/#website\",\"url\":\"https:\/\/www.plexus.es\/\",\"name\":\"Plexus Tech\",\"description\":\"Tecnolog\\u00eda con Alma\",\"publisher\":{\"@id\":\"https:\/\/www.plexus.es\/#organization\"},\"potentialAction\":[{\"@type\":\"SearchAction\",\"target\":{\"@type\":\"EntryPoint\",\"urlTemplate\":\"https:\/\/www.plexus.es\/?s={search_term_string}\"},\"query-input\":\"required name=search_term_string\"}],\"inLanguage\":\"pl-PL\"},{\"@type\":\"WebPage\",\"@id\":\"https:\/\/www.plexus.es\/pl\/privacy-policy\/#webpage\",\"url\":\"https:\/\/www.plexus.es\/pl\/privacy-policy\/\",\"name\":\"Nota prawna | Plexus Tech\",\"isPartOf\":{\"@id\":\"https:\/\/www.plexus.es\/#website\"},\"datePublished\":\"2021-07-26T07:37:52+00:00\",\"dateModified\":\"2025-02-05T09:53:58+00:00\",\"description\":\"Zapoznaj si\\u0119 z nasz\\u0105 polityk\\u0105 prywatno\\u015bci oraz sposobem przetwarzania dotycz\\u0105cych Ci\\u0119 danych osobowych. W razie pyta\\u0144 mo\\u017cesz skontaktowa\\u0107 si\\u0119 z nami pod adresem rgpd@www.plexus.es\",\"breadcrumb\":{\"@id\":\"https:\/\/www.plexus.es\/pl\/privacy-policy\/#breadcrumb\"},\"inLanguage\":\"pl-PL\",\"potentialAction\":[{\"@type\":\"ReadAction\",\"target\":[\"https:\/\/www.plexus.es\/pl\/privacy-policy\/\"]}]},{\"@type\":\"BreadcrumbList\",\"@id\":\"https:\/\/www.plexus.es\/pl\/privacy-policy\/#breadcrumb\",\"itemListElement\":[{\"@type\":\"ListItem\",\"position\":1,\"name\":\"Home\",\"item\":\"https:\/\/www.plexus.es\/\"},{\"@type\":\"ListItem\",\"position\":2,\"name\":\"Privacy Policy\"}]}]}<\/script>\n<!-- \/ Yoast SEO plugin. -->","yoast_head_json":{"title":"Nota prawna | Plexus Tech","description":"Zapoznaj si\u0119 z nasz\u0105 polityk\u0105 prywatno\u015bci oraz sposobem przetwarzania dotycz\u0105cych Ci\u0119 danych osobowych. W razie pyta\u0144 mo\u017cesz skontaktowa\u0107 si\u0119 z nami pod adresem rgpd@www.plexus.es","robots":{"index":"noindex","follow":"nofollow"},"og_locale":"pl_PL","og_type":"article","og_title":"Nota prawna | Plexus Tech","og_description":"Zapoznaj si\u0119 z nasz\u0105 polityk\u0105 prywatno\u015bci oraz sposobem przetwarzania dotycz\u0105cych Ci\u0119 danych osobowych. W razie pyta\u0144 mo\u017cesz skontaktowa\u0107 si\u0119 z nami pod adresem rgpd@www.plexus.es","og_url":"https:\/\/www.plexus.es\/pl\/privacy-policy\/","og_site_name":"Plexus Tech","article_publisher":"https:\/\/www.facebook.com\/Plexus.Techno","article_modified_time":"2025-02-05T09:53:58+00:00","twitter_card":"summary_large_image","twitter_site":"@plexustech_","twitter_misc":{"Szacowany czas czytania":"8 minut"},"schema":{"@context":"https:\/\/schema.org","@graph":[{"@type":"Organization","@id":"https:\/\/www.plexus.es\/#organization","name":"Plexus Tech","url":"https:\/\/www.plexus.es\/","sameAs":["https:\/\/www.facebook.com\/Plexus.Techno","https:\/\/www.instagram.com\/plexus.tech\/","https:\/\/www.linkedin.com\/company\/plexus-tech\/mycompany\/","https:\/\/www.youtube.com\/user\/tecnologiasplexus","https:\/\/twitter.com\/plexustech_"],"logo":{"@type":"ImageObject","@id":"https:\/\/www.plexus.es\/#logo","inLanguage":"pl-PL","url":"https:\/\/www.plexus.es\/wp-content\/uploads\/2021\/11\/logo-plexus-2021.png","contentUrl":"https:\/\/www.plexus.es\/wp-content\/uploads\/2021\/11\/logo-plexus-2021.png","width":600,"height":600,"caption":"Plexus Tech"},"image":{"@id":"https:\/\/www.plexus.es\/#logo"}},{"@type":"WebSite","@id":"https:\/\/www.plexus.es\/#website","url":"https:\/\/www.plexus.es\/","name":"Plexus Tech","description":"Tecnolog\u00eda con Alma","publisher":{"@id":"https:\/\/www.plexus.es\/#organization"},"potentialAction":[{"@type":"SearchAction","target":{"@type":"EntryPoint","urlTemplate":"https:\/\/www.plexus.es\/?s={search_term_string}"},"query-input":"required name=search_term_string"}],"inLanguage":"pl-PL"},{"@type":"WebPage","@id":"https:\/\/www.plexus.es\/pl\/privacy-policy\/#webpage","url":"https:\/\/www.plexus.es\/pl\/privacy-policy\/","name":"Nota prawna | Plexus Tech","isPartOf":{"@id":"https:\/\/www.plexus.es\/#website"},"datePublished":"2021-07-26T07:37:52+00:00","dateModified":"2025-02-05T09:53:58+00:00","description":"Zapoznaj si\u0119 z nasz\u0105 polityk\u0105 prywatno\u015bci oraz sposobem przetwarzania dotycz\u0105cych Ci\u0119 danych osobowych. W razie pyta\u0144 mo\u017cesz skontaktowa\u0107 si\u0119 z nami pod adresem rgpd@www.plexus.es","breadcrumb":{"@id":"https:\/\/www.plexus.es\/pl\/privacy-policy\/#breadcrumb"},"inLanguage":"pl-PL","potentialAction":[{"@type":"ReadAction","target":["https:\/\/www.plexus.es\/pl\/privacy-policy\/"]}]},{"@type":"BreadcrumbList","@id":"https:\/\/www.plexus.es\/pl\/privacy-policy\/#breadcrumb","itemListElement":[{"@type":"ListItem","position":1,"name":"Home","item":"https:\/\/www.plexus.es\/"},{"@type":"ListItem","position":2,"name":"Privacy Policy"}]}]}},"_links":{"self":[{"href":"https:\/\/www.plexus.es\/pl\/wp-json\/wp\/v2\/pages\/21629"}],"collection":[{"href":"https:\/\/www.plexus.es\/pl\/wp-json\/wp\/v2\/pages"}],"about":[{"href":"https:\/\/www.plexus.es\/pl\/wp-json\/wp\/v2\/types\/page"}],"author":[{"embeddable":true,"href":"https:\/\/www.plexus.es\/pl\/wp-json\/wp\/v2\/users\/1"}],"replies":[{"embeddable":true,"href":"https:\/\/www.plexus.es\/pl\/wp-json\/wp\/v2\/comments?post=21629"}],"version-history":[{"count":3,"href":"https:\/\/www.plexus.es\/pl\/wp-json\/wp\/v2\/pages\/21629\/revisions"}],"predecessor-version":[{"id":46002,"href":"https:\/\/www.plexus.es\/pl\/wp-json\/wp\/v2\/pages\/21629\/revisions\/46002"}],"wp:attachment":[{"href":"https:\/\/www.plexus.es\/pl\/wp-json\/wp\/v2\/media?parent=21629"}],"curies":[{"name":"wp","href":"https:\/\/api.w.org\/{rel}","templated":true}]}}