{"id":44143,"date":"2024-07-18T14:21:29","date_gmt":"2024-07-18T12:21:29","guid":{"rendered":"https:\/\/www.plexus.es\/uslugi\/badania-rozwoj-i-innowacja-technologiczna\/opis-wideo-akordeon-h2020\/"},"modified":"2024-07-19T11:38:37","modified_gmt":"2024-07-19T09:38:37","slug":"opis-wideo-akordeon-h2020","status":"publish","type":"page","link":"https:\/\/www.plexus.es\/pl\/uslugi\/badania-rozwoj-i-innowacja-technologiczna\/opis-wideo-akordeon-h2020\/","title":{"rendered":"Opis wideo AKORDEON H2020"},"content":{"rendered":"<div class=\"fusion-fullwidth fullwidth-box fusion-builder-row-1 fusion-flex-container nonhundred-percent-fullwidth non-hundred-percent-height-scrolling\" style=\"background-color: rgba(255,255,255,0);background-position: center center;background-repeat: no-repeat;border-width: 0px 0px 0px 0px;border-color:#e8ebef;border-style:solid;\" ><div class=\"fusion-builder-row fusion-row fusion-flex-align-items-flex-start\" style=\"max-width:1310.4px;margin-left: calc(-4% \/ 2 );margin-right: calc(-4% \/ 2 );\"><div class=\"fusion-layout-column fusion_builder_column fusion-builder-column-0 fusion_builder_column_3_4 3_4 fusion-flex-column\"><div class=\"fusion-column-wrapper fusion-flex-justify-content-flex-start fusion-content-layout-column\" style=\"background-position:left top;background-repeat:no-repeat;-webkit-background-size:cover;-moz-background-size:cover;-o-background-size:cover;background-size:cover;padding: 0px 0px 0px 0px;\"><style type=\"text\/css\">@media only screen and (max-width:1200px) {.fusion-title.fusion-title-1{margin-top:2rem!important; margin-right:1rem!important;margin-bottom:2rem!important;margin-left:0px!important;}}@media only screen and (max-width:640px) {.fusion-title.fusion-title-1{margin-top:0px!important; margin-right:0px!important;margin-bottom:0px!important; margin-left:0px!important;}}<\/style><div class=\"fusion-title title fusion-title-1 fusion-sep-none fusion-title-text fusion-title-size-one\" style=\"margin-top:2rem;margin-right:1rem;margin-bottom:2rem;margin-left:0px;\"><h1 class=\"title-heading-left fusion-responsive-typography-calculated\" style=\"margin:0;--fontSize:45;line-height:1;\">Opis wideo AKORDEON H2020<\/h1><\/div><div class=\"fusion-text fusion-text-1\"><p>Przej\u015bcie na platform\u0119 Accordion b\u0119dzie stanowi\u0107 wsparcie biznesowe dla firmy Plexus<br \/>\ndostarczaj spersonalizowane tre\u015bci, integruj\u0105c dwa kluczowe produkty wykorzystuj\u0105ce technologi\u0119 Edge<br \/>\nobliczenia, aby zapewni\u0107 mniejsze op\u00f3\u017anienia i wy\u017csz\u0105 wydajno\u015b\u0107 w przeci\u0119tnej sieci<br \/>\nwarunki.<br \/>\nPlexus rozwija platform\u0119, kt\u00f3ra umo\u017cliwi przetwarzanie informacji o urz\u0105dzeniu na kraw\u0119dzi,<br \/>\nredukuj\u0105c op\u00f3\u017anienia i umo\u017cliwiaj\u0105c wykonywanie zaawansowanych oblicze\u0144 w chmurze.<br \/>\nNa podstawie wynik\u00f3w tych oblicze\u0144 dostosowana tre\u015b\u0107 zostanie przes\u0142ana strumieniowo do<br \/>\nr\u00f3\u017cnych ekranach sieci.<br \/>\nNa poni\u017cszym diagramie przedstawiono przyk\u0142ady od pocz\u0105tku us\u0142ugi brzegowej i<br \/>\n\u017c\u0105danie punktu ko\u0144cowego Anblick. Scenariusze te zosta\u0142y zrealizowane w pierwszym cyklu,<br \/>\ndlatego urz\u0105dzenie brzegowe i klient Anblick s\u0105 wdra\u017cane w Accordionie<br \/>\nplatforma.<br \/>\nSystem lokalny sk\u0142ada si\u0119 z Raspberry Pi lub klastra Raspberry Pi, kt\u00f3ry dzia\u0142a<br \/>\nfunkcje urz\u0105dzenia brzegowego i pozwalaj\u0105 na lokalne przetwarzanie, co zmniejsza op\u00f3\u017anienia.<br \/>\nAnblick dzia\u0142a w chmurze publicznej i odpowiada za nadawanie praw<br \/>\ntre\u015bci na ekrany pod\u0142\u0105czonych telewizor\u00f3w. Sytuacja wyj\u015bciowa to domy\u015blna tre\u015b\u0107, kt\u00f3ra<br \/>\njest niezale\u017cny od charakterystyki u\u017cytkownik\u00f3w obiektu. Kiedy u\u017cytkownik wejdzie<br \/>\nmiejsce i aktywuje funkcj\u0119 Wi-Fi oraz znajdzie si\u0119 w zasi\u0119gu Raspberry Pi,<br \/>\nmo\u017cna wykry\u0107 \u017c\u0105dania sondowania jego urz\u0105dzenia. Antena Wi-Fi pod\u0142\u0105czona<br \/>\ndo kraw\u0119dzi odbiera \u017c\u0105danie sondy. Dane \u017c\u0105dania sondy nie s\u0105 przechowywane w pliku<br \/>\nkraw\u0119d\u017a. Edge przetwarza informacje. Dlatego MAC jest anonimowy i<br \/>\nwsp\u00f3\u0142rz\u0119dne urz\u0105dze\u0144 s\u0105 obliczane na podstawie anteny Wi-Fi, na podstawie<br \/>\nr\u00f3\u017cne parametry, takie jak liczba u\u017cytkownik\u00f3w w zasi\u0119gu, \u015bredni czas w zasi\u0119gu lub<br \/>\nliczby nowych odwiedzaj\u0105cych, decyzja dotycz\u0105ca tre\u015bci jest podejmowana na kraw\u0119dzi. Znacznik jest udost\u0119pniony<br \/>\nChmura. W pierwszym cyklu skupiono si\u0119 na dostosowaniu tre\u015bci w oparciu o przetwarzanie<br \/>\nkraw\u0119d\u017a.<br \/>\nWreszcie u\u017cytkownik mo\u017ce zobaczy\u0107 dostosowan\u0105 tre\u015b\u0107 na ekranach telewizor\u00f3w w obiekcie, co pozwala<br \/>\ndla bardziej efektywnego oznakowania cyfrowego<\/p>\n<\/div><\/div><style type=\"text\/css\">.fusion-body .fusion-builder-column-0{width:75% !important;margin-top : 20px;margin-bottom : 20px;}.fusion-builder-column-0 > .fusion-column-wrapper {padding-top : 0px !important;padding-right : 0px !important;margin-right : 2.56%;padding-bottom : 0px !important;padding-left : 0px !important;margin-left : 2.56%;}@media only screen and (max-width:1200px) {.fusion-body .fusion-builder-column-0{width:75% !important;order : 0;}.fusion-builder-column-0 > .fusion-column-wrapper {margin-right : 2.56%;margin-left : 2.56%;}}@media only screen and (max-width:640px) {.fusion-body .fusion-builder-column-0{width:100% !important;order : 0;}.fusion-builder-column-0 > .fusion-column-wrapper {margin-right : 1.92%;margin-left : 1.92%;}}<\/style><\/div><\/div><style type=\"text\/css\">.fusion-body .fusion-flex-container.fusion-builder-row-1{ padding-top : 0px;margin-top : 0px;padding-right : 0px;padding-bottom : 0px;margin-bottom : 0px;padding-left : 0px;}<\/style><\/div>\n","protected":false},"excerpt":{"rendered":"","protected":false},"author":5,"featured_media":0,"parent":21281,"menu_order":0,"comment_status":"closed","ping_status":"closed","template":"","meta":[],"yoast_head":"<!-- This site is optimized with the Yoast SEO plugin v17.4 - https:\/\/yoast.com\/wordpress\/plugins\/seo\/ -->\n<title>Opis wideo AKORDEON H2020 - Plexus Tech<\/title>\n<meta name=\"robots\" content=\"index, follow, max-snippet:-1, max-image-preview:large, max-video-preview:-1\" \/>\n<link rel=\"canonical\" href=\"https:\/\/www.plexus.es\/servicios\/i-d-i\/descripcion-video-accordion-h2020\/\" \/>\n<meta property=\"og:locale\" content=\"pl_PL\" \/>\n<meta property=\"og:type\" content=\"article\" \/>\n<meta property=\"og:title\" content=\"Opis wideo AKORDEON H2020 - Plexus Tech\" \/>\n<meta property=\"og:url\" content=\"https:\/\/www.plexus.es\/servicios\/i-d-i\/descripcion-video-accordion-h2020\/\" \/>\n<meta property=\"og:site_name\" content=\"Plexus Tech\" \/>\n<meta property=\"article:publisher\" content=\"https:\/\/www.facebook.com\/Plexus.Techno\" \/>\n<meta property=\"article:modified_time\" content=\"2024-07-19T09:38:37+00:00\" \/>\n<meta name=\"twitter:card\" content=\"summary_large_image\" \/>\n<meta name=\"twitter:site\" content=\"@plexustech_\" \/>\n<meta name=\"twitter:label1\" content=\"Szacowany czas czytania\" \/>\n\t<meta name=\"twitter:data1\" content=\"5 minut\" \/>\n<script type=\"application\/ld+json\" class=\"yoast-schema-graph\">{\"@context\":\"https:\/\/schema.org\",\"@graph\":[{\"@type\":\"Organization\",\"@id\":\"https:\/\/www.plexus.es\/#organization\",\"name\":\"Plexus Tech\",\"url\":\"https:\/\/www.plexus.es\/\",\"sameAs\":[\"https:\/\/www.facebook.com\/Plexus.Techno\",\"https:\/\/www.instagram.com\/plexus.tech\/\",\"https:\/\/www.linkedin.com\/company\/plexus-tech\/mycompany\/\",\"https:\/\/www.youtube.com\/user\/tecnologiasplexus\",\"https:\/\/twitter.com\/plexustech_\"],\"logo\":{\"@type\":\"ImageObject\",\"@id\":\"https:\/\/www.plexus.es\/#logo\",\"inLanguage\":\"pl-PL\",\"url\":\"https:\/\/www.plexus.es\/wp-content\/uploads\/2021\/11\/logo-plexus-2021.png\",\"contentUrl\":\"https:\/\/www.plexus.es\/wp-content\/uploads\/2021\/11\/logo-plexus-2021.png\",\"width\":600,\"height\":600,\"caption\":\"Plexus Tech\"},\"image\":{\"@id\":\"https:\/\/www.plexus.es\/#logo\"}},{\"@type\":\"WebSite\",\"@id\":\"https:\/\/www.plexus.es\/#website\",\"url\":\"https:\/\/www.plexus.es\/\",\"name\":\"Plexus Tech\",\"description\":\"Tecnolog\\u00eda con Alma\",\"publisher\":{\"@id\":\"https:\/\/www.plexus.es\/#organization\"},\"potentialAction\":[{\"@type\":\"SearchAction\",\"target\":{\"@type\":\"EntryPoint\",\"urlTemplate\":\"https:\/\/www.plexus.es\/?s={search_term_string}\"},\"query-input\":\"required name=search_term_string\"}],\"inLanguage\":\"pl-PL\"},{\"@type\":\"WebPage\",\"@id\":\"https:\/\/www.plexus.es\/servicios\/i-d-i\/descripcion-video-accordion-h2020\/#webpage\",\"url\":\"https:\/\/www.plexus.es\/servicios\/i-d-i\/descripcion-video-accordion-h2020\/\",\"name\":\"Opis wideo AKORDEON H2020 - Plexus Tech\",\"isPartOf\":{\"@id\":\"https:\/\/www.plexus.es\/#website\"},\"datePublished\":\"2024-07-18T12:21:29+00:00\",\"dateModified\":\"2024-07-19T09:38:37+00:00\",\"breadcrumb\":{\"@id\":\"https:\/\/www.plexus.es\/servicios\/i-d-i\/descripcion-video-accordion-h2020\/#breadcrumb\"},\"inLanguage\":\"pl-PL\",\"potentialAction\":[{\"@type\":\"ReadAction\",\"target\":[\"https:\/\/www.plexus.es\/servicios\/i-d-i\/descripcion-video-accordion-h2020\/\"]}]},{\"@type\":\"BreadcrumbList\",\"@id\":\"https:\/\/www.plexus.es\/servicios\/i-d-i\/descripcion-video-accordion-h2020\/#breadcrumb\",\"itemListElement\":[{\"@type\":\"ListItem\",\"position\":1,\"name\":\"Home\",\"item\":\"https:\/\/www.plexus.es\/\"},{\"@type\":\"ListItem\",\"position\":2,\"name\":\"Us\\u0142ugi\",\"item\":\"https:\/\/www.plexus.es\/servicios\/\"},{\"@type\":\"ListItem\",\"position\":3,\"name\":\"Badania, rozw\\u00f3j i innowacja technologiczna\",\"item\":\"https:\/\/www.plexus.es\/servicios\/i-d-i\/\"},{\"@type\":\"ListItem\",\"position\":4,\"name\":\"Opis wideo AKORDEON H2020\"}]}]}<\/script>\n<!-- \/ Yoast SEO plugin. -->","yoast_head_json":{"title":"Opis wideo AKORDEON H2020 - Plexus Tech","robots":{"index":"index","follow":"follow","max-snippet":"max-snippet:-1","max-image-preview":"max-image-preview:large","max-video-preview":"max-video-preview:-1"},"canonical":"https:\/\/www.plexus.es\/servicios\/i-d-i\/descripcion-video-accordion-h2020\/","og_locale":"pl_PL","og_type":"article","og_title":"Opis wideo AKORDEON H2020 - Plexus Tech","og_url":"https:\/\/www.plexus.es\/servicios\/i-d-i\/descripcion-video-accordion-h2020\/","og_site_name":"Plexus Tech","article_publisher":"https:\/\/www.facebook.com\/Plexus.Techno","article_modified_time":"2024-07-19T09:38:37+00:00","twitter_card":"summary_large_image","twitter_site":"@plexustech_","twitter_misc":{"Szacowany czas czytania":"5 minut"},"schema":{"@context":"https:\/\/schema.org","@graph":[{"@type":"Organization","@id":"https:\/\/www.plexus.es\/#organization","name":"Plexus Tech","url":"https:\/\/www.plexus.es\/","sameAs":["https:\/\/www.facebook.com\/Plexus.Techno","https:\/\/www.instagram.com\/plexus.tech\/","https:\/\/www.linkedin.com\/company\/plexus-tech\/mycompany\/","https:\/\/www.youtube.com\/user\/tecnologiasplexus","https:\/\/twitter.com\/plexustech_"],"logo":{"@type":"ImageObject","@id":"https:\/\/www.plexus.es\/#logo","inLanguage":"pl-PL","url":"https:\/\/www.plexus.es\/wp-content\/uploads\/2021\/11\/logo-plexus-2021.png","contentUrl":"https:\/\/www.plexus.es\/wp-content\/uploads\/2021\/11\/logo-plexus-2021.png","width":600,"height":600,"caption":"Plexus Tech"},"image":{"@id":"https:\/\/www.plexus.es\/#logo"}},{"@type":"WebSite","@id":"https:\/\/www.plexus.es\/#website","url":"https:\/\/www.plexus.es\/","name":"Plexus Tech","description":"Tecnolog\u00eda con Alma","publisher":{"@id":"https:\/\/www.plexus.es\/#organization"},"potentialAction":[{"@type":"SearchAction","target":{"@type":"EntryPoint","urlTemplate":"https:\/\/www.plexus.es\/?s={search_term_string}"},"query-input":"required name=search_term_string"}],"inLanguage":"pl-PL"},{"@type":"WebPage","@id":"https:\/\/www.plexus.es\/servicios\/i-d-i\/descripcion-video-accordion-h2020\/#webpage","url":"https:\/\/www.plexus.es\/servicios\/i-d-i\/descripcion-video-accordion-h2020\/","name":"Opis wideo AKORDEON H2020 - Plexus Tech","isPartOf":{"@id":"https:\/\/www.plexus.es\/#website"},"datePublished":"2024-07-18T12:21:29+00:00","dateModified":"2024-07-19T09:38:37+00:00","breadcrumb":{"@id":"https:\/\/www.plexus.es\/servicios\/i-d-i\/descripcion-video-accordion-h2020\/#breadcrumb"},"inLanguage":"pl-PL","potentialAction":[{"@type":"ReadAction","target":["https:\/\/www.plexus.es\/servicios\/i-d-i\/descripcion-video-accordion-h2020\/"]}]},{"@type":"BreadcrumbList","@id":"https:\/\/www.plexus.es\/servicios\/i-d-i\/descripcion-video-accordion-h2020\/#breadcrumb","itemListElement":[{"@type":"ListItem","position":1,"name":"Home","item":"https:\/\/www.plexus.es\/"},{"@type":"ListItem","position":2,"name":"Us\u0142ugi","item":"https:\/\/www.plexus.es\/servicios\/"},{"@type":"ListItem","position":3,"name":"Badania, rozw\u00f3j i innowacja technologiczna","item":"https:\/\/www.plexus.es\/servicios\/i-d-i\/"},{"@type":"ListItem","position":4,"name":"Opis wideo AKORDEON H2020"}]}]}},"_links":{"self":[{"href":"https:\/\/www.plexus.es\/pl\/wp-json\/wp\/v2\/pages\/44143"}],"collection":[{"href":"https:\/\/www.plexus.es\/pl\/wp-json\/wp\/v2\/pages"}],"about":[{"href":"https:\/\/www.plexus.es\/pl\/wp-json\/wp\/v2\/types\/page"}],"author":[{"embeddable":true,"href":"https:\/\/www.plexus.es\/pl\/wp-json\/wp\/v2\/users\/5"}],"replies":[{"embeddable":true,"href":"https:\/\/www.plexus.es\/pl\/wp-json\/wp\/v2\/comments?post=44143"}],"version-history":[{"count":4,"href":"https:\/\/www.plexus.es\/pl\/wp-json\/wp\/v2\/pages\/44143\/revisions"}],"predecessor-version":[{"id":44184,"href":"https:\/\/www.plexus.es\/pl\/wp-json\/wp\/v2\/pages\/44143\/revisions\/44184"}],"up":[{"embeddable":true,"href":"https:\/\/www.plexus.es\/pl\/wp-json\/wp\/v2\/pages\/21281"}],"wp:attachment":[{"href":"https:\/\/www.plexus.es\/pl\/wp-json\/wp\/v2\/media?parent=44143"}],"curies":[{"name":"wp","href":"https:\/\/api.w.org\/{rel}","templated":true}]}}