{"id":44158,"date":"2024-07-18T14:32:00","date_gmt":"2024-07-18T12:32:00","guid":{"rendered":"https:\/\/www.plexus.es\/uslugi\/badania-rozwoj-i-innowacja-technologiczna\/opis-wideo-dennaria\/"},"modified":"2024-07-19T08:59:53","modified_gmt":"2024-07-19T06:59:53","slug":"opis-wideo-dennaria","status":"publish","type":"page","link":"https:\/\/www.plexus.es\/pl\/uslugi\/badania-rozwoj-i-innowacja-technologiczna\/opis-wideo-dennaria\/","title":{"rendered":"Opis wideo DENNARIA"},"content":{"rendered":"<div class=\"fusion-fullwidth fullwidth-box fusion-builder-row-1 fusion-flex-container nonhundred-percent-fullwidth non-hundred-percent-height-scrolling\" style=\"background-color: rgba(255,255,255,0);background-position: center center;background-repeat: no-repeat;border-width: 0px 0px 0px 0px;border-color:#e8ebef;border-style:solid;\" ><div class=\"fusion-builder-row fusion-row fusion-flex-align-items-flex-start\" style=\"max-width:1310.4px;margin-left: calc(-4% \/ 2 );margin-right: calc(-4% \/ 2 );\"><div class=\"fusion-layout-column fusion_builder_column fusion-builder-column-0 fusion_builder_column_3_4 3_4 fusion-flex-column\"><div class=\"fusion-column-wrapper fusion-flex-justify-content-flex-start fusion-content-layout-column\" style=\"background-position:left top;background-repeat:no-repeat;-webkit-background-size:cover;-moz-background-size:cover;-o-background-size:cover;background-size:cover;padding: 0px 0px 0px 0px;\"><style type=\"text\/css\">@media only screen and (max-width:1200px) {.fusion-title.fusion-title-1{margin-top:2rem!important; margin-right:1rem!important;margin-bottom:2rem!important;margin-left:0px!important;}}@media only screen and (max-width:640px) {.fusion-title.fusion-title-1{margin-top:0px!important; margin-right:0px!important;margin-bottom:0px!important; margin-left:0px!important;}}<\/style><div class=\"fusion-title title fusion-title-1 fusion-sep-none fusion-title-text fusion-title-size-one\" style=\"margin-top:2rem;margin-right:1rem;margin-bottom:2rem;margin-left:0px;\"><h1 class=\"title-heading-left fusion-responsive-typography-calculated\" style=\"margin:0;--fontSize:45;line-height:1;\">Opis wideo DENNARIA<\/h1><\/div><div class=\"fusion-text fusion-text-1\"><p>Dennaria. P\u0142aci\u0107. Pod\u0142\u0105cz i graj.<br \/>\nTo nie tylko us\u0142uga p\u0142atna!<br \/>\n\u0141\u0105czy\u0107. Przezroczysto\u015b\u0107. Dynamiczny. Bezpiecze\u0144stwo.<br \/>\nNowa metoda p\u0142atno\u015bci. To jest ta chwila.<br \/>\n\u0141atwy w u\u017cyciu. Najlepsza platforma kryptowalutowa.<br \/>\nNowe \u017cycie e-commerce. Super bezpieczny i technologiczny.<br \/>\nZmiana sposobu, w jaki kupujemy.<br \/>\nStruktura modu\u0142owa.<br \/>\nSpraw, \u017ceby wygl\u0105da\u0142o jeszcze lepiej.<br \/>\nNie czekaj! Liczy si\u0119 ka\u017cda sekunda! Dennaria jest na to rozwi\u0105zaniem. Uszcz\u0119\u015bliw swoich klient\u00f3w<br \/>\nZainspirowa\u0107 si\u0119! Miej obsesj\u0119!<br \/>\nNajlepsza platforma kryptowalutowa<br \/>\nDennaria. Wi\u0119cej ni\u017c us\u0142ugi p\u0142atnicze.<\/p>\n<\/div><\/div><style type=\"text\/css\">.fusion-body .fusion-builder-column-0{width:75% !important;margin-top : 20px;margin-bottom : 20px;}.fusion-builder-column-0 > .fusion-column-wrapper {padding-top : 0px !important;padding-right : 0px !important;margin-right : 2.56%;padding-bottom : 0px !important;padding-left : 0px !important;margin-left : 2.56%;}@media only screen and (max-width:1200px) {.fusion-body .fusion-builder-column-0{width:75% !important;order : 0;}.fusion-builder-column-0 > .fusion-column-wrapper {margin-right : 2.56%;margin-left : 2.56%;}}@media only screen and (max-width:640px) {.fusion-body .fusion-builder-column-0{width:100% !important;order : 0;}.fusion-builder-column-0 > .fusion-column-wrapper {margin-right : 1.92%;margin-left : 1.92%;}}<\/style><\/div><\/div><style type=\"text\/css\">.fusion-body .fusion-flex-container.fusion-builder-row-1{ padding-top : 0px;margin-top : 0px;padding-right : 0px;padding-bottom : 0px;margin-bottom : 0px;padding-left : 0px;}<\/style><\/div>\n","protected":false},"excerpt":{"rendered":"","protected":false},"author":5,"featured_media":0,"parent":21281,"menu_order":0,"comment_status":"closed","ping_status":"closed","template":"","meta":[],"yoast_head":"<!-- This site is optimized with the Yoast SEO plugin v17.4 - https:\/\/yoast.com\/wordpress\/plugins\/seo\/ -->\n<title>Opis wideo DENNARIA - Plexus Tech<\/title>\n<meta name=\"robots\" content=\"index, follow, max-snippet:-1, max-image-preview:large, max-video-preview:-1\" \/>\n<link rel=\"canonical\" href=\"https:\/\/www.plexus.es\/servicios\/i-d-i\/descripcion-video-dennaria\/\" \/>\n<meta property=\"og:locale\" content=\"pl_PL\" \/>\n<meta property=\"og:type\" content=\"article\" \/>\n<meta property=\"og:title\" content=\"Opis wideo DENNARIA - Plexus Tech\" \/>\n<meta property=\"og:url\" content=\"https:\/\/www.plexus.es\/servicios\/i-d-i\/descripcion-video-dennaria\/\" \/>\n<meta property=\"og:site_name\" content=\"Plexus Tech\" \/>\n<meta property=\"article:publisher\" content=\"https:\/\/www.facebook.com\/Plexus.Techno\" \/>\n<meta property=\"article:modified_time\" content=\"2024-07-19T06:59:53+00:00\" \/>\n<meta name=\"twitter:card\" content=\"summary_large_image\" \/>\n<meta name=\"twitter:site\" content=\"@plexustech_\" \/>\n<meta name=\"twitter:label1\" content=\"Szacowany czas czytania\" \/>\n\t<meta name=\"twitter:data1\" content=\"4 minuty\" \/>\n<script type=\"application\/ld+json\" class=\"yoast-schema-graph\">{\"@context\":\"https:\/\/schema.org\",\"@graph\":[{\"@type\":\"Organization\",\"@id\":\"https:\/\/www.plexus.es\/#organization\",\"name\":\"Plexus Tech\",\"url\":\"https:\/\/www.plexus.es\/\",\"sameAs\":[\"https:\/\/www.facebook.com\/Plexus.Techno\",\"https:\/\/www.instagram.com\/plexus.tech\/\",\"https:\/\/www.linkedin.com\/company\/plexus-tech\/mycompany\/\",\"https:\/\/www.youtube.com\/user\/tecnologiasplexus\",\"https:\/\/twitter.com\/plexustech_\"],\"logo\":{\"@type\":\"ImageObject\",\"@id\":\"https:\/\/www.plexus.es\/#logo\",\"inLanguage\":\"pl-PL\",\"url\":\"https:\/\/www.plexus.es\/wp-content\/uploads\/2021\/11\/logo-plexus-2021.png\",\"contentUrl\":\"https:\/\/www.plexus.es\/wp-content\/uploads\/2021\/11\/logo-plexus-2021.png\",\"width\":600,\"height\":600,\"caption\":\"Plexus Tech\"},\"image\":{\"@id\":\"https:\/\/www.plexus.es\/#logo\"}},{\"@type\":\"WebSite\",\"@id\":\"https:\/\/www.plexus.es\/#website\",\"url\":\"https:\/\/www.plexus.es\/\",\"name\":\"Plexus Tech\",\"description\":\"Tecnolog\\u00eda con Alma\",\"publisher\":{\"@id\":\"https:\/\/www.plexus.es\/#organization\"},\"potentialAction\":[{\"@type\":\"SearchAction\",\"target\":{\"@type\":\"EntryPoint\",\"urlTemplate\":\"https:\/\/www.plexus.es\/?s={search_term_string}\"},\"query-input\":\"required name=search_term_string\"}],\"inLanguage\":\"pl-PL\"},{\"@type\":\"WebPage\",\"@id\":\"https:\/\/www.plexus.es\/servicios\/i-d-i\/descripcion-video-dennaria\/#webpage\",\"url\":\"https:\/\/www.plexus.es\/servicios\/i-d-i\/descripcion-video-dennaria\/\",\"name\":\"Opis wideo DENNARIA - Plexus Tech\",\"isPartOf\":{\"@id\":\"https:\/\/www.plexus.es\/#website\"},\"datePublished\":\"2024-07-18T12:32:00+00:00\",\"dateModified\":\"2024-07-19T06:59:53+00:00\",\"breadcrumb\":{\"@id\":\"https:\/\/www.plexus.es\/servicios\/i-d-i\/descripcion-video-dennaria\/#breadcrumb\"},\"inLanguage\":\"pl-PL\",\"potentialAction\":[{\"@type\":\"ReadAction\",\"target\":[\"https:\/\/www.plexus.es\/servicios\/i-d-i\/descripcion-video-dennaria\/\"]}]},{\"@type\":\"BreadcrumbList\",\"@id\":\"https:\/\/www.plexus.es\/servicios\/i-d-i\/descripcion-video-dennaria\/#breadcrumb\",\"itemListElement\":[{\"@type\":\"ListItem\",\"position\":1,\"name\":\"Home\",\"item\":\"https:\/\/www.plexus.es\/\"},{\"@type\":\"ListItem\",\"position\":2,\"name\":\"Us\\u0142ugi\",\"item\":\"https:\/\/www.plexus.es\/servicios\/\"},{\"@type\":\"ListItem\",\"position\":3,\"name\":\"Badania, rozw\\u00f3j i innowacja technologiczna\",\"item\":\"https:\/\/www.plexus.es\/servicios\/i-d-i\/\"},{\"@type\":\"ListItem\",\"position\":4,\"name\":\"Opis wideo DENNARIA\"}]}]}<\/script>\n<!-- \/ Yoast SEO plugin. -->","yoast_head_json":{"title":"Opis wideo DENNARIA - Plexus Tech","robots":{"index":"index","follow":"follow","max-snippet":"max-snippet:-1","max-image-preview":"max-image-preview:large","max-video-preview":"max-video-preview:-1"},"canonical":"https:\/\/www.plexus.es\/servicios\/i-d-i\/descripcion-video-dennaria\/","og_locale":"pl_PL","og_type":"article","og_title":"Opis wideo DENNARIA - Plexus Tech","og_url":"https:\/\/www.plexus.es\/servicios\/i-d-i\/descripcion-video-dennaria\/","og_site_name":"Plexus Tech","article_publisher":"https:\/\/www.facebook.com\/Plexus.Techno","article_modified_time":"2024-07-19T06:59:53+00:00","twitter_card":"summary_large_image","twitter_site":"@plexustech_","twitter_misc":{"Szacowany czas czytania":"4 minuty"},"schema":{"@context":"https:\/\/schema.org","@graph":[{"@type":"Organization","@id":"https:\/\/www.plexus.es\/#organization","name":"Plexus Tech","url":"https:\/\/www.plexus.es\/","sameAs":["https:\/\/www.facebook.com\/Plexus.Techno","https:\/\/www.instagram.com\/plexus.tech\/","https:\/\/www.linkedin.com\/company\/plexus-tech\/mycompany\/","https:\/\/www.youtube.com\/user\/tecnologiasplexus","https:\/\/twitter.com\/plexustech_"],"logo":{"@type":"ImageObject","@id":"https:\/\/www.plexus.es\/#logo","inLanguage":"pl-PL","url":"https:\/\/www.plexus.es\/wp-content\/uploads\/2021\/11\/logo-plexus-2021.png","contentUrl":"https:\/\/www.plexus.es\/wp-content\/uploads\/2021\/11\/logo-plexus-2021.png","width":600,"height":600,"caption":"Plexus Tech"},"image":{"@id":"https:\/\/www.plexus.es\/#logo"}},{"@type":"WebSite","@id":"https:\/\/www.plexus.es\/#website","url":"https:\/\/www.plexus.es\/","name":"Plexus Tech","description":"Tecnolog\u00eda con Alma","publisher":{"@id":"https:\/\/www.plexus.es\/#organization"},"potentialAction":[{"@type":"SearchAction","target":{"@type":"EntryPoint","urlTemplate":"https:\/\/www.plexus.es\/?s={search_term_string}"},"query-input":"required name=search_term_string"}],"inLanguage":"pl-PL"},{"@type":"WebPage","@id":"https:\/\/www.plexus.es\/servicios\/i-d-i\/descripcion-video-dennaria\/#webpage","url":"https:\/\/www.plexus.es\/servicios\/i-d-i\/descripcion-video-dennaria\/","name":"Opis wideo DENNARIA - Plexus Tech","isPartOf":{"@id":"https:\/\/www.plexus.es\/#website"},"datePublished":"2024-07-18T12:32:00+00:00","dateModified":"2024-07-19T06:59:53+00:00","breadcrumb":{"@id":"https:\/\/www.plexus.es\/servicios\/i-d-i\/descripcion-video-dennaria\/#breadcrumb"},"inLanguage":"pl-PL","potentialAction":[{"@type":"ReadAction","target":["https:\/\/www.plexus.es\/servicios\/i-d-i\/descripcion-video-dennaria\/"]}]},{"@type":"BreadcrumbList","@id":"https:\/\/www.plexus.es\/servicios\/i-d-i\/descripcion-video-dennaria\/#breadcrumb","itemListElement":[{"@type":"ListItem","position":1,"name":"Home","item":"https:\/\/www.plexus.es\/"},{"@type":"ListItem","position":2,"name":"Us\u0142ugi","item":"https:\/\/www.plexus.es\/servicios\/"},{"@type":"ListItem","position":3,"name":"Badania, rozw\u00f3j i innowacja technologiczna","item":"https:\/\/www.plexus.es\/servicios\/i-d-i\/"},{"@type":"ListItem","position":4,"name":"Opis wideo DENNARIA"}]}]}},"_links":{"self":[{"href":"https:\/\/www.plexus.es\/pl\/wp-json\/wp\/v2\/pages\/44158"}],"collection":[{"href":"https:\/\/www.plexus.es\/pl\/wp-json\/wp\/v2\/pages"}],"about":[{"href":"https:\/\/www.plexus.es\/pl\/wp-json\/wp\/v2\/types\/page"}],"author":[{"embeddable":true,"href":"https:\/\/www.plexus.es\/pl\/wp-json\/wp\/v2\/users\/5"}],"replies":[{"embeddable":true,"href":"https:\/\/www.plexus.es\/pl\/wp-json\/wp\/v2\/comments?post=44158"}],"version-history":[{"count":2,"href":"https:\/\/www.plexus.es\/pl\/wp-json\/wp\/v2\/pages\/44158\/revisions"}],"predecessor-version":[{"id":44160,"href":"https:\/\/www.plexus.es\/pl\/wp-json\/wp\/v2\/pages\/44158\/revisions\/44160"}],"up":[{"embeddable":true,"href":"https:\/\/www.plexus.es\/pl\/wp-json\/wp\/v2\/pages\/21281"}],"wp:attachment":[{"href":"https:\/\/www.plexus.es\/pl\/wp-json\/wp\/v2\/media?parent=44158"}],"curies":[{"name":"wp","href":"https:\/\/api.w.org\/{rel}","templated":true}]}}