{"id":44289,"date":"2024-05-04T22:01:07","date_gmt":"2024-05-04T20:01:07","guid":{"rendered":"https:\/\/www.plexus.es\/accesibilidad\/"},"modified":"2025-10-09T15:21:23","modified_gmt":"2025-10-09T13:21:23","slug":"accesibilidad","status":"publish","type":"page","link":"https:\/\/www.plexus.es\/pl\/accesibilidad\/","title":{"rendered":"accesibilidad"},"content":{"rendered":"<div class=\"fusion-fullwidth fullwidth-box fusion-builder-row-1 fusion-flex-container plexus_css container-legal nonhundred-percent-fullwidth non-hundred-percent-height-scrolling\" style=\"background-color: rgba(255,255,255,0);background-position: center center;background-repeat: no-repeat;border-width: 0px 0px 0px 0px;border-color:#e8ebef;border-style:solid;\" ><div class=\"fusion-builder-row fusion-row fusion-flex-align-items-flex-start\" style=\"max-width:1310.4px;margin-left: calc(-4% \/ 2 );margin-right: calc(-4% \/ 2 );\"><div class=\"fusion-layout-column fusion_builder_column fusion-builder-column-0 fusion_builder_column_1_1 1_1 fusion-flex-column plexus_css minuscula\"><div class=\"fusion-column-wrapper fusion-flex-justify-content-flex-start fusion-content-layout-column\" style=\"background-position:left top;background-repeat:no-repeat;-webkit-background-size:cover;-moz-background-size:cover;-o-background-size:cover;background-size:cover;padding: 0px 0px 0px 0px;\"><div class=\"fusion-text fusion-text-1\" style=\"text-align:left;\"><h1 class=\"title-heading-left fusion-responsive-typography-calculated\" style=\"text-align: left;\">O\u015bwiadczenie o dost\u0119pno\u015bci<\/h1>\n<\/div><div class=\"fusion-text fusion-text-2\"><p>Nasz\u0105 wizj\u0105 w Plexus jest stworzenie cyfrowego \u015bwiata, w kt\u00f3rym oprogramowanie jest narz\u0119dziem dla ka\u017cdego. Poprzez nasz Obszar Dost\u0119pno\u015bci, sk\u0142adaj\u0105cy si\u0119 z konsultant\u00f3w o r\u00f3\u017cnych umiej\u0119tno\u015bciach, niepe\u0142nosprawno\u015bciach i perspektywach, opracowujemy innowacyjne rozwi\u0105zania technologiczne, kt\u00f3re eliminuj\u0105 bariery i wzmacniaj\u0105 ludzi. Posiadanie w naszym zespole os\u00f3b niepe\u0142nosprawnych wzbogaca nasz\u0105 prac\u0119 i pozwala nam wykrywa\u0107 realne bariery dost\u0119pno\u015bci w aplikacjach, stronach internetowych, kioskach, bankomatach i innych technologiach ICT. Naszym celem jest wyj\u015bcie poza standardy i generowanie w\u0142\u0105czaj\u0105cego i satysfakcjonuj\u0105cego do\u015bwiadczenia dla jak najwi\u0119kszej r\u00f3\u017cnorodno\u015bci u\u017cytkownik\u00f3w.<\/p>\n<p>Niniejsze o\u015bwiadczenie o dost\u0119pno\u015bci dotyczy witryny internetowej Plexus Tech.<\/p>\n<\/div><div class=\"fusion-text fusion-text-3\" style=\"text-align:left;\"><h2 class=\"title-heading-left fusion-responsive-typography-calculated\">Stan zgodno\u015bci<\/h2>\n<\/div><div class=\"fusion-text fusion-text-4\"><p>Portal Plexus zosta\u0142 zaprojektowany tak, aby dostosowa\u0107 si\u0119 do aktualnych standard\u00f3w i przepis\u00f3w dotycz\u0105cych dost\u0119pno\u015bci i u\u017cyteczno\u015bci i jest okresowo przegl\u0105dany w celu zapewnienia jego aktualno\u015bci.<\/p>\n<p>Niniejsza strona internetowa jest zgodna z norm\u0105 UNE EN 301549, ustaw\u0105 11\/2023 oraz standardem W3C WCAG 2.1 Poziom AA.<\/p>\n<\/div><div class=\"fusion-text fusion-text-5\" style=\"text-align:left;\"><h2 class=\"title-heading-left fusion-responsive-typography-calculated\">Przygotowanie niniejszego o\u015bwiadczenia o dost\u0119pno\u015bci<\/h2>\n<\/div><div class=\"fusion-text fusion-text-6\"><p>Niniejsze o\u015bwiadczenie o dost\u0119pno\u015bci zosta\u0142o przygotowane 6 czerwca 2024 r.<\/p>\n<p>Metod\u0105 zastosowan\u0105 w tej deklaracji by\u0142a samoocena przeprowadzona wewn\u0119trznie przez Plexus w oparciu o raporty wygenerowane przez Obserwatorium Dost\u0119pno\u015bci, kontrole za pomoc\u0105 zautomatyzowanych narz\u0119dzi, podr\u0119cznik\u00f3w i technologii wspomagaj\u0105cych; oraz dobre praktyki projektowania i rozwoju. Dodatkowo przeprowadzili\u015bmy proces certyfikacji dost\u0119pno\u015bci AENOR, uzyskanie Certyfikatu Produktu AENOR: Dost\u0119pna Strona WWW zgodnie z norm\u0105 UNE EN 301549:2022<\/p>\n<p>&nbsp;<\/p>\n<p>Ostatnia rewizja deklaracji: 4 czerwca 2025 r..<\/p>\n<\/div><div class=\"fusion-text fusion-text-7\" style=\"text-align:left;\"><h2 class=\"title-heading-left fusion-responsive-typography-calculated\">Tre\u015b\u0107 niedost\u0119pna<\/h2>\n<\/div><div class=\"fusion-text fusion-text-8\"><p>W sekcji Wiadomo\u015bci mo\u017ce znajdowa\u0107 si\u0119 tre\u015b\u0107, szczeg\u00f3lnie starsze wiadomo\u015bci, kt\u00f3ra ma pewne nieblokuj\u0105ce problemy z dost\u0119pno\u015bci\u0105, na przyk\u0142ad: powtarzaj\u0105ce si\u0119 nazwy w elementach steruj\u0105cych odtwarzacza wideo, powtarzaj\u0105cy si\u0119 lub niewystarczaj\u0105co opisowy tekst alternatywny albo nieprawid\u0142owe poziomy nag\u0142\u00f3wk\u00f3w. W ka\u017cdym razie s\u0105 to problemy, kt\u00f3re nie blokuj\u0105 dost\u0119pu do informacji.<\/p>\n<p>Na niekt\u00f3rych stronach tre\u015b\u0107 nak\u0142ada si\u0119 na siebie, gdy rozmiar tekstu zostanie zwi\u0119kszony nawet o 200%. To nak\u0142adanie si\u0119, cho\u0107 mo\u017ce powodowa\u0107 odci\u0119cie cz\u0119\u015bci tekstu, nie powoduje znacz\u0105cej utraty tre\u015bci.<\/p>\n<\/div><div class=\"fusion-text fusion-text-9\" style=\"text-align:left;\"><h2 class=\"title-heading-left fusion-responsive-typography-calculated\">Obserwacje i dane kontaktowe<\/h2>\n<\/div><div class=\"fusion-text fusion-text-10\"><p>Je\u015bli podczas przegl\u0105dania naszej witryny zauwa\u017cysz barier\u0119 w dost\u0119pno\u015bci, skontaktuj si\u0119 z nami pod nast\u0119puj\u0105cym adresem e-mail: accessibilityplexustech@plexus.es.<\/p>\n<p>W swojej wiadomo\u015bci podaj nast\u0119puj\u0105ce informacje:<\/p>\n<ul>\n<li>Twoje dane kontaktowe<\/li>\n<li>Adres internetowy lub inna lokalizacja, w kt\u00f3rej wyst\u0105pi\u0142y trudno\u015bci<\/li>\n<li>Kr\u00f3tki opis napotkanego problemu, w tym rodzaj technologii wspomagaj\u0105cej, z kt\u00f3rej korzysta\u0142e\u015b w momencie wyst\u0105pienia trudno\u015bci i przegl\u0105darki<\/li>\n<\/ul>\n<\/div><div class=\"fusion-text fusion-text-11\" style=\"text-align:left;\"><h2 class=\"title-heading-left fusion-responsive-typography-calculated\">Certyfikat Produktu AENOR: Dost\u0119pna Strona WWW zgodnie z norm\u0105 UNE EN 301549:2022<\/h2>\n<\/div><div class=\"fusion-text fusion-text-12\"><p>Niniejsza strona internetowa posiada znak AENOR N, kt\u00f3ry po\u015bwiadcza zgodno\u015b\u0107 z norm\u0105 UNE EN 301549:2022 zgodnie z szczeg\u00f3\u0142owym rozporz\u0105dzeniem RP A90.01. Norma UNE EN 301549:2022 rozszerza wytyczne WCAG 2.1 na poziom AA i zawiera uzupe\u0142niaj\u0105ce kryteria sukcesu, co zaostrza j\u0105 i wzmacnia wytyczne W3C. Certyfikat ten gwarantuje r\u00f3wnie\u017c, \u017ce TECNOLOG\u00cdAS PLEXUS, S.L. Posiada wewn\u0119trzny system zarz\u0105dzania dost\u0119pno\u015bci\u0105 sieci, kt\u00f3rego celem jest zachowanie dost\u0119pno\u015bci tej witryny w miar\u0119 up\u0142ywu czasu. AENOR b\u0119dzie co p\u00f3\u0142 roku monitorowa\u0107 stron\u0119 internetow\u0105 i system w celu utrzymania tego certyfikatu w okresie jego wa\u017cno\u015bci.<\/p>\n<p>W trakcie procesu rozwoju witryna Plexus zosta\u0142a oceniona przez konsultant\u00f3w i u\u017cytkownik\u00f3w niepe\u0142nosprawnych pod k\u0105tem zapewnienia optymalnego poziomu dost\u0119pno\u015bci. Zosta\u0142 przetestowany z r\u00f3\u017cnymi kombinacjami system\u00f3w operacyjnych, urz\u0105dze\u0144 i technologii wspomagaj\u0105cych. Dodatkowo wszystkie zespo\u0142y zajmuj\u0105ce si\u0119 projektowaniem, rozwojem i zarz\u0105dzaniem tre\u015bci\u0105 przesz\u0142y szkolenie z zakresu dost\u0119pno\u015bci, dzi\u0119ki czemu s\u0105 \u015bwiadome jej znaczenia i posiadaj\u0105 niezb\u0119dne umiej\u0119tno\u015bci do jej utrzymania.<\/p>\n<\/div><div style=\"text-align:center;\"><span class=\" fusion-imageframe imageframe-none imageframe-1 hover-type-none\" style=\"border-radius:12px;\"><img width=\"178\" height=\"225\" alt=\"Aenor\u2028Accesibildad Tic\u2028A90\/000064\" title=\"Captura de pantalla 2024-10-02 a las 14.58.52\" src=\"data:image\/svg+xml,%3Csvg%20xmlns%3D%27http%3A%2F%2Fwww.w3.org%2F2000%2Fsvg%27%20width%3D%27178%27%20height%3D%27225%27%20viewBox%3D%270%200%20178%20225%27%3E%3Crect%20width%3D%27178%27%20height%3D%27225%27%20fill-opacity%3D%220%22%2F%3E%3C%2Fsvg%3E\" data-orig-src=\"https:\/\/www.plexus.es\/wp-content\/uploads\/2024\/10\/Captura-de-pantalla-2024-10-02-a-las-14.58.52.png\" class=\"lazyload img-responsive wp-image-44297\"\/><\/span><\/div><\/div><style type=\"text\/css\">.fusion-body .fusion-builder-column-0{width:100% !important;margin-top : 20px;margin-bottom : 20px;}.fusion-builder-column-0 > .fusion-column-wrapper {padding-top : 0px !important;padding-right : 0px !important;margin-right : 1.92%;padding-bottom : 0px !important;padding-left : 0px !important;margin-left : 1.92%;}@media only screen and (max-width:1200px) {.fusion-body .fusion-builder-column-0{width:100% !important;order : 0;}.fusion-builder-column-0 > .fusion-column-wrapper {margin-right : 1.92%;padding-left : 0px !important;margin-left : 0%;}}@media only screen and (max-width:640px) {.fusion-body .fusion-builder-column-0{width:100% !important;order : 0;}.fusion-builder-column-0 > .fusion-column-wrapper {margin-right : 0%;margin-left : 0%;}}<\/style><\/div><\/div><style type=\"text\/css\">.fusion-body .fusion-flex-container.fusion-builder-row-1{ padding-top : 0px;margin-top : 0px;padding-right : 0px;padding-bottom : 0px;margin-bottom : 0px;padding-left : 90px;}@media only screen and (max-width:1200px) {.fusion-body .fusion-flex-container.fusion-builder-row-1{ padding-left : 20px;}}@media only screen and (max-width:640px) {.fusion-body .fusion-flex-container.fusion-builder-row-1{ padding-right : 0px;padding-left : 0px;}}<\/style><\/div>\n","protected":false},"excerpt":{"rendered":"","protected":false},"author":5,"featured_media":0,"parent":0,"menu_order":0,"comment_status":"closed","ping_status":"closed","template":"","meta":[],"yoast_head":"<!-- This site is optimized with the Yoast SEO plugin v17.4 - https:\/\/yoast.com\/wordpress\/plugins\/seo\/ -->\n<title>accesibilidad - Plexus Tech<\/title>\n<meta name=\"robots\" content=\"index, follow, max-snippet:-1, max-image-preview:large, max-video-preview:-1\" \/>\n<link rel=\"canonical\" href=\"https:\/\/www.plexus.es\/accesibilidad\/\" \/>\n<meta property=\"og:locale\" content=\"pl_PL\" \/>\n<meta property=\"og:type\" content=\"article\" \/>\n<meta property=\"og:title\" content=\"accesibilidad - Plexus Tech\" \/>\n<meta property=\"og:url\" content=\"https:\/\/www.plexus.es\/accesibilidad\/\" \/>\n<meta property=\"og:site_name\" content=\"Plexus Tech\" \/>\n<meta property=\"article:publisher\" content=\"https:\/\/www.facebook.com\/Plexus.Techno\" \/>\n<meta property=\"article:modified_time\" content=\"2025-10-09T13:21:23+00:00\" \/>\n<meta name=\"twitter:card\" content=\"summary_large_image\" \/>\n<meta name=\"twitter:site\" content=\"@plexustech_\" \/>\n<meta name=\"twitter:label1\" content=\"Szacowany czas czytania\" \/>\n\t<meta name=\"twitter:data1\" content=\"11 minut\" \/>\n<script type=\"application\/ld+json\" class=\"yoast-schema-graph\">{\"@context\":\"https:\/\/schema.org\",\"@graph\":[{\"@type\":\"Organization\",\"@id\":\"https:\/\/www.plexus.es\/#organization\",\"name\":\"Plexus Tech\",\"url\":\"https:\/\/www.plexus.es\/\",\"sameAs\":[\"https:\/\/www.facebook.com\/Plexus.Techno\",\"https:\/\/www.instagram.com\/plexus.tech\/\",\"https:\/\/www.linkedin.com\/company\/plexus-tech\/mycompany\/\",\"https:\/\/www.youtube.com\/user\/tecnologiasplexus\",\"https:\/\/twitter.com\/plexustech_\"],\"logo\":{\"@type\":\"ImageObject\",\"@id\":\"https:\/\/www.plexus.es\/#logo\",\"inLanguage\":\"pl-PL\",\"url\":\"https:\/\/www.plexus.es\/wp-content\/uploads\/2021\/11\/logo-plexus-2021.png\",\"contentUrl\":\"https:\/\/www.plexus.es\/wp-content\/uploads\/2021\/11\/logo-plexus-2021.png\",\"width\":600,\"height\":600,\"caption\":\"Plexus Tech\"},\"image\":{\"@id\":\"https:\/\/www.plexus.es\/#logo\"}},{\"@type\":\"WebSite\",\"@id\":\"https:\/\/www.plexus.es\/#website\",\"url\":\"https:\/\/www.plexus.es\/\",\"name\":\"Plexus Tech\",\"description\":\"Tecnolog\\u00eda con Alma\",\"publisher\":{\"@id\":\"https:\/\/www.plexus.es\/#organization\"},\"potentialAction\":[{\"@type\":\"SearchAction\",\"target\":{\"@type\":\"EntryPoint\",\"urlTemplate\":\"https:\/\/www.plexus.es\/?s={search_term_string}\"},\"query-input\":\"required name=search_term_string\"}],\"inLanguage\":\"pl-PL\"},{\"@type\":\"WebPage\",\"@id\":\"https:\/\/www.plexus.es\/accesibilidad\/#webpage\",\"url\":\"https:\/\/www.plexus.es\/accesibilidad\/\",\"name\":\"accesibilidad - Plexus Tech\",\"isPartOf\":{\"@id\":\"https:\/\/www.plexus.es\/#website\"},\"datePublished\":\"2024-05-04T20:01:07+00:00\",\"dateModified\":\"2025-10-09T13:21:23+00:00\",\"breadcrumb\":{\"@id\":\"https:\/\/www.plexus.es\/accesibilidad\/#breadcrumb\"},\"inLanguage\":\"pl-PL\",\"potentialAction\":[{\"@type\":\"ReadAction\",\"target\":[\"https:\/\/www.plexus.es\/accesibilidad\/\"]}]},{\"@type\":\"BreadcrumbList\",\"@id\":\"https:\/\/www.plexus.es\/accesibilidad\/#breadcrumb\",\"itemListElement\":[{\"@type\":\"ListItem\",\"position\":1,\"name\":\"Home\",\"item\":\"https:\/\/www.plexus.es\/\"},{\"@type\":\"ListItem\",\"position\":2,\"name\":\"accesibilidad\"}]}]}<\/script>\n<!-- \/ Yoast SEO plugin. -->","yoast_head_json":{"title":"accesibilidad - Plexus Tech","robots":{"index":"index","follow":"follow","max-snippet":"max-snippet:-1","max-image-preview":"max-image-preview:large","max-video-preview":"max-video-preview:-1"},"canonical":"https:\/\/www.plexus.es\/accesibilidad\/","og_locale":"pl_PL","og_type":"article","og_title":"accesibilidad - Plexus Tech","og_url":"https:\/\/www.plexus.es\/accesibilidad\/","og_site_name":"Plexus Tech","article_publisher":"https:\/\/www.facebook.com\/Plexus.Techno","article_modified_time":"2025-10-09T13:21:23+00:00","twitter_card":"summary_large_image","twitter_site":"@plexustech_","twitter_misc":{"Szacowany czas czytania":"11 minut"},"schema":{"@context":"https:\/\/schema.org","@graph":[{"@type":"Organization","@id":"https:\/\/www.plexus.es\/#organization","name":"Plexus Tech","url":"https:\/\/www.plexus.es\/","sameAs":["https:\/\/www.facebook.com\/Plexus.Techno","https:\/\/www.instagram.com\/plexus.tech\/","https:\/\/www.linkedin.com\/company\/plexus-tech\/mycompany\/","https:\/\/www.youtube.com\/user\/tecnologiasplexus","https:\/\/twitter.com\/plexustech_"],"logo":{"@type":"ImageObject","@id":"https:\/\/www.plexus.es\/#logo","inLanguage":"pl-PL","url":"https:\/\/www.plexus.es\/wp-content\/uploads\/2021\/11\/logo-plexus-2021.png","contentUrl":"https:\/\/www.plexus.es\/wp-content\/uploads\/2021\/11\/logo-plexus-2021.png","width":600,"height":600,"caption":"Plexus Tech"},"image":{"@id":"https:\/\/www.plexus.es\/#logo"}},{"@type":"WebSite","@id":"https:\/\/www.plexus.es\/#website","url":"https:\/\/www.plexus.es\/","name":"Plexus Tech","description":"Tecnolog\u00eda con Alma","publisher":{"@id":"https:\/\/www.plexus.es\/#organization"},"potentialAction":[{"@type":"SearchAction","target":{"@type":"EntryPoint","urlTemplate":"https:\/\/www.plexus.es\/?s={search_term_string}"},"query-input":"required name=search_term_string"}],"inLanguage":"pl-PL"},{"@type":"WebPage","@id":"https:\/\/www.plexus.es\/accesibilidad\/#webpage","url":"https:\/\/www.plexus.es\/accesibilidad\/","name":"accesibilidad - Plexus Tech","isPartOf":{"@id":"https:\/\/www.plexus.es\/#website"},"datePublished":"2024-05-04T20:01:07+00:00","dateModified":"2025-10-09T13:21:23+00:00","breadcrumb":{"@id":"https:\/\/www.plexus.es\/accesibilidad\/#breadcrumb"},"inLanguage":"pl-PL","potentialAction":[{"@type":"ReadAction","target":["https:\/\/www.plexus.es\/accesibilidad\/"]}]},{"@type":"BreadcrumbList","@id":"https:\/\/www.plexus.es\/accesibilidad\/#breadcrumb","itemListElement":[{"@type":"ListItem","position":1,"name":"Home","item":"https:\/\/www.plexus.es\/"},{"@type":"ListItem","position":2,"name":"accesibilidad"}]}]}},"_links":{"self":[{"href":"https:\/\/www.plexus.es\/pl\/wp-json\/wp\/v2\/pages\/44289"}],"collection":[{"href":"https:\/\/www.plexus.es\/pl\/wp-json\/wp\/v2\/pages"}],"about":[{"href":"https:\/\/www.plexus.es\/pl\/wp-json\/wp\/v2\/types\/page"}],"author":[{"embeddable":true,"href":"https:\/\/www.plexus.es\/pl\/wp-json\/wp\/v2\/users\/5"}],"replies":[{"embeddable":true,"href":"https:\/\/www.plexus.es\/pl\/wp-json\/wp\/v2\/comments?post=44289"}],"version-history":[{"count":12,"href":"https:\/\/www.plexus.es\/pl\/wp-json\/wp\/v2\/pages\/44289\/revisions"}],"predecessor-version":[{"id":49739,"href":"https:\/\/www.plexus.es\/pl\/wp-json\/wp\/v2\/pages\/44289\/revisions\/49739"}],"wp:attachment":[{"href":"https:\/\/www.plexus.es\/pl\/wp-json\/wp\/v2\/media?parent=44289"}],"curies":[{"name":"wp","href":"https:\/\/api.w.org\/{rel}","templated":true}]}}