{"id":44146,"date":"2024-07-18T14:21:29","date_gmt":"2024-07-18T12:21:29","guid":{"rendered":"https:\/\/www.plexus.es\/servicos\/idi\/descricao-do-video-accordion-h2020\/"},"modified":"2024-07-19T11:39:06","modified_gmt":"2024-07-19T09:39:06","slug":"descricao-do-video-accordion-h2020","status":"publish","type":"page","link":"https:\/\/www.plexus.es\/pt-pt\/servicos\/idi\/descricao-do-video-accordion-h2020\/","title":{"rendered":"Descri\u00e7\u00e3o do v\u00eddeo ACCORDION H2020"},"content":{"rendered":"<div class=\"fusion-fullwidth fullwidth-box fusion-builder-row-1 fusion-flex-container nonhundred-percent-fullwidth non-hundred-percent-height-scrolling\" style=\"background-color: rgba(255,255,255,0);background-position: center center;background-repeat: no-repeat;border-width: 0px 0px 0px 0px;border-color:#e8ebef;border-style:solid;\" ><div class=\"fusion-builder-row fusion-row fusion-flex-align-items-flex-start\" style=\"max-width:1310.4px;margin-left: calc(-4% \/ 2 );margin-right: calc(-4% \/ 2 );\"><div class=\"fusion-layout-column fusion_builder_column fusion-builder-column-0 fusion_builder_column_3_4 3_4 fusion-flex-column\"><div class=\"fusion-column-wrapper fusion-flex-justify-content-flex-start fusion-content-layout-column\" style=\"background-position:left top;background-repeat:no-repeat;-webkit-background-size:cover;-moz-background-size:cover;-o-background-size:cover;background-size:cover;padding: 0px 0px 0px 0px;\"><style type=\"text\/css\">@media only screen and (max-width:1200px) {.fusion-title.fusion-title-1{margin-top:2rem!important; margin-right:1rem!important;margin-bottom:2rem!important;margin-left:0px!important;}}@media only screen and (max-width:640px) {.fusion-title.fusion-title-1{margin-top:0px!important; margin-right:0px!important;margin-bottom:0px!important; margin-left:0px!important;}}<\/style><div class=\"fusion-title title fusion-title-1 fusion-sep-none fusion-title-text fusion-title-size-one\" style=\"margin-top:2rem;margin-right:1rem;margin-bottom:2rem;margin-left:0px;\"><h1 class=\"title-heading-left fusion-responsive-typography-calculated\" style=\"margin:0;--fontSize:45;line-height:1;\">Descri\u00e7\u00e3o do v\u00eddeo ACCORDION H2020<\/h1><\/div><div class=\"fusion-text fusion-text-1\"><p>A transi\u00e7\u00e3o para a Plataforma Accordion apoiar\u00e1 o caso de neg\u00f3cios da Plexus para<br \/>\nfornecer conte\u00fado personalizado integrando dois produtos principais que incorporam tecnologia de ponta<br \/>\ncomputa\u00e7\u00e3o para garantir menor lat\u00eancia e maior desempenho em redes m\u00e9dias<br \/>\ncondi\u00e7\u00f5es.<br \/>\nPlexus desenvolve plataforma que permitir\u00e1 processamento de informa\u00e7\u00f5es de dispositivos na borda,<br \/>\nreduzindo a lat\u00eancia e permitindo que c\u00e1lculos avan\u00e7ados sejam realizados na nuvem.<br \/>\nCom base nos resultados desses c\u00e1lculos, o conte\u00fado adaptado ser\u00e1 transmitido para o<br \/>\ndiferentes telas da Rede.<br \/>\nNo diagrama a seguir, exemplos s\u00e3o fornecidos desde o in\u00edcio do servi\u00e7o de borda e<br \/>\na solicita\u00e7\u00e3o do endpoint Anblick. Esses cen\u00e1rios foram executados neste primeiro ciclo,<br \/>\nportanto, o dispositivo de borda e o cliente Anblick s\u00e3o implantados dentro do Accordion<br \/>\nplataforma.<br \/>\nO sistema local consiste em um Raspberry Pi ou cluster de Raspberry Pi\u00b4s que executa<br \/>\nas fun\u00e7\u00f5es de um dispositivo de borda e permitem processamento local que reduz a lat\u00eancia.<br \/>\nA Anblick \u00e9 executada em nuvem p\u00fablica e \u00e9 respons\u00e1vel pela transmiss\u00e3o dos direitos<br \/>\nconte\u00fado para as telas de TV conectadas. A situa\u00e7\u00e3o inicial \u00e9 um conte\u00fado padr\u00e3o que<br \/>\n\u00e9 independente das caracter\u00edsticas dos usu\u00e1rios de um local. Quando um usu\u00e1rio entra<br \/>\num local e ativa a fun\u00e7\u00e3o wi-fi e fica ao alcance do Raspberry Pi,<br \/>\nas solicita\u00e7\u00f5es de sondagem de seu dispositivo podem ser detectadas. A antena Wi-Fi conectada<br \/>\nat\u00e9 a borda recebe a solicita\u00e7\u00e3o de sondagem. Os dados da solicita\u00e7\u00e3o de investiga\u00e7\u00e3o n\u00e3o s\u00e3o armazenados no<br \/>\nborda. A borda processa as informa\u00e7\u00f5es. Portanto, o MAC \u00e9 anonimizado e<br \/>\nas coordenadas dos dispositivos s\u00e3o calculadas com base na antena Wi-Fi, com base em<br \/>\nv\u00e1rios par\u00e2metros, como n\u00famero de usu\u00e1rios dentro do alcance, tempo m\u00e9dio no alcance ou<br \/>\nn\u00famero de novos visitantes, uma decis\u00e3o de conte\u00fado \u00e9 tomada no limite. A tag \u00e9 compartilhada com<br \/>\na nuvem. Para este primeiro ciclo o foco \u00e9 adaptar o conte\u00fado com base no processamento em<br \/>\nA beira.<br \/>\nPor fim, o usu\u00e1rio poder\u00e1 visualizar conte\u00fados adaptados nas telas de TV do local, permitindo<br \/>\npara sinaliza\u00e7\u00e3o digital mais eficaz<\/p>\n<\/div><\/div><style type=\"text\/css\">.fusion-body .fusion-builder-column-0{width:75% !important;margin-top : 20px;margin-bottom : 20px;}.fusion-builder-column-0 > .fusion-column-wrapper {padding-top : 0px !important;padding-right : 0px !important;margin-right : 2.56%;padding-bottom : 0px !important;padding-left : 0px !important;margin-left : 2.56%;}@media only screen and (max-width:1200px) {.fusion-body .fusion-builder-column-0{width:75% !important;order : 0;}.fusion-builder-column-0 > .fusion-column-wrapper {margin-right : 2.56%;margin-left : 2.56%;}}@media only screen and (max-width:640px) {.fusion-body .fusion-builder-column-0{width:100% !important;order : 0;}.fusion-builder-column-0 > .fusion-column-wrapper {margin-right : 1.92%;margin-left : 1.92%;}}<\/style><\/div><\/div><style type=\"text\/css\">.fusion-body .fusion-flex-container.fusion-builder-row-1{ padding-top : 0px;margin-top : 0px;padding-right : 0px;padding-bottom : 0px;margin-bottom : 0px;padding-left : 0px;}<\/style><\/div>\n","protected":false},"excerpt":{"rendered":"","protected":false},"author":5,"featured_media":0,"parent":17619,"menu_order":0,"comment_status":"closed","ping_status":"closed","template":"","meta":[],"yoast_head":"<!-- This site is optimized with the Yoast SEO plugin v17.4 - https:\/\/yoast.com\/wordpress\/plugins\/seo\/ -->\n<title>Descri\u00e7\u00e3o do v\u00eddeo ACCORDION H2020 - Plexus Tech<\/title>\n<meta name=\"robots\" content=\"index, follow, max-snippet:-1, max-image-preview:large, max-video-preview:-1\" \/>\n<link rel=\"canonical\" href=\"https:\/\/www.plexus.es\/servicios\/i-d-i\/descripcion-video-accordion-h2020\/\" \/>\n<meta property=\"og:locale\" content=\"pt_PT\" \/>\n<meta property=\"og:type\" content=\"article\" \/>\n<meta property=\"og:title\" content=\"Descri\u00e7\u00e3o do v\u00eddeo ACCORDION H2020 - Plexus Tech\" \/>\n<meta property=\"og:url\" content=\"https:\/\/www.plexus.es\/servicios\/i-d-i\/descripcion-video-accordion-h2020\/\" \/>\n<meta property=\"og:site_name\" content=\"Plexus Tech\" \/>\n<meta property=\"article:publisher\" content=\"https:\/\/www.facebook.com\/Plexus.Techno\" \/>\n<meta property=\"article:modified_time\" content=\"2024-07-19T09:39:06+00:00\" \/>\n<meta name=\"twitter:card\" content=\"summary_large_image\" \/>\n<meta name=\"twitter:site\" content=\"@plexustech_\" \/>\n<meta name=\"twitter:label1\" content=\"Tempo estimado de leitura\" \/>\n\t<meta name=\"twitter:data1\" content=\"5 minutos\" \/>\n<script type=\"application\/ld+json\" class=\"yoast-schema-graph\">{\"@context\":\"https:\/\/schema.org\",\"@graph\":[{\"@type\":\"Organization\",\"@id\":\"https:\/\/www.plexus.es\/#organization\",\"name\":\"Plexus Tech\",\"url\":\"https:\/\/www.plexus.es\/\",\"sameAs\":[\"https:\/\/www.facebook.com\/Plexus.Techno\",\"https:\/\/www.instagram.com\/plexus.tech\/\",\"https:\/\/www.linkedin.com\/company\/plexus-tech\/mycompany\/\",\"https:\/\/www.youtube.com\/user\/tecnologiasplexus\",\"https:\/\/twitter.com\/plexustech_\"],\"logo\":{\"@type\":\"ImageObject\",\"@id\":\"https:\/\/www.plexus.es\/#logo\",\"inLanguage\":\"pt-PT\",\"url\":\"https:\/\/www.plexus.es\/wp-content\/uploads\/2021\/11\/logo-plexus-2021.png\",\"contentUrl\":\"https:\/\/www.plexus.es\/wp-content\/uploads\/2021\/11\/logo-plexus-2021.png\",\"width\":600,\"height\":600,\"caption\":\"Plexus Tech\"},\"image\":{\"@id\":\"https:\/\/www.plexus.es\/#logo\"}},{\"@type\":\"WebSite\",\"@id\":\"https:\/\/www.plexus.es\/#website\",\"url\":\"https:\/\/www.plexus.es\/\",\"name\":\"Plexus Tech\",\"description\":\"Tecnolog\\u00eda con Alma\",\"publisher\":{\"@id\":\"https:\/\/www.plexus.es\/#organization\"},\"potentialAction\":[{\"@type\":\"SearchAction\",\"target\":{\"@type\":\"EntryPoint\",\"urlTemplate\":\"https:\/\/www.plexus.es\/?s={search_term_string}\"},\"query-input\":\"required name=search_term_string\"}],\"inLanguage\":\"pt-PT\"},{\"@type\":\"WebPage\",\"@id\":\"https:\/\/www.plexus.es\/servicios\/i-d-i\/descripcion-video-accordion-h2020\/#webpage\",\"url\":\"https:\/\/www.plexus.es\/servicios\/i-d-i\/descripcion-video-accordion-h2020\/\",\"name\":\"Descri\\u00e7\\u00e3o do v\\u00eddeo ACCORDION H2020 - Plexus Tech\",\"isPartOf\":{\"@id\":\"https:\/\/www.plexus.es\/#website\"},\"datePublished\":\"2024-07-18T12:21:29+00:00\",\"dateModified\":\"2024-07-19T09:39:06+00:00\",\"breadcrumb\":{\"@id\":\"https:\/\/www.plexus.es\/servicios\/i-d-i\/descripcion-video-accordion-h2020\/#breadcrumb\"},\"inLanguage\":\"pt-PT\",\"potentialAction\":[{\"@type\":\"ReadAction\",\"target\":[\"https:\/\/www.plexus.es\/servicios\/i-d-i\/descripcion-video-accordion-h2020\/\"]}]},{\"@type\":\"BreadcrumbList\",\"@id\":\"https:\/\/www.plexus.es\/servicios\/i-d-i\/descripcion-video-accordion-h2020\/#breadcrumb\",\"itemListElement\":[{\"@type\":\"ListItem\",\"position\":1,\"name\":\"Home\",\"item\":\"https:\/\/www.plexus.es\/\"},{\"@type\":\"ListItem\",\"position\":2,\"name\":\"Servi\\u00e7os\",\"item\":\"https:\/\/www.plexus.es\/pt-pt\/servicos\/\"},{\"@type\":\"ListItem\",\"position\":3,\"name\":\"I+D+i\",\"item\":\"https:\/\/www.plexus.es\/pt-pt\/servicos\/idi\/\"},{\"@type\":\"ListItem\",\"position\":4,\"name\":\"Descri\\u00e7\\u00e3o do v\\u00eddeo ACCORDION H2020\"}]}]}<\/script>\n<!-- \/ Yoast SEO plugin. -->","yoast_head_json":{"title":"Descri\u00e7\u00e3o do v\u00eddeo ACCORDION H2020 - Plexus Tech","robots":{"index":"index","follow":"follow","max-snippet":"max-snippet:-1","max-image-preview":"max-image-preview:large","max-video-preview":"max-video-preview:-1"},"canonical":"https:\/\/www.plexus.es\/servicios\/i-d-i\/descripcion-video-accordion-h2020\/","og_locale":"pt_PT","og_type":"article","og_title":"Descri\u00e7\u00e3o do v\u00eddeo ACCORDION H2020 - Plexus Tech","og_url":"https:\/\/www.plexus.es\/servicios\/i-d-i\/descripcion-video-accordion-h2020\/","og_site_name":"Plexus Tech","article_publisher":"https:\/\/www.facebook.com\/Plexus.Techno","article_modified_time":"2024-07-19T09:39:06+00:00","twitter_card":"summary_large_image","twitter_site":"@plexustech_","twitter_misc":{"Tempo estimado de leitura":"5 minutos"},"schema":{"@context":"https:\/\/schema.org","@graph":[{"@type":"Organization","@id":"https:\/\/www.plexus.es\/#organization","name":"Plexus Tech","url":"https:\/\/www.plexus.es\/","sameAs":["https:\/\/www.facebook.com\/Plexus.Techno","https:\/\/www.instagram.com\/plexus.tech\/","https:\/\/www.linkedin.com\/company\/plexus-tech\/mycompany\/","https:\/\/www.youtube.com\/user\/tecnologiasplexus","https:\/\/twitter.com\/plexustech_"],"logo":{"@type":"ImageObject","@id":"https:\/\/www.plexus.es\/#logo","inLanguage":"pt-PT","url":"https:\/\/www.plexus.es\/wp-content\/uploads\/2021\/11\/logo-plexus-2021.png","contentUrl":"https:\/\/www.plexus.es\/wp-content\/uploads\/2021\/11\/logo-plexus-2021.png","width":600,"height":600,"caption":"Plexus Tech"},"image":{"@id":"https:\/\/www.plexus.es\/#logo"}},{"@type":"WebSite","@id":"https:\/\/www.plexus.es\/#website","url":"https:\/\/www.plexus.es\/","name":"Plexus Tech","description":"Tecnolog\u00eda con Alma","publisher":{"@id":"https:\/\/www.plexus.es\/#organization"},"potentialAction":[{"@type":"SearchAction","target":{"@type":"EntryPoint","urlTemplate":"https:\/\/www.plexus.es\/?s={search_term_string}"},"query-input":"required name=search_term_string"}],"inLanguage":"pt-PT"},{"@type":"WebPage","@id":"https:\/\/www.plexus.es\/servicios\/i-d-i\/descripcion-video-accordion-h2020\/#webpage","url":"https:\/\/www.plexus.es\/servicios\/i-d-i\/descripcion-video-accordion-h2020\/","name":"Descri\u00e7\u00e3o do v\u00eddeo ACCORDION H2020 - Plexus Tech","isPartOf":{"@id":"https:\/\/www.plexus.es\/#website"},"datePublished":"2024-07-18T12:21:29+00:00","dateModified":"2024-07-19T09:39:06+00:00","breadcrumb":{"@id":"https:\/\/www.plexus.es\/servicios\/i-d-i\/descripcion-video-accordion-h2020\/#breadcrumb"},"inLanguage":"pt-PT","potentialAction":[{"@type":"ReadAction","target":["https:\/\/www.plexus.es\/servicios\/i-d-i\/descripcion-video-accordion-h2020\/"]}]},{"@type":"BreadcrumbList","@id":"https:\/\/www.plexus.es\/servicios\/i-d-i\/descripcion-video-accordion-h2020\/#breadcrumb","itemListElement":[{"@type":"ListItem","position":1,"name":"Home","item":"https:\/\/www.plexus.es\/"},{"@type":"ListItem","position":2,"name":"Servi\u00e7os","item":"https:\/\/www.plexus.es\/pt-pt\/servicos\/"},{"@type":"ListItem","position":3,"name":"I+D+i","item":"https:\/\/www.plexus.es\/pt-pt\/servicos\/idi\/"},{"@type":"ListItem","position":4,"name":"Descri\u00e7\u00e3o do v\u00eddeo ACCORDION H2020"}]}]}},"_links":{"self":[{"href":"https:\/\/www.plexus.es\/pt-pt\/wp-json\/wp\/v2\/pages\/44146"}],"collection":[{"href":"https:\/\/www.plexus.es\/pt-pt\/wp-json\/wp\/v2\/pages"}],"about":[{"href":"https:\/\/www.plexus.es\/pt-pt\/wp-json\/wp\/v2\/types\/page"}],"author":[{"embeddable":true,"href":"https:\/\/www.plexus.es\/pt-pt\/wp-json\/wp\/v2\/users\/5"}],"replies":[{"embeddable":true,"href":"https:\/\/www.plexus.es\/pt-pt\/wp-json\/wp\/v2\/comments?post=44146"}],"version-history":[{"count":4,"href":"https:\/\/www.plexus.es\/pt-pt\/wp-json\/wp\/v2\/pages\/44146\/revisions"}],"predecessor-version":[{"id":44186,"href":"https:\/\/www.plexus.es\/pt-pt\/wp-json\/wp\/v2\/pages\/44146\/revisions\/44186"}],"up":[{"embeddable":true,"href":"https:\/\/www.plexus.es\/pt-pt\/wp-json\/wp\/v2\/pages\/17619"}],"wp:attachment":[{"href":"https:\/\/www.plexus.es\/pt-pt\/wp-json\/wp\/v2\/media?parent=44146"}],"curies":[{"name":"wp","href":"https:\/\/api.w.org\/{rel}","templated":true}]}}