{"id":44281,"date":"2024-05-04T22:01:07","date_gmt":"2024-05-04T20:01:07","guid":{"rendered":"https:\/\/www.plexus.es\/accesibilidad\/"},"modified":"2025-10-09T15:23:41","modified_gmt":"2025-10-09T13:23:41","slug":"accesibilidad","status":"publish","type":"page","link":"https:\/\/www.plexus.es\/pt-pt\/accesibilidad\/","title":{"rendered":"accesibilidad"},"content":{"rendered":"<div class=\"fusion-fullwidth fullwidth-box fusion-builder-row-1 fusion-flex-container plexus_css container-legal nonhundred-percent-fullwidth non-hundred-percent-height-scrolling\" style=\"background-color: rgba(255,255,255,0);background-position: center center;background-repeat: no-repeat;border-width: 0px 0px 0px 0px;border-color:#e8ebef;border-style:solid;\" ><div class=\"fusion-builder-row fusion-row fusion-flex-align-items-flex-start\" style=\"max-width:1310.4px;margin-left: calc(-4% \/ 2 );margin-right: calc(-4% \/ 2 );\"><div class=\"fusion-layout-column fusion_builder_column fusion-builder-column-0 fusion_builder_column_1_1 1_1 fusion-flex-column plexus_css minuscula\"><div class=\"fusion-column-wrapper fusion-flex-justify-content-flex-start fusion-content-layout-column\" style=\"background-position:left top;background-repeat:no-repeat;-webkit-background-size:cover;-moz-background-size:cover;-o-background-size:cover;background-size:cover;padding: 0px 0px 0px 0px;\"><div class=\"fusion-text fusion-text-1\" style=\"text-align:left;\"><h1 class=\"title-heading-left fusion-responsive-typography-calculated\" style=\"text-align: left;\">Declara\u00e7\u00e3o de acessibilidade<\/h1>\n<\/div><div class=\"fusion-text fusion-text-2\"><p>Na Plexus, nossa vis\u00e3o \u00e9 criar um mundo digital onde o software seja uma ferramenta para todos. Atrav\u00e9s da nossa \u00c1rea de Acessibilidade, formada por consultores com diferentes habilidades, defici\u00eancias e perspectivas, desenvolvemos solu\u00e7\u00f5es tecnol\u00f3gicas inovadoras que eliminam barreiras e capacitam as pessoas. Ter pessoas com defici\u00eancia na nossa equipa enriquece o nosso trabalho e permite-nos detetar verdadeiras barreiras de acessibilidade em aplica\u00e7\u00f5es, p\u00e1ginas web, quiosques, ATM e outras TIC. Nosso objetivo \u00e9 ir al\u00e9m dos padr\u00f5es e gerar uma experi\u00eancia inclusiva e satisfat\u00f3ria para a maior diversidade poss\u00edvel de usu\u00e1rios.<\/p>\n<p>Esta declara\u00e7\u00e3o de acessibilidade se aplica ao site da Plexus Tech.<\/p>\n<\/div><div class=\"fusion-text fusion-text-3\" style=\"text-align:left;\"><h2 class=\"title-heading-left fusion-responsive-typography-calculated\">Status de conformidade<\/h2>\n<\/div><div class=\"fusion-text fusion-text-4\"><p>O portal Plexus foi projetado para se adaptar aos padr\u00f5es e regulamentos atuais em mat\u00e9ria de acessibilidade e usabilidade e \u00e9 revisado periodicamente para mant\u00ea-lo atualizado.<\/p>\n<p>Este site est\u00e1 em conformidade com a norma UNE EN 301549, lei 11\/2023 e a norma W3C WCAG 2.1 N\u00edvel AA.<\/p>\n<\/div><div class=\"fusion-text fusion-text-5\" style=\"text-align:left;\"><h2 class=\"title-heading-left fusion-responsive-typography-calculated\">Prepara\u00e7\u00e3o desta declara\u00e7\u00e3o de acessibilidade<\/h2>\n<\/div><div class=\"fusion-text fusion-text-6\"><p>Esta declara\u00e7\u00e3o de acessibilidade foi preparada em 6 de junho de 2024.<\/p>\n<p>O m\u00e9todo utilizado para esta declara\u00e7\u00e3o foi uma autoavalia\u00e7\u00e3o realizada internamente pela Plexus com base em relat\u00f3rios gerados pelo Observat\u00f3rio de Acessibilidade, verifica\u00e7\u00f5es com ferramentas automatizadas, manuais e tecnologias assistivas; e boas pr\u00e1ticas de design e desenvolvimento. Al\u00e9m disso, realiz\u00e1mos o processo de certifica\u00e7\u00e3o de acessibilidades AENOR, obten\u00e7\u00e3o do Certificado de Produto AENOR: Site Acess\u00edvel segundo a Norma UNE EN 301549:2022<\/p>\n<p>&nbsp;<\/p>\n<p>\u00daltima revis\u00e3o da declara\u00e7\u00e3o: 4 de junho de 2025.<\/p>\n<\/div><div class=\"fusion-text fusion-text-7\" style=\"text-align:left;\"><h2 class=\"title-heading-left fusion-responsive-typography-calculated\">Conte\u00fado n\u00e3o acess\u00edvel\u200b\u200b\u200b\u200b<\/h2>\n<\/div><div class=\"fusion-text fusion-text-8\"><p>Pode haver conte\u00fado na se\u00e7\u00e3o Not\u00edcias, principalmente not\u00edcias mais antigas, que apresentem determinados problemas de acessibilidade sem bloqueio, por exemplo: nomes repetidos nos controles do player de v\u00eddeo, texto alternativo repetido ou n\u00e3o suficientemente descritivo ou n\u00edveis de cabe\u00e7alho incorretos. De qualquer forma, s\u00e3o problemas que n\u00e3o bloqueiam o acesso \u00e0 informa\u00e7\u00e3o.<\/p>\n<p>Em algumas p\u00e1ginas, o conte\u00fado se sobrep\u00f5e quando o tamanho do texto \u00e9 aumentado em at\u00e9 200%. Essa sobreposi\u00e7\u00e3o, embora possa cortar parte do texto, n\u00e3o causa perda significativa de conte\u00fado.<\/p>\n<\/div><div class=\"fusion-text fusion-text-9\" style=\"text-align:left;\"><h2 class=\"title-heading-left fusion-responsive-typography-calculated\">Observa\u00e7\u00f5es e informa\u00e7\u00f5es de contato<\/h2>\n<\/div><div class=\"fusion-text fusion-text-10\"><p>Se encontrar alguma barreira de acessibilidade ao navegar no nosso site, contacte-nos atrav\u00e9s do seguinte email acessibilidadeplexustech@plexus.es.<\/p>\n<p>Em sua mensagem, forne\u00e7a o seguinte:<\/p>\n<ul>\n<li>Suas informa\u00e7\u00f5es de contato<\/li>\n<li>O endere\u00e7o da web ou outro local onde voc\u00ea teve dificuldades<\/li>\n<li>Uma breve descri\u00e7\u00e3o do problema encontrado, incluindo o tipo de tecnologia assistiva que voc\u00ea estava usando quando enfrentou a dificuldade e o navegador<\/li>\n<\/ul>\n<\/div><div class=\"fusion-text fusion-text-11\" style=\"text-align:left;\"><h2 class=\"title-heading-left fusion-responsive-typography-calculated\">Certificado de Produto AENOR: Site Acess\u00edvel segundo a Norma UNE EN 301549:2022<\/h2>\n<\/div><div class=\"fusion-text fusion-text-12\"><p>Este site possui a marca AENOR N, que certifica o cumprimento da norma UNE EN 301549:2022 de acordo com o regulamento particular RP A90.01. A norma UNE EN 301549:2022 amplia as diretrizes WCAG 2.1 no n\u00edvel AA, e inclui crit\u00e9rios de sucesso complementares que a tornam mais rigorosa e refor\u00e7a as diretrizes do W3C. Esta certifica\u00e7\u00e3o tamb\u00e9m garante que a TECNOLOG\u00cdAS PLEXUS, S.L. Possui um sistema interno de gest\u00e3o de acessibilidade web, destinado a preservar a acessibilidade deste site ao longo do tempo. A AENOR realizar\u00e1 um acompanhamento semestral do site e do sistema para manter esta certifica\u00e7\u00e3o durante o seu per\u00edodo de validade.<\/p>\n<p>Durante o seu processo de desenvolvimento, o site Plexus foi avaliado por consultores e usu\u00e1rios com defici\u00eancia para garantir n\u00edveis ideais de acessibilidade. Foi testado com diferentes combina\u00e7\u00f5es de sistemas operacionais, dispositivos e tecnologias assistivas. Al\u00e9m disso, todas as equipas de design, desenvolvimento e gest\u00e3o de conte\u00fados receberam forma\u00e7\u00e3o em acessibilidade, pelo que est\u00e3o conscientes da sua import\u00e2ncia e possuem as compet\u00eancias necess\u00e1rias para a manter.<\/p>\n<\/div><div style=\"text-align:center;\"><span class=\" fusion-imageframe imageframe-none imageframe-1 hover-type-none\" style=\"border-radius:12px;\"><img width=\"178\" height=\"225\" alt=\"Aenor\u2028Accesibildad Tic\u2028A90\/000064\" title=\"Captura de pantalla 2024-10-02 a las 14.58.52\" src=\"data:image\/svg+xml,%3Csvg%20xmlns%3D%27http%3A%2F%2Fwww.w3.org%2F2000%2Fsvg%27%20width%3D%27178%27%20height%3D%27225%27%20viewBox%3D%270%200%20178%20225%27%3E%3Crect%20width%3D%27178%27%20height%3D%27225%27%20fill-opacity%3D%220%22%2F%3E%3C%2Fsvg%3E\" data-orig-src=\"https:\/\/www.plexus.es\/wp-content\/uploads\/2024\/10\/Captura-de-pantalla-2024-10-02-a-las-14.58.52.png\" class=\"lazyload img-responsive wp-image-44298\"\/><\/span><\/div><\/div><style type=\"text\/css\">.fusion-body .fusion-builder-column-0{width:100% !important;margin-top : 20px;margin-bottom : 20px;}.fusion-builder-column-0 > .fusion-column-wrapper {padding-top : 0px !important;padding-right : 0px !important;margin-right : 1.92%;padding-bottom : 0px !important;padding-left : 0px !important;margin-left : 1.92%;}@media only screen and (max-width:1200px) {.fusion-body .fusion-builder-column-0{width:100% !important;order : 0;}.fusion-builder-column-0 > .fusion-column-wrapper {margin-right : 1.92%;padding-left : 0px !important;margin-left : 0%;}}@media only screen and (max-width:640px) {.fusion-body .fusion-builder-column-0{width:100% !important;order : 0;}.fusion-builder-column-0 > .fusion-column-wrapper {margin-right : 0%;margin-left : 0%;}}<\/style><\/div><\/div><style type=\"text\/css\">.fusion-body .fusion-flex-container.fusion-builder-row-1{ padding-top : 0px;margin-top : 0px;padding-right : 0px;padding-bottom : 0px;margin-bottom : 0px;padding-left : 90px;}@media only screen and (max-width:1200px) {.fusion-body .fusion-flex-container.fusion-builder-row-1{ padding-left : 20px;}}@media only screen and (max-width:640px) {.fusion-body .fusion-flex-container.fusion-builder-row-1{ padding-right : 0px;padding-left : 0px;}}<\/style><\/div>\n","protected":false},"excerpt":{"rendered":"","protected":false},"author":5,"featured_media":0,"parent":0,"menu_order":0,"comment_status":"closed","ping_status":"closed","template":"","meta":[],"yoast_head":"<!-- This site is optimized with the Yoast SEO plugin v17.4 - https:\/\/yoast.com\/wordpress\/plugins\/seo\/ -->\n<title>accesibilidad - Plexus Tech<\/title>\n<meta name=\"robots\" content=\"index, follow, max-snippet:-1, max-image-preview:large, max-video-preview:-1\" \/>\n<link rel=\"canonical\" href=\"https:\/\/www.plexus.es\/accesibilidad\/\" \/>\n<meta property=\"og:locale\" content=\"pt_PT\" \/>\n<meta property=\"og:type\" content=\"article\" \/>\n<meta property=\"og:title\" content=\"accesibilidad - Plexus Tech\" \/>\n<meta property=\"og:url\" content=\"https:\/\/www.plexus.es\/accesibilidad\/\" \/>\n<meta property=\"og:site_name\" content=\"Plexus Tech\" \/>\n<meta property=\"article:publisher\" content=\"https:\/\/www.facebook.com\/Plexus.Techno\" \/>\n<meta property=\"article:modified_time\" content=\"2025-10-09T13:23:41+00:00\" \/>\n<meta name=\"twitter:card\" content=\"summary_large_image\" \/>\n<meta name=\"twitter:site\" content=\"@plexustech_\" \/>\n<meta name=\"twitter:label1\" content=\"Tempo estimado de leitura\" \/>\n\t<meta name=\"twitter:data1\" content=\"11 minutos\" \/>\n<script type=\"application\/ld+json\" class=\"yoast-schema-graph\">{\"@context\":\"https:\/\/schema.org\",\"@graph\":[{\"@type\":\"Organization\",\"@id\":\"https:\/\/www.plexus.es\/#organization\",\"name\":\"Plexus Tech\",\"url\":\"https:\/\/www.plexus.es\/\",\"sameAs\":[\"https:\/\/www.facebook.com\/Plexus.Techno\",\"https:\/\/www.instagram.com\/plexus.tech\/\",\"https:\/\/www.linkedin.com\/company\/plexus-tech\/mycompany\/\",\"https:\/\/www.youtube.com\/user\/tecnologiasplexus\",\"https:\/\/twitter.com\/plexustech_\"],\"logo\":{\"@type\":\"ImageObject\",\"@id\":\"https:\/\/www.plexus.es\/#logo\",\"inLanguage\":\"pt-PT\",\"url\":\"https:\/\/www.plexus.es\/wp-content\/uploads\/2021\/11\/logo-plexus-2021.png\",\"contentUrl\":\"https:\/\/www.plexus.es\/wp-content\/uploads\/2021\/11\/logo-plexus-2021.png\",\"width\":600,\"height\":600,\"caption\":\"Plexus Tech\"},\"image\":{\"@id\":\"https:\/\/www.plexus.es\/#logo\"}},{\"@type\":\"WebSite\",\"@id\":\"https:\/\/www.plexus.es\/#website\",\"url\":\"https:\/\/www.plexus.es\/\",\"name\":\"Plexus Tech\",\"description\":\"Tecnolog\\u00eda con Alma\",\"publisher\":{\"@id\":\"https:\/\/www.plexus.es\/#organization\"},\"potentialAction\":[{\"@type\":\"SearchAction\",\"target\":{\"@type\":\"EntryPoint\",\"urlTemplate\":\"https:\/\/www.plexus.es\/?s={search_term_string}\"},\"query-input\":\"required name=search_term_string\"}],\"inLanguage\":\"pt-PT\"},{\"@type\":\"WebPage\",\"@id\":\"https:\/\/www.plexus.es\/accesibilidad\/#webpage\",\"url\":\"https:\/\/www.plexus.es\/accesibilidad\/\",\"name\":\"accesibilidad - Plexus Tech\",\"isPartOf\":{\"@id\":\"https:\/\/www.plexus.es\/#website\"},\"datePublished\":\"2024-05-04T20:01:07+00:00\",\"dateModified\":\"2025-10-09T13:23:41+00:00\",\"breadcrumb\":{\"@id\":\"https:\/\/www.plexus.es\/accesibilidad\/#breadcrumb\"},\"inLanguage\":\"pt-PT\",\"potentialAction\":[{\"@type\":\"ReadAction\",\"target\":[\"https:\/\/www.plexus.es\/accesibilidad\/\"]}]},{\"@type\":\"BreadcrumbList\",\"@id\":\"https:\/\/www.plexus.es\/accesibilidad\/#breadcrumb\",\"itemListElement\":[{\"@type\":\"ListItem\",\"position\":1,\"name\":\"Home\",\"item\":\"https:\/\/www.plexus.es\/\"},{\"@type\":\"ListItem\",\"position\":2,\"name\":\"accesibilidad\"}]}]}<\/script>\n<!-- \/ Yoast SEO plugin. -->","yoast_head_json":{"title":"accesibilidad - Plexus Tech","robots":{"index":"index","follow":"follow","max-snippet":"max-snippet:-1","max-image-preview":"max-image-preview:large","max-video-preview":"max-video-preview:-1"},"canonical":"https:\/\/www.plexus.es\/accesibilidad\/","og_locale":"pt_PT","og_type":"article","og_title":"accesibilidad - Plexus Tech","og_url":"https:\/\/www.plexus.es\/accesibilidad\/","og_site_name":"Plexus Tech","article_publisher":"https:\/\/www.facebook.com\/Plexus.Techno","article_modified_time":"2025-10-09T13:23:41+00:00","twitter_card":"summary_large_image","twitter_site":"@plexustech_","twitter_misc":{"Tempo estimado de leitura":"11 minutos"},"schema":{"@context":"https:\/\/schema.org","@graph":[{"@type":"Organization","@id":"https:\/\/www.plexus.es\/#organization","name":"Plexus Tech","url":"https:\/\/www.plexus.es\/","sameAs":["https:\/\/www.facebook.com\/Plexus.Techno","https:\/\/www.instagram.com\/plexus.tech\/","https:\/\/www.linkedin.com\/company\/plexus-tech\/mycompany\/","https:\/\/www.youtube.com\/user\/tecnologiasplexus","https:\/\/twitter.com\/plexustech_"],"logo":{"@type":"ImageObject","@id":"https:\/\/www.plexus.es\/#logo","inLanguage":"pt-PT","url":"https:\/\/www.plexus.es\/wp-content\/uploads\/2021\/11\/logo-plexus-2021.png","contentUrl":"https:\/\/www.plexus.es\/wp-content\/uploads\/2021\/11\/logo-plexus-2021.png","width":600,"height":600,"caption":"Plexus Tech"},"image":{"@id":"https:\/\/www.plexus.es\/#logo"}},{"@type":"WebSite","@id":"https:\/\/www.plexus.es\/#website","url":"https:\/\/www.plexus.es\/","name":"Plexus Tech","description":"Tecnolog\u00eda con Alma","publisher":{"@id":"https:\/\/www.plexus.es\/#organization"},"potentialAction":[{"@type":"SearchAction","target":{"@type":"EntryPoint","urlTemplate":"https:\/\/www.plexus.es\/?s={search_term_string}"},"query-input":"required name=search_term_string"}],"inLanguage":"pt-PT"},{"@type":"WebPage","@id":"https:\/\/www.plexus.es\/accesibilidad\/#webpage","url":"https:\/\/www.plexus.es\/accesibilidad\/","name":"accesibilidad - Plexus Tech","isPartOf":{"@id":"https:\/\/www.plexus.es\/#website"},"datePublished":"2024-05-04T20:01:07+00:00","dateModified":"2025-10-09T13:23:41+00:00","breadcrumb":{"@id":"https:\/\/www.plexus.es\/accesibilidad\/#breadcrumb"},"inLanguage":"pt-PT","potentialAction":[{"@type":"ReadAction","target":["https:\/\/www.plexus.es\/accesibilidad\/"]}]},{"@type":"BreadcrumbList","@id":"https:\/\/www.plexus.es\/accesibilidad\/#breadcrumb","itemListElement":[{"@type":"ListItem","position":1,"name":"Home","item":"https:\/\/www.plexus.es\/"},{"@type":"ListItem","position":2,"name":"accesibilidad"}]}]}},"_links":{"self":[{"href":"https:\/\/www.plexus.es\/pt-pt\/wp-json\/wp\/v2\/pages\/44281"}],"collection":[{"href":"https:\/\/www.plexus.es\/pt-pt\/wp-json\/wp\/v2\/pages"}],"about":[{"href":"https:\/\/www.plexus.es\/pt-pt\/wp-json\/wp\/v2\/types\/page"}],"author":[{"embeddable":true,"href":"https:\/\/www.plexus.es\/pt-pt\/wp-json\/wp\/v2\/users\/5"}],"replies":[{"embeddable":true,"href":"https:\/\/www.plexus.es\/pt-pt\/wp-json\/wp\/v2\/comments?post=44281"}],"version-history":[{"count":12,"href":"https:\/\/www.plexus.es\/pt-pt\/wp-json\/wp\/v2\/pages\/44281\/revisions"}],"predecessor-version":[{"id":49742,"href":"https:\/\/www.plexus.es\/pt-pt\/wp-json\/wp\/v2\/pages\/44281\/revisions\/49742"}],"wp:attachment":[{"href":"https:\/\/www.plexus.es\/pt-pt\/wp-json\/wp\/v2\/media?parent=44281"}],"curies":[{"name":"wp","href":"https:\/\/api.w.org\/{rel}","templated":true}]}}